{"id":176454,"date":"2016-09-28T11:59:43","date_gmt":"2016-09-28T08:59:43","guid":{"rendered":"https:\/\/robin.jobs\/qbis-2\/?page_id=176454"},"modified":"2026-01-06T02:34:56","modified_gmt":"2026-01-05T23:34:56","slug":"zasady-ochrany-osobnych-udajov","status":"publish","type":"page","link":"https:\/\/robin.jobs\/sk\/zasady-ochrany-osobnych-udajov","title":{"rendered":"Z\u00e1sady ochrany osobn\u00fdch \u00fadajov"},"content":{"rendered":"<p><span style=\"font-weight: 400;\">UAB Robin Jobs sa star\u00e1 o ochranu va\u0161ich inform\u00e1ci\u00ed. Dodr\u017eiavame v\u0161eobecn\u00e9 nariadenie o ochrane \u00fadajov Eur\u00f3pskej \u00fanie (GDPR) a \u010fal\u0161ie z\u00e1kony chr\u00e1niace va\u0161e inform\u00e1cie, ktor\u00e9 zhroma\u017e\u010fujeme, pou\u017e\u00edvame a uklad\u00e1me v na\u0161ej spolo\u010dnosti.<\/span><\/p>\n<p>&nbsp;<\/p>\n<ul>\n<li aria-level=\"1\"><b>Z\u00e1sady ochrany osobn\u00fdch \u00fadajov<\/b><\/li>\n<\/ul>\n<p>&nbsp;<\/p>\n<p><span style=\"font-weight: 400;\">Na\u0161e pravidl\u00e1 ochrany osobn\u00fdch \u00fadajov zodpovedia najd\u00f4le\u017eitej\u0161ie ot\u00e1zky t\u00fdkaj\u00face sa toho, ako zhroma\u017e\u010fujeme, pou\u017e\u00edvame a uklad\u00e1me inform\u00e1cie o v\u00e1s. V pr\u00edpade ak\u00fdchko\u013evek ot\u00e1zok sme pripraven\u00ed v\u00e1m pom\u00f4c\u0165, ako je uveden\u00e9 ni\u017e\u0161ie.<\/span><\/p>\n<p>&nbsp;<\/p>\n<p><span style=\"font-weight: 400;\">Pros\u00edm pozorne si pre\u010d\u00edtajte na\u0161e pravidl\u00e1 ochrany osobn\u00fdch \u00fadajov:<\/span><\/p>\n<p>&nbsp;<\/p>\n<table>\n<tbody>\n<tr>\n<td><strong><span style=\"color: #0000ff;\"><a style=\"color: #0000ff;\" href=\"https:\/\/robin.jobs\/sk\/privacy-policy-for-website-visitors\">Z\u00e1sady ochrany osobn\u00fdch \u00fadajov pre n\u00e1v\u0161tevn\u00edkov webov\u00fdch str\u00e1nok<\/a><\/span><\/strong><\/td>\n<td><strong><span style=\"color: #0000ff;\"><a style=\"color: #0000ff;\" href=\"https:\/\/robin.jobs\/sk\/cookie-policy\">Pravidl\u00e1 pou\u017e\u00edvania s\u00faborov cookie<\/a><\/span><\/strong><\/td>\n<td><strong><span style=\"color: #0000ff;\"><a style=\"color: #0000ff;\" href=\"https:\/\/robin.jobs\/sk\/privacy-policy-for-persons-submitting-inquiries-requests-complaints\">Z\u00e1sady ochrany osobn\u00fdch \u00fadajov pre osoby, ktor\u00e9 odosielaj\u00fa dopyt<\/a><\/span><\/strong><\/td>\n<td><strong><span style=\"color: #0000ff;\"><a style=\"color: #0000ff;\" href=\"https:\/\/robin.jobs\/sk\/privacy-policy-for-registered-users\">Z\u00e1sady ochrany osobn\u00fdch \u00fadajov pre registrovan\u00fdch pou\u017e\u00edvate\u013eov<\/a><\/span><\/strong><\/td>\n<\/tr>\n<\/tbody>\n<\/table>\n<p>&nbsp;<\/p>\n<ul>\n<li aria-level=\"1\"><b>Na\u0161e kontaktn\u00e9 \u00fadaje<\/b><\/li>\n<\/ul>\n<p>&nbsp;<\/p>\n<p><span style=\"font-weight: 400;\">Ak m\u00e1te ak\u00e9ko\u013evek ot\u00e1zky, pripomienky alebo s\u0165a\u017enosti t\u00fdkaj\u00face sa sp\u00f4sobu, ak\u00fdm o v\u00e1s zhroma\u017e\u010fujeme, pou\u017e\u00edvame a uklad\u00e1me inform\u00e1cie, sme pripraven\u00ed v\u00e1m pom\u00f4c\u0165. Ak potrebujete pomoc, kontaktujte n\u00e1s na e-mailovej adrese finance@robin.jobs.\u00a0<\/span><\/p>\n<p>&nbsp;<\/p>\n<ul>\n<li aria-level=\"1\"><b>Moje pr\u00e1va<\/b><\/li>\n<\/ul>\n<p>&nbsp;<\/p>\n<p><span style=\"font-weight: 400;\">Ak chcete podnikn\u00fa\u0165 kroky uveden\u00e9 ni\u017e\u0161ie, kontaktujte n\u00e1s pomocou kontaktn\u00fdch \u00fadajov uveden\u00fdch v \u010dasti 2. Upozor\u0148ujeme, \u017ee na tieto pr\u00e1va sa vz\u0165ahuj\u00fa z\u00e1konn\u00e9 podmienky a v\u00fdnimky:\u00a0<\/span><\/p>\n<p>&nbsp;<\/p>\n<ul>\n<li aria-level=\"1\"><b>Pr\u00e1vo po\u017eadova\u0165 pr\u00edstup k inform\u00e1ci\u00e1m, ktor\u00e9 o v\u00e1s uchov\u00e1vame;<\/b><\/li>\n<\/ul>\n<ul>\n<li aria-level=\"1\"><b>Pr\u00e1vo po\u017eadova\u0165 opravu inform\u00e1ci\u00ed, ktor\u00e9 o v\u00e1s uchov\u00e1vame;<\/b><\/li>\n<\/ul>\n<ul>\n<li aria-level=\"1\"><b>Pr\u00e1vo po\u017eadova\u0165 vymazanie inform\u00e1ci\u00ed, ktor\u00e9 o v\u00e1s uchov\u00e1vame;<\/b><\/li>\n<\/ul>\n<ul>\n<li aria-level=\"1\"><b>Pr\u00e1vo po\u017eadova\u0165 obmedzenie pr\u00edstupu k inform\u00e1ci\u00e1m o v\u00e1s alebo ich vymazanie;<\/b><\/li>\n<\/ul>\n<ul>\n<li aria-level=\"1\"><b>Pr\u00e1vo namieta\u0165 proti zhroma\u017e\u010fovaniu, pou\u017e\u00edvaniu a ukladaniu va\u0161ich inform\u00e1ci\u00ed v na\u0161ej spolo\u010dnosti;<\/b><\/li>\n<\/ul>\n<ul>\n<li aria-level=\"1\"><b>Pr\u00e1vo po\u017eadova\u0165 zdie\u013eanie va\u0161ich \u00fadajov alebo ich prenos do inej spolo\u010dnosti;<\/b><\/li>\n<\/ul>\n<ul>\n<li aria-level=\"1\"><b>Pr\u00e1vo poda\u0165 s\u0165a\u017enos\u0165 na \u0160t\u00e1tnom in\u0161pektor\u00e1te ochrany \u00fadajov (\u010fal\u0161ie inform\u00e1cie n\u00e1jdete na <\/b><b>vdai.lrv.lt<\/b><b>).\u00a0<\/b><\/li>\n<\/ul>\n<p>&nbsp;<\/p>\n<p><a href=\"https:\/\/robin.jobs\/sk\/wp-content\/uploads\/sites\/12\/2021\/06\/privacy-rules-freelancers-en.docx\">Z\u00e1sady ochrany osobn\u00fdch \u00fadajov pre nez\u00e1visl\u00fdch pracovn\u00edkov s ktor\u00fdmi Robin spolupracuje<\/a><\/p>\n","protected":false},"excerpt":{"rendered":"<p>UAB Robin Jobs sa star\u00e1 o ochranu va\u0161ich inform\u00e1ci\u00ed. Dodr\u017eiavame v\u0161eobecn\u00e9 nariadenie o ochrane \u00fadajov Eur\u00f3pskej \u00fanie (GDPR) a \u010fal\u0161ie z\u00e1kony chr\u00e1niace va\u0161e inform\u00e1cie, ktor\u00e9 zhroma\u017e\u010fujeme, pou\u017e\u00edvame a uklad\u00e1me v na\u0161ej spolo\u010dnosti. &nbsp; Z\u00e1sady ochrany osobn\u00fdch \u00fadajov &nbsp; Na\u0161e pravidl\u00e1 ochrany osobn\u00fdch \u00fadajov zodpovedia najd\u00f4le\u017eitej\u0161ie ot\u00e1zky t\u00fdkaj\u00face sa toho, ako zhroma\u017e\u010fujeme, pou\u017e\u00edvame a uklad\u00e1me inform\u00e1cie&#8230;<\/p>\n","protected":false},"author":1,"featured_media":0,"parent":0,"menu_order":0,"comment_status":"closed","ping_status":"closed","template":"","meta":{"_acf_changed":false,"inline_featured_image":false,"footnotes":""},"class_list":["post-176454","page","type-page","status-publish","hentry"],"acf":[],"_links":{"self":[{"href":"https:\/\/robin.jobs\/sk\/wp-json\/wp\/v2\/pages\/176454","targetHints":{"allow":["GET"]}}],"collection":[{"href":"https:\/\/robin.jobs\/sk\/wp-json\/wp\/v2\/pages"}],"about":[{"href":"https:\/\/robin.jobs\/sk\/wp-json\/wp\/v2\/types\/page"}],"author":[{"embeddable":true,"href":"https:\/\/robin.jobs\/sk\/wp-json\/wp\/v2\/users\/1"}],"replies":[{"embeddable":true,"href":"https:\/\/robin.jobs\/sk\/wp-json\/wp\/v2\/comments?post=176454"}],"version-history":[{"count":4,"href":"https:\/\/robin.jobs\/sk\/wp-json\/wp\/v2\/pages\/176454\/revisions"}],"predecessor-version":[{"id":1248026,"href":"https:\/\/robin.jobs\/sk\/wp-json\/wp\/v2\/pages\/176454\/revisions\/1248026"}],"wp:attachment":[{"href":"https:\/\/robin.jobs\/sk\/wp-json\/wp\/v2\/media?parent=176454"}],"curies":[{"name":"wp","href":"https:\/\/api.w.org\/{rel}","templated":true}]}}