{"id":15143,"date":"2016-07-28T08:38:00","date_gmt":"2016-07-28T08:38:00","guid":{"rendered":"https:\/\/robin.jobs\/qbis-2\/?page_id=15143"},"modified":"2025-10-16T11:10:36","modified_gmt":"2025-10-16T08:10:36","slug":"qbis-tim","status":"publish","type":"page","link":"https:\/\/robin.jobs\/sk\/qbis-tim","title":{"rendered":"Spoznajte n\u00e1\u0161 Robin t\u00edm!"},"content":{"rendered":"","protected":false},"excerpt":{"rendered":"","protected":false},"author":1,"featured_media":730189,"parent":0,"menu_order":0,"comment_status":"closed","ping_status":"closed","template":"page-templates\/flexible-content.php","meta":{"_acf_changed":false,"inline_featured_image":false,"footnotes":""},"class_list":["post-15143","page","type-page","status-publish","has-post-thumbnail","hentry"],"acf":[],"_links":{"self":[{"href":"https:\/\/robin.jobs\/sk\/wp-json\/wp\/v2\/pages\/15143","targetHints":{"allow":["GET"]}}],"collection":[{"href":"https:\/\/robin.jobs\/sk\/wp-json\/wp\/v2\/pages"}],"about":[{"href":"https:\/\/robin.jobs\/sk\/wp-json\/wp\/v2\/types\/page"}],"author":[{"embeddable":true,"href":"https:\/\/robin.jobs\/sk\/wp-json\/wp\/v2\/users\/1"}],"replies":[{"embeddable":true,"href":"https:\/\/robin.jobs\/sk\/wp-json\/wp\/v2\/comments?post=15143"}],"version-history":[{"count":5,"href":"https:\/\/robin.jobs\/sk\/wp-json\/wp\/v2\/pages\/15143\/revisions"}],"predecessor-version":[{"id":1243651,"href":"https:\/\/robin.jobs\/sk\/wp-json\/wp\/v2\/pages\/15143\/revisions\/1243651"}],"wp:featuredmedia":[{"embeddable":true,"href":"https:\/\/robin.jobs\/sk\/wp-json\/wp\/v2\/media\/730189"}],"wp:attachment":[{"href":"https:\/\/robin.jobs\/sk\/wp-json\/wp\/v2\/media?parent=15143"}],"curies":[{"name":"wp","href":"https:\/\/api.w.org\/{rel}","templated":true}]}}