{"id":1207540,"date":"2021-06-08T15:40:38","date_gmt":"2021-06-08T12:40:38","guid":{"rendered":"https:\/\/robin.jobs\/sk\/privacy-policy-for-registered-users"},"modified":"2026-01-06T02:37:36","modified_gmt":"2026-01-05T23:37:36","slug":"privacy-policy-for-registered-users","status":"publish","type":"page","link":"https:\/\/robin.jobs\/sk\/privacy-policy-for-registered-users","title":{"rendered":"UAB\u00a0ROBIN JOBS Z\u00c1SADY OCHRANY S\u00daKROMIA PRE REGISTROVAN\u00ddCH U\u017d\u00cdVATE\u013dOV"},"content":{"rendered":"<p><span style=\"font-weight: 400;\">UAB Robin Jobs sa star\u00e1 o ochranu va\u0161ich inform\u00e1ci\u00ed. Dodr\u017eiavame v\u0161eobecn\u00e9 nariadenie o ochrane \u00fadajov Eur\u00f3pskej \u00fanie (GDPR) a \u010fal\u0161ie z\u00e1kony chr\u00e1niace va\u0161e inform\u00e1cie, ktor\u00e9 zhroma\u017e\u010fujeme, pou\u017e\u00edvame a uklad\u00e1me v na\u0161ej spolo\u010dnosti.<\/span><\/p>\n<p>&nbsp;<\/p>\n<ul>\n<li aria-level=\"1\"><b>Ako si m\u00e1m pre\u010d\u00edta\u0165 tieto z\u00e1sady?<\/b><\/li>\n<\/ul>\n<p>&nbsp;<\/p>\n<p><span style=\"font-weight: 400;\">Tieto z\u00e1sady ochrany osobn\u00fdch \u00fadajov zodpovedaj\u00fa k\u013e\u00fa\u010dov\u00e9 ot\u00e1zky o tom, ako o v\u00e1s zhroma\u017e\u010fujeme, pou\u017e\u00edvame a uklad\u00e1me inform\u00e1cie. V pr\u00edpade ak\u00fdchko\u013evek ot\u00e1zok alebo nejasnost\u00ed v ktorejko\u013evek \u010dasti tohto ozn\u00e1menia sme pripraven\u00ed v\u00e1m pom\u00f4c\u0165, ako je uveden\u00e9 v \u010dasti 10. t\u00fdchto z\u00e1sad ochrany osobn\u00fdch \u00fadajov. Upozor\u0148ujeme, \u017ee ak\u00fdko\u013evek odkaz na slovo \u201emy\u201c v t\u00fdchto z\u00e1sad\u00e1ch ochrany osobn\u00fdch \u00fadajov znamen\u00e1 na\u0161u spolo\u010dnos\u0165, ako je uveden\u00e9 v \u010dasti 2. t\u00fdchto z\u00e1sad ochrany osobn\u00fdch \u00fadajov.<\/span><\/p>\n<p>&nbsp;<\/p>\n<ul>\n<li aria-level=\"1\"><b>Kto je zodpovedn\u00fd za ochranu mojich inform\u00e1ci\u00ed?<\/b><\/li>\n<\/ul>\n<p>&nbsp;<\/p>\n<p><span style=\"font-weight: 400;\">Sme zodpovedn\u00ed za ochranu va\u0161ich inform\u00e1ci\u00ed v rozsahu, ktor\u00fd s\u00favis\u00ed s \u00fa\u010delmi uveden\u00fdmi v \u010dasti 4., ako je podrobne uveden\u00e9 v bodoch 5. a\u017e 10. ni\u017e\u0161ie:<\/span><\/p>\n<p><span style=\"font-weight: 400;\">My sme\u00a0\u2013<\/span> <span style=\"font-weight: 400;\">UAB Robin Jobs;<\/span><\/p>\n<p><span style=\"font-weight: 400;\">Identifik\u00e1tor na\u0161ej pr\u00e1vnickej osoby: 300659719;<\/span><\/p>\n<p><span style=\"font-weight: 400;\">Na\u0161a adresa: Naru\u010dio g. 3, Vilnius;<\/span><\/p>\n<p><span style=\"font-weight: 400;\">E-mail: finance@robin.jobs<\/span><\/p>\n<p>&nbsp;<\/p>\n<ul>\n<li aria-level=\"1\"><b>Kto je zodpovedn\u00fd za ochranu inform\u00e1ci\u00ed, ktor\u00e9 som uviedol po v\u00fdbere pracovnej ponuky?<\/b><\/li>\n<\/ul>\n<p>&nbsp;<\/p>\n<p><span style=\"font-weight: 400;\">Uv\u00e1dzame, \u017ee nie sme zamestn\u00e1vate\u013eom, ktor\u00fd h\u013ead\u00e1 zamestnancov &#8211; sme agent\u00fara, t. j. jedna z agent\u00far, ktor\u00e9 h\u013eadaj\u00fa zamestnancov v mene zamestn\u00e1vate\u013ea. Len \u010do si vyberiete pracovn\u00fa ponuku, ktor\u00e1 v\u00e1s zauj\u00edma, a poskytnete n\u00e1m po\u017eadovan\u00e9 inform\u00e1cie, p\u00f4sob\u00edme ako spracovate\u013e \u00fadajov zamestn\u00e1vate\u013ea (zhroma\u017e\u010fujeme inform\u00e1cie o potenci\u00e1lnych kandid\u00e1toch v mene zamestn\u00e1vate\u013ea a oznamujeme tieto inform\u00e1cie sprostredkovate\u013eskej agent\u00fare v priamom kontakte so zamestn\u00e1vate\u013eom alebo priamo zamestn\u00e1vate\u013eovi). <\/span><b>Zodpovednos\u0165 za ochranu inform\u00e1ci\u00ed, ktor\u00e9 poskytnete po v\u00fdbere pracovnej ponuky, ktor\u00e1 v\u00e1s zauj\u00edma, nesie zamestn\u00e1vate\u013e.<\/b><\/p>\n<p>&nbsp;<\/p>\n<p><span style=\"font-weight: 400;\">Uv\u00e1dzame, \u017ee v mnoh\u00fdch pr\u00edpadoch nie sme jedinou agent\u00farou, a preto m\u00f4\u017eu by\u0165 inform\u00e1cie o sprostredkovan\u00ed pr\u00e1ce sprostredkovan\u00e9 inej sprostredkovate\u013eskej agent\u00fare ne\u017e priamo zamestn\u00e1vate\u013eovi.<\/span><\/p>\n<p>&nbsp;<\/p>\n<p><span style=\"font-weight: 400;\">Viac inform\u00e1ci\u00ed o tom, ako konkr\u00e9tny zamestn\u00e1vate\u013e zhroma\u017e\u010fuje, pou\u017e\u00edva a uklad\u00e1 inform\u00e1cie o v\u00e1s, n\u00e1jdete v z\u00e1sad\u00e1ch ochrany s\u00fakromia zamestn\u00e1vate\u013ea, ktor\u00e9 s\u00fa k dispoz\u00edcii pre dan\u00fa pracovn\u00fa ponuku (zamestn\u00e1vate\u013e je zodpovedn\u00fd za zhroma\u017e\u010fovanie, pou\u017eitie a uchov\u00e1vanie va\u0161ich \u00fadajov a za pou\u017eitie pr\u00e1ce). sprostredkovate\u013esk\u00e9 agent\u00fary, ako aj za ich konanie t\u00fdkaj\u00face sa osobn\u00fdch \u00fadajov). V z\u00e1sad\u00e1ch sa podrobne uv\u00e1dzaj\u00fa aj \u010dinnosti, ktor\u00e9 v mene zamestn\u00e1vate\u013ea vykon\u00e1vame.<\/span><\/p>\n<p>&nbsp;<\/p>\n<p><span style=\"font-weight: 400;\">Uv\u00e1dzame, \u017ee ako agent\u00fara zhroma\u017e\u010fujeme, pou\u017e\u00edvame a uklad\u00e1me nasleduj\u00face inform\u00e1cie o v\u00e1s:<\/span><\/p>\n<ul>\n<li style=\"font-weight: 400;\" aria-level=\"1\"><span style=\"font-weight: 400;\">k\u00f3piu v\u00e1\u0161ho dokladu toto\u017enosti;<\/span><\/li>\n<li style=\"font-weight: 400;\" aria-level=\"1\"><span style=\"font-weight: 400;\">\u010d\u00edslo bankov\u00e9ho \u00fa\u010dtu;<\/span><\/li>\n<li style=\"font-weight: 400;\" aria-level=\"1\"><span style=\"font-weight: 400;\">va\u0161u adresu;<\/span><\/li>\n<li style=\"font-weight: 400;\" aria-level=\"1\"><span style=\"font-weight: 400;\">k\u00f3piu v\u00e1\u0161ho vodi\u010dsk\u00e9ho preukazu (ak existuje);<\/span><\/li>\n<li style=\"font-weight: 400;\" aria-level=\"1\"><span style=\"font-weight: 400;\">v\u00e1\u0161 \u017eivotopis v angli\u010dtine;<\/span><\/li>\n<li style=\"font-weight: 400;\" aria-level=\"1\"><span style=\"font-weight: 400;\">podp\u00edsan\u00fa zmluvu o slu\u017eb\u00e1ch \/ pracovn\u00e1 zmluva;<\/span><\/li>\n<li style=\"font-weight: 400;\" aria-level=\"1\"><span style=\"font-weight: 400;\">v\u00fdpis z registra trestov;<\/span><\/li>\n<li style=\"font-weight: 400;\" aria-level=\"1\"><span style=\"font-weight: 400;\">Holandsk\u00e9 osobn\u00e9 identifika\u010dn\u00e9 \u010d\u00edslo (BSN) (ak existuje; ak je zamestn\u00e1vate\u013e, ktor\u00e9ho ste si vybrali, v Holandsku);<\/span><\/li>\n<li style=\"font-weight: 400;\" aria-level=\"1\"><span style=\"font-weight: 400;\">\u010fal\u0161ie dokumenty, ktor\u00e9 poskytnete.<\/span><\/li>\n<\/ul>\n<p>&nbsp;<\/p>\n<ul>\n<li aria-level=\"1\"><b>Pre\u010do o mne zhroma\u017e\u010fujete inform\u00e1cie?<\/b><\/li>\n<\/ul>\n<p>&nbsp;<\/p>\n<p><span style=\"font-weight: 400;\">Va\u0161e \u00fadaje zhroma\u017e\u010fujeme, pou\u017e\u00edvame a uklad\u00e1me z nasleduj\u00facich d\u00f4vodov:<\/span><\/p>\n<ul>\n<li style=\"font-weight: 400;\" aria-level=\"1\"><span style=\"font-weight: 400;\">v\u00e1\u0161 \u00fa\u010det na na\u0161ej webovej str\u00e1nke &#8211; ke\u010f sa zaregistrujete na na\u0161ej webovej str\u00e1nke, prij\u00edmate tieto z\u00e1sady ochrany osobn\u00fdch \u00fadajov a s\u00fahlas\u00edte s podmienkami zmluvy o poskytovan\u00ed slu\u017eieb sprostredkovania pr\u00e1ce, preto sa m\u00e1 za to, \u017ee s nami uzatv\u00e1rate zmluvu;<\/span><\/li>\n<li style=\"font-weight: 400;\" aria-level=\"1\"><span style=\"font-weight: 400;\">pre poskytovanie personalizovanej\u0161\u00edch slu\u017eieb &#8211; pri registr\u00e1cii na na\u0161om webe poskytujete r\u00f4zne inform\u00e1cie o sebe a svojich potreb\u00e1ch (napr. po\u017eadovan\u00e1 pracovn\u00e1 oblas\u0165, preferencia pr\u00e1ce v zahrani\u010d\u00ed at\u010f.), ktor\u00e9 nie s\u00fa povinn\u00e9 pre poskytovanie slu\u017eieb;<\/span><\/li>\n<li style=\"font-weight: 400;\" aria-level=\"1\"><span style=\"font-weight: 400;\">na zasielanie pracovn\u00fdch pon\u00fak e-mailom &#8211; po zaregistrovan\u00ed na na\u0161om webe v\u00e1m za \u00fa\u010delom n\u00e1jdenia vhodnej pracovnej ponuky \u010do najsk\u00f4r po\u0161leme pracovn\u00e9 ponuky e-mailom do 10 dn\u00ed od registr\u00e1cie;<\/span><\/li>\n<li style=\"font-weight: 400;\" aria-level=\"1\"><span style=\"font-weight: 400;\">na ochranu na\u0161ich opr\u00e1vnen\u00fdch z\u00e1ujmov &#8211; ak by to bolo nevyhnutn\u00e9, mohli by sme va\u0161e osobn\u00e9 \u00fadaje pou\u017ei\u0165 na ochranu na\u0161ich opr\u00e1vnen\u00fdch z\u00e1ujmov vr\u00e1tane reput\u00e1cie pred s\u00fadmi, in\u0161tit\u00faciami rie\u0161enia sporov pred s\u00fadom a in\u00fdmi pr\u00edslu\u0161n\u00fdmi org\u00e1nmi.<\/span><\/li>\n<\/ul>\n<p>&nbsp;<\/p>\n<ul>\n<li aria-level=\"1\"><b>Ak\u00e9 inform\u00e1cie o sebe by som v\u00e1m mal poskytn\u00fa\u0165?<\/b><\/li>\n<\/ul>\n<p>&nbsp;<\/p>\n<p><span style=\"font-weight: 400;\">Pri registr\u00e1cii na na\u0161om webe mus\u00edte uvies\u0165 nasleduj\u00face inform\u00e1cie o sebe:<\/span><\/p>\n<ul>\n<li style=\"font-weight: 400;\" aria-level=\"1\"><span style=\"font-weight: 400;\">identifika\u010dn\u00e9 \u00fadaje (meno, priezvisko, d\u00e1tum narodenia);<\/span><\/li>\n<li style=\"font-weight: 400;\" aria-level=\"1\"><span style=\"font-weight: 400;\">kontaktn\u00e9 \u00fadaje (e-mailov\u00e1 adresa, telef\u00f3nne \u010d\u00edslo);<\/span><\/li>\n<li style=\"font-weight: 400;\" aria-level=\"1\"><span style=\"font-weight: 400;\">inform\u00e1cie o va\u0161om pohlav\u00ed;<\/span><\/li>\n<li style=\"font-weight: 400;\" aria-level=\"1\"><span style=\"font-weight: 400;\">inform\u00e1cie o \u00farovni va\u0161ich znalost\u00ed angli\u010dtiny (bez angli\u010dtiny, za\u010diato\u010dn\u00edk alebo pokro\u010dil\u00fd);<\/span><\/li>\n<li style=\"font-weight: 400;\" aria-level=\"1\"><span style=\"font-weight: 400;\">inform\u00e1cie o tom, \u010di sa po n\u00e1jden\u00ed pr\u00e1ce chyst\u00e1te pres\u0165ahova\u0165 do zahrani\u010dia sami alebo so svoj\u00edm priate\u013eom \/ priate\u013ekou \/\/ partnerom.<\/span><\/li>\n<\/ul>\n<p>&nbsp;<\/p>\n<p><span style=\"font-weight: 400;\">M\u00f4\u017eete tie\u017e, ale nie ste povinn\u00ed, poskytn\u00fa\u0165 nasleduj\u00face inform\u00e1cie o sebe:<\/span><\/p>\n<ul>\n<li style=\"font-weight: 400;\" aria-level=\"1\"><span style=\"font-weight: 400;\">\u010di m\u00e1te vodi\u010dsk\u00e9 opr\u00e1vnenie skupiny B;<\/span><\/li>\n<li style=\"font-weight: 400;\" aria-level=\"1\"><span style=\"font-weight: 400;\">fotografiu;<\/span><\/li>\n<li style=\"font-weight: 400;\" aria-level=\"1\"><span style=\"font-weight: 400;\">po\u017eadovan\u00fa pracovn\u00fa oblas\u0165 (napr. v\u00fdroba, slu\u017eby, po\u013enohospod\u00e1rstvo at\u010f.);<\/span><\/li>\n<li style=\"font-weight: 400;\" aria-level=\"1\"><span style=\"font-weight: 400;\">inform\u00e1cie, ako skoro ste pripraven\u00ed pres\u0165ahova\u0165 sa do zahrani\u010dia a za\u010da\u0165 pracova\u0165;<\/span><\/li>\n<li style=\"font-weight: 400;\" aria-level=\"1\"><span style=\"font-weight: 400;\">inform\u00e1cie o tom, \u010do pova\u017eujete za v\u00fdhodu pre pr\u00e1cu v zahrani\u010d\u00ed.<\/span><\/li>\n<\/ul>\n<p>&nbsp;<\/p>\n<p><span style=\"font-weight: 400;\">Ak n\u00e1m tieto inform\u00e1cie zazdielate, budeme schopn\u00ed vytvori\u0165 pracovn\u00e9 ponuky, ktor\u00e9 lep\u0161ie zodpovedaj\u00fa va\u0161im o\u010dak\u00e1vaniam.<\/span><\/p>\n<p>&nbsp;<\/p>\n<ul>\n<li aria-level=\"1\"><b>Ak\u00fd je pr\u00e1vny z\u00e1klad pre zhroma\u017e\u010fovanie inform\u00e1ci\u00ed o mne?<\/b><\/li>\n<\/ul>\n<p>&nbsp;<\/p>\n<p><span style=\"font-weight: 400;\">Inform\u00e1cie o v\u00e1s zhroma\u017e\u010fujeme z\u00e1konne z nasleduj\u00facich d\u00f4vodov:<\/span><\/p>\n<ul>\n<li style=\"font-weight: 400;\" aria-level=\"1\"><span style=\"font-weight: 400;\">vytvoren\u00edm \u00fa\u010dtu na na\u0161ej webovej str\u00e1nke s nami uzatv\u00e1rate zmluvu (\u010dl\u00e1nok 6 ods. 1 p\u00edsm. b) GDPR);<\/span><\/li>\n<li style=\"font-weight: 400;\" aria-level=\"1\"><span style=\"font-weight: 400;\">ke\u010f n\u00e1m zazdielate \u010fal\u0161ie inform\u00e1cie o sebe s cie\u013eom z\u00edska\u0165 personalizovanej\u0161ie pracovn\u00e9 ponuky, spoliehame sa na v\u00e1\u0161 s\u00fahlas (\u010dl\u00e1nok 6 ods. 1 p\u00edsm. a) GDPR);<\/span><\/li>\n<li style=\"font-weight: 400;\" aria-level=\"1\"><span style=\"font-weight: 400;\">m\u00e1me opr\u00e1vnen\u00fd z\u00e1ujem chr\u00e1ni\u0165 na\u0161e pr\u00e1va pred s\u00fadmi a in\u00fdmi org\u00e1nmi (\u010dl\u00e1nok 6 ods. 1 p\u00edsm. f) GDPR);<\/span><\/li>\n<li style=\"font-weight: 400;\" aria-level=\"1\"><span style=\"font-weight: 400;\">na zasielanie pracovn\u00fdch pon\u00fak e-mailom (\u010dl\u00e1nok 6 ods. 1 p\u00edsm. f) GDPR).<\/span><\/li>\n<\/ul>\n<p>&nbsp;<\/p>\n<ul>\n<li aria-level=\"1\"><b>Pren\u00e1\u0161ate niekomu inform\u00e1cie o mne?<\/b><\/li>\n<\/ul>\n<p>&nbsp;<\/p>\n<p><span style=\"font-weight: 400;\">Inform\u00e1cie o v\u00e1s m\u00f4\u017eu by\u0165 prenesen\u00e9 na:<\/span><\/p>\n<ul>\n<li style=\"font-weight: 400;\" aria-level=\"1\"><span style=\"font-weight: 400;\">na\u0161ich poskytovate\u013eov slu\u017eieb &#8211; poskytovatelia komunik\u00e1cie (e-mail), slu\u017eby \u00falo\u017eiska \u00fadajov, ktor\u00e9 preberaj\u00fa povinnosti t\u00fdkaj\u00face sa d\u00f4vernosti a bezpe\u010dnosti stanoven\u00e9 v pr\u00e1vnych predpisoch o ochrane osobn\u00fdch \u00fadajov;<\/span><\/li>\n<li style=\"font-weight: 400;\" aria-level=\"1\"><span style=\"font-weight: 400;\">spolo\u010dnosti, ktor\u00e9 poskytuj\u00fa pr\u00e1vne slu\u017eby a \/ alebo pr\u00e1vnick\u00e9 firmy v rozsahu nevyhnutnom na ochranu na\u0161ich opr\u00e1vnen\u00fdch z\u00e1ujmov;<\/span><\/li>\n<li style=\"font-weight: 400;\" aria-level=\"1\"><span style=\"font-weight: 400;\">s\u00fady, in\u0161tit\u00facie pre rie\u0161enie sporov pred s\u00fadom a in\u00e9 \u0161t\u00e1tne org\u00e1ny, ak je to potrebn\u00e9 na ochranu na\u0161ich pr\u00e1v;<\/span><\/li>\n<li style=\"font-weight: 400;\" aria-level=\"1\"><span style=\"font-weight: 400;\">s\u00fadnych exek\u00fatorov v rozsahu nevyhnutnom na vr\u00e1tenie priznan\u00fdch s\u00fam.<\/span><\/li>\n<\/ul>\n<p>&nbsp;<\/p>\n<ul>\n<li aria-level=\"1\"><b>Ako dlho uchov\u00e1vate inform\u00e1cie o mne?<\/b><\/li>\n<\/ul>\n<p>&nbsp;<\/p>\n<p><span style=\"font-weight: 400;\">Va\u0161e inform\u00e1cie bud\u00fa ulo\u017een\u00e9 tak, ako je to pop\u00edsan\u00e9 ni\u017e\u0161ie:<\/span><\/p>\n<ul>\n<li style=\"font-weight: 400;\" aria-level=\"1\"><span style=\"font-weight: 400;\">v\u00e1\u0161 \u00fa\u010det bude ulo\u017een\u00fd po dobu troch rokov od posledn\u00e9ho prihl\u00e1senia a po uplynut\u00ed tohto \u010dasov\u00e9ho limitu bude automaticky vymazan\u00fd;<\/span><\/li>\n<li style=\"font-weight: 400;\" aria-level=\"1\"><span style=\"font-weight: 400;\">na zasielanie pracovn\u00fdch pon\u00fak bud\u00fa va\u0161e \u00fadaje pou\u017eit\u00e9 10 dn\u00ed po registr\u00e1cii na na\u0161om webe;<\/span><\/li>\n<li style=\"font-weight: 400;\" aria-level=\"1\"><span style=\"font-weight: 400;\">dokumenty predlo\u017een\u00e9 s\u00fadom alebo in\u00fdm org\u00e1nom na rie\u0161enie sporov alebo org\u00e1nom \u010dinn\u00fdm v trestnom konan\u00ed sa uchov\u00e1vaj\u00fa 1 rok od pr\u00e1voplatn\u00e9ho rozhodnutia;<\/span><\/li>\n<li style=\"font-weight: 400;\" aria-level=\"1\"><span style=\"font-weight: 400;\">exeku\u010dn\u00e9 tituly s\u00fadov a s\u00fadnych exek\u00fatorov sa ulo\u017eia 10 rokov po skon\u010den\u00ed platieb.<\/span><\/li>\n<\/ul>\n<p>&nbsp;<\/p>\n<ul>\n<li aria-level=\"1\"><b>Ak\u00e9 m\u00e1m pr\u00e1va?<\/b><\/li>\n<\/ul>\n<p>&nbsp;<\/p>\n<p><span style=\"font-weight: 400;\">Ak chcete podnikn\u00fa\u0165 ktor\u00e9ko\u013evek z krokov uveden\u00fdch ni\u017e\u0161ie, kontaktujte n\u00e1s, ako je uveden\u00e9 v \u010dasti 10. Upozor\u0148ujeme, \u017ee na tieto pr\u00e1va sa vz\u0165ahuj\u00fa z\u00e1konn\u00e9 podmienky a v\u00fdnimky:<\/span><\/p>\n<ul>\n<li aria-level=\"1\"><b>Pr\u00e1vo po\u017eadova\u0165 pr\u00edstup k inform\u00e1ci\u00e1m, ktor\u00e9 o v\u00e1s m\u00e1me, ak spracov\u00e1vame va\u0161e osobn\u00e9 \u00fadaje, ktor\u00e9 umo\u017e\u0148uj\u00fa va\u0161u identifik\u00e1ciu;<\/b><\/li>\n<\/ul>\n<ul>\n<li aria-level=\"1\"><b>Pr\u00e1vo po\u017eadova\u0165 opravu alebo doplnenie inform\u00e1ci\u00ed, ktor\u00e9 o v\u00e1s uchov\u00e1vame;<\/b><\/li>\n<\/ul>\n<ul>\n<li aria-level=\"1\"><b>Pr\u00e1vo po\u017eadova\u0165 vymazanie \u00fadajov o v\u00e1s, ak:<\/b><\/li>\n<\/ul>\n<ul>\n<li aria-level=\"1\"><b>s\u00fa va\u0161e \u00fadaje spracov\u00e1van\u00e9 na z\u00e1klade v\u00e1\u0161ho s\u00fahlasu;<\/b><\/li>\n<\/ul>\n<ul>\n<li aria-level=\"1\"><b>s\u00fa va\u0161e \u00fadaje spracov\u00e1van\u00e9 nez\u00e1konne;<\/b><\/li>\n<\/ul>\n<ul>\n<li aria-level=\"1\"><b>s\u00fa va\u0161e \u00fadaje spracov\u00e1van\u00e9 na z\u00e1klade n\u00e1\u0161ho opr\u00e1vnen\u00e9ho z\u00e1ujmu, ktor\u00fd vyvraciate;<\/b><\/li>\n<\/ul>\n<ul>\n<li aria-level=\"1\"><b>u\u017e nie s\u00fa va\u0161e \u00fadaje potrebn\u00e9 v s\u00favislosti s \u00fa\u010delmi, na ktor\u00e9 boli zhroma\u017eden\u00e9;<\/b><\/li>\n<\/ul>\n<ul>\n<li aria-level=\"1\"><b>m\u00e1me z\u00e1konn\u00fa povinnos\u0165 vymaza\u0165 \u00fadaje o v\u00e1s;<\/b><\/li>\n<\/ul>\n<ul>\n<li style=\"list-style-type: none;\">\n<ul>\n<li style=\"font-weight: 400;\" aria-level=\"1\"><b>Pr\u00e1vo po\u017eadova\u0165 obmedzenie spracovania inform\u00e1ci\u00ed, ktor\u00e9 sa o v\u00e1s nach\u00e1dzaj\u00fa, ke\u010f spochybn\u00edte presnos\u0165 \u00fadajov alebo vznesiete n\u00e1mietku proti spracovaniu \u00fadajov, nes\u00fahlas\u00edte so vymazan\u00edm nez\u00e1konne spracovan\u00fdch \u00fadajov o v\u00e1s, alebo ke\u010f \u00fadaje potrebujete na zistenie, v\u00fdkon alebo obranu pr\u00e1vnych n\u00e1rokov;<\/b><\/li>\n<\/ul>\n<\/li>\n<\/ul>\n<ul>\n<li aria-level=\"1\"><b>Pr\u00e1vo namieta\u0165 proti zhroma\u017e\u010fovaniu, pou\u017e\u00edvaniu a ukladaniu va\u0161ich inform\u00e1ci\u00ed v na\u0161ej spolo\u010dnosti, kde spracov\u00e1vame va\u0161e \u00fadaje na z\u00e1klade opr\u00e1vnen\u00e9ho z\u00e1ujmu;<\/b><\/li>\n<\/ul>\n<ul>\n<li aria-level=\"1\"><b>Pr\u00e1vo po\u017eiada\u0165 o zdielanie va\u0161ich \u00fadajov, ak ste n\u00e1m poskytli \u00fadaje v \u0161trukt\u00farovanom, be\u017ene pou\u017e\u00edvanom form\u00e1te a dali ste s\u00fahlas so spracovan\u00edm t\u00fdchto \u00fadajov, alebo ak m\u00e1me tieto \u00fadaje spracov\u00e1va\u0165 na \u00fa\u010dely vykonania zmluvy s vami;<\/b><\/li>\n<\/ul>\n<ul>\n<li aria-level=\"1\"><b>Pr\u00e1vo poda\u0165 s\u0165a\u017enos\u0165 na \u0160t\u00e1tnom in\u0161pektor\u00e1te ochrany \u00fadajov (\u010fal\u0161ie inform\u00e1cie n\u00e1jdete na <\/b><b>vdai.lrv.lt<\/b><b>).<\/b><\/li>\n<\/ul>\n<p>&nbsp;<\/p>\n<p><span style=\"font-weight: 400;\">Ak sa va\u0161a \u017eiados\u0165 o vy\u0161\u0161ie uveden\u00e9 kroky t\u00fdka zhroma\u017e\u010fovania, pou\u017e\u00edvania a uchov\u00e1vania va\u0161ich osobn\u00fdch \u00fadajov na \u00fa\u010dely zamestnania u konkr\u00e9tneho zamestn\u00e1vate\u013ea, tj. Ak p\u00f4sob\u00edme ako agent\u00fara, va\u0161a \u017eiados\u0165 bude post\u00fapen\u00e1 zamestn\u00e1vate\u013eovi alebo inej agent\u00fare, ktor\u00fa pou\u017e\u00edva zamestn\u00e1vate\u013e. Ak vo svojej \u017eiadosti neur\u010d\u00edte konkr\u00e9tneho zamestn\u00e1vate\u013ea, dostanete od n\u00e1s \u017eiados\u0165 o tieto inform\u00e1cie.<\/span><\/p>\n<p>&nbsp;<\/p>\n<ul>\n<li aria-level=\"1\"><b>Ako mi m\u00f4\u017eete pom\u00f4c\u0165?<\/b><\/li>\n<\/ul>\n<p>&nbsp;<\/p>\n<p><span style=\"font-weight: 400;\">Ak m\u00e1te ak\u00e9ko\u013evek ot\u00e1zky, pripomienky alebo s\u0165a\u017enosti t\u00fdkaj\u00face sa sp\u00f4sobu, ak\u00fdm o v\u00e1s zhroma\u017e\u010fujeme, pou\u017e\u00edvame a uklad\u00e1me \u00fadaje, sme pripraven\u00ed v\u00e1m pom\u00f4c\u0165. Ak potrebujete pomoc, kontaktujte n\u00e1s na e-mailovej adrese finance@robin.jobs.<\/span><\/p>\n","protected":false},"excerpt":{"rendered":"<p>UAB Robin Jobs sa star\u00e1 o ochranu va\u0161ich inform\u00e1ci\u00ed. Dodr\u017eiavame v\u0161eobecn\u00e9 nariadenie o ochrane \u00fadajov Eur\u00f3pskej \u00fanie (GDPR) a \u010fal\u0161ie z\u00e1kony chr\u00e1niace va\u0161e inform\u00e1cie, ktor\u00e9 zhroma\u017e\u010fujeme, pou\u017e\u00edvame a uklad\u00e1me v na\u0161ej spolo\u010dnosti. &nbsp; Ako si m\u00e1m pre\u010d\u00edta\u0165 tieto z\u00e1sady? &nbsp; Tieto z\u00e1sady ochrany osobn\u00fdch \u00fadajov zodpovedaj\u00fa k\u013e\u00fa\u010dov\u00e9 ot\u00e1zky o tom, ako o v\u00e1s zhroma\u017e\u010fujeme, pou\u017e\u00edvame&#8230;<\/p>\n","protected":false},"author":1,"featured_media":0,"parent":0,"menu_order":0,"comment_status":"closed","ping_status":"closed","template":"page-templates\/privacy-policy.php","meta":{"_acf_changed":false,"inline_featured_image":false,"footnotes":""},"class_list":["post-1207540","page","type-page","status-publish","hentry"],"acf":[],"_links":{"self":[{"href":"https:\/\/robin.jobs\/sk\/wp-json\/wp\/v2\/pages\/1207540","targetHints":{"allow":["GET"]}}],"collection":[{"href":"https:\/\/robin.jobs\/sk\/wp-json\/wp\/v2\/pages"}],"about":[{"href":"https:\/\/robin.jobs\/sk\/wp-json\/wp\/v2\/types\/page"}],"author":[{"embeddable":true,"href":"https:\/\/robin.jobs\/sk\/wp-json\/wp\/v2\/users\/1"}],"replies":[{"embeddable":true,"href":"https:\/\/robin.jobs\/sk\/wp-json\/wp\/v2\/comments?post=1207540"}],"version-history":[{"count":3,"href":"https:\/\/robin.jobs\/sk\/wp-json\/wp\/v2\/pages\/1207540\/revisions"}],"predecessor-version":[{"id":1248028,"href":"https:\/\/robin.jobs\/sk\/wp-json\/wp\/v2\/pages\/1207540\/revisions\/1248028"}],"wp:attachment":[{"href":"https:\/\/robin.jobs\/sk\/wp-json\/wp\/v2\/media?parent=1207540"}],"curies":[{"name":"wp","href":"https:\/\/api.w.org\/{rel}","templated":true}]}}