{"id":1207538,"date":"2021-06-08T15:40:38","date_gmt":"2021-06-08T12:40:38","guid":{"rendered":"https:\/\/robin.jobs\/sk\/cookie-policy"},"modified":"2025-10-29T14:23:43","modified_gmt":"2025-10-29T11:23:43","slug":"cookie-policy","status":"publish","type":"page","link":"https:\/\/robin.jobs\/sk\/cookie-policy","title":{"rendered":"UAB\u00a0ROBIN JOBS Z\u00c1SADY POU\u017d\u00cdVANIA S\u00daBOROV COOKIE"},"content":{"rendered":"<p><b>Posledn\u00e1 aktualiz\u00e1cia: 2021-06-01<\/b><\/p>\n<p>&nbsp;<\/p>\n<ul>\n<li aria-level=\"1\"><b>\u010co je to s\u00fabor cookie?<\/b><\/li>\n<\/ul>\n<p>&nbsp;<\/p>\n<p><span style=\"font-weight: 400;\">S\u00fabory cookie s\u00fa mal\u00e9 textov\u00e9 s\u00fabory, ktor\u00e9 sa pri prehliadan\u00ed webov\u00fdch str\u00e1nok ukladaj\u00fa v prehliada\u010di v\u00e1\u0161ho zariadenia (napr. v po\u010d\u00edta\u010di, mobilnom telef\u00f3ne, tablete). Na podobn\u00e9 \u00fa\u010dely sa pou\u017e\u00edvaj\u00fa aj \u010fal\u0161ie technol\u00f3gie, vr\u00e1tane \u00fadajov ulo\u017een\u00fdch vo va\u0161om prehliada\u010di alebo pr\u00edstroji, identifik\u00e1torov vz\u0165ahuj\u00facich sa na va\u0161e zariadenie a in\u00e9ho softv\u00e9ru. S\u00fabory cookie sa \u0161iroko pou\u017e\u00edvaj\u00fa na umo\u017enenie v\u00fdkonu webov\u00fdch str\u00e1nok alebo na zv\u00fd\u0161enie a zefekt\u00edvnenie ich v\u00fdkonu. V\u0161etky vy\u0161\u0161ie uveden\u00e9 technol\u00f3gie sa v t\u00fdchto z\u00e1sad\u00e1ch ozna\u010duj\u00fa ako \u201es\u00fabory cookie\u201c.<\/span><\/p>\n<p>&nbsp;<\/p>\n<ul>\n<li aria-level=\"1\"><b>Pre\u010do pou\u017e\u00edvate cookies?<\/b><\/li>\n<\/ul>\n<p>&nbsp;<\/p>\n<p><span style=\"font-weight: 400;\">Pou\u017e\u00edvame cookies aby sme:<\/span><\/p>\n<ul>\n<li style=\"font-weight: 400;\" aria-level=\"1\"><span style=\"font-weight: 400;\">neust\u00e1le zlep\u0161ovali webov\u00fa str\u00e1nku tak, aby bola pre v\u00e1s atrakt\u00edvnej\u0161ia;<\/span><\/li>\n<li style=\"font-weight: 400;\" aria-level=\"1\"><span style=\"font-weight: 400;\">sledovali a analyzovali trendy n\u00e1v\u0161tev na na\u0161ej webovej str\u00e1nke;<\/span><\/li>\n<li style=\"font-weight: 400;\" aria-level=\"1\"><span style=\"font-weight: 400;\">analyzovali, ako spotrebitelia pou\u017e\u00edvaj\u00fa na\u0161u webov\u00fa str\u00e1nku;<\/span><\/li>\n<li style=\"font-weight: 400;\" aria-level=\"1\"><span style=\"font-weight: 400;\">zabezpe\u010dili spr\u00e1vne fungovanie webovej str\u00e1nky a jej funkci\u00ed;<\/span><\/li>\n<li style=\"font-weight: 400;\" aria-level=\"1\"><span style=\"font-weight: 400;\">zefekt\u00edvnili marketing;<\/span><\/li>\n<li style=\"font-weight: 400;\" aria-level=\"1\"><span style=\"font-weight: 400;\">zobrazovali vide\u00e1 z YouTube na na\u0161ej webovej str\u00e1nke;<\/span><\/li>\n<li style=\"font-weight: 400;\" aria-level=\"1\"><span style=\"font-weight: 400;\">pam\u00e4tali na va\u0161u vo\u013ebu jazyka na webov\u00fdch str\u00e1nkach;<\/span><\/li>\n<li style=\"font-weight: 400;\" aria-level=\"1\"><span style=\"font-weight: 400;\">spr\u00e1vne informovali o cookies na na\u0161ich webov\u00fdch str\u00e1nkach.<\/span><\/li>\n<\/ul>\n<p>&nbsp;<\/p>\n<ul>\n<li aria-level=\"1\"><b>Ak\u00e9 s\u00fa typy s\u00faborov cookies?<\/b><\/li>\n<\/ul>\n<p>&nbsp;<\/p>\n<ol>\n<li style=\"font-weight: 400;\" aria-level=\"1\"><span style=\"font-weight: 400;\">Nevyhnutne potrebn\u00e9 cookies<\/span><\/li>\n<\/ol>\n<p>&nbsp;<\/p>\n<p><span style=\"font-weight: 400;\">Tieto cookies s\u00fa potrebn\u00e9 na webov\u00fdch str\u00e1nkach, aby u\u017e\u00edvate\u013e mohol prehliada\u0165 a pou\u017e\u00edva\u0165 funkcie webov\u00fdch str\u00e1nok, napr\u00edklad zapam\u00e4ta\u0165 si inform\u00e1cie zadan\u00e9 vo formul\u00e1roch, ke\u010f sa pou\u017e\u00edvate\u013e po\u010das rel\u00e1cie prehliadania pohybuje z jednej str\u00e1nky na druh\u00fa. Bez nevyhnutne potrebn\u00fdch s\u00faborov cookie by boli ur\u010dit\u00e9 slu\u017eby webovej str\u00e1nky nemo\u017en\u00e9 a webov\u00e1 str\u00e1nka by nefungovala tak hladko, ako by mala. Tak\u00e9to s\u00fabory cookie nezhroma\u017e\u010fuj\u00fa \u017eiadne inform\u00e1cie na marketingov\u00e9 \u00fa\u010dely a nezaznamen\u00e1vaj\u00fa va\u0161e n\u00e1v\u0161tevy online.<\/span><\/p>\n<p>&nbsp;<\/p>\n<ol>\n<li style=\"font-weight: 400;\" aria-level=\"1\"><span style=\"font-weight: 400;\">Analytick\u00e9 cookies<\/span><\/li>\n<\/ol>\n<p>&nbsp;<\/p>\n<p><span style=\"font-weight: 400;\">Analytick\u00e9 cookies zhroma\u017e\u010fuj\u00fa inform\u00e1cie o pou\u017e\u00edvan\u00ed webov\u00fdch str\u00e1nok a pom\u00e1haj\u00fa zlep\u0161ova\u0165 ich fungovanie. Napr\u00edklad analytick\u00e9 cookies m\u00f4\u017eu uk\u00e1za\u0165, ktor\u00e9 str\u00e1nky s\u00fa nav\u0161tevovan\u00e9 naj\u010dastej\u0161ie, pom\u00f4c\u0165 zaregistrova\u0165 zlyhania prebiehaj\u00face na webe alebo uk\u00e1za\u0165, \u010di je reklama zobrazen\u00e1 na webe \u00fa\u010dinn\u00e1. Analytick\u00e9 cookies nezhroma\u017e\u010fuj\u00fa osobn\u00e9 inform\u00e1cie n\u00e1v\u0161tevn\u00edkov a v\u0161etky inform\u00e1cie zhroma\u017eden\u00e9 tak\u00fdmito cookies s\u00fa agregovan\u00e9 a anonymn\u00e9.<\/span><\/p>\n<p>&nbsp;<\/p>\n<ol>\n<li style=\"font-weight: 400;\" aria-level=\"1\"><span style=\"font-weight: 400;\">Funk\u010dn\u00e9 cookies<\/span><\/li>\n<\/ol>\n<p>&nbsp;<\/p>\n<p><span style=\"font-weight: 400;\">Funk\u010dn\u00e9 cookies umo\u017e\u0148uj\u00fa webovej str\u00e1nke zapam\u00e4ta\u0165 si va\u0161e vo\u013eby a pon\u00faknu\u0165 vylep\u0161en\u00e9 funkcie viac prisp\u00f4soben\u00e9 va\u0161im potreb\u00e1m. Funk\u010dn\u00e9 s\u00fabory cookie si tie\u017e pam\u00e4taj\u00fa vykonan\u00e9 zmeny, napr\u00edklad individu\u00e1lne nastavenie na konkr\u00e9tnej webovej str\u00e1nke, ako aj v in\u00fdch pr\u00edpadoch, napr. ke\u010f sledujete video alebo zanech\u00e1vate koment\u00e1r na na\u0161om webe. Funk\u010dn\u00e9 cookies nesleduj\u00fa va\u0161u \u010dinnos\u0165 na in\u00fdch webov\u00fdch str\u00e1nkach.<\/span><\/p>\n<p>&nbsp;<\/p>\n<ol>\n<li style=\"font-weight: 400;\" aria-level=\"1\"><span style=\"font-weight: 400;\">Reklamn\u00e9 cookies<\/span><\/li>\n<\/ol>\n<p>&nbsp;<\/p>\n<p><span style=\"font-weight: 400;\">Reklamn\u00e9 s\u00fabory cookies umo\u017e\u0148uj\u00fa prezent\u00e1ciu zauj\u00edmavej\u0161\u00edch rekl\u00e1m, aby lep\u0161ie vyhovovali va\u0161im z\u00e1ujmom, alebo obmedzenie rekl\u00e1m v rovnakom rade na nav\u0161t\u00edvenej webovej str\u00e1nke. Tento typ s\u00faborov cookie sa tie\u017e pou\u017e\u00edva na hodnotenie efekt\u00edvnosti kampane. Tak\u00e9to s\u00fabory cookie m\u00f4\u017eu by\u0165 pou\u017eit\u00e9 na zapam\u00e4tanie si toho, \u010do ste robili na webov\u00fdch str\u00e1nkach.<\/span><\/p>\n<p>&nbsp;<\/p>\n<ul>\n<li aria-level=\"1\"><b>Ak\u00e9 cookies pou\u017e\u00edvame?<\/b><\/li>\n<\/ul>\n<p>&nbsp;<\/p>\n<p><span style=\"font-weight: 400;\">Na na\u0161om webe pou\u017e\u00edvame nasleduj\u00face cookies:<\/span><\/p>\n<p>&nbsp;<\/p>\n<table>\n<tbody>\n<tr>\n<td><span style=\"font-weight: 400;\">KATEG\u00d3RIA COOKIE<\/span><\/td>\n<td><span style=\"font-weight: 400;\">MENO COOKIE<\/span><\/td>\n<td><span style=\"font-weight: 400;\">DOBA PLATNOSTI COOKIE<\/span><\/td>\n<td><span style=\"font-weight: 400;\">\u00da\u010cEL COOKIE<\/span><\/td>\n<\/tr>\n<tr>\n<td rowspan=\"2\"><span style=\"font-weight: 400;\">Analytick\u00e9 cookies<\/span><\/td>\n<td><span style=\"font-weight: 400;\">_ga<\/span><\/td>\n<td><span style=\"font-weight: 400;\">2\u00a0roky<\/span><\/td>\n<td rowspan=\"2\"><span style=\"font-weight: 400;\">S\u00fabory cookie Google prvej strany pou\u017e\u00edvan\u00e9 na zhroma\u017e\u010fovanie inform\u00e1ci\u00ed o n\u00e1v\u0161tev\u00e1ch webov\u00fdch str\u00e1nok a o tom, ako na\u0161i n\u00e1v\u0161tevn\u00edci pou\u017e\u00edvaj\u00fa webov\u00e9 str\u00e1nky. S\u00fabory cookie zhroma\u017e\u010fuj\u00fa inform\u00e1cie, ako napr\u00edklad po\u010det n\u00e1v\u0161tevn\u00edkov webov\u00fdch str\u00e1nok, inform\u00e1cie o webov\u00fdch str\u00e1nkach, odkia\u013e n\u00e1v\u0161tevn\u00edci pri\u0161li, nav\u0161t\u00edven\u00e9 str\u00e1nky na webov\u00fdch str\u00e1nkach, preh\u013ead\u00e1va\u010d pou\u017e\u00edvan\u00fd na prehliadanie, opera\u010dn\u00fd syst\u00e9m at\u010f.<\/span><\/td>\n<\/tr>\n<tr>\n<td><span style=\"font-weight: 400;\">_ga_xxxxxxxxxx<\/span><\/td>\n<td><span style=\"font-weight: 400;\">2\u00a0roky<\/span><\/td>\n<\/tr>\n<tr>\n<td rowspan=\"2\"><span style=\"font-weight: 400;\">Funk\u010dn\u00e9 cookies<\/span><\/td>\n<td><span style=\"font-weight: 400;\">cookieBannerDisplayed<\/span><span style=\"font-weight: 400;\">\u00a0<\/span><\/td>\n<td><span style=\"font-weight: 400;\">A\u017e do konca rel\u00e1cie prehliadania<\/span><\/td>\n<td><span style=\"font-weight: 400;\">Pre ozn\u00e1menia o pou\u017e\u00edvan\u00ed cookies<\/span><\/td>\n<\/tr>\n<tr>\n<td><span style=\"font-weight: 400;\">public_lang<\/span><\/td>\n<td><span style=\"font-weight: 400;\">181\u00a0dn\u00ed<\/span><\/td>\n<td><span style=\"font-weight: 400;\">Na zapam\u00e4tanie pou\u017eit\u00e9ho jazyka webovej str\u00e1nky<\/span><\/td>\n<\/tr>\n<tr>\n<td rowspan=\"15\"><span style=\"font-weight: 400;\">Reklamn\u00e9 cookies<\/span><\/td>\n<td><span style=\"font-weight: 400;\">dpr<\/span><\/td>\n<td><span style=\"font-weight: 400;\">7 dn\u00ed<\/span><\/td>\n<td><span style=\"font-weight: 400;\">Cookies tret\u00edch str\u00e1n pre Facebook, ktor\u00e9 uchov\u00e1vaj\u00fa inform\u00e1cie o prihl\u00e1senom pou\u017e\u00edvate\u013eovi Facebooku, s cie\u013eom pon\u00faka\u0165 reklamy a aktualizova\u0165 obsah. Obsah s\u00faborov cookie je schv\u00e1len\u00fd prostredn\u00edctvom podmienok pou\u017e\u00edvania Facebooku.<\/span><\/td>\n<\/tr>\n<tr>\n<td><span style=\"font-weight: 400;\">fr<\/span><\/td>\n<td><span style=\"font-weight: 400;\">90 dn\u00ed<\/span><\/td>\n<td><span style=\"font-weight: 400;\">Cookies tret\u00edch str\u00e1n pre Facebook na prezent\u00e1ciu rekl\u00e1m, meranie reklamn\u00fdch konverzi\u00ed a na zlep\u0161enie relevantnosti rekl\u00e1m.<\/span><\/td>\n<\/tr>\n<tr>\n<td><span style=\"font-weight: 400;\">IDE<\/span><\/td>\n<td><span style=\"font-weight: 400;\">390 dn\u00ed<\/span><\/td>\n<td><span style=\"font-weight: 400;\">Cookie tret\u00edch str\u00e1n DoubleClick na prezent\u00e1ciu rekl\u00e1m Google na in\u00fdch webov\u00fdch str\u00e1nkach ako Google. Cielen\u00e9 reklamy sa zobrazuj\u00fa pod\u013ea predch\u00e1dzaj\u00facich n\u00e1v\u0161tev webovej str\u00e1nky. Tieto s\u00fabory cookie tie\u017e meraj\u00fa reklamn\u00e9 konverzie.<\/span><\/td>\n<\/tr>\n<tr>\n<td><span style=\"font-weight: 400;\">test_cookie<\/span><\/td>\n<td><span style=\"font-weight: 400;\">Nieko\u013eko min\u00fat<\/span><\/td>\n<td><span style=\"font-weight: 400;\">Cookies tret\u00edch str\u00e1n DoubleClick na zistenie, \u010di prehliada\u010d, ktor\u00fd n\u00e1v\u0161tevn\u00edk pou\u017e\u00edva, podporuje s\u00fabory cookie.<\/span><\/td>\n<\/tr>\n<tr>\n<td><span style=\"font-weight: 400;\">1P_JAR<\/span><\/td>\n<td><span style=\"font-weight: 400;\">30 dn\u00ed<\/span><\/td>\n<td rowspan=\"10\"><span style=\"font-weight: 400;\">Tieto s\u00fabory cookie sa ukladaj\u00fa prostredn\u00edctvom nahran\u00fdch vide\u00ed YouTube. Registruj\u00fa anonymn\u00e9 \u0161tatistick\u00e9 \u00fadaje, napr\u00edklad ko\u013eko kr\u00e1t sa video prehr\u00e1 a ak\u00e9 nastavenia sa pou\u017eij\u00fa na reprodukciu. Nezhroma\u017e\u010fuj\u00fa sa \u017eiadne citliv\u00e9 \u00fadaje. Ak nie ste prihl\u00e1sen\u00ed do \u00fa\u010dtu Google, va\u0161e akcie sa prepoja s va\u0161\u00edm \u00fa\u010dtom Google, napr\u00edklad ke\u010f kliknete na video \u201ep\u00e1\u010di sa mi to\u201c.<\/span><\/p>\n<p><span style=\"font-weight: 400;\">Ak chcete z\u00edska\u0165 viac inform\u00e1ci\u00ed, pre\u010d\u00edtajte si <\/span><a href=\"https:\/\/policies.google.com\/privacy?hl=en-US\" target=\"_blank\" rel=\"noopener\"><span style=\"font-weight: 400;\">Pravidl\u00e1 ochrany osobn\u00fdch \u00fadajov spolo\u010dnosti Google<\/span><\/a><span style=\"font-weight: 400;\">.<\/span><\/td>\n<\/tr>\n<tr>\n<td><span style=\"font-weight: 400;\">NID<\/span><\/td>\n<td><span style=\"font-weight: 400;\">6\u00a0mesiacov<\/span><\/td>\n<\/tr>\n<tr>\n<td><span style=\"font-weight: 400;\">__Secure-3PSIDCC<\/span><\/td>\n<td><span style=\"font-weight: 400;\">2\u00a0roky<\/span><\/td>\n<\/tr>\n<tr>\n<td><span style=\"font-weight: 400;\">__Secure-3PAPISID<\/span><\/td>\n<td><span style=\"font-weight: 400;\">2\u00a0roky<\/span><\/td>\n<\/tr>\n<tr>\n<td><span style=\"font-weight: 400;\">__Secure-3PSID<\/span><\/td>\n<td><span style=\"font-weight: 400;\">2\u00a0roky<\/span><\/td>\n<\/tr>\n<tr>\n<td><span style=\"font-weight: 400;\">CONSENT<\/span><\/td>\n<td><span style=\"font-weight: 400;\">200\u00a0mesiacov<\/span><\/td>\n<\/tr>\n<tr>\n<td><span style=\"font-weight: 400;\">GPS<\/span><\/td>\n<td><span style=\"font-weight: 400;\">30\u00a0mesiacov<\/span><\/td>\n<\/tr>\n<tr>\n<td><span style=\"font-weight: 400;\">PREF<\/span><\/td>\n<td><span style=\"font-weight: 400;\">2\u00a0roky<\/span><\/td>\n<\/tr>\n<tr>\n<td><span style=\"font-weight: 400;\">VISITOR_INFO1_LIVE<\/span><\/td>\n<td><span style=\"font-weight: 400;\">6\u00a0mesiacov<\/span><\/td>\n<\/tr>\n<tr>\n<td><span style=\"font-weight: 400;\">YSC<\/span><\/td>\n<td><span style=\"font-weight: 400;\">A\u017e do konca rel\u00e1cie prehliadania<\/span><\/td>\n<\/tr>\n<tr>\n<td><span style=\"font-weight: 400;\">_fbp<\/span><\/td>\n<td><span style=\"font-weight: 400;\">6\u00a0mesiacov<\/span><\/td>\n<td><span style=\"font-weight: 400;\">Facebookov\u00fd s\u00fabor cookie prvej strany pou\u017e\u00edvan\u00fd na prezent\u00e1ciu na\u0161ich rekl\u00e1m na Facebooku.<\/span><\/td>\n<\/tr>\n<\/tbody>\n<\/table>\n<p>&nbsp;<\/p>\n<ul>\n<li aria-level=\"1\"><b>Ako m\u00f4\u017eem kontrolova\u0165 cookies?<\/b><\/li>\n<\/ul>\n<p>&nbsp;<\/p>\n<p><span style=\"font-weight: 400;\">Pou\u017e\u00edvanie s\u00faborov cookie m\u00f4\u017eete ovl\u00e1da\u0165 zmenou nastaven\u00ed prehliada\u010da. Viac inform\u00e1ci\u00ed je k dispoz\u00edcii na webov\u00fdch str\u00e1nkach poskytovate\u013ea prehliada\u010da, ktor\u00fd pou\u017e\u00edvate.<\/span><\/p>\n<p>&nbsp;<\/p>\n<p><span style=\"font-weight: 400;\">Upozor\u0148ujeme, \u017ee vymazanie s\u00faborov cookie alebo zak\u00e1zanie s\u00faborov cookie pre \u010fal\u0161ie pou\u017eitie m\u00f4\u017ee sp\u00f4sobi\u0165, \u017ee niektor\u00e9 \u010dasti alebo funkcie na\u0161ej webovej str\u00e1nky nebud\u00fa k dispoz\u00edcii. Ak zmen\u00edte nastavenia s\u00faborov cookie, bude to ma\u0165 vplyv aj na \u010fal\u0161ie webov\u00e9 str\u00e1nky, ktor\u00e9 nav\u0161t\u00edvite.<\/span><\/p>\n","protected":false},"excerpt":{"rendered":"<p>Posledn\u00e1 aktualiz\u00e1cia: 2021-06-01 &nbsp; \u010co je to s\u00fabor cookie? &nbsp; S\u00fabory cookie s\u00fa mal\u00e9 textov\u00e9 s\u00fabory, ktor\u00e9 sa pri prehliadan\u00ed webov\u00fdch str\u00e1nok ukladaj\u00fa v prehliada\u010di v\u00e1\u0161ho zariadenia (napr. v po\u010d\u00edta\u010di, mobilnom telef\u00f3ne, tablete). Na podobn\u00e9 \u00fa\u010dely sa pou\u017e\u00edvaj\u00fa aj \u010fal\u0161ie technol\u00f3gie, vr\u00e1tane \u00fadajov ulo\u017een\u00fdch vo va\u0161om prehliada\u010di alebo pr\u00edstroji, identifik\u00e1torov vz\u0165ahuj\u00facich sa na va\u0161e zariadenie&#8230;<\/p>\n","protected":false},"author":1,"featured_media":0,"parent":0,"menu_order":0,"comment_status":"closed","ping_status":"closed","template":"page-templates\/privacy-policy.php","meta":{"_acf_changed":false,"inline_featured_image":false,"footnotes":""},"class_list":["post-1207538","page","type-page","status-publish","hentry"],"acf":[],"_links":{"self":[{"href":"https:\/\/robin.jobs\/sk\/wp-json\/wp\/v2\/pages\/1207538","targetHints":{"allow":["GET"]}}],"collection":[{"href":"https:\/\/robin.jobs\/sk\/wp-json\/wp\/v2\/pages"}],"about":[{"href":"https:\/\/robin.jobs\/sk\/wp-json\/wp\/v2\/types\/page"}],"author":[{"embeddable":true,"href":"https:\/\/robin.jobs\/sk\/wp-json\/wp\/v2\/users\/1"}],"replies":[{"embeddable":true,"href":"https:\/\/robin.jobs\/sk\/wp-json\/wp\/v2\/comments?post=1207538"}],"version-history":[{"count":3,"href":"https:\/\/robin.jobs\/sk\/wp-json\/wp\/v2\/pages\/1207538\/revisions"}],"predecessor-version":[{"id":1244420,"href":"https:\/\/robin.jobs\/sk\/wp-json\/wp\/v2\/pages\/1207538\/revisions\/1244420"}],"wp:attachment":[{"href":"https:\/\/robin.jobs\/sk\/wp-json\/wp\/v2\/media?parent=1207538"}],"curies":[{"name":"wp","href":"https:\/\/api.w.org\/{rel}","templated":true}]}}