{"id":1207537,"date":"2021-06-08T15:39:22","date_gmt":"2021-06-08T12:39:22","guid":{"rendered":"https:\/\/robin.jobs\/sk\/privacy-policy-for-website-visitors"},"modified":"2026-01-06T02:37:31","modified_gmt":"2026-01-05T23:37:31","slug":"privacy-policy-for-website-visitors","status":"publish","type":"page","link":"https:\/\/robin.jobs\/sk\/privacy-policy-for-website-visitors","title":{"rendered":"UAB\u00a0ROBIN JOBS Z\u00c1SADY OCHRANY OSOBN\u00ddCH \u00daDAJOV PRE N\u00c1V\u0160TEVN\u00cdKOV WEBOV\u00ddCH STR\u00c1NOK"},"content":{"rendered":"<p>&nbsp;<\/p>\n<p><b>Posledn\u00e1 aktualiz\u00e1cia: 2021-06-01<\/b><\/p>\n<p>&nbsp;<\/p>\n<p><span style=\"font-weight: 400;\">UAB Robin Jobs sa star\u00e1 o ochranu va\u0161ich inform\u00e1ci\u00ed. Dodr\u017eiavame v\u0161eobecn\u00e9 nariadenie o ochrane \u00fadajov Eur\u00f3pskej \u00fanie (GDPR) a \u010fal\u0161ie z\u00e1kony chr\u00e1niace va\u0161e inform\u00e1cie, ktor\u00e9 zhroma\u017e\u010fujeme, pou\u017e\u00edvame a uklad\u00e1me v na\u0161ej spolo\u010dnosti.<\/span><\/p>\n<p>&nbsp;<\/p>\n<ul>\n<li aria-level=\"1\"><b>Ako \u010d\u00edta\u0165 tieto z\u00e1sady ochrany osobn\u00fdch \u00fadajov?<\/b><\/li>\n<\/ul>\n<p>&nbsp;<\/p>\n<p><span style=\"font-weight: 400;\">Tieto z\u00e1sady ochrany osobn\u00fdch \u00fadajov zodpovedaj\u00fa k\u013e\u00fa\u010dov\u00e9 ot\u00e1zky o tom, ako zhroma\u017e\u010fujeme, pou\u017e\u00edvame a uklad\u00e1me inform\u00e1cie o v\u00e1s. V pr\u00edpade ak\u00fdchko\u013evek ot\u00e1zok alebo nejasnost\u00ed v ktorejko\u013evek \u010dasti tohto ozn\u00e1menia sme pripraven\u00ed v\u00e1m pom\u00f4c\u0165, ako je uveden\u00e9 v \u010dasti 10. t\u00fdchto z\u00e1sad ochrany osobn\u00fdch \u00fadajov. Upozor\u0148ujeme, \u017ee ak\u00fdko\u013evek odkaz na slovo \u201emy\u201c v t\u00fdchto z\u00e1sad\u00e1ch ochrany osobn\u00fdch \u00fadajov znamen\u00e1 na\u0161u spolo\u010dnos\u0165, ako je uveden\u00e9 v \u010dasti 2. t\u00fdchto z\u00e1sad ochrany osobn\u00fdch \u00fadajov.<\/span><\/p>\n<p>&nbsp;<\/p>\n<ul>\n<li aria-level=\"1\"><b>Kto je zodpovedn\u00fd za ochranu mojich inform\u00e1ci\u00ed?<\/b><\/li>\n<\/ul>\n<p>&nbsp;<\/p>\n<p><span style=\"font-weight: 400;\">My sme\u00a0\u2013<\/span> <span style=\"font-weight: 400;\">UAB Robin Jobs;<\/span><\/p>\n<p><span style=\"font-weight: 400;\">Identifik\u00e1tor na\u0161ej pr\u00e1vnickej osoby: 300659719;<\/span><\/p>\n<p><span style=\"font-weight: 400;\">Na\u0161a adresa: Naru\u010dio g. 3, Vilnius;<\/span><\/p>\n<p><span style=\"font-weight: 400;\">E-mail: finance@robin.jobs<\/span><\/p>\n<p>&nbsp;<\/p>\n<ul>\n<li aria-level=\"1\"><b>Pre\u010do o mne zhroma\u017e\u010fujete inform\u00e1cie?<\/b><\/li>\n<\/ul>\n<p>&nbsp;<\/p>\n<p><span style=\"font-weight: 400;\">Poskytujeme verejn\u00fd pr\u00edstup na webov\u00fa str\u00e1nku <\/span><a href=\"https:\/\/robin.jobs\/\"><span style=\"font-weight: 400;\">robin.jobs<\/span><\/a><span style=\"font-weight: 400;\">, podporujeme ju a vylep\u0161ujeme, ako aj zabezpe\u010dujeme spr\u00e1vne fungovanie jej funkci\u00ed. Z t\u00fdchto d\u00f4vodov sa pou\u017e\u00edvaj\u00fa cookies. Viac inform\u00e1ci\u00ed o s\u00faboroch cookie pou\u017e\u00edvan\u00fdch na na\u0161ej webovej str\u00e1nke a o ich \u00fa\u010dele je uveden\u00fdch v <\/span><span style=\"font-weight: 400;\">Z\u00e1sad\u00e1ch pou\u017e\u00edvania s\u00faborov cookies<\/span><span style=\"font-weight: 400;\">.<\/span><\/p>\n<p>&nbsp;<\/p>\n<ul>\n<li aria-level=\"1\"><b>Ak\u00e9 inform\u00e1cie o mne zhroma\u017e\u010fujete, pou\u017e\u00edvate a uklad\u00e1te?<\/b><\/li>\n<\/ul>\n<p>&nbsp;<\/p>\n<p><span style=\"font-weight: 400;\">Ak pri prehliadan\u00ed na\u0161ich webov\u00fdch str\u00e1nok vyjadrujete s\u00fahlas s pou\u017e\u00edvan\u00edm analytick\u00fdch s\u00faborov cookie, zhroma\u017e\u010fujeme anonymn\u00e9 \u00fadaje z t\u00fdchto s\u00faborov cookie o trendoch v\u00e1\u0161ho prehliadania na na\u0161ej webovej str\u00e1nke, va\u0161ich demografick\u00fdch \u00fadajoch, preh\u013ead\u00e1va\u010di pou\u017eitom na prehliadanie a opera\u010dnom syst\u00e9me.<\/span><\/p>\n<p>&nbsp;<\/p>\n<p><span style=\"font-weight: 400;\">Na na\u0161om \u00fa\u010dte na <\/span><i><span style=\"font-weight: 400;\">Facebooku<\/span><\/i><span style=\"font-weight: 400;\"> nem\u00f4\u017eeme pou\u017e\u00edva\u0165 s\u00fabory cookie, pou\u017e\u00edva ich v\u0161ak <\/span><i><span style=\"font-weight: 400;\">Facebook<\/span><\/i><span style=\"font-weight: 400;\"> s\u00e1m. Viac inform\u00e1ci\u00ed o tom, ako Facebook zhroma\u017e\u010fuje, pou\u017e\u00edva a uklad\u00e1 inform\u00e1cie o v\u00e1s, je k dispoz\u00edcii v <\/span><a href=\"https:\/\/www.facebook.com\/policy.php\" target=\"_blank\" rel=\"noopener\"><span style=\"font-weight: 400;\">Z\u00e1sad\u00e1ch ochrany osobn\u00fdch \u00fadajov Facebooku<\/span><\/a><span style=\"font-weight: 400;\">.<\/span><\/p>\n<p>&nbsp;<\/p>\n<ul>\n<li aria-level=\"1\"><b>Pou\u017e\u00edvate s\u00fabory cookies?<\/b><\/li>\n<\/ul>\n<p>&nbsp;<\/p>\n<p><span style=\"font-weight: 400;\">\u00c1no. Pou\u017e\u00edvame cookies, ako je podrobne uveden\u00e9 v <\/span><span style=\"font-weight: 400;\">Z\u00e1sad\u00e1ch pou\u017e\u00edvania s\u00faborov cookies.<\/span><\/p>\n<p>&nbsp;<\/p>\n<ul>\n<li aria-level=\"1\"><b>Ak\u00fd je pr\u00e1vny z\u00e1klad pre zhroma\u017e\u010fovanie inform\u00e1ci\u00ed o mne?<\/b><\/li>\n<\/ul>\n<p>&nbsp;<\/p>\n<p><span style=\"font-weight: 400;\">Inform\u00e1cie o v\u00e1s zhroma\u017e\u010fujeme z\u00e1konne z nasleduj\u00facich d\u00f4vodov:<\/span><\/p>\n<ul>\n<li style=\"font-weight: 400;\" aria-level=\"1\"><span style=\"font-weight: 400;\">na z\u00e1klade n\u00e1\u0161ho opr\u00e1vnen\u00e9ho z\u00e1ujmu pou\u017e\u00edva\u0165 cookies, ktor\u00e9 s\u00fa nevyhnutn\u00e9 pre spr\u00e1vne fungovanie webov\u00fdch str\u00e1nok a ich funkci\u00ed (\u010dl\u00e1nok 6 ods. 1 p\u00edsm. f) GDPR);<\/span><\/li>\n<li style=\"font-weight: 400;\" aria-level=\"1\"><span style=\"font-weight: 400;\">na z\u00e1klade v\u00e1\u0161ho s\u00fahlasu s pou\u017e\u00edvan\u00edm analytick\u00fdch a reklamn\u00fdch cookies (\u010dl\u00e1nok 6 ods. 1 p\u00edsm. a) GDPR).<\/span><\/li>\n<\/ul>\n<p>&nbsp;<\/p>\n<ul>\n<li aria-level=\"1\"><b>Zdie\u013eate moje inform\u00e1cie s in\u00fdmi subjektmi?<\/b><\/li>\n<\/ul>\n<p>&nbsp;<\/p>\n<p><span style=\"font-weight: 400;\">M\u00f4\u017eeme zdie\u013ea\u0165 inform\u00e1cie s poskytovate\u013emi slu\u017eieb, ktor\u00ed n\u00e1m poskytuj\u00fa IT, slu\u017eby \u00fadr\u017eby a podpory webov\u00fdch str\u00e1nok a poskytovate\u013emi slu\u017eieb cookie.<\/span><\/p>\n<p>&nbsp;<\/p>\n<ul>\n<li aria-level=\"1\"><b>Ako dlho uchov\u00e1vate inform\u00e1cie o mne?<\/b><\/li>\n<\/ul>\n<p>&nbsp;<\/p>\n<p><span style=\"font-weight: 400;\">Inform\u00e1cie t\u00fdkaj\u00face sa s\u00faborov cookie s\u00fa ulo\u017een\u00e9 tak, ako je podrobne uveden\u00e9 v <\/span><span style=\"font-weight: 400;\">Z\u00e1sad\u00e1ch pou\u017e\u00edvania s\u00faborov cookie.<\/span><\/p>\n<p>&nbsp;<\/p>\n<ul>\n<li aria-level=\"1\"><b>\u010co m\u00f4\u017eem podnikn\u00fa\u0165 v s\u00favislosti s mojimi inform\u00e1ciami vo va\u0161ej spolo\u010dnosti?<\/b><\/li>\n<\/ul>\n<p>&nbsp;<\/p>\n<p><span style=\"font-weight: 400;\">Ak chcete podnikn\u00fa\u0165 ktor\u00e9ko\u013evek z krokov uveden\u00fdch ni\u017e\u0161ie, kontaktujte n\u00e1s, ako je uveden\u00e9 v \u010dasti 10. Upozor\u0148ujeme, \u017ee tieto pr\u00e1va podliehaj\u00fa z\u00e1konom stanoven\u00fdm podmienkam a v\u00fdnimk\u00e1m.<\/span><\/p>\n<p>&nbsp;<\/p>\n<ul>\n<li aria-level=\"1\"><b>Pr\u00e1vo po\u017eadova\u0165 pr\u00edstup k inform\u00e1ci\u00e1m, ktor\u00e9 o v\u00e1s m\u00e1me, ak spracov\u00e1vame va\u0161e osobn\u00e9 \u00fadaje, ktor\u00e9 umo\u017e\u0148uj\u00fa va\u0161u identifik\u00e1ciu;<\/b><\/li>\n<\/ul>\n<ul>\n<li aria-level=\"1\"><b>Pr\u00e1vo po\u017eadova\u0165 opravu alebo doplnenie inform\u00e1ci\u00ed, ktor\u00e9 o v\u00e1s uchov\u00e1vame;<\/b><\/li>\n<\/ul>\n<ul>\n<li aria-level=\"1\"><b>Pr\u00e1vo po\u017eadova\u0165 vymazanie \u00fadajov o v\u00e1s, ak:<\/b><\/li>\n<\/ul>\n<ul>\n<li aria-level=\"1\"><b>s\u00fa va\u0161e \u00fadaje spracov\u00e1van\u00e9 na z\u00e1klade v\u00e1\u0161ho s\u00fahlasu;<\/b><\/li>\n<\/ul>\n<ul>\n<li aria-level=\"1\"><b>s\u00fa va\u0161e \u00fadaje spracov\u00e1van\u00e9 nez\u00e1konne;<\/b><\/li>\n<\/ul>\n<ul>\n<li aria-level=\"1\"><b>s\u00fa va\u0161e \u00fadaje spracov\u00e1van\u00e9 na z\u00e1klade n\u00e1\u0161ho opr\u00e1vnen\u00e9ho z\u00e1ujmu, ktor\u00fd vyvraciate;<\/b><\/li>\n<\/ul>\n<ul>\n<li aria-level=\"1\"><b>u\u017e nie s\u00fa va\u0161e \u00fadaje potrebn\u00e9 v s\u00favislosti s \u00fa\u010delmi, na ktor\u00e9 boli zhroma\u017eden\u00e9;<\/b><\/li>\n<\/ul>\n<ul>\n<li aria-level=\"1\"><b>m\u00e1me z\u00e1konn\u00fa povinnos\u0165 vymaza\u0165 \u00fadaje o v\u00e1s;<\/b><\/li>\n<\/ul>\n<ul>\n<li aria-level=\"1\"><b>Pr\u00e1vo po\u017eadova\u0165 od n\u00e1s obmedzenie spracovania inform\u00e1ci\u00ed, ktor\u00e9 o v\u00e1s uchov\u00e1vame, ak spochyb\u0148ujete ich presnos\u0165 alebo namietate proti spracovaniu \u00fadajov, nes\u00fahlas\u00edte s vymazan\u00edm nez\u00e1konne spracovan\u00fdch \u00fadajov o v\u00e1s alebo ak potrebujete \u00fadaje na stanovenie, uplat\u0148ovanie alebo obranu pr\u00e1vnych n\u00e1rokov;<\/b><\/li>\n<\/ul>\n<ul>\n<li aria-level=\"1\"><b>Pr\u00e1vo namieta\u0165 proti zhroma\u017e\u010fovaniu, pou\u017e\u00edvaniu a ukladaniu va\u0161ich inform\u00e1ci\u00ed v na\u0161ej spolo\u010dnosti, kde spracov\u00e1vame va\u0161e \u00fadaje na z\u00e1klade opr\u00e1vnen\u00e9ho z\u00e1ujmu;<\/b><\/li>\n<\/ul>\n<ul>\n<li aria-level=\"1\"><b>Pr\u00e1vo po\u017eiada\u0165 o zdielanie va\u0161ich \u00fadajov, ak ste n\u00e1m poskytli \u00fadaje v \u0161trukt\u00farovanom, be\u017ene pou\u017e\u00edvanom form\u00e1te a dali ste s\u00fahlas so spracovan\u00edm t\u00fdchto \u00fadajov, alebo ak m\u00e1me tieto \u00fadaje spracov\u00e1va\u0165 na \u00fa\u010dely vykonania zmluvy s vami;<\/b><\/li>\n<\/ul>\n<ul>\n<li aria-level=\"1\"><b>Pr\u00e1vo kedyko\u013evek odvola\u0165 s\u00fahlas, ktor\u00fd ste dali so spracovan\u00edm va\u0161ich osobn\u00fdch \u00fadajov (m\u00f4\u017eete to urobi\u0165 zmenou nastaven\u00ed prehliada\u010da);<\/b><\/li>\n<\/ul>\n<ul>\n<li aria-level=\"1\"><b>Pr\u00e1vo poda\u0165 s\u0165a\u017enos\u0165 na \u0160t\u00e1tnom in\u0161pektor\u00e1te ochrany \u00fadajov (\u010fal\u0161ie inform\u00e1cie n\u00e1jdete na <\/b><b>vdai.lrv.lt<\/b><b>).<\/b><\/li>\n<\/ul>\n<p><b><\/b><br \/>\n<b><\/b><\/p>\n<ul>\n<li aria-level=\"1\"><b>Ako mi m\u00f4\u017eete pom\u00f4c\u0165?<\/b><\/li>\n<\/ul>\n<p>&nbsp;<\/p>\n<p><span style=\"font-weight: 400;\">Ak m\u00e1te ak\u00e9ko\u013evek ot\u00e1zky, pripomienky alebo s\u0165a\u017enosti t\u00fdkaj\u00face sa sp\u00f4sobu, ak\u00fdm o v\u00e1s zhroma\u017e\u010fujeme, pou\u017e\u00edvame a uklad\u00e1me \u00fadaje, sme pripraven\u00ed v\u00e1m pom\u00f4c\u0165. Ak potrebujete pomoc, kontaktujte n\u00e1s na e-mailovej adrese finance@robin.jobs.<\/span><\/p>\n","protected":false},"excerpt":{"rendered":"<p>&nbsp; Posledn\u00e1 aktualiz\u00e1cia: 2021-06-01 &nbsp; UAB Robin Jobs sa star\u00e1 o ochranu va\u0161ich inform\u00e1ci\u00ed. Dodr\u017eiavame v\u0161eobecn\u00e9 nariadenie o ochrane \u00fadajov Eur\u00f3pskej \u00fanie (GDPR) a \u010fal\u0161ie z\u00e1kony chr\u00e1niace va\u0161e inform\u00e1cie, ktor\u00e9 zhroma\u017e\u010fujeme, pou\u017e\u00edvame a uklad\u00e1me v na\u0161ej spolo\u010dnosti. &nbsp; Ako \u010d\u00edta\u0165 tieto z\u00e1sady ochrany osobn\u00fdch \u00fadajov? &nbsp; Tieto z\u00e1sady ochrany osobn\u00fdch \u00fadajov zodpovedaj\u00fa k\u013e\u00fa\u010dov\u00e9 ot\u00e1zky o&#8230;<\/p>\n","protected":false},"author":1,"featured_media":0,"parent":0,"menu_order":0,"comment_status":"closed","ping_status":"closed","template":"page-templates\/privacy-policy.php","meta":{"_acf_changed":false,"inline_featured_image":false,"footnotes":""},"class_list":["post-1207537","page","type-page","status-publish","hentry"],"acf":[],"_links":{"self":[{"href":"https:\/\/robin.jobs\/sk\/wp-json\/wp\/v2\/pages\/1207537","targetHints":{"allow":["GET"]}}],"collection":[{"href":"https:\/\/robin.jobs\/sk\/wp-json\/wp\/v2\/pages"}],"about":[{"href":"https:\/\/robin.jobs\/sk\/wp-json\/wp\/v2\/types\/page"}],"author":[{"embeddable":true,"href":"https:\/\/robin.jobs\/sk\/wp-json\/wp\/v2\/users\/1"}],"replies":[{"embeddable":true,"href":"https:\/\/robin.jobs\/sk\/wp-json\/wp\/v2\/comments?post=1207537"}],"version-history":[{"count":3,"href":"https:\/\/robin.jobs\/sk\/wp-json\/wp\/v2\/pages\/1207537\/revisions"}],"predecessor-version":[{"id":1248027,"href":"https:\/\/robin.jobs\/sk\/wp-json\/wp\/v2\/pages\/1207537\/revisions\/1248027"}],"wp:attachment":[{"href":"https:\/\/robin.jobs\/sk\/wp-json\/wp\/v2\/media?parent=1207537"}],"curies":[{"name":"wp","href":"https:\/\/api.w.org\/{rel}","templated":true}]}}