{"id":1195786,"date":"2019-05-21T14:34:22","date_gmt":"2019-05-21T11:34:22","guid":{"rendered":"https:\/\/robin.jobs\/qbis-2\/?page_id=1195786"},"modified":"2025-12-23T16:08:47","modified_gmt":"2025-12-23T13:08:47","slug":"ponuka-prace-v-zahranici","status":"publish","type":"page","link":"https:\/\/robin.jobs\/sk\/ponuka-prace-v-zahranici","title":{"rendered":"Ponuka pr\u00e1ce v zahrani\u010d\u00ed"},"content":{"rendered":"<p>Zauj\u00edmate sa o to, ak\u00e1 je ponuka pr\u00e1ce v <a href=\"https:\/\/robin.jobs\/sk\/praca-v-zahranice\">zahrani\u010d\u00ed<\/a>?\u00a0 Robin m\u00e1 v s\u00fa\u010dasnosti 42 vo\u013en\u00fdch pracovn\u00fdch pon\u00fak v zahrani\u010d\u00ed v <a href=\"https:\/\/robin.jobs\/sk\/praca-v-holandsku\">Holandsku<\/a>, <a href=\"https:\/\/robin.jobs\/sk\/praca-v-nemecku\">Nemecku<\/a> \u010di Belgicku. Je dostupn\u00e1 \u0161irok\u00e1 \u0161k\u00e1la zamestnan\u00ed. Bez oh\u013eadu na to, \u010di si h\u013ead\u00e1te pr\u00e1cu v zahrani\u010d\u00ed s\u00e1m, v p\u00e1re alebo \u010di hovor\u00edte po anglicky alebo nie. <!--more--><\/p>\n<p>Vycestovan\u00edm za pr\u00e1cou do zahrani\u010dia sa V\u00e1m nielen podar\u00ed <b>na\u0161etri\u0165 si peniaze <\/b>do bud\u00facna, ale pom\u00f4\u017ee roz\u0161\u00edri\u0165 si obzory a vytvori\u0165 si medzin\u00e1rodn\u00e9 v\u00e4zby. Nez\u00e1le\u017e\u00ed pritom na tom, \u010di si h\u013ead\u00e1te kr\u00e1tkodob\u00e9 alebo dlhodob\u00e9 zamestnanie, ste s\u00e1m alebo v p\u00e1re. Pr\u00e1cu sa V\u00e1m ur\u010dite podar\u00ed z\u00edska\u0165.<\/p>\n<p>Uch\u00e1dza\u0165 sa o pr\u00e1cu cez Robin V\u00e1m umo\u017en\u00ed za pomoci personalistu vybra\u0165 si spomedzi vo\u013en\u00fdch pracovn\u00fdch pon\u00fak z <b>25 r\u00f4znych person\u00e1lnych agent\u00far<\/b>, ktor\u00e9 funguj\u00fa v Holandsku, Nemecka a Belgicku. Spolu s Robin si vyberiete pr\u00e1cu s ubytovan\u00edm v krajine, ktor\u00e1 V\u00e1m vyhovuje najviac.<\/p>\n<p>Ak si h\u013ead\u00e1te pr\u00e1cu na Slovensku, pros\u00edm kliknite na webstr\u00e1nku n\u00e1\u0161ho partnera Jooble.<\/p>\n<h2>Bohat\u00e1 ponuka pr\u00e1ce v zahrani\u010d\u00ed<\/h2>\n<p>H\u013ead\u00e1te si <a href=\"https:\/\/robin.jobs\/sk\/praca-v-zahranice\">pr\u00e1cu v zahrani\u010d\u00ed<\/a>, ktor\u00e1 je u\u0161it\u00e1 pre V\u00e1s? M\u00e1me r\u00f4zne pracovn\u00e9 pr\u00edle\u017eitosti v krajin\u00e1ch ako <a href=\"https:\/\/robin.jobs\/sk\/praca-v-nemecku\">Nemecko<\/a>, <a href=\"https:\/\/robin.jobs\/sk\/praca-v-holandsku\">Holandsko<\/a> \u010di <a href=\"https:\/\/robin.jobs\/sk\/ponuka-prace-v-zahranici\/ponuka-prace-belgicko\">Belgicko<\/a>. V pr\u00edpade, \u017ee neviete, v ktorej krajine by ste chceli pracova\u0165, odpor\u00fa\u010dame V\u00e1m pozrie\u0165 si preh\u013ead pre rok 2025 o krajin\u00e1ch E\u00da, kde sa najviac oplat\u00ed pracova\u0165.<\/p>\n<p>Ur\u010dite bud\u00fa k dispoz\u00edcii zahrani\u010dn\u00e9 pracovn\u00e9 ponuky, ktor\u00e9 h\u013ead\u00e1te. Nez\u00e1le\u017e\u00ed pri tom na tom, \u010di si h\u013ead\u00e1te zamestnanie ako \u0161tudent alebo h\u013ead\u00e1te pr\u00e1cu so sk\u00fasenos\u0165ami, napr\u00edklad ako mont\u00e9r \u010di na stavb\u00e1ch. Prezrite si aktu\u00e1lne vo\u013en\u00e9 pracovn\u00e9 ponuky a uch\u00e1dzajte sa u\u017e dnes!<\/p>\n","protected":false},"excerpt":{"rendered":"<p>Zauj\u00edmate sa o to, ak\u00e1 je ponuka pr\u00e1ce v zahrani\u010d\u00ed?\u00a0 Robin m\u00e1 v s\u00fa\u010dasnosti vo\u013en\u00fdch pracovn\u00fdch pon\u00fak v zahrani\u010d\u00ed v Holandsku, Nemecku \u010di Belgicku. Je dostupn\u00e1 \u0161irok\u00e1 \u0161k\u00e1la zamestnan\u00ed. Bez oh\u013eadu na to, \u010di si h\u013ead\u00e1te pr\u00e1cu v zahrani\u010d\u00ed s\u00e1m, v p\u00e1re alebo \u010di hovor\u00edte po anglicky alebo nie.<\/p>\n","protected":false},"author":1,"featured_media":1200816,"parent":0,"menu_order":0,"comment_status":"closed","ping_status":"closed","template":"page-templates\/vacancy-archive.php","meta":{"_acf_changed":false,"inline_featured_image":false,"footnotes":""},"class_list":["post-1195786","page","type-page","status-publish","has-post-thumbnail","hentry"],"acf":[],"_links":{"self":[{"href":"https:\/\/robin.jobs\/sk\/wp-json\/wp\/v2\/pages\/1195786","targetHints":{"allow":["GET"]}}],"collection":[{"href":"https:\/\/robin.jobs\/sk\/wp-json\/wp\/v2\/pages"}],"about":[{"href":"https:\/\/robin.jobs\/sk\/wp-json\/wp\/v2\/types\/page"}],"author":[{"embeddable":true,"href":"https:\/\/robin.jobs\/sk\/wp-json\/wp\/v2\/users\/1"}],"replies":[{"embeddable":true,"href":"https:\/\/robin.jobs\/sk\/wp-json\/wp\/v2\/comments?post=1195786"}],"version-history":[{"count":4,"href":"https:\/\/robin.jobs\/sk\/wp-json\/wp\/v2\/pages\/1195786\/revisions"}],"predecessor-version":[{"id":1247453,"href":"https:\/\/robin.jobs\/sk\/wp-json\/wp\/v2\/pages\/1195786\/revisions\/1247453"}],"wp:featuredmedia":[{"embeddable":true,"href":"https:\/\/robin.jobs\/sk\/wp-json\/wp\/v2\/media\/1200816"}],"wp:attachment":[{"href":"https:\/\/robin.jobs\/sk\/wp-json\/wp\/v2\/media?parent=1195786"}],"curies":[{"name":"wp","href":"https:\/\/api.w.org\/{rel}","templated":true}]}}