{"id":176454,"date":"2016-09-28T11:59:43","date_gmt":"2016-09-28T08:59:43","guid":{"rendered":"https:\/\/robin.jobs\/qbis-2\/?page_id=176454"},"modified":"2021-06-10T14:36:00","modified_gmt":"2021-06-10T11:36:00","slug":"politica-de-confidentialitate","status":"publish","type":"page","link":"https:\/\/robin.jobs\/ro\/politica-de-confidentialitate","title":{"rendered":"Politica de confiden\u021bialitate"},"content":{"rendered":"<p><span style=\"font-weight: 400;\">UAB Robin Jobs are grij\u0103 de protec\u021bia informa\u021biilor dvs. Respect\u0103m Regulamentul general privind protec\u021bia datelor din Uniunea European\u0103 (GDPR) \u0219i alte legi care v\u0103 protejeaz\u0103 informa\u021biile pe care le colect\u0103m, le utiliz\u0103m \u0219i le stoc\u0103m \u00een compania noastr\u0103.<\/span><\/p>\n<p>&nbsp;<\/p>\n<ul>\n<li aria-level=\"1\"><b>Politica de Confiden\u021bialitate<\/b><\/li>\n<\/ul>\n<p><span style=\"font-weight: 400;\">Politica noastr\u0103 de confiden\u021bialitate va r\u0103spunde la cele mai importante \u00eentreb\u0103ri despre modul \u00een care colect\u0103m, folosim \u0219i stoc\u0103m informa\u021bii despre dvs. \u00cen cazul \u00een care ave\u021bi \u00eentreb\u0103ri, suntem dispu\u0219i s\u0103 v\u0103 ajut\u0103m a\u0219a cum este descris mai jos.<\/span><\/p>\n<p><span style=\"font-weight: 400;\">V\u0103 rug\u0103m s\u0103 citi\u021bi cu aten\u021bie Politicile noastre de confiden\u021bialitate:<\/span><\/p>\n<p>&nbsp;<\/p>\n<table>\n<tbody>\n<tr>\n<td><b><span style=\"color: #0000ff;\"><a style=\"color: #0000ff;\" href=\"https:\/\/robin.jobs\/ro\/privacy-policy-for-website-visitors\">Politica de confiden\u021bialitate pentru vizitatorii site-ului web<\/a><\/span><\/b><\/td>\n<td><b><span style=\"color: #0000ff;\"><a style=\"color: #0000ff;\" href=\"https:\/\/robin.jobs\/ro\/cookie-policy\">Politica privind cookie-urile<\/a><\/span><\/b><\/td>\n<td><b><span style=\"color: #0000ff;\"><a style=\"color: #0000ff;\" href=\"https:\/\/robin.jobs\/ro\/privacy-policy-for-persons-submitting-inquiries-requests-complaints\">Politica de confiden\u021bialitate pentru persoanele care trimit \u00eentreb\u0103ri<\/a><\/span><\/b><\/td>\n<td><b><span style=\"color: #0000ff;\"><a style=\"color: #0000ff;\" href=\"https:\/\/robin.jobs\/ro\/privacy-policy-for-registered-users\">Politica de confiden\u021bialitate pentru utilizatorii \u00eenregistra\u021bi<\/a><\/span><\/b><\/td>\n<\/tr>\n<\/tbody>\n<\/table>\n<p>&nbsp;<\/p>\n<ul>\n<li aria-level=\"1\"><b>Detaliile noastre de contact<\/b><\/li>\n<\/ul>\n<p><span style=\"font-weight: 400;\">Dac\u0103 ave\u021bi \u00eentreb\u0103ri, comentarii sau reclama\u021bii legate de modul \u00een care colect\u0103m, folosim \u0219i stoc\u0103m informa\u021bii despre dvs., suntem gata s\u0103 v\u0103 ajut\u0103m. Dac\u0103 ave\u021bi nevoie de ajutor, contacta\u021bi-ne prin e-mail finance@robin.jobs.<\/span><\/p>\n<ul>\n<li aria-level=\"1\"><b>Drepturile mele<\/b><\/li>\n<\/ul>\n<p><span style=\"font-weight: 400;\">Pentru a \u00eentreprinde oricare dintre ac\u021biunile men\u021bionate mai jos, v\u0103 rug\u0103m s\u0103 contacta\u021bi utiliz\u00e2nd datele de contact indicate \u00een sec\u021biunea 2. V\u0103 rug\u0103m s\u0103 re\u021bine\u021bi c\u0103 aceste drepturi sunt supuse condi\u021biilor \u0219i excep\u021biilor legale:<\/span><\/p>\n<p>&nbsp;<\/p>\n<ul>\n<li aria-level=\"1\"><b>Dreptul de a solicita accesul la informa\u021biile de\u021binute despre dvs.;<\/b><\/li>\n<\/ul>\n<ul>\n<li aria-level=\"1\"><b>Dreptul de a solicita rectificarea informa\u021biilor de\u021binute despre dvs.;<\/b><\/li>\n<\/ul>\n<ul>\n<li aria-level=\"1\"><b>Dreptul de a solicita \u0219tergerea informa\u021biilor de\u021binute despre dvs.;<\/b><\/li>\n<\/ul>\n<ul>\n<li aria-level=\"1\"><b>Dreptul de a solicita restric\u021bionarea accesului la informa\u021biile de\u021binute despre dvs. sau \u0219tergerea acestora;<\/b><\/li>\n<\/ul>\n<ul>\n<li aria-level=\"1\"><b>Dreptul de a contesta colectarea, utilizarea \u0219i stocarea informa\u021biilor dvs. \u00een compania noastr\u0103;<\/b><\/li>\n<\/ul>\n<ul>\n<li aria-level=\"1\"><b>Dreptul de a solicita exportul datelor dvs. sau de a le transfera c\u0103tre o alt\u0103 companie;<\/b><\/li>\n<\/ul>\n<ul>\n<li aria-level=\"1\"><b>Dreptul de a depune o reclama\u021bie la Inspectoratul de Stat pentru Protec\u021bia Datelor (pentru mai multe informa\u021bii, consulta\u021bi vdai.lrv.lt).<\/b><\/li>\n<\/ul>\n<p>&nbsp;<\/p>\n<p><a href=\"https:\/\/robin.jobs\/ro\/wp-content\/uploads\/sites\/13\/2021\/06\/privacy-rules-freelancers-en-2.docx\">Politica de confidentialitate pentru freelanceri cu care lucreaza Robin<\/a><\/p>\n","protected":false},"excerpt":{"rendered":"<p>UAB Robin Jobs are grij\u0103 de protec\u021bia informa\u021biilor dvs. Respect\u0103m Regulamentul general privind protec\u021bia datelor din Uniunea European\u0103 (GDPR) \u0219i alte legi care v\u0103 protejeaz\u0103 informa\u021biile pe care le colect\u0103m, le utiliz\u0103m \u0219i le stoc\u0103m \u00een compania noastr\u0103. &nbsp; Politica de Confiden\u021bialitate Politica noastr\u0103 de confiden\u021bialitate va r\u0103spunde la cele mai importante \u00eentreb\u0103ri despre modul&#8230;<\/p>\n","protected":false},"author":1,"featured_media":0,"parent":0,"menu_order":0,"comment_status":"closed","ping_status":"closed","template":"","meta":{"_acf_changed":false,"inline_featured_image":false,"footnotes":""},"class_list":["post-176454","page","type-page","status-publish","hentry"],"acf":[],"_links":{"self":[{"href":"https:\/\/robin.jobs\/ro\/wp-json\/wp\/v2\/pages\/176454","targetHints":{"allow":["GET"]}}],"collection":[{"href":"https:\/\/robin.jobs\/ro\/wp-json\/wp\/v2\/pages"}],"about":[{"href":"https:\/\/robin.jobs\/ro\/wp-json\/wp\/v2\/types\/page"}],"author":[{"embeddable":true,"href":"https:\/\/robin.jobs\/ro\/wp-json\/wp\/v2\/users\/1"}],"replies":[{"embeddable":true,"href":"https:\/\/robin.jobs\/ro\/wp-json\/wp\/v2\/comments?post=176454"}],"version-history":[{"count":6,"href":"https:\/\/robin.jobs\/ro\/wp-json\/wp\/v2\/pages\/176454\/revisions"}],"predecessor-version":[{"id":1211041,"href":"https:\/\/robin.jobs\/ro\/wp-json\/wp\/v2\/pages\/176454\/revisions\/1211041"}],"wp:attachment":[{"href":"https:\/\/robin.jobs\/ro\/wp-json\/wp\/v2\/media?parent=176454"}],"curies":[{"name":"wp","href":"https:\/\/api.w.org\/{rel}","templated":true}]}}