{"id":1210997,"date":"2021-06-08T15:40:38","date_gmt":"2021-06-08T12:40:38","guid":{"rendered":"https:\/\/robin.jobs\/ro\/privacy-policy-for-registered-users"},"modified":"2026-01-06T02:36:33","modified_gmt":"2026-01-05T23:36:33","slug":"privacy-policy-for-registered-users","status":"publish","type":"page","link":"https:\/\/robin.jobs\/ro\/privacy-policy-for-registered-users","title":{"rendered":"UAB\u00a0ROBIN JOBS POLITICA DE CONFIDEN\u021aIALITATE PENTRU UTILIZATORII \u00ceNREGISTRATI"},"content":{"rendered":"<p><span style=\"font-weight: 400;\">UAB Robin Jobs are grij\u0103 de protec\u021bia informa\u021biilor dvs. Respect\u0103m Regulamentul general privind protec\u021bia datelor din Uniunea European\u0103 (GDPR) \u0219i alte legi care v\u0103 protejeaz\u0103 informa\u021biile pe care le colect\u0103m, le utiliz\u0103m \u0219i le stoc\u0103m \u00een compania noastr\u0103.<\/span><\/p>\n<ul>\n<li aria-level=\"1\"><b>Cum ar trebui s\u0103 citesc aceast\u0103 Notificare?<\/b><\/li>\n<\/ul>\n<p><span style=\"font-weight: 400;\">Aceast\u0103 politic\u0103 de confiden\u021bialitate va r\u0103spunde la \u00eentreb\u0103rile cheie despre modul \u00een care colect\u0103m, utiliz\u0103m \u0219i stoc\u0103m informa\u021bii despre dvs. \u00cen cazul \u00een care ave\u021bi \u00eentreb\u0103ri sau orice parte a acestei notific\u0103ri este neclar\u0103, suntem gata s\u0103 v\u0103 ajut\u0103m a\u0219a cum este descris \u00een sec\u021biunea 10 a acestei politici de confiden\u021bialitate. V\u0103 rug\u0103m s\u0103 re\u021bine\u021bi c\u0103 orice referire la cuv\u00e2ntul \u201enoi\u201d din aceast\u0103 politic\u0103 de confiden\u021bialitate \u00eenseamn\u0103 compania noastr\u0103, a\u0219a cum este indicat \u00een sec\u021biunea 2 a politicii de confiden\u021bialitate.<\/span><\/p>\n<ul>\n<li aria-level=\"1\"><b>Cine este responsabil pentru protec\u021bia informa\u021biilor mele?<\/b><\/li>\n<\/ul>\n<p><span style=\"font-weight: 400;\">Suntem responsabili pentru protec\u021bia informa\u021biilor dvs., at\u00e2t c\u00e2t sunt legate de scopurile stabilite \u00een sec\u021biunea 4, a\u0219a cum sunt detaliate \u00een paragrafele 5-10 de mai jos:<\/span><\/p>\n<p><span style=\"font-weight: 400;\">Suntem \u2013 UAB Robin Jobs;<\/span><\/p>\n<p><span style=\"font-weight: 400;\">Identificatorul entit\u0103\u021bii noastre juridice: 300659719;<\/span><\/p>\n<p><span style=\"font-weight: 400;\">Our address: Naru\u010dio g. 3, Vilnius;<\/span><\/p>\n<p><span style=\"font-weight: 400;\">E-mail: finance@robin.jobs.<\/span><\/p>\n<p>&nbsp;<\/p>\n<ul>\n<li aria-level=\"1\"><b>Cine este responsabil pentru protec\u021bia informa\u021biilor pe care le-am furnizat dup\u0103 alegerea ofertei de munc\u0103?<\/b><\/li>\n<\/ul>\n<p><span style=\"font-weight: 400;\">Observ\u0103m c\u0103 nu suntem angajatorul care caut\u0103 angaja\u021bi &#8211; suntem o agen\u021bie, adic\u0103 una dintre agen\u021biile care caut\u0103 angaja\u021bi \u00een numele angajatorului. Odat\u0103 ce alege\u021bi oferta de locuri de munc\u0103 care v\u0103 intereseaz\u0103 \u0219i comunica\u021bi informa\u021biile solicitate, oper\u0103m ca procesator al datelor angajatorului (colect\u0103m informa\u021bii despre poten\u021bialii candida\u021bi \u00een numele angajatorului \u0219i comunic\u0103m aceste informa\u021bii agen\u021biei de plasament \u00een contact direct cu angajator sau direct c\u0103tre angajator). <\/span><b>Responsabilitatea pentru protec\u021bia informa\u021biilor pe care le furniza\u021bi dup\u0103 alegerea ofertei de munc\u0103 care v\u0103 intereseaz\u0103 este asumat\u0103 de angajator.<\/b><\/p>\n<p><span style=\"font-weight: 400;\">Observ\u0103m c\u0103, \u00een multe cazuri, nu suntem singura agen\u021bie, prin urmare, informa\u021biile privind plasarea \u00een munc\u0103 despre dvs. pot fi comunicate unei alte agen\u021bii de plasare, mai degrab\u0103 dec\u00e2t direct angajatorului.<\/span><\/p>\n<p><span style=\"font-weight: 400;\">Pute\u021bi g\u0103si mai multe informa\u021bii despre modul \u00een care un anumit angajator colecteaz\u0103, utilizeaz\u0103 \u0219i stocheaz\u0103 informa\u021bii despre dvs. \u00een politica de confiden\u021bialitate a angajatorului disponibil\u0103 cu oferta de locuri de munc\u0103 (angajatorul este responsabil at\u00e2t pentru colectarea, utilizarea \u0219i stocarea datelor dvs., c\u00e2t \u0219i pentru utilizarea locului de munc\u0103 agen\u021bii de plasare, precum \u0219i pentru ac\u021biunile lor care implic\u0103 date cu caracter personal). Politica va detalia, de asemenea, ac\u021biunile pe care le desf\u0103\u0219ur\u0103m \u00een numele angajatorului.<\/span><\/p>\n<p><span style=\"font-weight: 400;\">Observ\u0103m c\u0103, \u00een calitate de agen\u021bie, colect\u0103m, folosim \u0219i stoc\u0103m urm\u0103toarele informa\u021bii despre dvs.:<\/span><\/p>\n<ul>\n<li><span style=\"font-weight: 400;\"> \u00a0 \u00a0 \u00a0 <\/span><span style=\"font-weight: 400;\">copie a documentului dvs. de identitate;<\/span><\/li>\n<li><span style=\"font-weight: 400;\"> \u00a0 \u00a0 \u00a0 <\/span><span style=\"font-weight: 400;\">numarul contului bancar;<\/span><\/li>\n<li><span style=\"font-weight: 400;\"> \u00a0 \u00a0 \u00a0 <\/span><span style=\"font-weight: 400;\">adresa dvs;<\/span><\/li>\n<li><span style=\"font-weight: 400;\"> \u00a0 \u00a0 \u00a0 <\/span><span style=\"font-weight: 400;\">copie a permisului de conducere (dac\u0103 exist\u0103);<\/span><\/li>\n<li><span style=\"font-weight: 400;\"> \u00a0 \u00a0 \u00a0 <\/span><span style=\"font-weight: 400;\">CV-ul dvs. \u00een englez\u0103;<\/span><\/li>\n<li><span style=\"font-weight: 400;\"> \u00a0 \u00a0 \u00a0 <\/span><span style=\"font-weight: 400;\">contract semnat pentru servicii \/ contract de munc\u0103;<\/span><\/li>\n<li><span style=\"font-weight: 400;\"> \u00a0 \u00a0 \u00a0 <\/span><span style=\"font-weight: 400;\">un cazier judiciar;<\/span><\/li>\n<li><span style=\"font-weight: 400;\"> \u00a0 \u00a0 \u00a0 <\/span><span style=\"font-weight: 400;\">Num\u0103rul serviciului cet\u0103\u021bean olandez (BSN) (dac\u0103 exist\u0103; dac\u0103 angajatorul pe care l-a\u021bi ales este \u00een Olanda);<\/span><\/li>\n<li><span style=\"font-weight: 400;\"> \u00a0 \u00a0 \u00a0 <\/span><span style=\"font-weight: 400;\">alte documente pe care le furniza\u021bi<\/span><\/li>\n<\/ul>\n<ul>\n<li aria-level=\"1\"><b>De ce colecta\u021bi informa\u021bii despre mine?<\/b><\/li>\n<\/ul>\n<p><span style=\"font-weight: 400;\">Colect\u0103m, folosim \u0219i stoc\u0103m datele dvs. din urm\u0103toarele motive:<\/span><\/p>\n<ul>\n<li style=\"font-weight: 400;\" aria-level=\"1\"><span style=\"font-weight: 400;\">contul dvs. pe site-ul nostru &#8211; atunci c\u00e2nd v\u0103 \u00eenregistra\u021bi pe site-ul nostru, accepta\u021bi aceast\u0103 politic\u0103 de confiden\u021bialitate \u0219i sunte\u021bi de acord cu termenii \u0219i condi\u021biile contractului pentru furnizarea de servicii de agen\u021bie de locuri de munc\u0103, prin urmare, se consider\u0103 c\u0103 \u00eencheia\u021bi un contract cu noi;<\/span><\/li>\n<li style=\"font-weight: 400;\" aria-level=\"1\"><span style=\"font-weight: 400;\">pentru furnizarea de servicii mai personalizate &#8211; atunci c\u00e2nd v\u0103 \u00eenregistra\u021bi pe site-ul nostru web, furniza\u021bi diferite informa\u021bii despre dvs. \u0219i despre nevoile dvs. (de exemplu, zona de lucru dorit\u0103, preferin\u021ba pentru munca \u00een str\u0103in\u0103tate etc.), care nu este obligatorie pentru furnizarea de servicii;<\/span><\/li>\n<li style=\"font-weight: 400;\" aria-level=\"1\"><span style=\"font-weight: 400;\">pentru trimiterea de oferte de munc\u0103 prin e-mail &#8211; odat\u0103 ce v\u0103 \u00eenregistra\u021bi pe site-ul nostru, pentru a v\u0103 ajuta s\u0103 g\u0103si\u021bi o ofert\u0103 de munc\u0103 adecvat\u0103 c\u00e2t mai cur\u00e2nd posibil, v\u0103 vom trimite oferte de munc\u0103 prin e-mail timp de 10 zile de la \u00eenregistrare;<\/span><\/li>\n<li style=\"font-weight: 400;\" aria-level=\"1\"><span style=\"font-weight: 400;\">pentru ap\u0103rarea intereselor noastre legitime &#8211; dac\u0103 ar fi necesar, am putea folosi datele dumneavoastr\u0103 cu caracter personal pentru ap\u0103rarea intereselor noastre legitime, inclusiv a reputa\u021biei, la instan\u021be, institu\u021bii de solu\u021bionare a litigiilor prejudiciare \u0219i alte autorit\u0103\u021bi competente.<\/span><\/li>\n<\/ul>\n<ul>\n<li aria-level=\"1\"><b>Ce informa\u021bii despre mine ar trebui s\u0103 v\u0103 ofer?<\/b><\/li>\n<\/ul>\n<p><span style=\"font-weight: 400;\">C\u00e2nd v\u0103 \u00eenregistra\u021bi pe site-ul nostru web, trebuie s\u0103 furniza\u021bi urm\u0103toarele informa\u021bii despre dvs.:<\/span><\/p>\n<ul>\n<li style=\"font-weight: 400;\" aria-level=\"1\"><span style=\"font-weight: 400;\">date de identificare (nume, prenume, data na\u0219terii);<\/span><\/li>\n<li style=\"font-weight: 400;\" aria-level=\"1\"><span style=\"font-weight: 400;\">detalii de contact (adresa de e-mail, num\u0103rul de telefon);<\/span><\/li>\n<li style=\"font-weight: 400;\" aria-level=\"1\"><span style=\"font-weight: 400;\">informa\u021bii despre sexul dvs.;<\/span><\/li>\n<li style=\"font-weight: 400;\" aria-level=\"1\"><span style=\"font-weight: 400;\">informa\u021bii despre nivelul cuno\u0219tin\u021belor dvs. de englez\u0103 (f\u0103r\u0103 englez\u0103, \u00eencep\u0103tor sau avansat);<\/span><\/li>\n<li style=\"font-weight: 400;\" aria-level=\"1\"><span style=\"font-weight: 400;\">informa\u021bii dac\u0103 inten\u021biona\u021bi s\u0103 v\u0103 muta\u021bi \u00een str\u0103in\u0103tate singur sau \u00eempreun\u0103 cu iubitul \/ iubita \/\/ partenerul dup\u0103 ce a\u021bi g\u0103sit un loc de munc\u0103.<\/span><\/li>\n<\/ul>\n<p>&nbsp;<\/p>\n<p><span style=\"font-weight: 400;\">De asemenea, pute\u021bi, dar nu sunte\u021bi obligat s\u0103 furniza\u021bi urm\u0103toarele informa\u021bii despre dvs.:<\/span><\/p>\n<ul>\n<li style=\"font-weight: 400;\" aria-level=\"1\"><span style=\"font-weight: 400;\">dac\u0103 ave\u021bi permis de conducere categoria B;<\/span><\/li>\n<li style=\"font-weight: 400;\" aria-level=\"1\"><span style=\"font-weight: 400;\">o fotografie;<\/span><\/li>\n<li style=\"font-weight: 400;\" aria-level=\"1\"><span style=\"font-weight: 400;\">o zon\u0103 de lucru dorit\u0103 (de exemplu, produc\u021bie, servicii, agricultur\u0103 etc.);<\/span><\/li>\n<li style=\"font-weight: 400;\" aria-level=\"1\"><span style=\"font-weight: 400;\">informa\u021bii c\u00e2t de cur\u00e2nd sunte\u021bi gata s\u0103 v\u0103 muta\u021bi \u00een str\u0103in\u0103tate \u0219i s\u0103 \u00eencepe\u021bi s\u0103 lucra\u021bi;<\/span><\/li>\n<li style=\"font-weight: 400;\" aria-level=\"1\"><span style=\"font-weight: 400;\">informa\u021bii despre ceea ce considera\u021bi c\u0103 este un avantaj pentru munca \u00een str\u0103in\u0103tate.<\/span><\/li>\n<\/ul>\n<p>&nbsp;<\/p>\n<p><span style=\"font-weight: 400;\">Dac\u0103 ne comunica\u021bi aceste informa\u021bii, vom fi \u00een m\u0103sur\u0103 s\u0103 v\u0103 oferim oferte de locuri de munc\u0103 care s\u0103 v\u0103 satisfac\u0103 mai bine a\u0219tept\u0103rile profesionale.<\/span><\/p>\n<ul>\n<li aria-level=\"1\"><b>Care este baza legal\u0103 pentru colectarea informa\u021biilor despre mine?<\/b><\/li>\n<\/ul>\n<p>&nbsp;<\/p>\n<p><span style=\"font-weight: 400;\">Colect\u0103m \u00een mod legal informa\u021bii despre dvs. din urm\u0103toarele motive:<\/span><\/p>\n<ul>\n<li style=\"font-weight: 400;\" aria-level=\"1\"><span style=\"font-weight: 400;\">prin crearea unui cont pe site-ul nostru web, face\u021bi un contract cu noi (GDPR Articolul 6 (1) (b));<\/span><\/li>\n<li style=\"font-weight: 400;\" aria-level=\"1\"><span style=\"font-weight: 400;\">atunci c\u00e2nd ne comunica\u021bi informa\u021bii suplimentare despre dvs. pentru a ob\u021bine oferte de munc\u0103 mai personalizate, ne baz\u0103m pe consim\u021b\u0103m\u00e2ntul dvs. (GDPR articolul 6 (1) (a));<\/span><\/li>\n<li style=\"font-weight: 400;\" aria-level=\"1\"><span style=\"font-weight: 400;\">avem un interes legitim de a ne proteja drepturile la instan\u021be \u0219i alte autorit\u0103\u021bi (GDPR Articolul 6 (1) (f));<\/span><\/li>\n<li style=\"font-weight: 400;\" aria-level=\"1\"><span style=\"font-weight: 400;\">pentru trimiterea ofertelor de locuri de munc\u0103 prin e-mail (articolul 6 alineatul (1) litera (f) din GDPR)<\/span><\/li>\n<\/ul>\n<ul>\n<li aria-level=\"1\"><b>Transfera\u021bi informa\u021bii despre mine cuiva?<\/b><\/li>\n<\/ul>\n<p><span style=\"font-weight: 400;\">Informa\u021biile despre dvs. pot fi transferate c\u0103tre:<\/span><\/p>\n<ul>\n<li style=\"font-weight: 400;\" aria-level=\"1\"><span style=\"font-weight: 400;\">furnizorii no\u0219tri de servicii &#8211; furnizori de comunica\u021bii (e-mail), servicii de depozitare de date care \u00ee\u0219i asum\u0103 obliga\u021biile de confiden\u021bialitate \u0219i securitate, astfel cum se prevede \u00een legisla\u021bia privind protec\u021bia datelor cu caracter personal;<\/span><\/li>\n<li style=\"font-weight: 400;\" aria-level=\"1\"><span style=\"font-weight: 400;\">companii care furnizeaz\u0103 servicii juridice \u0219i \/ sau firme de avocatur\u0103 \u00een m\u0103sura necesar\u0103 pentru ap\u0103rarea intereselor noastre legitime;<\/span><\/li>\n<li style=\"font-weight: 400;\" aria-level=\"1\"><span style=\"font-weight: 400;\">instan\u021be, institu\u021bii de solu\u021bionare a litigiilor prejudiciare \u0219i alte autorit\u0103\u021bi de stat, acolo unde este necesar pentru ap\u0103rarea drepturilor noastre;<\/span><\/li>\n<li style=\"font-weight: 400;\" aria-level=\"1\"><span style=\"font-weight: 400;\">executorii judec\u0103tore\u0219ti \u00een m\u0103sura necesar\u0103 recuper\u0103rii sumelor acordate.<\/span><\/li>\n<\/ul>\n<p>&nbsp;<\/p>\n<ul>\n<li aria-level=\"1\"><b>C\u00e2t timp stoca\u021bi informa\u021bii despre mine?<\/b><\/li>\n<\/ul>\n<p>&nbsp;<\/p>\n<p><span style=\"font-weight: 400;\">Informa\u021biile dvs. vor fi stocate a\u0219a cum este descris mai jos:<\/span><\/p>\n<ul>\n<li style=\"font-weight: 400;\" aria-level=\"1\"><span style=\"font-weight: 400;\">contul dvs. va fi stocat timp de trei ani dup\u0103 ultima autentificare \u0219i va fi \u0219ters automat la expirarea acestui termen;<\/span><\/li>\n<li style=\"font-weight: 400;\" aria-level=\"1\"><span style=\"font-weight: 400;\">pentru trimiterea ofertelor de locuri de munc\u0103, datele dvs. vor fi utilizate la 10 zile dup\u0103 \u00eenregistrarea pe site-ul nostru;<\/span><\/li>\n<li style=\"font-weight: 400;\" aria-level=\"1\"><span style=\"font-weight: 400;\">documentele prezentate instan\u021belor judec\u0103tore\u0219ti sau altor institu\u021bii de solu\u021bionare a litigiilor sau de aplicare a legii vor fi p\u0103strate timp de 1 an de la decizia final\u0103;<\/span><\/li>\n<li style=\"font-weight: 400;\" aria-level=\"1\"><span style=\"font-weight: 400;\">ordinele de executare ale instan\u021belor judec\u0103tore\u0219ti \u0219i ale aranjamentelor executorului judec\u0103toresc se p\u0103streaz\u0103 timp de 10 ani dup\u0103 \u00eencheierea pl\u0103\u021bilor.<\/span><\/li>\n<\/ul>\n<p>&nbsp;<\/p>\n<ul>\n<li aria-level=\"1\"><b>Ce drepturi am?<\/b><\/li>\n<\/ul>\n<p>&nbsp;<\/p>\n<p><span style=\"font-weight: 400;\">Pentru a \u00eentreprinde oricare dintre ac\u021biunile men\u021bionate mai jos, v\u0103 rug\u0103m s\u0103 ne contacta\u021bi conform specifica\u021biilor din sec\u021biunea 10. V\u0103 rug\u0103m s\u0103 re\u021bine\u021bi c\u0103 aceste drepturi sunt supuse condi\u021biilor statutare \u0219i excep\u021biilor:<\/span><\/p>\n<ul>\n<li aria-level=\"1\"><b>Dreptul de a solicita accesul la informa\u021biile pe care le avem despre dvs., dac\u0103 prelucr\u0103m datele dvs. personale care v\u0103 permit identificarea;<\/b><\/li>\n<\/ul>\n<ul>\n<li aria-level=\"1\"><b>Dreptul de a solicita rectificarea sau completarea informa\u021biilor de\u021binute despre dvs.;<\/b><\/li>\n<\/ul>\n<ul>\n<li aria-level=\"2\"><b>Dreptul de a solicita \u0219tergerea datelor despre dvs. \u00een cazul \u00een care:<\/b><\/li>\n<\/ul>\n<ul>\n<li aria-level=\"2\"><b>datele dvs. sunt prelucrate pe baza consim\u021b\u0103m\u00e2ntului dvs.;<\/b><\/li>\n<\/ul>\n<ul>\n<li aria-level=\"2\"><b>datele dvs. sunt prelucrate ilegal;<\/b><\/li>\n<\/ul>\n<ul>\n<li aria-level=\"2\"><b>datele dvs. sunt prelucrate pe baza interesului nostru legitim pe care \u00eel respinge\u021bi;<\/b><\/li>\n<\/ul>\n<ul>\n<li aria-level=\"2\"><b>datele dvs. nu mai sunt necesare \u00een raport cu scopurile pentru care au fost colectate;<\/b><\/li>\n<\/ul>\n<ul>\n<li aria-level=\"2\"><b>avem obliga\u021bia legal\u0103 de a \u0219terge informa\u021bii despre dvs.;<\/b><\/li>\n<\/ul>\n<ul>\n<li aria-level=\"1\"><b>Dreptul de a solicita restric\u021bionarea proces\u0103rii informa\u021biilor de\u021binute despre dvs. atunci c\u00e2nd contesta\u021bi exactitatea datelor sau v\u0103 opune\u021bi prelucr\u0103rii datelor, nu sunte\u021bi de acord cu \u0219tergerea datelor prelucrate ilegal despre dvs. sau c\u00e2nd ave\u021bi nevoie de date pentru stabilire, exerci\u021biu sau ap\u0103rare a crean\u021belor legale;<\/b><\/li>\n<\/ul>\n<ul>\n<li aria-level=\"1\"><b>Dreptul de a contesta colectarea, utilizarea \u0219i stocarea informa\u021biilor dvs. \u00een compania noastr\u0103, unde prelucr\u0103m datele dvs. pe baza unui interes legitim;<\/b><\/li>\n<\/ul>\n<ul>\n<li aria-level=\"1\"><b>Dreptul de a solicita exportul datelor dvs. \u00een cazul \u00een care ne-a\u021bi furnizat date \u00eentr-un format structurat, utilizat \u00een mod obi\u0219nuit \u0219i a\u021bi dat consim\u021b\u0103m\u00e2ntul pentru prelucrarea acestor date sau dac\u0103 trebuie s\u0103 proces\u0103m astfel de date pentru executarea unui contract cu dvs.;<\/b><\/li>\n<\/ul>\n<ul>\n<li aria-level=\"1\"><b>Dreptul de a depune o pl\u00e2ngere la Inspectoratul de Stat pentru Protec\u021bia Datelor (pentru mai multe informa\u021bii, consulta\u021bi: <\/b><b>vdai.lrv.lt<\/b><b>).<\/b><\/li>\n<\/ul>\n<p>&nbsp;<\/p>\n<p><span style=\"font-weight: 400;\">\u00cen cazul \u00een care solicitarea dvs. pentru ac\u021biunile men\u021bionate mai sus se refer\u0103 la colectarea, utilizarea \u0219i stocarea datelor dvs. personale \u00een scopul angaj\u0103rii la un anumit angajator, adic\u0103 \u00een cazul \u00een care oper\u0103m ca agen\u021bie, solicitarea dvs. va fi transmis\u0103 angajatorului sau altei agen\u021bii folosit de angajator. Dac\u0103 nu indica\u021bi un anumit angajator \u00een cererea dvs., ve\u021bi primi o cerere pentru aceste informa\u021bii de la noi<\/span><\/p>\n<p>&nbsp;<\/p>\n<ul>\n<li aria-level=\"1\"><b>Cum ma puteti ajuta?<\/b><\/li>\n<\/ul>\n<p><span style=\"font-weight: 400;\">Dac\u0103 ave\u021bi \u00eentreb\u0103ri, comentarii sau reclama\u021bii legate de modul \u00een care colect\u0103m, utiliz\u0103m \u0219i stoc\u0103m date despre dvs., suntem gata s\u0103 v\u0103 ajut\u0103m. Dac\u0103 ave\u021bi nevoie de ajutor, contacta\u021bi-ne prin e-mail finance@robin.jobs.<\/span><\/p>\n","protected":false},"excerpt":{"rendered":"<p>UAB Robin Jobs are grij\u0103 de protec\u021bia informa\u021biilor dvs. Respect\u0103m Regulamentul general privind protec\u021bia datelor din Uniunea European\u0103 (GDPR) \u0219i alte legi care v\u0103 protejeaz\u0103 informa\u021biile pe care le colect\u0103m, le utiliz\u0103m \u0219i le stoc\u0103m \u00een compania noastr\u0103. Cum ar trebui s\u0103 citesc aceast\u0103 Notificare? Aceast\u0103 politic\u0103 de confiden\u021bialitate va r\u0103spunde la \u00eentreb\u0103rile cheie despre&#8230;<\/p>\n","protected":false},"author":1,"featured_media":0,"parent":0,"menu_order":0,"comment_status":"closed","ping_status":"closed","template":"page-templates\/privacy-policy.php","meta":{"_acf_changed":false,"inline_featured_image":false,"footnotes":""},"class_list":["post-1210997","page","type-page","status-publish","hentry"],"acf":[],"_links":{"self":[{"href":"https:\/\/robin.jobs\/ro\/wp-json\/wp\/v2\/pages\/1210997","targetHints":{"allow":["GET"]}}],"collection":[{"href":"https:\/\/robin.jobs\/ro\/wp-json\/wp\/v2\/pages"}],"about":[{"href":"https:\/\/robin.jobs\/ro\/wp-json\/wp\/v2\/types\/page"}],"author":[{"embeddable":true,"href":"https:\/\/robin.jobs\/ro\/wp-json\/wp\/v2\/users\/1"}],"replies":[{"embeddable":true,"href":"https:\/\/robin.jobs\/ro\/wp-json\/wp\/v2\/comments?post=1210997"}],"version-history":[{"count":3,"href":"https:\/\/robin.jobs\/ro\/wp-json\/wp\/v2\/pages\/1210997\/revisions"}],"predecessor-version":[{"id":1252103,"href":"https:\/\/robin.jobs\/ro\/wp-json\/wp\/v2\/pages\/1210997\/revisions\/1252103"}],"wp:attachment":[{"href":"https:\/\/robin.jobs\/ro\/wp-json\/wp\/v2\/media?parent=1210997"}],"curies":[{"name":"wp","href":"https:\/\/api.w.org\/{rel}","templated":true}]}}