{"id":1210996,"date":"2021-06-08T15:40:38","date_gmt":"2021-06-08T12:40:38","guid":{"rendered":"https:\/\/robin.jobs\/ro\/privacy-policy-for-persons-submitting-inquiries-requests-complaints"},"modified":"2021-06-10T09:46:14","modified_gmt":"2021-06-10T06:46:14","slug":"privacy-policy-for-persons-submitting-inquiries-requests-complaints","status":"publish","type":"page","link":"https:\/\/robin.jobs\/ro\/privacy-policy-for-persons-submitting-inquiries-requests-complaints","title":{"rendered":"UAB\u00a0ROBIN JOBS POLITICA DE CONFIDEN\u021aIALITATE PENTRU PERSOANELE CARE TRIMITE CERERI, CERERI, RECLAMA\u021aII"},"content":{"rendered":"<p><b>UAB\u00a0ROBIN JOBS<\/b><\/p>\n<p><b>POLITICA DE CONFIDEN\u021aIALITATE PENTRU PERSOANELE CARE TRIMITE CERERI, CERERI, RECLAMA\u021aII<\/b><\/p>\n<p>&nbsp;<\/p>\n<p><b>Ultima actualizare: 2021-06-01<\/b><\/p>\n<p><span style=\"font-weight: 400;\">UAB Robin Jobs are grij\u0103 de protec\u021bia informa\u021biilor dvs. Respect\u0103m Regulamentul general privind protec\u021bia datelor din Uniunea European\u0103 (GDPR) \u0219i alte legi care v\u0103 protejeaz\u0103 informa\u021biile pe care le colect\u0103m, le utiliz\u0103m \u0219i le stoc\u0103m \u00een compania noastr\u0103.<\/span><\/p>\n<ul>\n<li aria-level=\"1\"><b>Cum ar trebui s\u0103 citesc aceast\u0103 politic\u0103 de confiden\u021bialitate?<\/b><\/li>\n<\/ul>\n<p><span style=\"font-weight: 400;\">Aceast\u0103 politic\u0103 de confiden\u021bialitate va r\u0103spunde la \u00eentreb\u0103rile cheie despre modul \u00een care colect\u0103m, utiliz\u0103m \u0219i stoc\u0103m informa\u021bii despre dvs. \u00cen cazul \u00een care ave\u021bi \u00eentreb\u0103ri sau orice parte a acestei notific\u0103ri este neclar\u0103, suntem gata s\u0103 v\u0103 ajut\u0103m a\u0219a cum este descris \u00een sec\u021biunea 10 a acestei politici de confiden\u021bialitate. V\u0103 rug\u0103m s\u0103 re\u021bine\u021bi c\u0103 orice referire la cuv\u00e2ntul \u201enoi\u201d din aceast\u0103 politic\u0103 de confiden\u021bialitate \u00eenseamn\u0103 compania noastr\u0103, a\u0219a cum este indicat \u00een sec\u021biunea 2 a politicii de confiden\u021bialitate.<\/span><\/p>\n<ul>\n<li aria-level=\"1\"><b>Cine este responsabil pentru protec\u021bia informa\u021biilor mele?<\/b><\/li>\n<\/ul>\n<p><span style=\"font-weight: 400;\">Suntem\u00a0\u2013<\/span> <span style=\"font-weight: 400;\">UAB Robin Jobs;Identificatorul entit\u0103\u021bii noastre juridice: 300659719;<\/span><\/p>\n<p><span style=\"font-weight: 400;\">Our address: Naru\u010dio g. 3, Vilnius;<\/span><\/p>\n<p><span style=\"font-weight: 400;\">E-mail: finance@robin.jobs<\/span><\/p>\n<ul>\n<li aria-level=\"1\"><b>De ce colecta\u021bi informa\u021bii despre mine?<\/b><\/li>\n<\/ul>\n<p><span style=\"font-weight: 400;\">Colect\u0103m, folosim \u0219i stoc\u0103m datele dvs. din urm\u0103toarele motive:<\/span><\/p>\n<ul>\n<li style=\"font-weight: 400;\" aria-level=\"1\"><span style=\"font-weight: 400;\">s\u0103 putem administra \u00eentreb\u0103rile, cererile \u0219i reclama\u021biile primite \u0219i s\u0103 le r\u0103spundem \u00eentr-un mod adecvat;<\/span><\/li>\n<li style=\"font-weight: 400;\" aria-level=\"1\"><span style=\"font-weight: 400;\">avem obliga\u021bia legal\u0103 de a p\u0103stra o eviden\u021b\u0103 a activit\u0103\u021bilor Companiei;<\/span><\/li>\n<li style=\"font-weight: 400;\" aria-level=\"1\"><span style=\"font-weight: 400;\">pentru ap\u0103rarea intereselor noastre legitime &#8211; dac\u0103 ar fi necesar, am putea folosi datele dumneavoastr\u0103 cu caracter personal pentru ap\u0103rarea intereselor noastre legitime, inclusiv a reputa\u021biei, la instan\u021be, institu\u021bii de solu\u021bionare a litigiilor prejudiciare \u0219i alte autorit\u0103\u021bi competente.<\/span><\/li>\n<\/ul>\n<p><b><\/b><\/p>\n<ul>\n<li aria-level=\"1\"><b>Ce informa\u021bii ar trebui s\u0103 v\u0103 ofer \u0219i de ce?<\/b><\/li>\n<\/ul>\n<p><span style=\"font-weight: 400;\">Atunci c\u00e2nd trimite\u021bi o solicitare utiliz\u00e2nd adresele de e-mail de contact indicate pe site, prin po\u0219t\u0103 sau prin alte mijloace de comunicare, trebuie s\u0103 indica\u021bi numele, prenumele, adresa de e-mail sau alte date de contact, subiectul anchetei, precum \u0219i informa\u021biile relevante pentru anchet\u0103. La trimiterea cererii dvs., vi se poate cere s\u0103 furniza\u021bi informa\u021bii suplimentare despre dvs., astfel \u00eenc\u00e2t s\u0103 putem r\u0103spunde la cererea dvs. \u00eentr-un mod adecvat.<\/span><\/p>\n<ol start=\"5\">\n<li><b> Care este baza legal\u0103 pentru colectarea informa\u021biilor despre mine?<\/b><\/li>\n<\/ol>\n<p>&nbsp;<\/p>\n<p><span style=\"font-weight: 400;\">Colect\u0103m \u0219i stoc\u0103m informa\u021bii despre dvs. \u00een mod legal din urm\u0103toarele motive:<\/span><\/p>\n<ul>\n<li style=\"font-weight: 400;\" aria-level=\"1\"><span style=\"font-weight: 400;\">\u00een cazul \u00een care ne adresa\u021bi o solicitare, o cerere sau o reclama\u021bie cu privire la un contract \u00eencheiat \u00eentre noi sau c\u0103utarea unui contract, aceste date sunt colectate pentru a realiza sau \u00eencheia contracte (GDPR articolul 6 (1) (b));<\/span><\/li>\n<li style=\"font-weight: 400;\" aria-level=\"1\"><span style=\"font-weight: 400;\">\u00een cazul \u00een care ne face\u021bi o solicitare, o cerere de reclama\u021bie pentru orice alt motiv dec\u00e2t \u00eencheierea contractului sau executarea, avem un interes legitim de a administra anchetele primite (GDPR articolul 6 (1) (f));<\/span><\/li>\n<li style=\"font-weight: 400;\" aria-level=\"1\"><span style=\"font-weight: 400;\">avem obliga\u021bia legal\u0103 de a stoca anchetele, cererile \u0219i reclama\u021biile primite (GDPR Articolul 6 (1) (c));<\/span><\/li>\n<li style=\"font-weight: 400;\" aria-level=\"1\"><span style=\"font-weight: 400;\">avem un interes legitim de a ne proteja drepturile \u00een fa\u021ba instan\u021belor \u0219i a altor autorit\u0103\u021bi (GDPR Articolul 6 (1) (f)).<\/span><\/li>\n<\/ul>\n<p>&nbsp;<\/p>\n<ol start=\"6\">\n<li><b> Colecta\u021bi informa\u021bii sensibile despre mine?<\/b><\/li>\n<\/ol>\n<p><span style=\"font-weight: 400;\">Informa\u021biile sensibile despre dvs. nu sunt colectate \u0219i, dac\u0103 nu sunt relevante pentru reclama\u021bia, cererea sau ancheta pe care le-a\u021bi f\u0103cut sau inten\u021biona\u021bi s\u0103 le face\u021bi, v\u0103 rug\u0103m s\u0103 nu include\u021bi astfel de informa\u021bii. Dac\u0103, cu toate acestea, sunt furnizate astfel de informa\u021bii, vom considera c\u0103 v-a\u021bi dat consim\u021b\u0103m\u00e2ntul pentru prelucrarea acestor informa\u021bii (articolul 9 alineatul (2) litera (a) din GDPR).<\/span><\/p>\n<ol start=\"7\">\n<li><b> \u00cemi \u00eemp\u0103rt\u0103\u0219i\u021bi informa\u021biile cu alte entit\u0103\u021bi?<\/b><\/li>\n<\/ol>\n<p><span style=\"font-weight: 400;\">Informa\u021biile despre dvs. pot fi transferate c\u0103tre:<\/span><\/p>\n<ul>\n<li style=\"font-weight: 400;\" aria-level=\"1\"><span style=\"font-weight: 400;\">companii care furnizeaz\u0103 servicii juridice \u0219i \/ sau firme de avocatur\u0103 \u00een m\u0103sura necesar\u0103 pentru ap\u0103rarea intereselor noastre legitime;<\/span><\/li>\n<li style=\"font-weight: 400;\" aria-level=\"1\"><span style=\"font-weight: 400;\">executorii judec\u0103tore\u0219ti \u00een m\u0103sura necesar\u0103 recuper\u0103rii sumelor acordate;<\/span><\/li>\n<li style=\"font-weight: 400;\" aria-level=\"1\"><span style=\"font-weight: 400;\">furnizorii no\u0219tri de servicii &#8211; furnizori de servicii de comunicare (e-mail) \u0219i depozit de date.<\/span><\/li>\n<\/ul>\n<p>&nbsp;<\/p>\n<ol start=\"8\">\n<li><b> C\u00e2t timp stoca\u021bi informa\u021bii despre mine?<\/b><\/li>\n<\/ol>\n<p><span style=\"font-weight: 400;\">Informa\u021biile dvs. vor fi stocate:<\/span><\/p>\n<ul>\n<li style=\"font-weight: 400;\" aria-level=\"1\"><span style=\"font-weight: 400;\">dac\u0103 ancheta dvs. se refer\u0103 la un contract pe care l-am \u00eencheiat sau inten\u021bion\u0103m s\u0103 \u00eel \u00eencheiem, informa\u021biile dvs. vor fi stocate timp de 10 ani dup\u0103 \u00eencheierea contractului;<\/span><\/li>\n<li style=\"font-weight: 400;\" aria-level=\"1\"><span style=\"font-weight: 400;\">dac\u0103 ne-a\u021bi depus o reclama\u021bie, o cerere sau orice alt\u0103 anchet\u0103 care nu are leg\u0103tur\u0103 cu \u00eencheierea sau executarea contractului, o vom p\u0103stra timp de 1 an de la luarea deciziei \u00een compania noastr\u0103;<\/span><\/li>\n<li style=\"font-weight: 400;\" aria-level=\"1\"><span style=\"font-weight: 400;\">documentele prezentate instan\u021belor judec\u0103tore\u0219ti sau altor institu\u021bii de solu\u021bionare a litigiilor sau de aplicare a legii vor fi p\u0103strate timp de 1 an de la decizia final\u0103;<\/span><\/li>\n<li style=\"font-weight: 400;\" aria-level=\"1\"><span style=\"font-weight: 400;\">ordinele de executare ale instan\u021belor judec\u0103tore\u0219ti \u0219i ale aranjamentelor executorului judec\u0103toresc se p\u0103streaz\u0103 timp de 10 ani dup\u0103 \u00eencheierea pl\u0103\u021bilor.<\/span><\/li>\n<\/ul>\n<ol start=\"9\">\n<li><b> Ce m\u0103suri pot lua \u00een leg\u0103tur\u0103 cu informa\u021biile mele \u00een compania dvs.?<\/b><\/li>\n<\/ol>\n<p><span style=\"font-weight: 400;\">Pentru a \u00eentreprinde oricare dintre ac\u021biunile men\u021bionate mai jos, v\u0103 rug\u0103m s\u0103 ne contacta\u021bi conform specifica\u021biilor din sec\u021biunea 10. V\u0103 rug\u0103m s\u0103 re\u021bine\u021bi c\u0103 aceste drepturi pot face obiectul unor excep\u021bii \u0219i limit\u0103ri legale.<\/span><\/p>\n<ul>\n<li aria-level=\"1\"><b>Dreptul de a solicita accesul la informa\u021biile pe care le avem despre dvs., dac\u0103 prelucr\u0103m datele dvs. personale care v\u0103 permit identificarea;<\/b><\/li>\n<\/ul>\n<p><b><\/b><br \/>\n<b><\/b><\/p>\n<ul>\n<li aria-level=\"1\"><b>Dreptul de a solicita rectificarea sau completarea informa\u021biilor de\u021binute despre dvs.;<\/b><\/li>\n<\/ul>\n<p><b><\/b><br \/>\n<b><\/b><\/p>\n<ul>\n<li aria-level=\"1\"><b>Dreptul de a solicita \u0219tergerea datelor despre dvs. \u00een cazul \u00een care:<\/b><\/li>\n<\/ul>\n<ul>\n<li aria-level=\"1\"><b>datele dvs. sunt prelucrate pe baza consim\u021b\u0103m\u00e2ntului dvs.;<\/b><\/li>\n<\/ul>\n<ul>\n<li aria-level=\"1\"><b>datele dvs. sunt prelucrate ilegal;<\/b><\/li>\n<\/ul>\n<ul>\n<li aria-level=\"1\"><b>datele dvs. sunt prelucrate pe baza interesului nostru legitim pe care \u00eel respinge\u021bi;<\/b><\/li>\n<\/ul>\n<ul>\n<li aria-level=\"1\"><b>datele dvs. nu mai sunt necesare \u00een raport cu scopurile pentru care au fost colectate;<\/b><\/li>\n<\/ul>\n<ul>\n<li aria-level=\"1\"><b>avem obliga\u021bia legal\u0103 de a \u0219terge informa\u021bii despre dvs.;<\/b><\/li>\n<\/ul>\n<p>&nbsp;<\/p>\n<ul>\n<li aria-level=\"1\"><b>Dreptul de a solicita restric\u021bionarea proces\u0103rii informa\u021biilor de\u021binute despre dvs. atunci c\u00e2nd contesta\u021bi exactitatea datelor sau v\u0103 opune\u021bi prelucr\u0103rii datelor, nu sunte\u021bi de acord cu \u0219tergerea datelor prelucrate ilegal despre dvs. sau c\u00e2nd ave\u021bi nevoie de date pentru stabilire, exerci\u021biu sau ap\u0103rare a crean\u021belor legale;<\/b><\/li>\n<\/ul>\n<ul>\n<li aria-level=\"1\"><b>Dreptul de a contesta colectarea, utilizarea \u0219i stocarea informa\u021biilor dvs. \u00een compania noastr\u0103, unde prelucr\u0103m datele dvs. pe baza unui interes legitim;<\/b><\/li>\n<\/ul>\n<ul>\n<li aria-level=\"1\"><b>Dreptul de a solicita exportul datelor dvs. \u00een cazul \u00een care ne-a\u021bi furnizat date \u00eentr-un format structurat, utilizat \u00een mod obi\u0219nuit \u0219i a\u021bi dat consim\u021b\u0103m\u00e2ntul pentru prelucrarea acestor date sau dac\u0103 trebuie s\u0103 proces\u0103m astfel de date pentru executarea unui contract cu dvs.;<\/b><\/li>\n<\/ul>\n<ul>\n<li aria-level=\"1\"><b>Dreptul de a v\u0103 retrage consim\u021b\u0103m\u00e2ntul dat pentru prelucrarea datelor personale \u00een orice moment;<\/b><\/li>\n<\/ul>\n<ul>\n<li aria-level=\"1\"><b>Dreptul de a depune o reclama\u021bie la Inspectoratul de Stat pentru Protec\u021bia Datelor (pentru mai multe informa\u021bii, consulta\u021bi vdai.lrv.lt).<\/b><\/li>\n<\/ul>\n<p>&nbsp;<\/p>\n<p><b>\u00a0\u00a0\u00a0\u00a0\u00a0\u00a0\u00a0\u00a0\u00a0\u00a0\u00a0Cum m\u0103 puteti\u00a0 ajuta?<\/b><\/p>\n<p>&nbsp;<\/p>\n<p><span style=\"font-weight: 400;\">Dac\u0103 ave\u021bi \u00eentreb\u0103ri, comentarii sau reclama\u021bii legate de modul \u00een care colect\u0103m, utiliz\u0103m \u0219i stoc\u0103m date despre dvs., suntem gata s\u0103 v\u0103 ajut\u0103m. Dac\u0103 ave\u021bi nevoie de ajutor, contacta\u021bi-ne prin e-mail finance@robin.jobs<\/span><\/p>\n","protected":false},"excerpt":{"rendered":"<p>UAB\u00a0ROBIN JOBS POLITICA DE CONFIDEN\u021aIALITATE PENTRU PERSOANELE CARE TRIMITE CERERI, CERERI, RECLAMA\u021aII &nbsp; Ultima actualizare: 2021-06-01 UAB Robin Jobs are grij\u0103 de protec\u021bia informa\u021biilor dvs. Respect\u0103m Regulamentul general privind protec\u021bia datelor din Uniunea European\u0103 (GDPR) \u0219i alte legi care v\u0103 protejeaz\u0103 informa\u021biile pe care le colect\u0103m, le utiliz\u0103m \u0219i le stoc\u0103m \u00een compania noastr\u0103. Cum&#8230;<\/p>\n","protected":false},"author":1,"featured_media":0,"parent":0,"menu_order":0,"comment_status":"closed","ping_status":"closed","template":"page-templates\/privacy-policy.php","meta":{"_acf_changed":false,"inline_featured_image":false,"footnotes":""},"class_list":["post-1210996","page","type-page","status-publish","hentry"],"acf":[],"_links":{"self":[{"href":"https:\/\/robin.jobs\/ro\/wp-json\/wp\/v2\/pages\/1210996","targetHints":{"allow":["GET"]}}],"collection":[{"href":"https:\/\/robin.jobs\/ro\/wp-json\/wp\/v2\/pages"}],"about":[{"href":"https:\/\/robin.jobs\/ro\/wp-json\/wp\/v2\/types\/page"}],"author":[{"embeddable":true,"href":"https:\/\/robin.jobs\/ro\/wp-json\/wp\/v2\/users\/1"}],"replies":[{"embeddable":true,"href":"https:\/\/robin.jobs\/ro\/wp-json\/wp\/v2\/comments?post=1210996"}],"version-history":[{"count":3,"href":"https:\/\/robin.jobs\/ro\/wp-json\/wp\/v2\/pages\/1210996\/revisions"}],"predecessor-version":[{"id":1211035,"href":"https:\/\/robin.jobs\/ro\/wp-json\/wp\/v2\/pages\/1210996\/revisions\/1211035"}],"wp:attachment":[{"href":"https:\/\/robin.jobs\/ro\/wp-json\/wp\/v2\/media?parent=1210996"}],"curies":[{"name":"wp","href":"https:\/\/api.w.org\/{rel}","templated":true}]}}