{"id":1210995,"date":"2021-06-08T15:40:38","date_gmt":"2021-06-08T12:40:38","guid":{"rendered":"https:\/\/robin.jobs\/ro\/cookie-policy"},"modified":"2025-11-01T05:41:29","modified_gmt":"2025-11-01T02:41:29","slug":"cookie-policy","status":"publish","type":"page","link":"https:\/\/robin.jobs\/ro\/cookie-policy","title":{"rendered":"UAB\u00a0ROBIN JOBS POLITICA COOKIE"},"content":{"rendered":"<p>Ultima actualizare : 2021-06-01<\/p>\n<h3><b><\/b>1. Ce este un cookie?<\/h3>\n<p><span style=\"font-weight: 400;\">Cookie-urile sunt fi\u0219iere text mici stocate \u00een browserul dispozitivului dvs. (de exemplu, computer, telefon mobil, tablet\u0103) c\u00e2nd naviga\u021bi pe site-uri web. Alte tehnologii, inclusiv datele stocate \u00een browserul sau dispozitivul dvs., identificatorii referitori la dispozitivul dvs. \u0219i alte programe software, sunt utiliza\u021bi \u00een scopuri similare. Cookie-urile sunt utilizate pe scar\u0103 larg\u0103 pentru a permite performan\u021ba site-ului web sau pentru a le face mai bune \u0219i mai eficiente. Toate tehnologiile men\u021bionate mai sus sunt denumite \u201ecookie-uri\u201d \u00een aceast\u0103 politic\u0103.<\/span><\/p>\n<p>&nbsp;<\/p>\n<h3>2. De ce folose\u0219ti cookie-uri?<\/h3>\n<p><span style=\"font-weight: 400;\">\u00a0Folosim cookie-uri:<\/span><\/p>\n<ul>\n<li><span style=\"font-weight: 400;\"> s\u0103 \u00eembun\u0103t\u0103\u021bim \u00een continuare site-ul web, astfel \u00eenc\u00e2t acesta s\u0103 fie mai atractiv pentru dvs.;<\/span><\/li>\n<li><span style=\"font-weight: 400;\"> s\u0103 monitorizeze \u0219i s\u0103 analizeze tendin\u021bele vizitelor pe site-ul nostru web;<\/span><\/li>\n<li><span style=\"font-weight: 400;\"> s\u0103 analizeze modul \u00een care consumatorii folosesc site-ul nostru web;<\/span><\/li>\n<li><span style=\"font-weight: 400;\"> s\u0103 asigure func\u021bionarea corect\u0103 a site-ului \u0219i a func\u021biilor acestuia;<\/span><\/li>\n<li><span style=\"font-weight: 400;\"> pentru a face marketingul mai eficient;<\/span><\/li>\n<li><span style=\"font-weight: 400;\"> s\u0103 afi\u0219\u0103m videoclipuri YouTube pe site-ul nostru web;<\/span><\/li>\n<li><span style=\"font-weight: 400;\"> s\u0103 v\u0103 aminti\u021bi alegerea limbii site-ului web;<\/span><\/li>\n<li><span style=\"font-weight: 400;\"> s\u0103 inform\u0103m \u00een mod corespunz\u0103tor despre cookie-urile de pe site-ul nostru web.<\/span><\/li>\n<\/ul>\n<h3>3. Care sunt tipurile de cookie-uri?<\/h3>\n<h4>a) Cookie-uri strict necesare<\/h4>\n<p><span style=\"font-weight: 400;\">Aceste cookie-uri sunt necesare pe site-ul web pentru ca utilizatorul s\u0103 poat\u0103 naviga \u0219i utiliza func\u021biile site-ului web, de exemplu, s\u0103 memoreze informa\u021biile introduse \u00een formulare atunci c\u00e2nd utilizatorul trece de la o pagin\u0103 la alta \u00een timpul unei sesiuni de navigare. F\u0103r\u0103 cookie-uri strict necesare, anumite servicii ale site-ului web ar fi imposibile \u0219i site-ul web nu ar func\u021biona la fel de bine pe c\u00e2t ar trebui. Astfel de cookie-uri nu colecteaz\u0103 nicio informa\u021bie \u00een scopuri de marketing \u0219i nu \u00eenregistreaz\u0103 vizitele dvs. online.<\/span><\/p>\n<h4>b) Cookie-uri analitice<\/h4>\n<p><span style=\"font-weight: 400;\">\u00a0Cookie-urile analitice colecteaz\u0103 informa\u021bii despre utilizarea site-ului web \u0219i ajut\u0103 la \u00eembun\u0103t\u0103\u021birea func\u021bion\u0103rii acestuia. De exemplu, cookie-urile analitice pot ar\u0103ta ce pagini sunt vizitate cel mai des, pot ajuta la \u00eenregistrarea e\u0219ecurilor care au loc pe site-ul web sau pot ar\u0103ta dac\u0103 publicitatea afi\u0219at\u0103 pe site-ul web este eficient\u0103. Cookie-urile analitice nu colecteaz\u0103 informa\u021bii personale ale vizitatorilor \u0219i toate informa\u021biile colectate de aceste cookie-uri sunt agregate \u0219i anonime.<\/span><\/p>\n<h4>\u00a0 c) Cookie-uri func\u021bionale<\/h4>\n<p><span style=\"font-weight: 400;\">\u00a0Cookie-urile func\u021bionale permit site-ului web s\u0103 v\u0103 memoreze alegerile \u0219i s\u0103 ofere func\u021bii \u00eembun\u0103t\u0103\u021bite mai adaptate nevoilor dumneavoastr\u0103. Cookie-urile func\u021bionale memoreaz\u0103, de asemenea, modific\u0103rile pe care le face\u021bi, de exemplu, setarea individual\u0103 pe o anumit\u0103 pagin\u0103 web, precum \u0219i \u00een alte cazuri, de ex. c\u00e2nd viziona\u021bi un videoclip sau l\u0103sa\u021bi un comentariu pe site-ul nostru. Cookie-urile func\u021bionale nu urm\u0103resc ac\u021biunile dvs. pe alte site-uri web.<\/span><\/p>\n<h4>d) Cookie-uri publicitare<\/h4>\n<p><span style=\"font-weight: 400;\">Cookie-urile publicitare permit prezentarea unor reclame mai interesante pentru a v\u0103 satisface mai bine interesele sau restric\u021bionarea anun\u021burilor \u00een aceea\u0219i linie de reclame de pe site-ul web pe care \u00eel vizita\u021bi. Acest tip de cookie-uri este utilizat \u0219i pentru evaluarea eficien\u021bei unei campanii. Astfel de cookie-uri pot fi utilizate pentru a v\u0103 aminti ce a\u021bi f\u0103cut pe site.<\/span><\/p>\n<h3>4. Ce cookies folosim?<\/h3>\n<p><span style=\"font-weight: 400;\">Utiliz\u0103m urm\u0103toarele cookie-uri pe site-ul nostru:<\/span><\/p>\n<table>\n<tbody>\n<tr>\n<td><strong>CATEGORIE DE COOKIE<\/strong><\/td>\n<td><strong>NUME COOKIE<\/strong><\/td>\n<td><strong>TIMPUL DE VALABILITATE AL COOKIE-ULUI<\/strong><\/td>\n<td><strong>SCOPUL COOKIE<\/strong><\/td>\n<\/tr>\n<tr>\n<td rowspan=\"2\"><span style=\"font-weight: 400;\">Cookie-uri analitice<\/span><\/td>\n<td><span style=\"font-weight: 400;\">_ga<\/span><\/td>\n<td><span style=\"font-weight: 400;\">2\u00a0ani<\/span><\/td>\n<td rowspan=\"2\"><span style=\"font-weight: 400;\">Cookie-urile Google primare utilizate pentru a colecta informa\u021bii despre vizitele site-ului web \u0219i modul \u00een care vizitatorii no\u0219tri utilizeaz\u0103 site-ul web. Cookie-urile colecteaz\u0103 informa\u021bii, cum ar fi num\u0103rul de vizitatori ai site-ului, informa\u021bii despre site-ul web de unde provin vizitatorii, paginile vizitate pe site, browserul folosit pentru navigare, sistemul opera\u021bional etc<\/span><span style=\"font-weight: 400;\">.<\/span><\/td>\n<\/tr>\n<tr>\n<td><span style=\"font-weight: 400;\">_ga_xxxxxxxxxx<\/span><\/td>\n<td><span style=\"font-weight: 400;\">2\u00a0ani<\/span><\/td>\n<\/tr>\n<tr>\n<td rowspan=\"2\"><span style=\"font-weight: 400;\">Cookie-uri functionale<\/span><\/td>\n<td><span style=\"font-weight: 400;\">cookieBannerDisplayed<\/span><span style=\"font-weight: 400;\">\u00a0<\/span><\/td>\n<td><span style=\"font-weight: 400;\">Pana la sfarsitul sesiunii de navigare<\/span><\/td>\n<td><span style=\"font-weight: 400;\">Pentru notific\u0103ri despre utilizarea cookie-urilor.<\/span><\/td>\n<\/tr>\n<tr>\n<td><span style=\"font-weight: 400;\">public_lang<\/span><\/td>\n<td><span style=\"font-weight: 400;\">181\u00a0zile<\/span><\/td>\n<td><span style=\"font-weight: 400;\">Pentru memorarea limbii site-ului web utilizate.<\/span><\/td>\n<\/tr>\n<tr>\n<td rowspan=\"15\"><span style=\"font-weight: 400;\">Cookie-uri publicitare<\/span><\/td>\n<td><span style=\"font-weight: 400;\">dpr<\/span><\/td>\n<td><span style=\"font-weight: 400;\">7 zile<\/span><\/td>\n<td><span style=\"font-weight: 400;\">Cookie Facebook ter\u021b\u0103 parte pentru a p\u0103stra informa\u021bii despre un utilizator Facebook conectat pentru a oferi reclame \u0219i a actualiza con\u021binutul. Con\u021binutul cookie-ului este aprobat prin termenii \u0219i condi\u021biile de utilizare a Facebook.<\/span><\/td>\n<\/tr>\n<tr>\n<td><span style=\"font-weight: 400;\">fr<\/span><\/td>\n<td><span style=\"font-weight: 400;\">90 zile<\/span><\/td>\n<td><span style=\"font-weight: 400;\">Cookie Facebook ter\u021b\u0103 parte pentru prezentarea anun\u021burilor, m\u0103surarea conversiilor publicitare \u0219i pentru \u00eembun\u0103t\u0103\u021birea relevan\u021bei anun\u021burilor.<\/span><\/td>\n<\/tr>\n<tr>\n<td><span style=\"font-weight: 400;\">IDE<\/span><\/td>\n<td><span style=\"font-weight: 400;\">390 zile<\/span><\/td>\n<td><span style=\"font-weight: 400;\">Cookie DoubleClick ter\u021b\u0103 parte pentru prezentarea anun\u021burilor Google pe alte site-uri dec\u00e2t Google. Reclamele vizate sunt afi\u0219ate conform vizitelor anterioare pe site. Aceste cookie-uri m\u0103soar\u0103 \u0219i conversiile publicitare.<\/span><\/td>\n<\/tr>\n<tr>\n<td><span style=\"font-weight: 400;\">test_cookie<\/span><\/td>\n<td><span style=\"font-weight: 400;\">Cateva secunde<\/span><\/td>\n<td><span style=\"font-weight: 400;\">Cookie DoubleClick ter\u021b\u0103 parte pentru a identifica dac\u0103 browserul pe care \u00eel folose\u0219te vizitatorul accept\u0103 cookie-uri.<\/span><\/td>\n<\/tr>\n<tr>\n<td><span style=\"font-weight: 400;\">1P_JAR<\/span><\/td>\n<td><span style=\"font-weight: 400;\">30 zile<\/span><\/td>\n<td rowspan=\"10\"><span style=\"font-weight: 400;\">Aceste cookie-uri sunt salvate prin videoclipuri YouTube \u00eenc\u0103rcate. \u00cenregistreaz\u0103 date statistice anonime, de exemplu, de c\u00e2te ori este redat videoclipul \u0219i ce set\u0103ri sunt utilizate pentru reproducere. Nu sunt colectate date sensibile \u0219i, dac\u0103 nu sunte\u021bi conectat la contul Google, ac\u021biunile dvs. sunt legate de contul dvs. Google, de exemplu, dac\u0103 face\u021bi clic pe \u201elike\u201d pe videoclip. Pentru a obtine mai multe informatii, cititi: <\/span><a href=\"https:\/\/policies.google.com\/privacy?hl=en-US\" target=\"_blank\" rel=\"noopener\"><span style=\"font-weight: 400;\">Google Privacy Policy<\/span><\/a><span style=\"font-weight: 400;\">.<\/span><\/td>\n<\/tr>\n<tr>\n<td><span style=\"font-weight: 400;\">NID<\/span><\/td>\n<td><span style=\"font-weight: 400;\">6 luni<\/span><\/td>\n<\/tr>\n<tr>\n<td><span style=\"font-weight: 400;\">__Secure-3PSIDCC<\/span><\/td>\n<td><span style=\"font-weight: 400;\">2\u00a0ani<\/span><\/td>\n<\/tr>\n<tr>\n<td><span style=\"font-weight: 400;\">__Secure-3PAPISID<\/span><\/td>\n<td><span style=\"font-weight: 400;\">2\u00a0ani<\/span><\/td>\n<\/tr>\n<tr>\n<td><span style=\"font-weight: 400;\">__Secure-3PSID<\/span><\/td>\n<td><span style=\"font-weight: 400;\">2\u00a0ani<\/span><\/td>\n<\/tr>\n<tr>\n<td><span style=\"font-weight: 400;\">CONSENT<\/span><\/td>\n<td><span style=\"font-weight: 400;\">200 luni<\/span><\/td>\n<\/tr>\n<tr>\n<td><span style=\"font-weight: 400;\">GPS<\/span><\/td>\n<td><span style=\"font-weight: 400;\">30\u00a0minute<\/span><\/td>\n<\/tr>\n<tr>\n<td><span style=\"font-weight: 400;\">PREF<\/span><\/td>\n<td><span style=\"font-weight: 400;\">2\u00a0ani<\/span><\/td>\n<\/tr>\n<tr>\n<td><span style=\"font-weight: 400;\">VISITOR_INFO1_LIVE<\/span><\/td>\n<td><span style=\"font-weight: 400;\">6\u00a0luni<\/span><\/td>\n<\/tr>\n<tr>\n<td><span style=\"font-weight: 400;\">YSC<\/span><\/td>\n<td><span style=\"font-weight: 400;\">Pana la sfarsitul sesiunii de navigare<\/span><\/td>\n<\/tr>\n<tr>\n<td><span style=\"font-weight: 400;\">_fbp<\/span><\/td>\n<td><span style=\"font-weight: 400;\">6\u00a0luni<\/span><\/td>\n<td><span style=\"font-weight: 400;\">Cookie Facebook de la prima parte utilizat pentru prezentarea reclamelor noastre pe Facebook<\/span><\/td>\n<\/tr>\n<\/tbody>\n<\/table>\n<h3>5. Cum pot controla cookie-urile?<\/h3>\n<p><span style=\"font-weight: 400;\">Pute\u021bi controla utilizarea cookie-urilor modific\u00e2nd set\u0103rile browserului. Mai multe informa\u021bii sunt disponibile pe site-ul web al furnizorului browserului pe care \u00eel utiliza\u021bi.<\/span><\/p>\n<p><span style=\"font-weight: 400;\">V\u0103 rug\u0103m s\u0103 re\u021bine\u021bi c\u0103 \u0219tergerea cookie-urilor sau dezactivarea cookie-urilor pentru o utilizare viitoare poate face anumite p\u0103r\u021bi sau func\u021bii ale site-ului nostru web indisponibile. Dac\u0103 modifica\u021bi set\u0103rile cookie-urilor, acest lucru va avea efect \u0219i asupra altor site-uri web pe care le vizita\u021bi.<\/span><\/p>\n","protected":false},"excerpt":{"rendered":"<p>Ultima actualizare : 2021-06-01 1. Ce este un cookie? Cookie-urile sunt fi\u0219iere text mici stocate \u00een browserul dispozitivului dvs. (de exemplu, computer, telefon mobil, tablet\u0103) c\u00e2nd naviga\u021bi pe site-uri web. Alte tehnologii, inclusiv datele stocate \u00een browserul sau dispozitivul dvs., identificatorii referitori la dispozitivul dvs. \u0219i alte programe software, sunt utiliza\u021bi \u00een scopuri similare. Cookie-urile&#8230;<\/p>\n","protected":false},"author":1,"featured_media":0,"parent":0,"menu_order":0,"comment_status":"closed","ping_status":"closed","template":"page-templates\/privacy-policy.php","meta":{"_acf_changed":false,"inline_featured_image":false,"footnotes":""},"class_list":["post-1210995","page","type-page","status-publish","hentry"],"acf":[],"_links":{"self":[{"href":"https:\/\/robin.jobs\/ro\/wp-json\/wp\/v2\/pages\/1210995","targetHints":{"allow":["GET"]}}],"collection":[{"href":"https:\/\/robin.jobs\/ro\/wp-json\/wp\/v2\/pages"}],"about":[{"href":"https:\/\/robin.jobs\/ro\/wp-json\/wp\/v2\/types\/page"}],"author":[{"embeddable":true,"href":"https:\/\/robin.jobs\/ro\/wp-json\/wp\/v2\/users\/1"}],"replies":[{"embeddable":true,"href":"https:\/\/robin.jobs\/ro\/wp-json\/wp\/v2\/comments?post=1210995"}],"version-history":[{"count":4,"href":"https:\/\/robin.jobs\/ro\/wp-json\/wp\/v2\/pages\/1210995\/revisions"}],"predecessor-version":[{"id":1248602,"href":"https:\/\/robin.jobs\/ro\/wp-json\/wp\/v2\/pages\/1210995\/revisions\/1248602"}],"wp:attachment":[{"href":"https:\/\/robin.jobs\/ro\/wp-json\/wp\/v2\/media?parent=1210995"}],"curies":[{"name":"wp","href":"https:\/\/api.w.org\/{rel}","templated":true}]}}