{"id":1210994,"date":"2021-06-08T15:39:22","date_gmt":"2021-06-08T12:39:22","guid":{"rendered":"https:\/\/robin.jobs\/ro\/privacy-policy-for-website-visitors"},"modified":"2021-06-10T09:43:00","modified_gmt":"2021-06-10T06:43:00","slug":"privacy-policy-for-website-visitors","status":"publish","type":"page","link":"https:\/\/robin.jobs\/ro\/privacy-policy-for-website-visitors","title":{"rendered":"UAB\u00a0ROBIN JOBS POLITICA DE CONFIDEN\u021aIALITATE PENTRU VIZITATORII SITE-UL"},"content":{"rendered":"<p><b>Ultima actualizare la: 2021-06-01<\/b><\/p>\n<p><span style=\"font-weight: 400;\">UAB Robin Jobs are grij\u0103 de protec\u021bia informa\u021biilor dvs. Respect\u0103m Regulamentul general privind protec\u021bia datelor din Uniunea European\u0103 (GDPR) \u0219i alte legi care v\u0103 protejeaz\u0103 informa\u021biile pe care le colect\u0103m, le utiliz\u0103m \u0219i le stoc\u0103m \u00een compania noastr\u0103.<\/span><\/p>\n<p><b><\/b><\/p>\n<ul>\n<li aria-level=\"1\"><b>Cum ar trebui s\u0103 citesc aceast\u0103 politic\u0103 de confiden\u021bialitate?<\/b><\/li>\n<\/ul>\n<p><span style=\"font-weight: 400;\">Aceast\u0103 politic\u0103 de confiden\u021bialitate va r\u0103spunde la \u00eentreb\u0103rile cheie despre modul \u00een care colect\u0103m, utiliz\u0103m \u0219i stoc\u0103m informa\u021bii despre dvs. \u00cen cazul \u00een care ave\u021bi \u00eentreb\u0103ri sau orice parte a acestei notific\u0103ri este neclar\u0103, suntem gata s\u0103 v\u0103 ajut\u0103m a\u0219a cum este descris \u00een sec\u021biunea 10 a acestei politici de confiden\u021bialitate. V\u0103 rug\u0103m s\u0103 re\u021bine\u021bi c\u0103 orice referire la cuv\u00e2ntul \u201enoi\u201d din aceast\u0103 politic\u0103 de confiden\u021bialitate \u00eenseamn\u0103 compania noastr\u0103, a\u0219a cum este indicat \u00een sec\u021biunea 2 a politicii de confiden\u021bialitate.<\/span><\/p>\n<ul>\n<li aria-level=\"1\"><b>Cine este responsabil pentru protec\u021bia informa\u021biilor mele?<\/b><\/li>\n<\/ul>\n<p><span style=\"font-weight: 400;\">We are\u00a0\u2013<\/span> <span style=\"font-weight: 400;\">UAB Robin Jobs;<\/span><\/p>\n<p><span style=\"font-weight: 400;\">Identifier of our legal entity: 300659719;<\/span><\/p>\n<p><span style=\"font-weight: 400;\">Our address: Naru\u010dio g. 3, Vilnius;<\/span><\/p>\n<p><span style=\"font-weight: 400;\">E-mail: finance@robin.jobs<\/span><\/p>\n<p><b><\/b><\/p>\n<ul>\n<li aria-level=\"1\"><b>De ce colecta\u021bi informa\u021bii despre mine?<\/b><\/li>\n<\/ul>\n<p><span style=\"font-weight: 400;\">Oferim acces public la site-ul web<\/span> <span style=\"font-weight: 400;\">\u00a0<\/span><a href=\"https:\/\/robin.jobs\/\"><span style=\"font-weight: 400;\">robin.jobs<\/span><\/a><span style=\"font-weight: 400;\">, \u00eel sprijinim \u0219i \u00eel \u00eembun\u0103t\u0103\u021bim, precum \u0219i asigur\u0103m func\u021bionarea corect\u0103 a func\u021biilor sale. Din aceste motive, sunt utilizate cookie-uri. Mai multe informa\u021bii despre cookie-urile utilizate pe site-ul nostru web \u0219i despre scopul acestora sunt disponibile \u00een Politica privind cookie-urile.<\/span><\/p>\n<p><b><\/b><\/p>\n<ul>\n<li aria-level=\"1\"><b>Ce informa\u021bii colecta\u021bi, utiliza\u021bi \u0219i stoca\u021bi despre mine?<\/b><\/li>\n<\/ul>\n<p><span style=\"font-weight: 400;\">C\u00e2nd naviga\u021bi pe site-ul nostru web, dac\u0103 v-a\u021bi dat consim\u021b\u0103m\u00e2ntul pentru utilizarea cookie-urilor analitice, colect\u0103m date anonime din astfel de cookie-uri despre tendin\u021bele de navigare pe site-ul nostru web, datele demografice, browserul utilizat pentru navigare \u0219i sistemul opera\u021bional .<\/span><\/p>\n<p><span style=\"font-weight: 400;\">Nu suntem \u00een m\u0103sur\u0103 s\u0103 folosim cookie-uri pe contul nostru de Facebook, cu toate acestea, acestea sunt utilizate de Facebook pe cont propriu. Mai multe informa\u021bii despre modul \u00een care Facebook colecteaz\u0103, utilizeaz\u0103 \u0219i stocheaz\u0103 informa\u021bii despre dvs. sunt disponibile la <\/span><a href=\"https:\/\/www.facebook.com\/policy.php\" target=\"_blank\" rel=\"noopener\"><span style=\"font-weight: 400;\">Facebook Privacy Policy<\/span><\/a><span style=\"font-weight: 400;\">.<\/span><\/p>\n<ul>\n<li aria-level=\"1\"><b>Folosi\u021bi cookie-uri?<\/b><\/li>\n<\/ul>\n<p><span style=\"font-weight: 400;\">Da. Folosim cookie-uri a\u0219a cum este detaliat \u00een <\/span><span style=\"font-weight: 400;\">Politica privind cookie-urile.<\/span><\/p>\n<p><b><\/b><\/p>\n<ul>\n<li aria-level=\"1\"><b>Care este baza legal\u0103 pentru colectarea informa\u021biilor despre mine?<\/b><\/li>\n<\/ul>\n<p><span style=\"font-weight: 400;\">Colect\u0103m \u00een mod legal informa\u021bii despre dvs. din urm\u0103toarele motive:<\/span><\/p>\n<ul>\n<li style=\"font-weight: 400;\" aria-level=\"1\"><span style=\"font-weight: 400;\">pe baza interesului nostru legitim de a utiliza cookie-uri care sunt obligatorii pentru buna func\u021bionare a site-ului web \u0219i a func\u021biilor acestuia (GDPR Articolul 6 (1) (f));<\/span><\/li>\n<li style=\"font-weight: 400;\" aria-level=\"1\"><span style=\"font-weight: 400;\">pe baza consim\u021b\u0103m\u00e2ntului dvs. pentru utilizarea cookie-urilor analitice \u0219i publicitare (GDPR articolul 6 alineatul (1) litera (a)).<\/span><\/li>\n<\/ul>\n<p><b><\/b><\/p>\n<ul>\n<li aria-level=\"1\"><b>\u00cemi \u00eemp\u0103rt\u0103\u0219i\u021bi informa\u021biile cu alte entit\u0103\u021bi?<\/b><\/li>\n<\/ul>\n<p><span style=\"font-weight: 400;\">Putem partaja informa\u021bii cu furnizorii de servicii care ne ofer\u0103 IT, servicii de \u00eentre\u021binere \u0219i asisten\u021b\u0103 a site-ului web, furnizori de servicii cookie.<\/span><\/p>\n<ul>\n<li aria-level=\"1\"><b>C\u00e2t timp stoca\u021bi informa\u021bii despre mine?<\/b><\/li>\n<\/ul>\n<p><span style=\"font-weight: 400;\">Informa\u021biile legate de cookie-uri sunt stocate a\u0219a cum este detaliat \u00een Politica privind cookie-urile.<\/span><\/p>\n<ul>\n<li aria-level=\"1\"><b>Ce m\u0103suri pot lua \u00een leg\u0103tur\u0103 cu informa\u021biile mele \u00een compania dvs.?<\/b><\/li>\n<\/ul>\n<p><span style=\"font-weight: 400;\">Pentru a \u00eentreprinde oricare dintre ac\u021biunile men\u021bionate mai jos, v\u0103 rug\u0103m s\u0103 ne contacta\u021bi conform specifica\u021biilor din sec\u021biunea 10. V\u0103 rug\u0103m s\u0103 re\u021bine\u021bi c\u0103 aceste drepturi sunt supuse condi\u021biilor \u0219i excep\u021biilor legale.<\/span><\/p>\n<ul>\n<li aria-level=\"1\"><b>Dreptul de a solicita accesul la informa\u021biile pe care le avem despre dvs., dac\u0103 prelucr\u0103m datele dvs. personale care v\u0103 permit identificarea;<\/b><\/li>\n<\/ul>\n<ul>\n<li aria-level=\"1\"><b>Dreptul de a solicita rectificarea sau completarea informa\u021biilor de\u021binute despre dvs.;<\/b><\/li>\n<\/ul>\n<ul>\n<li aria-level=\"1\"><b>Dreptul de a solicita \u0219tergerea datelor despre dvs. \u00een cazul \u00een care:<\/b><\/li>\n<\/ul>\n<ul>\n<li aria-level=\"2\"><b>datele dvs. sunt prelucrate pe baza consim\u021b\u0103m\u00e2ntului dvs.;<\/b><\/li>\n<\/ul>\n<ul>\n<li aria-level=\"2\"><b>datele dvs. sunt prelucrate ilegal;<\/b><\/li>\n<\/ul>\n<ul>\n<li aria-level=\"2\"><b>datele dvs. sunt prelucrate pe baza interesului nostru legitim pe care \u00eel respinge\u021bi;<\/b><\/li>\n<\/ul>\n<ul>\n<li aria-level=\"2\"><b>datele dvs. nu mai sunt necesare \u00een raport cu scopurile pentru care au fost colectate;<\/b><\/li>\n<\/ul>\n<ul>\n<li aria-level=\"2\"><b>avem obliga\u021bia legal\u0103 de a \u0219terge informa\u021bii despre dvs.;<\/b><\/li>\n<\/ul>\n<ul>\n<li aria-level=\"1\"><b>Dreptul de a ne solicita s\u0103 restric\u021bion\u0103m prelucrarea informa\u021biilor de\u021binute despre dvs. atunci c\u00e2nd contesta\u021bi exactitatea datelor sau v\u0103 opune\u021bi prelucr\u0103rii datelor, nu sunte\u021bi de acord cu \u0219tergerea datelor prelucrate ilegal despre dvs. sau c\u00e2nd ave\u021bi nevoie de date pentru stabilire, exerci\u021biu sau ap\u0103rarea revendic\u0103rilor legale;<\/b><\/li>\n<\/ul>\n<ul>\n<li aria-level=\"1\"><b>Dreptul de a contesta colectarea, utilizarea \u0219i stocarea informa\u021biilor dvs. \u00een compania noastr\u0103, unde prelucr\u0103m datele dvs. pe baza unui interes legitim;<\/b><\/li>\n<\/ul>\n<ul>\n<li aria-level=\"1\"><b>Dreptul de a solicita exportul datelor dvs. \u00een cazul \u00een care ne-a\u021bi furnizat date \u00eentr-un format structurat, utilizat \u00een mod obi\u0219nuit \u0219i a\u021bi dat consim\u021b\u0103m\u00e2ntul pentru prelucrarea acestor date sau dac\u0103 trebuie s\u0103 proces\u0103m astfel de date pentru executarea unui contract cu dvs.;<\/b><\/li>\n<\/ul>\n<ul>\n<li aria-level=\"1\"><b>Dreptul de a retrage consim\u021b\u0103m\u00e2ntul pe care l-a\u021bi dat pentru prelucrarea datelor dvs. personale \u00een orice moment (pute\u021bi face acest lucru modific\u00e2nd set\u0103rile browserului);<\/b><\/li>\n<\/ul>\n<ul>\n<li aria-level=\"1\"><b>Dreptul de a depune o reclama\u021bie la Inspectoratul de Stat pentru Protec\u021bia Datelor (pentru mai multe informa\u021bii, consulta\u021bi vdai.lrv.lt).<\/b><\/li>\n<\/ul>\n<p><b><\/b><br \/>\n<b><\/b><\/p>\n<ul>\n<li aria-level=\"1\"><b>Cum m\u0103 po\u021bi ajuta?<\/b><\/li>\n<\/ul>\n<p><span style=\"font-weight: 400;\">Dac\u0103 ave\u021bi \u00eentreb\u0103ri, comentarii sau reclama\u021bii legate de modul \u00een care colect\u0103m, utiliz\u0103m \u0219i stoc\u0103m date despre dvs., suntem gata s\u0103 v\u0103 ajut\u0103m. Dac\u0103 ave\u021bi nevoie de ajutor, contacta\u021bi-ne prin e-mail finance@robin.jobs.<\/span><\/p>\n","protected":false},"excerpt":{"rendered":"<p>Ultima actualizare la: 2021-06-01 UAB Robin Jobs are grij\u0103 de protec\u021bia informa\u021biilor dvs. Respect\u0103m Regulamentul general privind protec\u021bia datelor din Uniunea European\u0103 (GDPR) \u0219i alte legi care v\u0103 protejeaz\u0103 informa\u021biile pe care le colect\u0103m, le utiliz\u0103m \u0219i le stoc\u0103m \u00een compania noastr\u0103. Cum ar trebui s\u0103 citesc aceast\u0103 politic\u0103 de confiden\u021bialitate? Aceast\u0103 politic\u0103 de confiden\u021bialitate&#8230;<\/p>\n","protected":false},"author":1,"featured_media":0,"parent":0,"menu_order":0,"comment_status":"closed","ping_status":"closed","template":"page-templates\/privacy-policy.php","meta":{"_acf_changed":false,"inline_featured_image":false,"footnotes":""},"class_list":["post-1210994","page","type-page","status-publish","hentry"],"acf":[],"_links":{"self":[{"href":"https:\/\/robin.jobs\/ro\/wp-json\/wp\/v2\/pages\/1210994","targetHints":{"allow":["GET"]}}],"collection":[{"href":"https:\/\/robin.jobs\/ro\/wp-json\/wp\/v2\/pages"}],"about":[{"href":"https:\/\/robin.jobs\/ro\/wp-json\/wp\/v2\/types\/page"}],"author":[{"embeddable":true,"href":"https:\/\/robin.jobs\/ro\/wp-json\/wp\/v2\/users\/1"}],"replies":[{"embeddable":true,"href":"https:\/\/robin.jobs\/ro\/wp-json\/wp\/v2\/comments?post=1210994"}],"version-history":[{"count":3,"href":"https:\/\/robin.jobs\/ro\/wp-json\/wp\/v2\/pages\/1210994\/revisions"}],"predecessor-version":[{"id":1211030,"href":"https:\/\/robin.jobs\/ro\/wp-json\/wp\/v2\/pages\/1210994\/revisions\/1211030"}],"wp:attachment":[{"href":"https:\/\/robin.jobs\/ro\/wp-json\/wp\/v2\/media?parent=1210994"}],"curies":[{"name":"wp","href":"https:\/\/api.w.org\/{rel}","templated":true}]}}