{"id":1195786,"date":"2019-05-21T14:34:22","date_gmt":"2019-05-21T11:34:22","guid":{"rendered":"https:\/\/robin.jobs\/qbis-2\/?page_id=1195786"},"modified":"2026-04-05T14:32:56","modified_gmt":"2026-04-05T11:32:56","slug":"joburi-strainatate","status":"publish","type":"page","link":"https:\/\/robin.jobs\/ro\/joburi-strainatate","title":{"rendered":"Joburi in str\u0103in\u0103tate"},"content":{"rendered":"<p>Joburi in str\u0103in\u0103tate? Robin are \u00een acest moment <strong>48<\/strong> de posturi libere \u00een <a href=\"https:\/\/robin.jobs\/ro\/\">str\u0103in\u0103tate<\/a> \u00een <a href=\"https:\/\/robin.jobs\/ro\/locuri-de-munca-olanda\">Olanda<\/a>, <a href=\"https:\/\/robin.jobs\/ro\/locuri-de-munca-germania\">Germania<\/a> \u0219i Belgia. Exist\u0103 o mare varietate de posturi libere disponibile, indiferent dac\u0103 e\u0219ti \u00een cuplu sau e\u0219ti singur, vorbe\u0219ti engleza sau nu ai cuno\u0219tin\u021be de limb\u0103 englez\u0103.<\/p>\n<p>Dac\u0103 mergi la munc\u0103 \u00een str\u0103in\u0103tate nu numai c\u0103 vei putea economisi bani pentru viitor, te va ajuta \u0219i s\u0103 \u00ee\u021bi l\u0103rge\u0219ti orizontul \u0219i s\u0103 \u00eeti faci rela\u021bii interna\u021bionale. Nu conteaz\u0103 dac\u0103 e\u0219ti \u00een c\u0103utarea unei slujbe pe termen lung sau temporar, dac\u0103 e\u0219ti \u00een c\u0103utarea unei slujbe singur sau \u00een cuplu, vor exista oferte de slujbe \u00een str\u0103in\u0103tate.<\/p>\n<p><!--more--><\/p>\n<p>Pentru a ob\u021bine un job \u00een str\u0103in\u0103tate cu ajutorul Robin vei putea s\u0103 selectezi \u00eempreun\u0103 cu recrutorul nostru dintre<strong> joburi de la 25 de agen\u021bii de munc\u0103<\/strong> diferite care sunt active \u00een Germania, Olanda \u0219i Belgia. \u00cempreun\u0103 cu Robin, vei selecta jobul cu cazare \u00een \u021bara care se potrive\u0219te nevoilor tale.<\/p>\n<h2>O mare varietate de joburi in str\u0103in\u0103tate<\/h2>\n<p>Cau\u021bi postul liber potrivit \u00een str\u0103in\u0103tate? Avem diferite posturi libere disponibile \u00een Germania, Olanda \u015fi Belgia. \u00cen cazul \u00een care e\u0219ti \u00eenc\u00e2ntat s\u0103 mergi la lucru \u00een str\u0103in\u0103tate dar nu ai nicio idee despre \u021bara \u00een care \u021bi-ar pl\u0103cea s\u0103 mergi, te rug\u0103m s\u0103 verifici \u00een ce \u021bar\u0103 din UE este cel mai bine s\u0103 mergi la munc\u0103 \u00een str\u0103in\u0103tate \u00een 2025.<\/p>\n<p>Daca nu sunteti interesat\/a de locurile de munca disponibile pe site-ul nostru sau va cautati de lucru in Romania, verificati ofertele partenerilor nostri de la Jooble.<\/p>\n<p>Cu siguran\u021b\u0103 vor fi joburi disponibile \u00een str\u0103in\u0103tate care ofer\u0103 ceea ce cau\u021bi tu. Nu conteaz\u0103 dac\u0103 e\u0219ti \u00een c\u0103utarea unui job ca student sau e\u0219ti \u00een c\u0103utarea unui job \u00een care se solicit\u0103 experien\u021b\u0103 pe \u0219antierele de construc\u021bii sau ca montator. Verifica locurile de munca din str\u0103in\u0103tate care sunt disponibile \u00een acest moment si poti gasi jobul care se potrive\u0219te nevoilor tale!<\/p>\n","protected":false},"excerpt":{"rendered":"<p>Joburi in str\u0103in\u0103tate? Robin are \u00een acest moment de posturi libere \u00een str\u0103in\u0103tate \u00een Olanda, Germania \u0219i Belgia. Exist\u0103 o mare varietate de posturi libere disponibile, indiferent dac\u0103 e\u0219ti \u00een cuplu sau e\u0219ti singur, vorbe\u0219ti engleza sau nu ai cuno\u0219tin\u021be de limb\u0103 englez\u0103. Dac\u0103 mergi la munc\u0103 \u00een str\u0103in\u0103tate nu numai c\u0103 vei putea economisi&#8230;<\/p>\n","protected":false},"author":1,"featured_media":1200727,"parent":0,"menu_order":0,"comment_status":"closed","ping_status":"closed","template":"page-templates\/vacancy-archive.php","meta":{"_acf_changed":false,"inline_featured_image":false,"footnotes":""},"class_list":["post-1195786","page","type-page","status-publish","has-post-thumbnail","hentry"],"acf":[],"_links":{"self":[{"href":"https:\/\/robin.jobs\/ro\/wp-json\/wp\/v2\/pages\/1195786","targetHints":{"allow":["GET"]}}],"collection":[{"href":"https:\/\/robin.jobs\/ro\/wp-json\/wp\/v2\/pages"}],"about":[{"href":"https:\/\/robin.jobs\/ro\/wp-json\/wp\/v2\/types\/page"}],"author":[{"embeddable":true,"href":"https:\/\/robin.jobs\/ro\/wp-json\/wp\/v2\/users\/1"}],"replies":[{"embeddable":true,"href":"https:\/\/robin.jobs\/ro\/wp-json\/wp\/v2\/comments?post=1195786"}],"version-history":[{"count":4,"href":"https:\/\/robin.jobs\/ro\/wp-json\/wp\/v2\/pages\/1195786\/revisions"}],"predecessor-version":[{"id":1251526,"href":"https:\/\/robin.jobs\/ro\/wp-json\/wp\/v2\/pages\/1195786\/revisions\/1251526"}],"wp:featuredmedia":[{"embeddable":true,"href":"https:\/\/robin.jobs\/ro\/wp-json\/wp\/v2\/media\/1200727"}],"wp:attachment":[{"href":"https:\/\/robin.jobs\/ro\/wp-json\/wp\/v2\/media?parent=1195786"}],"curies":[{"name":"wp","href":"https:\/\/api.w.org\/{rel}","templated":true}]}}