{"id":176454,"date":"2016-09-28T11:59:43","date_gmt":"2016-09-28T08:59:43","guid":{"rendered":"https:\/\/robin.jobs\/portugal\/?page_id=176454"},"modified":"2021-06-10T12:18:22","modified_gmt":"2021-06-10T11:18:22","slug":"politica-de-privacidade","status":"publish","type":"page","link":"https:\/\/robin.jobs\/pt\/politica-de-privacidade","title":{"rendered":"Pol\u00edtica de privacidade"},"content":{"rendered":"<p><span style=\"font-weight: 400;\">UAB Robin Jobs &#8211; Sucursal em Portugal preocupa-se com a prote\u00e7\u00e3o das suas informa\u00e7\u00f5es. Cumprimos o Regulamento Geral de Prote\u00e7\u00e3o de Dados da Uni\u00e3o Europeia (GDPR) e outras leis que protegem as informa\u00e7\u00f5es recolhidas, que usamos e armazenamos na nossa Empresa.<\/span><\/p>\n<h3><b>1. Pol\u00edtica de Privacidade<\/b><\/h3>\n<p><span style=\"font-weight: 400;\">A nossa Pol\u00edtica de Privacidade responder\u00e1 \u00e0s perguntas mais importantes sobre como recolhemos, usamos e armazenamos informa\u00e7\u00f5es sobre si. Caso tenha alguma d\u00favida, estamos dispostos a ajud\u00e1-lo conforme descrito a seguir.<\/span><\/p>\n<p><span style=\"font-weight: 400;\">Por favor, leia atentamente a nossa Pol\u00edticas de Privacidade:<\/span><\/p>\n<div class=\"h-row privacy-policy-list\">\n    <div class=\"h-col-1-of-4\">\n        <div class=\"wrapper\">\n\n            <a href=\"https:\/\/robin.jobs\/pt\/privacy-policy-for-website-visitors\">\n                Pol\u00edtica de privacidade para visitantes do site            <\/a>\n        <\/div>\n    <\/div>\n    <div class=\"h-col-1-of-4\">\n        <div class=\"wrapper\">\n\n            <a href=\"https:\/\/robin.jobs\/pt\/cookie-policy\">\n                Polit\u00edka de Cookies            <\/a>\n        <\/div>\n    <\/div>\n    <div class=\"h-col-1-of-4\">\n        <div class=\"wrapper\">\n\n            <a href=\"https:\/\/robin.jobs\/pt\/privacy-policy-for-persons-submitting-inquiries-requests-complaints\">\n                Pol\u00edtica de privacidade para pessoas que enviam perguntas            <\/a>\n        <\/div>\n    <\/div>\n    <div class=\"h-col-1-of-4\">\n        <div class=\"wrapper\">\n\n            <a href=\"https:\/\/robin.jobs\/pt\/privacy-policy-for-registered-users\">\n                Pol\u00edtica de privacidade para usu\u00e1rios registrados            <\/a>\n        <\/div>\n    <\/div>\n<\/div>\n<h3><b>2. Os nossos detalhes de contato<\/b><\/h3>\n<p><span style=\"font-weight: 400;\">Se tiver d\u00favidas, coment\u00e1rios ou reclama\u00e7\u00f5es em rela\u00e7\u00e3o \u00e0 forma como recolhemos, usamos e armazenamos informa\u00e7\u00f5es sobre si, estamos prontos para ajud\u00e1-lo. Se precisar de ajuda, entre em contato connosco pelo e-mail finance@robin.jobs.<\/span><\/p>\n<h3><b>3. Os meus direitos<\/b><\/h3>\n<p><span style=\"font-weight: 400;\">Para realizar qualquer uma das a\u00e7\u00f5es mencionadas abaixo, entre em contato usando os detalhes de contato indicados na Se\u00e7\u00e3o 2. Observe que esses direitos est\u00e3o sujeitos a condi\u00e7\u00f5es legais e exce\u00e7\u00f5es:\u00a0<\/span><\/p>\n<ul>\n<li aria-level=\"1\"><b>Direito de solicitar acesso \u00e0s informa\u00e7\u00f5es mantidas sobre si;<\/b><\/li>\n<\/ul>\n<ul>\n<li aria-level=\"1\"><b>Direito de solicitar a retifica\u00e7\u00e3o das informa\u00e7\u00f5es mantidas sobre si;<\/b><\/li>\n<\/ul>\n<ul>\n<li aria-level=\"1\"><b>Direito de solicitar e apagar as informa\u00e7\u00f5es mantidas sobre si;<\/b><\/li>\n<\/ul>\n<ul>\n<li aria-level=\"1\"><b>Direito de solicitar restri\u00e7\u00e3o de acesso \u00e0s informa\u00e7\u00f5es mantidas sobre si ou a sua elimina\u00e7\u00e3o;<\/b><\/li>\n<\/ul>\n<ul>\n<li aria-level=\"1\"><b>Direito de contestar a colheita, uso e armazenamento das suas informa\u00e7\u00f5es na nossa empresa;<\/b><\/li>\n<\/ul>\n<ul>\n<li aria-level=\"1\"><b>Direito de solicitar a exporta\u00e7\u00e3o dos seus dados ou transferi-los para outra empresa;<\/b><\/li>\n<\/ul>\n<ul>\n<li aria-level=\"1\"><b>Direito de apresentar uma reclama\u00e7\u00e3o \u00e0 Inspe\u00e7\u00e3o Estadual de Prote\u00e7\u00e3o de Dados.<\/b><\/li>\n<\/ul>\n<p>&nbsp;<\/p>\n<p><a href=\"https:\/\/robin.jobs\/pt\/wp-content\/uploads\/sites\/11\/2021\/06\/privacy-rules-freelancers-en.docx\">Pol\u00edtica de Privacidade para Freelancers parceiros da Robin<\/a><\/p>\n","protected":false},"excerpt":{"rendered":"<p>UAB Robin Jobs &#8211; Sucursal em Portugal preocupa-se com a prote\u00e7\u00e3o das suas informa\u00e7\u00f5es. Cumprimos o Regulamento Geral de Prote\u00e7\u00e3o de Dados da Uni\u00e3o Europeia (GDPR) e outras leis que protegem as informa\u00e7\u00f5es recolhidas, que usamos e armazenamos na nossa Empresa. 1. Pol\u00edtica de Privacidade A nossa Pol\u00edtica de Privacidade responder\u00e1 \u00e0s perguntas mais importantes&#8230;<\/p>\n","protected":false},"author":1,"featured_media":0,"parent":0,"menu_order":0,"comment_status":"closed","ping_status":"closed","template":"","meta":{"_acf_changed":false,"inline_featured_image":false,"footnotes":""},"class_list":["post-176454","page","type-page","status-publish","hentry"],"acf":[],"_links":{"self":[{"href":"https:\/\/robin.jobs\/pt\/wp-json\/wp\/v2\/pages\/176454","targetHints":{"allow":["GET"]}}],"collection":[{"href":"https:\/\/robin.jobs\/pt\/wp-json\/wp\/v2\/pages"}],"about":[{"href":"https:\/\/robin.jobs\/pt\/wp-json\/wp\/v2\/types\/page"}],"author":[{"embeddable":true,"href":"https:\/\/robin.jobs\/pt\/wp-json\/wp\/v2\/users\/1"}],"replies":[{"embeddable":true,"href":"https:\/\/robin.jobs\/pt\/wp-json\/wp\/v2\/comments?post=176454"}],"version-history":[{"count":5,"href":"https:\/\/robin.jobs\/pt\/wp-json\/wp\/v2\/pages\/176454\/revisions"}],"predecessor-version":[{"id":1209877,"href":"https:\/\/robin.jobs\/pt\/wp-json\/wp\/v2\/pages\/176454\/revisions\/1209877"}],"wp:attachment":[{"href":"https:\/\/robin.jobs\/pt\/wp-json\/wp\/v2\/media?parent=176454"}],"curies":[{"name":"wp","href":"https:\/\/api.w.org\/{rel}","templated":true}]}}