{"id":1209818,"date":"2021-06-08T13:40:38","date_gmt":"2021-06-08T12:40:38","guid":{"rendered":"https:\/\/robin.jobs\/pt\/privacy-policy-for-registered-users"},"modified":"2021-06-10T12:27:41","modified_gmt":"2021-06-10T11:27:41","slug":"privacy-policy-for-registered-users","status":"publish","type":"page","link":"https:\/\/robin.jobs\/pt\/privacy-policy-for-registered-users","title":{"rendered":"UAB Robin Jobs &#8211; Sucursal em Portugal  POL\u00cdTICA DE PRIVACIDADE PARA USU\u00c1RIOS REGISTRADOS"},"content":{"rendered":"<p><span style=\"font-weight: 400;\">UAB Robin Jobs &#8211; Sucursal em Portugal preocupa-se com a prote\u00e7\u00e3o das suas informa\u00e7\u00f5es. Cumprimos o Regulamento Geral de Prote\u00e7\u00e3o de Dados da Uni\u00e3o Europeia (GDPR) e outras leis que protegem as suas informa\u00e7\u00f5es que recolhemos, usamos e armazenamos em nossa Empresa.<\/span><\/p>\n<p>&nbsp;<\/p>\n<ul>\n<li aria-level=\"1\"><b>Como devo ler este Aviso?<\/b><\/li>\n<\/ul>\n<p>&nbsp;<\/p>\n<p><span style=\"font-weight: 400;\">Esta Pol\u00edtica de Privacidade responder\u00e1 \u00e0s principais quest\u00f5es sobre como recolhemos, usamos e armazenamos informa\u00e7\u00f5es sobre si. Caso tenha alguma d\u00favida ou qualquer parte deste Aviso n\u00e3o esteja clara, estamos prontos para ajud\u00e1-lo conforme descrito na Se\u00e7\u00e3o 10 desta Pol\u00edtica de Privacidade. Observe que qualquer refer\u00eancia \u00e0 palavra \u201cn\u00f3s\u201d nesta Pol\u00edtica de Privacidade significa nossa Empresa, conforme indicado na Se\u00e7\u00e3o 2 da Pol\u00edtica de Privacidade.<\/span><\/p>\n<p>&nbsp;<\/p>\n<ul>\n<li aria-level=\"1\"><b>Quem \u00e9 o respons\u00e1vel pela prote\u00e7\u00e3o das minhas informa\u00e7\u00f5es?<\/b><\/li>\n<\/ul>\n<p>&nbsp;<\/p>\n<p><span style=\"font-weight: 400;\">Somos respons\u00e1veis pela prote\u00e7\u00e3o das suas informa\u00e7\u00f5es, tanto quanto elas estejam relacionadas aos prop\u00f3sitos estabelecidos na Se\u00e7\u00e3o 4, conforme detalhado nos par\u00e1grafos 5-10 abaixo:<\/span><\/p>\n<p><span style=\"font-weight: 400;\">N\u00f3s somos &#8211; UAB Robin Jobs &#8211; Sucursal em Portugal;<\/span><\/p>\n<p><span style=\"font-weight: 400;\">C\u00f3digo legal da entidade: 980577462;<\/span><\/p>\n<p><span style=\"font-weight: 400;\">Nosso endere\u00e7o: Rua Luciano Cordeiro n\u00ba 14 R\/C Letra A, 1150-215, Lisboa;<\/span><\/p>\n<p><span style=\"font-weight: 400;\">E-mail: finance@robin.jobs.<\/span><\/p>\n<p>&nbsp;<\/p>\n<ul>\n<li aria-level=\"1\"><b>Quem \u00e9 o respons\u00e1vel pela prote\u00e7\u00e3o das informa\u00e7\u00f5es que forneci ap\u00f3s a escolha da oferta de trabalho?<\/b><\/li>\n<\/ul>\n<p>&nbsp;<\/p>\n<p><span style=\"font-weight: 400;\">Observamos que n\u00e3o somos o empregador que procura funcion\u00e1rios &#8211; somos uma ag\u00eancia, ou seja, uma das ag\u00eancias que procura funcion\u00e1rios em nome do empregador. Depois de escolher a oferta de emprego de seu interesse e comunicar as informa\u00e7\u00f5es solicitadas, atuamos como o processador dos dados do empregador (recolhemos informa\u00e7\u00f5es sobre candidatos em potencial em nome do empregador e comunicamos essas informa\u00e7\u00f5es \u00e0 ag\u00eancia de coloca\u00e7\u00e3o em contato direto com o empregador ou diretamente ao empregador).<\/span><b> A responsabilidade pela prote\u00e7\u00e3o das informa\u00e7\u00f5es fornecidas ap\u00f3s a escolha da oferta de trabalho de seu interesse \u00e9 do empregador.<\/b><\/p>\n<p>&nbsp;<\/p>\n<p><span style=\"font-weight: 400;\">Observamos que, em muitos casos, n\u00e3o somos a \u00fanica ag\u00eancia, portanto, as informa\u00e7\u00f5es sobre a coloca\u00e7\u00e3o de um emprego sobre si podem ser comunicadas a outra ag\u00eancia de coloca\u00e7\u00e3o em vez de diretamente ao empregador.<\/span><\/p>\n<p>&nbsp;<\/p>\n<p><span style=\"font-weight: 400;\">Pode encontrar mais informa\u00e7\u00f5es sobre como um determinado empregador recolhe, usa e armazena informa\u00e7\u00f5es sobre si na pol\u00edtica de privacidade do empregador dispon\u00edvel com a oferta de emprego (o empregador \u00e9 respons\u00e1vel pela recolha, uso e armazenamento dos seus dados e pelo uso do trabalho ag\u00eancias de coloca\u00e7\u00e3o, bem como pelas suas a\u00e7\u00f5es envolvendo dados pessoais). A pol\u00edtica tamb\u00e9m detalha as a\u00e7\u00f5es que realizamos em nome do empregador.<\/span><\/p>\n<p>&nbsp;<\/p>\n<p><span style=\"font-weight: 400;\">Observamos que, na qualidade de ag\u00eancia, recolhemos, usamos e armazenamos as seguintes informa\u00e7\u00f5es sobre si:<\/span><\/p>\n<ul>\n<li style=\"font-weight: 400;\" aria-level=\"1\"><span style=\"font-weight: 400;\">uma c\u00f3pia do seu documento de identidade;<\/span><\/li>\n<li style=\"font-weight: 400;\" aria-level=\"1\"><span style=\"font-weight: 400;\">n\u00famero da conta de banco;<\/span><\/li>\n<li style=\"font-weight: 400;\" aria-level=\"1\"><span style=\"font-weight: 400;\">a sua morada;<\/span><\/li>\n<li style=\"font-weight: 400;\" aria-level=\"1\"><span style=\"font-weight: 400;\">uma c\u00f3pia da sua carta de condu\u00e7\u00e3o (se houver);<\/span><\/li>\n<li style=\"font-weight: 400;\" aria-level=\"1\"><span style=\"font-weight: 400;\">o seu curr\u00edculo em ingl\u00eas;<\/span><\/li>\n<li style=\"font-weight: 400;\" aria-level=\"1\"><span style=\"font-weight: 400;\">o seu contrato assinado de presta\u00e7\u00e3o de servi\u00e7os \/ contrato de trabalho;<\/span><\/li>\n<li style=\"font-weight: 400;\" aria-level=\"1\"><span style=\"font-weight: 400;\">um certificado de registro criminal;<\/span><\/li>\n<li style=\"font-weight: 400;\" aria-level=\"1\"><span style=\"font-weight: 400;\">N\u00famero de servi\u00e7o de cidad\u00e3o holand\u00eas (BSN) (se houver; se o empregador que escolheu for na Holanda);<\/span><\/li>\n<li style=\"font-weight: 400;\" aria-level=\"1\"><span style=\"font-weight: 400;\">outros documentos que fornece.<\/span><\/li>\n<\/ul>\n<p>&nbsp;<\/p>\n<ul>\n<li aria-level=\"1\"><b>Que informa\u00e7\u00f5es sobre mim devo fornecer?<\/b><\/li>\n<\/ul>\n<p>&nbsp;<\/p>\n<p><span style=\"font-weight: 400;\">Recolhemos, usamos e armazenamos os seus dados pelos seguintes motivos:<\/span><\/p>\n<ul>\n<li style=\"font-weight: 400;\" aria-level=\"1\"><span style=\"font-weight: 400;\">a sua conta no nosso site &#8211; ao registar-se no nosso site, aceita esta Pol\u00edtica de Privacidade e concorda com os termos e condi\u00e7\u00f5es do contrato de presta\u00e7\u00e3o de servi\u00e7os de ag\u00eancia de emprego, portanto, considera-se que celebra um contrato connosco;<\/span><\/li>\n<li style=\"font-weight: 400;\" aria-level=\"1\"><span style=\"font-weight: 400;\">para a presta\u00e7\u00e3o de servi\u00e7os mais personalizados &#8211; ao se registar no nosso site, fornece diferentes informa\u00e7\u00f5es sobre si e as suas necessidades (por exemplo, \u00e1rea de trabalho desejada, prefer\u00eancia por trabalhar no exterior, etc.), que n\u00e3o s\u00e3o obrigat\u00f3rias para a presta\u00e7\u00e3o de servi\u00e7os;<\/span><\/li>\n<li style=\"font-weight: 400;\" aria-level=\"1\"><span style=\"font-weight: 400;\">para enviar ofertas de emprego por e-mail &#8211; assim que se registar no nosso site, para o ajudar a encontrar uma oferta de emprego adequada o mais rapidamente poss\u00edvel, iremos enviar-lhe ofertas de emprego por e-mail durante 10 dias ap\u00f3s o registo;<\/span><\/li>\n<li style=\"font-weight: 400;\" aria-level=\"1\"><span style=\"font-weight: 400;\">para a defesa dos nossos leg\u00edtimos interesses &#8211; se necess\u00e1rio, poder\u00edamos usar os seus dados pessoais na defesa dos nossos leg\u00edtimos interesses, incluindo a reputa\u00e7\u00e3o, em tribunais, institui\u00e7\u00f5es de resolu\u00e7\u00e3o de lit\u00edgios pr\u00e9-judiciais e outras autoridades competentes.<\/span><\/li>\n<\/ul>\n<p>&nbsp;<\/p>\n<ul>\n<li aria-level=\"1\"><b>What information about myself should I provide to you?<\/b><\/li>\n<\/ul>\n<p>&nbsp;<\/p>\n<p><span style=\"font-weight: 400;\">Ao se registar no nosso site, deve fornecer as seguintes informa\u00e7\u00f5es sobre si:<\/span><\/p>\n<ul>\n<li style=\"font-weight: 400;\" aria-level=\"1\"><span style=\"font-weight: 400;\">dados de identifica\u00e7\u00e3o (nome, sobrenome, data de nascimento);<\/span><\/li>\n<li style=\"font-weight: 400;\" aria-level=\"1\"><span style=\"font-weight: 400;\">detalhes de contacto (endere\u00e7o de e-mail, n\u00famero de telefone);<\/span><\/li>\n<li style=\"font-weight: 400;\" aria-level=\"1\"><span style=\"font-weight: 400;\">informa\u00e7\u00f5es sobre seu g\u00eanero;<\/span><\/li>\n<li style=\"font-weight: 400;\" aria-level=\"1\"><span style=\"font-weight: 400;\">informa\u00e7\u00f5es sobre o seu n\u00edvel de conhecimento de ingl\u00eas (sem ingl\u00eas, iniciante ou avan\u00e7ado);<\/span><\/li>\n<li style=\"font-weight: 400;\" aria-level=\"1\"><span style=\"font-weight: 400;\">informa\u00e7\u00f5es se pretende ir para o estrangeiro sozinho ou com o seu namorado \/ namorada \/\/ parceiro ap\u00f3s encontrar um emprego.<\/span><\/li>\n<\/ul>\n<p>&nbsp;<\/p>\n<p><span style=\"font-weight: 400;\">Tamb\u00e9m pode, mas n\u00e3o \u00e9 obrigado a, fornecer as seguintes informa\u00e7\u00f5es sobre si:<\/span><\/p>\n<ul>\n<li style=\"font-weight: 400;\" aria-level=\"1\"><span style=\"font-weight: 400;\">se possui carta de condu\u00e7\u00e3o da categoria B;<\/span><\/li>\n<li style=\"font-weight: 400;\" aria-level=\"1\"><span style=\"font-weight: 400;\">uma fotografia;<\/span><\/li>\n<li style=\"font-weight: 400;\" aria-level=\"1\"><span style=\"font-weight: 400;\">uma \u00e1rea de trabalho desej\u00e1vel (por exemplo, produ\u00e7\u00e3o, log\u00edstica, servi\u00e7os, agricultura, etc.);<\/span><\/li>\n<li style=\"font-weight: 400;\" aria-level=\"1\"><span style=\"font-weight: 400;\">informa\u00e7\u00f5es sobre quando est\u00e1 pronto para se mudar para o exterior e come\u00e7ar a trabalhar;<\/span><\/li>\n<li style=\"font-weight: 400;\" aria-level=\"1\"><span style=\"font-weight: 400;\">informa\u00e7\u00f5es sobre o que considera uma vantagem para trabalhar no exterior.<\/span><\/li>\n<\/ul>\n<p>&nbsp;<\/p>\n<p><span style=\"font-weight: 400;\">Se nos comunicar essas informa\u00e7\u00f5es, estaremos em condi\u00e7\u00f5es de fazer-lhe ofertas de trabalho que atendam melhor \u00e0s suas expectativas.<\/span><\/p>\n<p>&nbsp;<\/p>\n<ul>\n<li aria-level=\"1\"><b>Qual \u00e9 a base legal para recolher informa\u00e7\u00f5es sobre mim?<\/b><\/li>\n<\/ul>\n<p>&nbsp;<\/p>\n<p><span style=\"font-weight: 400;\">Recolhemos informa\u00e7\u00f5es sobre voc\u00ea legalmente com base nos seguintes motivos:<\/span><\/p>\n<ul>\n<li style=\"font-weight: 400;\" aria-level=\"1\"><span style=\"font-weight: 400;\">ao criar uma conta em nosso site, \u00abfaz um contrato conosco (Artigo 6 (1) (b) do GDPR);<\/span><\/li>\n<li style=\"font-weight: 400;\" aria-level=\"1\"><span style=\"font-weight: 400;\">quando nos comunica informa\u00e7\u00f5es adicionais sobre si para obter ofertas de emprego mais personalizadas, contamos com o seu consentimento (Artigo 6 (1) (a) do GDPR);<\/span><\/li>\n<li style=\"font-weight: 400;\" aria-level=\"1\"><span style=\"font-weight: 400;\">temos um interesse leg\u00edtimo em proteger nossos direitos em tribunais e outras autoridades (Artigo 6 (1) (f) do RGPD);<\/span><\/li>\n<li style=\"font-weight: 400;\" aria-level=\"1\"><span style=\"font-weight: 400;\">para o envio de ofertas de emprego por e-mail (artigo 6.\u00ba, n.\u00ba 1, al\u00ednea f), do RGPD).<\/span><\/li>\n<\/ul>\n<p>&nbsp;<\/p>\n<ul>\n<li aria-level=\"1\"><b>Do you transfer information about me to anybody?<\/b><\/li>\n<\/ul>\n<p>&nbsp;<\/p>\n<p><span style=\"font-weight: 400;\">Informa\u00e7\u00f5es sobre si podem ser transferidas para:<\/span><\/p>\n<ul>\n<li style=\"font-weight: 400;\" aria-level=\"1\"><span style=\"font-weight: 400;\">os nossos provedores de servi\u00e7os &#8211; provedores de comunica\u00e7\u00e3o (e-mail), servi\u00e7os de reposit\u00f3rio de dados que assumem obriga\u00e7\u00f5es de confidencialidade e seguran\u00e7a conforme previsto na legisla\u00e7\u00e3o de prote\u00e7\u00e3o de dados pessoais;<\/span><\/li>\n<li style=\"font-weight: 400;\" aria-level=\"1\"><span style=\"font-weight: 400;\">as empresas que prestam servi\u00e7os jur\u00eddicos e \/ ou escrit\u00f3rios de advocacia na medida necess\u00e1ria \u00e0 defesa de nossos leg\u00edtimos interesses;<\/span><\/li>\n<li style=\"font-weight: 400;\" aria-level=\"1\"><span style=\"font-weight: 400;\">os tribunais, institui\u00e7\u00f5es pr\u00e9-judiciais de resolu\u00e7\u00e3o de disputas e outras autoridades estaduais, quando necess\u00e1rio para a defesa de nossos direitos;<\/span><\/li>\n<li style=\"font-weight: 400;\" aria-level=\"1\"><span style=\"font-weight: 400;\">os oficiais de justi\u00e7a na medida do necess\u00e1rio para recuperar os montantes atribu\u00eddos.<\/span><\/li>\n<\/ul>\n<p>&nbsp;<\/p>\n<ul>\n<li aria-level=\"1\"><b>Por quanto tempo armazena informa\u00e7\u00f5es sobre mim?<\/b><\/li>\n<\/ul>\n<p>&nbsp;<\/p>\n<p><span style=\"font-weight: 400;\">As suas informa\u00e7\u00f5es ser\u00e3o armazenadas conforme descrito abaixo:<\/span><\/p>\n<ul>\n<li style=\"font-weight: 400;\" aria-level=\"1\"><span style=\"font-weight: 400;\">a sua conta ser\u00e1 armazenada por tr\u00eas anos ap\u00f3s o \u00faltimo login e ser\u00e1 exclu\u00edda automaticamente ao expirar este limite de tempo;<\/span><\/li>\n<li style=\"font-weight: 400;\" aria-level=\"1\"><span style=\"font-weight: 400;\">para o envio de ofertas de emprego, os seus dados ser\u00e3o utilizados 10 dias ap\u00f3s o registo no nosso site;<\/span><\/li>\n<li style=\"font-weight: 400;\" aria-level=\"1\"><span style=\"font-weight: 400;\">os documentos apresentados aos tribunais ou outras institui\u00e7\u00f5es de resolu\u00e7\u00e3o de lit\u00edgios ou de aplica\u00e7\u00e3o da lei devem ser armazenados por 1 ano ap\u00f3s a decis\u00e3o final;<\/span><\/li>\n<li style=\"font-weight: 400;\" aria-level=\"1\"><span style=\"font-weight: 400;\">as ordens de execu\u00e7\u00e3o dos tribunais e dos oficiais de justi\u00e7a devem ser conservadas durante 10 anos ap\u00f3s o fim dos pagamentos.<\/span><\/li>\n<\/ul>\n<p>&nbsp;<\/p>\n<ul>\n<li aria-level=\"1\"><b>Que direitos eu tenho?<\/b><\/li>\n<\/ul>\n<p>&nbsp;<\/p>\n<p><span style=\"font-weight: 400;\">Para tomar qualquer uma das a\u00e7\u00f5es mencionadas abaixo, entre em contato conosco conforme especificado na Se\u00e7\u00e3o 10. Observe que esses direitos est\u00e3o sujeitos a condi\u00e7\u00f5es legais e exce\u00e7\u00f5es:<\/span><\/p>\n<ul>\n<li aria-level=\"1\"><b>Direito de solicitar acesso \u00e0s informa\u00e7\u00f5es que temos sobre si, se processarmos os seus dados pessoais que permitam a sua identifica\u00e7\u00e3o;<\/b><\/li>\n<\/ul>\n<ul>\n<li aria-level=\"1\"><b>Direito de solicitar retifica\u00e7\u00e3o ou complementa\u00e7\u00e3o das informa\u00e7\u00f5es mantidas sobre si;<\/b><\/li>\n<li aria-level=\"1\"><b>Direito de solicitar o apagamento de dados sobre si, onde:<\/b><\/li>\n<li aria-level=\"1\"><b>os seus dados s\u00e3o processados com base no seu consentimento;<\/b><\/li>\n<\/ul>\n<ul>\n<li aria-level=\"1\"><b>os seus dados s\u00e3o processados ilegalmente;<\/b><\/li>\n<\/ul>\n<ul>\n<li aria-level=\"1\"><b>os seus dados s\u00e3o processados com base no nosso interesse leg\u00edtimo que refuta;<\/b><\/li>\n<\/ul>\n<ul>\n<li aria-level=\"1\"><b>os seus dados n\u00e3o s\u00e3o mais necess\u00e1rios em rela\u00e7\u00e3o aos fins para os quais foram recolhidos;<\/b><\/li>\n<\/ul>\n<ul>\n<li aria-level=\"1\"><b>os temos a obriga\u00e7\u00e3o legal de apagar informa\u00e7\u00f5es sobre si;<\/b><\/li>\n<\/ul>\n<ul>\n<li aria-level=\"1\"><b>Direito de solicitar a restri\u00e7\u00e3o do processamento das informa\u00e7\u00f5es mantidas sobre si quando contesta a exatid\u00e3o dos dados ou se op\u00f5e ao processamento de dados, n\u00e3o concorda com a elimina\u00e7\u00e3o dos dados processados ilegalmente sobre si, ou quando precisa dos dados para o estabelecimento, exerc\u00edcio ou defesa de reivindica\u00e7\u00f5es legais;<\/b><\/li>\n<\/ul>\n<ul>\n<li aria-level=\"1\"><b>Direito de contestar a recolha, uso e armazenamento das suas informa\u00e7\u00f5es na nossa empresa, onde processamos seus dados com base em um interesse leg\u00edtimo;<\/b><\/li>\n<\/ul>\n<ul>\n<li aria-level=\"1\"><b>Direito de solicitar a exporta\u00e7\u00e3o dos seus dados quando nos forneceu dados num formato estruturado e comumente usado e deu consentimento para o processamento de tais dados ou onde tivemos que processar tais dados para a execu\u00e7\u00e3o de um contrato consigo;<\/b><\/li>\n<\/ul>\n<ul>\n<li aria-level=\"1\"><b>Direito de retirar o consentimento dado para o processamento de dados pessoais a qualquer momento;<\/b><\/li>\n<\/ul>\n<ul>\n<li aria-level=\"1\"><b>Direito de apresentar uma reclama\u00e7\u00e3o \u00e0 Inspe\u00e7\u00e3o Estadual de Prote\u00e7\u00e3o de Dados.<\/b><\/li>\n<\/ul>\n<p>&nbsp;<\/p>\n<p><span style=\"font-weight: 400;\">Quando a sua solicita\u00e7\u00e3o para as a\u00e7\u00f5es acima mencionadas diz respeito \u00e0 recolha, uso e armazenamento dos seus dados pessoais para fins de contrata\u00e7\u00e3o com um empregador espec\u00edfico, ou seja, onde operamos como uma ag\u00eancia, a sua solicita\u00e7\u00e3o ser\u00e1 encaminhada ao empregador ou a outra ag\u00eancia utilizado pelo empregador. Se n\u00e3o indicar um empregador espec\u00edfico em sua solicita\u00e7\u00e3o, receber\u00e1 uma solicita\u00e7\u00e3o dessa informa\u00e7\u00e3o.<\/span><\/p>\n<p>&nbsp;<\/p>\n<ul>\n<li aria-level=\"2\"><b>Como me pode ajudar?<\/b><\/li>\n<\/ul>\n<p>&nbsp;<\/p>\n<p><span style=\"font-weight: 400;\">Se tiver alguma d\u00favida, coment\u00e1rio ou reclama\u00e7\u00e3o em rela\u00e7\u00e3o \u00e0 forma como recolhemos, usamos e armazenamos dados sobre si, estamos prontos para ajud\u00e1-lo. Se precisar de ajuda, entre em contato conosco pelo e-mail finance@robin.jobs.<\/span><\/p>\n","protected":false},"excerpt":{"rendered":"<p>UAB Robin Jobs &#8211; Sucursal em Portugal preocupa-se com a prote\u00e7\u00e3o das suas informa\u00e7\u00f5es. Cumprimos o Regulamento Geral de Prote\u00e7\u00e3o de Dados da Uni\u00e3o Europeia (GDPR) e outras leis que protegem as suas informa\u00e7\u00f5es que recolhemos, usamos e armazenamos em nossa Empresa. &nbsp; Como devo ler este Aviso? &nbsp; Esta Pol\u00edtica de Privacidade responder\u00e1 \u00e0s&#8230;<\/p>\n","protected":false},"author":1,"featured_media":0,"parent":0,"menu_order":0,"comment_status":"closed","ping_status":"closed","template":"page-templates\/privacy-policy.php","meta":{"_acf_changed":false,"inline_featured_image":false,"footnotes":""},"class_list":["post-1209818","page","type-page","status-publish","hentry"],"acf":[],"_links":{"self":[{"href":"https:\/\/robin.jobs\/pt\/wp-json\/wp\/v2\/pages\/1209818","targetHints":{"allow":["GET"]}}],"collection":[{"href":"https:\/\/robin.jobs\/pt\/wp-json\/wp\/v2\/pages"}],"about":[{"href":"https:\/\/robin.jobs\/pt\/wp-json\/wp\/v2\/types\/page"}],"author":[{"embeddable":true,"href":"https:\/\/robin.jobs\/pt\/wp-json\/wp\/v2\/users\/1"}],"replies":[{"embeddable":true,"href":"https:\/\/robin.jobs\/pt\/wp-json\/wp\/v2\/comments?post=1209818"}],"version-history":[{"count":4,"href":"https:\/\/robin.jobs\/pt\/wp-json\/wp\/v2\/pages\/1209818\/revisions"}],"predecessor-version":[{"id":1209885,"href":"https:\/\/robin.jobs\/pt\/wp-json\/wp\/v2\/pages\/1209818\/revisions\/1209885"}],"wp:attachment":[{"href":"https:\/\/robin.jobs\/pt\/wp-json\/wp\/v2\/media?parent=1209818"}],"curies":[{"name":"wp","href":"https:\/\/api.w.org\/{rel}","templated":true}]}}