{"id":1209817,"date":"2021-06-08T13:40:38","date_gmt":"2021-06-08T12:40:38","guid":{"rendered":"https:\/\/robin.jobs\/pt\/privacy-policy-for-persons-submitting-inquiries-requests-complaints"},"modified":"2021-06-10T12:22:58","modified_gmt":"2021-06-10T11:22:58","slug":"privacy-policy-for-persons-submitting-inquiries-requests-complaints","status":"publish","type":"page","link":"https:\/\/robin.jobs\/pt\/privacy-policy-for-persons-submitting-inquiries-requests-complaints","title":{"rendered":"UAB Robin Jobs &#8211; Sucursal em Portugal POL\u00cdTICA DE PRIVACIDADE PARA PESSOAS QUE ENVIAM QUEST\u00d5ES, PEDIDOS, RECLAMA\u00c7\u00d5ES"},"content":{"rendered":"<p><span style=\"font-weight: 400;\">UAB Robin Jobs &#8211; Sucursal em Portugal preocupa-se com a prote\u00e7\u00e3o de suas informa\u00e7\u00f5es. Cumprimos o Regulamento Geral de Prote\u00e7\u00e3o de Dados da Uni\u00e3o Europeia (GDPR) e outras leis que protegem as suas informa\u00e7\u00f5es que recolhemos, usamos e armazenamos na nossa Empresa.<\/span><\/p>\n<p>&nbsp;<\/p>\n<ul>\n<li aria-level=\"2\"><b>Como devo ler esta Pol\u00edtica de Privacidade?<\/b><\/li>\n<\/ul>\n<p>&nbsp;<\/p>\n<p><span style=\"font-weight: 400;\">Esta Pol\u00edtica de Privacidade responder\u00e1 \u00e0s principais quest\u00f5es sobre como recolhemos, usamos e armazenamos informa\u00e7\u00f5es sobre si. Caso tenha alguma d\u00favida ou qualquer parte deste Aviso n\u00e3o esteja clara, estamos prontos para ajud\u00e1-lo conforme descrito na Se\u00e7\u00e3o 10 desta Pol\u00edtica de Privacidade. Observe que qualquer refer\u00eancia \u00e0 palavra \u201cn\u00f3s\u201d nesta Pol\u00edtica de Privacidade significa nossa Empresa, conforme indicado na Se\u00e7\u00e3o 2 da Pol\u00edtica de Privacidade.<\/span><\/p>\n<p>&nbsp;<\/p>\n<ul>\n<li aria-level=\"2\"><b>Quem \u00e9 o respons\u00e1vel pela prote\u00e7\u00e3o das minhas informa\u00e7\u00f5es?\u00a0<\/b><\/li>\n<\/ul>\n<p>&nbsp;<\/p>\n<p>N\u00f3s somos\u00a0\u2013\u00a0UAB ROBIN JOBS \u2013 SUCURSAL EM PORTUGAL\u00a0;<\/p>\n<p>C\u00f3digo legal da entidade: 980577462<\/p>\n<p><span style=\"font-weight: 400;\">Nosso endere\u00e7o: Rua Luciano Cordeiro n\u00ba 14 R\/C Letra A, 1150-215, Lisboa;<\/span><\/p>\n<p><span style=\"font-weight: 400;\">E-mail: finance@robin.jobs<\/span><\/p>\n<p>&nbsp;<\/p>\n<ul>\n<li aria-level=\"2\"><b>Por que recolhem informa\u00e7\u00f5es sobre mim?<\/b><\/li>\n<\/ul>\n<p>&nbsp;<\/p>\n<p><span style=\"font-weight: 400;\">Recolhemos, usamos e armazenamos seus dados pelos seguintes motivos:<\/span><\/p>\n<ul>\n<li style=\"font-weight: 400;\" aria-level=\"1\"><span style=\"font-weight: 400;\">ser capaz de administrar as consultas, solicita\u00e7\u00f5es e reclama\u00e7\u00f5es recebidas e respond\u00ea-las de maneira adequada;<\/span><\/li>\n<li style=\"font-weight: 400;\" aria-level=\"1\"><span style=\"font-weight: 400;\">temos a obriga\u00e7\u00e3o legal de manter um registo das atividades da Empresa;<\/span><\/li>\n<li style=\"font-weight: 400;\" aria-level=\"1\"><span style=\"font-weight: 400;\">para a defesa dos nossos leg\u00edtimos interesses &#8211; se necess\u00e1rio, poder\u00edamos usar os seus dados pessoais na defesa dos nossos leg\u00edtimos interesses, incluindo a reputa\u00e7\u00e3o, em tribunais, institui\u00e7\u00f5es de resolu\u00e7\u00e3o de lit\u00edgios pr\u00e9-judiciais e outras autoridades competentes.<\/span><\/li>\n<\/ul>\n<p>&nbsp;<\/p>\n<ul>\n<li aria-level=\"2\"><b>Que informa\u00e7\u00f5es devo fornecer e porqu\u00ea?<\/b><\/li>\n<\/ul>\n<p>&nbsp;<\/p>\n<p><span style=\"font-weight: 400;\">Ao enviar uma consulta atrav\u00e9s dos endere\u00e7os de e-mail de contato indicados no site, por correio ou outro meio de comunica\u00e7\u00e3o, deve indicar o seu nome, sobrenome, e-mail ou outros dados de contato, assunto da consulta, bem como os dados relevantes para o inqu\u00e9rito. Ap\u00f3s o envio da sua consulta, pode ser solicitado que forne\u00e7a informa\u00e7\u00f5es adicionais sobre si para que possamos responder \u00e0 sua consulta de maneira adequada.<\/span><\/p>\n<p>&nbsp;<\/p>\n<ol>\n<li style=\"font-weight: 400;\" aria-level=\"2\"><b>Qual \u00e9 a base legal para recolher informa\u00e7\u00f5es sobre mim?<\/b><\/li>\n<\/ol>\n<p>&nbsp;<\/p>\n<p><span style=\"font-weight: 400;\">Recolhemos e armazenamos informa\u00e7\u00f5es sobre si legalmente com base nos seguintes motivos:\u00a0<\/span><\/p>\n<ul>\n<li style=\"font-weight: 400;\" aria-level=\"1\"><span style=\"font-weight: 400;\">quando nos faz uma consulta, solicita\u00e7\u00e3o ou reclama\u00e7\u00e3o em rela\u00e7\u00e3o a um contrato celebrado entre n\u00f3s ou em busca de um contrato, esses dados s\u00e3o recolhidos a fim de executar ou celebrar contratos (Artigo 6 (1) (b) do RGPD);<\/span><\/li>\n<li style=\"font-weight: 400;\" aria-level=\"1\"><span style=\"font-weight: 400;\">quando fizer uma consulta, solicita\u00e7\u00e3o de reclama\u00e7\u00e3o para n\u00f3s por qualquer motivo diferente da conclus\u00e3o do contrato ou execu\u00e7\u00e3o, temos um interesse leg\u00edtimo em administrar as consultas recebidas (Artigo 6 (1) (f) do RGPD);<\/span><\/li>\n<li style=\"font-weight: 400;\" aria-level=\"1\"><span style=\"font-weight: 400;\">temos a obriga\u00e7\u00e3o legal de armazenar consultas, solicita\u00e7\u00f5es e reclama\u00e7\u00f5es recebidas (Artigo 6 (1) (c) do GDPR);<\/span><\/li>\n<li style=\"font-weight: 400;\" aria-level=\"1\"><span style=\"font-weight: 400;\">temos um interesse leg\u00edtimo em proteger os nossos direitos em tribunais e outras autoridades (Artigo 6 (1) (f) do RGPD).<\/span><\/li>\n<li style=\"font-weight: 400;\" aria-level=\"1\"><\/li>\n<\/ul>\n<p>&nbsp;<\/p>\n<ol>\n<li style=\"font-weight: 400;\" aria-level=\"2\"><b>Recolhe alguma informa\u00e7\u00e3o sens\u00edvel sobre mim?<\/b><\/li>\n<\/ol>\n<p>&nbsp;<\/p>\n<p><span style=\"font-weight: 400;\">Informa\u00e7\u00f5es confidenciais sobre si n\u00e3o s\u00e3o recolhidas e, se n\u00e3o forem relevantes para a reclama\u00e7\u00e3o, solicita\u00e7\u00e3o ou consulta que fez ou planeia fazer, por favor, n\u00e3o inclua tais informa\u00e7\u00f5es. Se, no entanto, essas informa\u00e7\u00f5es forem fornecidas, consideraremos que deu o seu consentimento para o processamento de tais informa\u00e7\u00f5es (Artigo 9 (2) (a) do RGPD).<\/span><\/p>\n<p>&nbsp;<\/p>\n<ul>\n<li aria-level=\"2\"><b>Compartilha as minhas informa\u00e7\u00f5es com outras entidades?<\/b><\/li>\n<\/ul>\n<p>&nbsp;<\/p>\n<p><span style=\"font-weight: 400;\">Informa\u00e7\u00f5es sobre si podem ser transferidas para:\u00a0<\/span><\/p>\n<ul>\n<li style=\"font-weight: 400;\" aria-level=\"1\"><span style=\"font-weight: 400;\">empresas que prestam servi\u00e7os jur\u00eddicos e \/ ou escrit\u00f3rios de advocacia na medida necess\u00e1ria \u00e0 defesa dos nossos leg\u00edtimos interesses;<\/span><\/li>\n<li style=\"font-weight: 400;\" aria-level=\"1\"><span style=\"font-weight: 400;\">oficiais de justi\u00e7a na medida necess\u00e1ria para recuperar os valores atribu\u00eddos;<\/span><\/li>\n<li style=\"font-weight: 400;\" aria-level=\"1\"><span style=\"font-weight: 400;\">os nossos provedores de servi\u00e7os &#8211; provedores de servi\u00e7os de comunica\u00e7\u00e3o (e-mail) e reposit\u00f3rio de dados.<\/span><\/li>\n<\/ul>\n<p>&nbsp;<\/p>\n<ul>\n<li aria-level=\"2\"><b>Por quanto tempo armazenam informa\u00e7\u00f5es sobre mim?<\/b><\/li>\n<\/ul>\n<p>&nbsp;<\/p>\n<p><span style=\"font-weight: 400;\">As suas informa\u00e7\u00f5es ser\u00e3o armazenadas:<\/span><\/p>\n<ul>\n<li style=\"font-weight: 400;\" aria-level=\"1\"><span style=\"font-weight: 400;\">se a sua consulta se referir a um contrato que celebramos ou planeamos concluir, as suas informa\u00e7\u00f5es ser\u00e3o armazenadas por 10 anos ap\u00f3s o t\u00e9rmino do contrato;<\/span><\/li>\n<li style=\"font-weight: 400;\" aria-level=\"1\"><span style=\"font-weight: 400;\">se nos enviou uma reclama\u00e7\u00e3o, solicita\u00e7\u00e3o ou qualquer outra consulta, que n\u00e3o esteja relacionada \u00e0 conclus\u00e3o ou execu\u00e7\u00e3o de um contrato, iremos ret\u00ea-la por 1 ano ap\u00f3s a decis\u00e3o ter sido tomada em nossa empresa;<\/span><\/li>\n<li style=\"font-weight: 400;\" aria-level=\"1\"><span style=\"font-weight: 400;\">os documentos apresentados aos tribunais ou outras institui\u00e7\u00f5es de resolu\u00e7\u00e3o de lit\u00edgios ou de aplica\u00e7\u00e3o da lei devem ser armazenados por 1 ano ap\u00f3s a decis\u00e3o final;<\/span><\/li>\n<li style=\"font-weight: 400;\" aria-level=\"1\"><span style=\"font-weight: 400;\">as ordens de execu\u00e7\u00e3o dos tribunais e dos oficiais de justi\u00e7a devem ser conservadas durante 10 anos ap\u00f3s o fim dos pagamentos.<\/span><\/li>\n<\/ul>\n<p>&nbsp;<\/p>\n<ul>\n<li aria-level=\"2\"><b>Que a\u00e7\u00f5es posso tomar em rela\u00e7\u00e3o \u00e0s minhas informa\u00e7\u00f5es na sua empresa?<\/b><\/li>\n<\/ul>\n<p>&nbsp;<\/p>\n<p><span style=\"font-weight: 400;\">Para realizar qualquer uma das a\u00e7\u00f5es mencionadas abaixo, entre em contato conosco conforme especificado na Se\u00e7\u00e3o 10. Observe que esses direitos podem estar sujeitos a exce\u00e7\u00f5es e limita\u00e7\u00f5es legais.<\/span><\/p>\n<ul>\n<li aria-level=\"1\"><b>Direito de solicitar acesso \u00e0s informa\u00e7\u00f5es que temos sobre si, se processarmos os seus dados pessoais que permitam a sua identifica\u00e7\u00e3o;<\/b><\/li>\n<\/ul>\n<ul>\n<li aria-level=\"1\"><b>Direito de solicitar retifica\u00e7\u00e3o ou complementa\u00e7\u00e3o das informa\u00e7\u00f5es mantidas sobre si;<\/b><\/li>\n<\/ul>\n<ul>\n<li aria-level=\"1\"><b>Direito de solicitar o apagamento de dados sobre si, onde:<\/b><\/li>\n<\/ul>\n<p><b><\/b><br \/>\n<b><\/b><\/p>\n<ul>\n<li aria-level=\"1\"><b>os seus dados s\u00e3o processados com base no seu consentimento;<\/b><\/li>\n<\/ul>\n<ul>\n<li aria-level=\"1\"><b>os seus dados s\u00e3o processados ilegalmente;<\/b><\/li>\n<\/ul>\n<ul>\n<li aria-level=\"1\"><b>os seus dados s\u00e3o processados com base no nosso interesse leg\u00edtimo que refuta;<\/b><\/li>\n<\/ul>\n<ul>\n<li aria-level=\"1\"><b>os seus dados n\u00e3o s\u00e3o mais necess\u00e1rios em rela\u00e7\u00e3o aos fins para os quais foram recolhidos;<\/b><\/li>\n<\/ul>\n<ul>\n<li aria-level=\"1\"><b>os temos a obriga\u00e7\u00e3o legal de apagar informa\u00e7\u00f5es sobre si;<\/b><\/li>\n<\/ul>\n<ul>\n<li aria-level=\"1\"><b>Direito de solicitar a restri\u00e7\u00e3o do processamento das informa\u00e7\u00f5es mantidas sobre si quando contesta a exatid\u00e3o dos dados ou se op\u00f5e ao processamento de dados, n\u00e3o concorda com a elimina\u00e7\u00e3o dos dados processados ilegalmente sobre si, ou quando precisa dos dados para o estabelecimento, exerc\u00edcio ou defesa de reivindica\u00e7\u00f5es legais;<\/b><\/li>\n<\/ul>\n<ul>\n<li aria-level=\"1\"><b>Direito de contestar a recolha, uso e armazenamento das suas informa\u00e7\u00f5es na nossa empresa, onde processamos seus dados com base em um interesse leg\u00edtimo;<\/b><\/li>\n<\/ul>\n<ul>\n<li aria-level=\"1\"><b>Direito de solicitar a exporta\u00e7\u00e3o dos seus dados quando nos forneceu dados num formato estruturado e comumente usado e deu consentimento para o processamento de tais dados ou onde tivemos que processar tais dados para a execu\u00e7\u00e3o de um contrato consigo;<\/b><\/li>\n<\/ul>\n<ul>\n<li aria-level=\"1\"><b>Direito de retirar o consentimento dado para o processamento de dados pessoais a qualquer momento;<\/b><\/li>\n<\/ul>\n<ul>\n<li aria-level=\"1\"><b>Direito de apresentar uma reclama\u00e7\u00e3o \u00e0 Inspe\u00e7\u00e3o Estadual de Prote\u00e7\u00e3o de Dados (para obter mais informa\u00e7\u00f5es, consulte vdai.lrv.lt).<\/b><\/li>\n<\/ul>\n<p>&nbsp;<\/p>\n<p>&nbsp;<\/p>\n<ul>\n<li aria-level=\"2\"><b>Como me pode ajudar?<\/b><\/li>\n<\/ul>\n<p>&nbsp;<\/p>\n<p><span style=\"font-weight: 400;\">Se tiver alguma d\u00favida, coment\u00e1rio ou reclama\u00e7\u00e3o em rela\u00e7\u00e3o \u00e0 forma como recolhemos, usamos e armazenamos dados sobre si, estamos prontos para ajud\u00e1-lo. Se precisar de ajuda, entre em contato conosco pelo e-mail finance@robin.jobs.<\/span><\/p>\n","protected":false},"excerpt":{"rendered":"<p>UAB Robin Jobs &#8211; Sucursal em Portugal preocupa-se com a prote\u00e7\u00e3o de suas informa\u00e7\u00f5es. Cumprimos o Regulamento Geral de Prote\u00e7\u00e3o de Dados da Uni\u00e3o Europeia (GDPR) e outras leis que protegem as suas informa\u00e7\u00f5es que recolhemos, usamos e armazenamos na nossa Empresa. &nbsp; Como devo ler esta Pol\u00edtica de Privacidade? &nbsp; Esta Pol\u00edtica de Privacidade&#8230;<\/p>\n","protected":false},"author":1,"featured_media":0,"parent":0,"menu_order":0,"comment_status":"closed","ping_status":"closed","template":"page-templates\/privacy-policy.php","meta":{"_acf_changed":false,"inline_featured_image":false,"footnotes":""},"class_list":["post-1209817","page","type-page","status-publish","hentry"],"acf":[],"_links":{"self":[{"href":"https:\/\/robin.jobs\/pt\/wp-json\/wp\/v2\/pages\/1209817","targetHints":{"allow":["GET"]}}],"collection":[{"href":"https:\/\/robin.jobs\/pt\/wp-json\/wp\/v2\/pages"}],"about":[{"href":"https:\/\/robin.jobs\/pt\/wp-json\/wp\/v2\/types\/page"}],"author":[{"embeddable":true,"href":"https:\/\/robin.jobs\/pt\/wp-json\/wp\/v2\/users\/1"}],"replies":[{"embeddable":true,"href":"https:\/\/robin.jobs\/pt\/wp-json\/wp\/v2\/comments?post=1209817"}],"version-history":[{"count":3,"href":"https:\/\/robin.jobs\/pt\/wp-json\/wp\/v2\/pages\/1209817\/revisions"}],"predecessor-version":[{"id":1209881,"href":"https:\/\/robin.jobs\/pt\/wp-json\/wp\/v2\/pages\/1209817\/revisions\/1209881"}],"wp:attachment":[{"href":"https:\/\/robin.jobs\/pt\/wp-json\/wp\/v2\/media?parent=1209817"}],"curies":[{"name":"wp","href":"https:\/\/api.w.org\/{rel}","templated":true}]}}