{"id":1209816,"date":"2021-06-08T13:40:38","date_gmt":"2021-06-08T12:40:38","guid":{"rendered":"https:\/\/robin.jobs\/pt\/cookie-policy"},"modified":"2025-11-01T02:42:13","modified_gmt":"2025-11-01T02:42:13","slug":"cookie-policy","status":"publish","type":"page","link":"https:\/\/robin.jobs\/pt\/cookie-policy","title":{"rendered":"UAB Robin Jobs Pol\u00edtica de Cookies"},"content":{"rendered":"<p>\u00daltima atualiza\u00e7\u00e3o em: 2021-06-01<\/p>\n<h3>1. O que \u00e9 um cookie?<\/h3>\n<p><span style=\"font-weight: 400;\">Cookies s\u00e3o pequenos arquivos de texto armazenados no navegador do seu dispositivo (por exemplo, computador, telefone celular, tablet) quando est\u00e1 a navegar em websites. Outras tecnologias, incluindo os dados armazenados no seu navegador ou dispositivo, os identificadores relacionados ao seu dispositivo e outro software, s\u00e3o usados para fins semelhantes. Os cookies s\u00e3o amplamente usados para habilitar o desempenho do site ou para tornar seu desempenho melhor e mais eficiente. Todas as tecnologias acima mencionadas s\u00e3o chamadas de \u201ccookies\u201d nesta Pol\u00edtica.<\/span><\/p>\n<h3>2. Por que voc\u00ea usa cookies?<\/h3>\n<p><span style=\"font-weight: 400;\">Usamos cookies:<\/span><\/p>\n<ul>\n<li style=\"font-weight: 400;\" aria-level=\"1\"><span style=\"font-weight: 400;\">continuar a melhorar o site para que fique mais atraente para si;<\/span><\/li>\n<li style=\"font-weight: 400;\" aria-level=\"1\"><span style=\"font-weight: 400;\">monitorizar e analisar as tend\u00eancias de visitas no nosso site;<\/span><\/li>\n<li style=\"font-weight: 400;\" aria-level=\"1\"><span style=\"font-weight: 400;\">analisar como os consumidores usam o nosso site;<\/span><\/li>\n<li style=\"font-weight: 400;\" aria-level=\"1\"><span style=\"font-weight: 400;\">garantir o bom funcionamento do site e das suas fun\u00e7\u00f5es;<\/span><\/li>\n<li style=\"font-weight: 400;\" aria-level=\"1\"><span style=\"font-weight: 400;\">para tornar o marketing mais eficaz;<\/span><\/li>\n<li style=\"font-weight: 400;\" aria-level=\"1\"><span style=\"font-weight: 400;\">para mostrar v\u00eddeos do YouTube no nosso site;<\/span><\/li>\n<li style=\"font-weight: 400;\" aria-level=\"1\"><span style=\"font-weight: 400;\">para lembrar a sua escolha do idioma do site;<\/span><\/li>\n<li style=\"font-weight: 400;\" aria-level=\"1\"><span style=\"font-weight: 400;\">para informar sobre os cookies no nosso site de maneira adequada.<\/span><\/li>\n<\/ul>\n<h3>3. Quais s\u00e3o os tipos de cookies?<\/h3>\n<h4>a) Cookies estritamente necess\u00e1rios<\/h4>\n<p><span style=\"font-weight: 400;\">Esses cookies s\u00e3o necess\u00e1rios no site para que o usu\u00e1rio possa navegar e usar as fun\u00e7\u00f5es do site, por exemplo, memorizar as informa\u00e7\u00f5es inseridas nos formul\u00e1rios quando o usu\u00e1rio passa de uma p\u00e1gina para outra durante uma sess\u00e3o de navega\u00e7\u00e3o. Sem os cookies estritamente necess\u00e1rios, certos servi\u00e7os do site seriam imposs\u00edveis e o site n\u00e3o funcionaria t\u00e3o bem quanto deveria. Esses cookies n\u00e3o recolhem nenhuma informa\u00e7\u00e3o para fins de marketing e n\u00e3o registram as suas visitas online.<\/span><\/p>\n<h4>b) Cookies anal\u00edticos<\/h4>\n<p><span style=\"font-weight: 400;\">Os cookies anal\u00edticos recolhem informa\u00e7\u00f5es sobre o uso do site e ajudam a melhorar seu funcionamento. Por exemplo, os cookies anal\u00edticos podem mostrar quais p\u00e1ginas s\u00e3o visitadas com mais frequ\u00eancia, ajudar a registrar as falhas que ocorrem no site ou mostrar se a publicidade exibida no site \u00e9 eficaz. Os cookies anal\u00edticos n\u00e3o recolhem informa\u00e7\u00f5es pessoais dos visitantes e todas as informa\u00e7\u00f5es recolhidas por esses cookies s\u00e3o agregadas e an\u00f3nimas.<\/span><\/p>\n<h4>c) Cookies funcionais<\/h4>\n<p><span style=\"font-weight: 400;\">Os cookies funcionais permitem que o site memorize as suas escolhas e ofere\u00e7a fun\u00e7\u00f5es aprimoradas mais adaptadas \u00e0s suas necessidades. Os cookies funcionais tamb\u00e9m memorizam as altera\u00e7\u00f5es que faz, por exemplo, configura\u00e7\u00e3o individual numa p\u00e1gina de web espec\u00edfica, bem como em outros casos, por exemplo, quando assiste a um v\u00eddeo ou deixa um coment\u00e1rio no nosso site. Os cookies funcionais n\u00e3o rastreiam as suas a\u00e7\u00f5es noutros sites.<\/span><\/p>\n<h4>d) Cookies de publicidade<\/h4>\n<p><span style=\"font-weight: 400;\">Os cookies de publicidade permitem a apresenta\u00e7\u00e3o de an\u00fancios mais interessantes para melhor atender aos seus interesses ou a restri\u00e7\u00e3o de an\u00fancios na mesma linha de an\u00fancios no site que visita. Este tipo de cookies tamb\u00e9m \u00e9 usado para avaliar a efic\u00e1cia de uma campanha. Esses cookies podem ser usados para lembrar o que fez no site.<\/span><\/p>\n<h3>4. Que cookies usamos?<\/h3>\n<p><span style=\"font-weight: 400;\">Usamos os seguintes cookies no nosso site:<\/span><\/p>\n<table>\n<tbody>\n<tr>\n<td><strong>CATEGORIA DE COOKIE<\/strong><\/td>\n<td><strong>NOME DO COOKIE<\/strong><\/td>\n<td><strong>TEMPO DE VALIDADE DO COOKIE<\/strong><\/td>\n<td><strong>OBJETIVO DO COOKIE<\/strong><\/td>\n<\/tr>\n<tr>\n<td rowspan=\"2\"><span style=\"font-weight: 400;\">Cookies anal\u00edticos<\/span><\/td>\n<td><span style=\"font-weight: 400;\">_ga<\/span><\/td>\n<td><span style=\"font-weight: 400;\">2 anos<\/span><\/td>\n<td rowspan=\"2\"><span style=\"font-weight: 400;\">Cookies prim\u00e1rios do Google usados para recolher informa\u00e7\u00f5es sobre as visitas ao site e como os nossos visitantes usam o site. Os cookies recolhem informa\u00e7\u00f5es, como o n\u00famero de visitantes do site, informa\u00e7\u00f5es sobre o site de onde vieram os visitantes, as p\u00e1ginas visitadas no site, o navegador utilizado para a navega\u00e7\u00e3o, sistema operacional, etc.<\/span><\/td>\n<\/tr>\n<tr>\n<td><span style=\"font-weight: 400;\">_ga_xxxxxxxxxx<\/span><\/td>\n<td><span style=\"font-weight: 400;\">2 anos<\/span><\/td>\n<\/tr>\n<tr>\n<td rowspan=\"2\"><span style=\"font-weight: 400;\">Cookies funcionais<\/span><\/td>\n<td><span style=\"font-weight: 400;\">cookieBannerDisplayed<\/span><span style=\"font-weight: 400;\">\u00a0<\/span><\/td>\n<td><span style=\"font-weight: 400;\">At\u00e9 o final da sess\u00e3o de navega\u00e7\u00e3o<\/span><\/td>\n<td><span style=\"font-weight: 400;\">Para notifica\u00e7\u00f5es sobre o uso de cookies<\/span><\/td>\n<\/tr>\n<tr>\n<td><span style=\"font-weight: 400;\">public_lang<\/span><\/td>\n<td><span style=\"font-weight: 400;\">181\u00a0diass<\/span><\/td>\n<td><span style=\"font-weight: 400;\">Para memorizar o idioma do site usado<\/span><\/td>\n<\/tr>\n<tr>\n<td rowspan=\"15\"><span style=\"font-weight: 400;\">Advertising cookies<\/span><\/td>\n<td><span style=\"font-weight: 400;\">dpr<\/span><\/td>\n<td><span style=\"font-weight: 400;\">7 dias<\/span><\/td>\n<td><span style=\"font-weight: 400;\">Cookie de terceiros do Facebook para reter informa\u00e7\u00f5es sobre um usu\u00e1rio conectado do Facebook, a fim de oferecer an\u00fancios e atualizar o conte\u00fado. O conte\u00fado do cookie \u00e9 aprovado atrav\u00e9s dos termos e condi\u00e7\u00f5es de uso do Facebook.<\/span><\/td>\n<\/tr>\n<tr>\n<td><span style=\"font-weight: 400;\">fr<\/span><\/td>\n<td><span style=\"font-weight: 400;\">90 dias<\/span><\/td>\n<td><span style=\"font-weight: 400;\">Cookie do Facebook de terceiros para a apresenta\u00e7\u00e3o de an\u00fancios, medi\u00e7\u00e3o de convers\u00f5es de publicidade e para melhoria da relev\u00e2ncia do an\u00fancio.<\/span><\/td>\n<\/tr>\n<tr>\n<td><span style=\"font-weight: 400;\">IDE<\/span><\/td>\n<td><span style=\"font-weight: 400;\">390 dias<\/span><\/td>\n<td><span style=\"font-weight: 400;\">Cookie de terceiros da DoubleClick para a apresenta\u00e7\u00e3o de an\u00fancios do Google em sites que n\u00e3o sejam o Google. An\u00fancios direcionados s\u00e3o exibidos de acordo com as visitas anteriores no site. Esses cookies tamb\u00e9m medem as convers\u00f5es de publicidade.<\/span><\/td>\n<\/tr>\n<tr>\n<td><span style=\"font-weight: 400;\">test_cookie<\/span><\/td>\n<td><span style=\"font-weight: 400;\">V\u00e1rios segundos<\/span><\/td>\n<td><span style=\"font-weight: 400;\">Cookie de terceiros da DoubleClick para identificar se o navegador que o visitante est\u00e1 usando oferece suporte a cookies.<\/span><\/td>\n<\/tr>\n<tr>\n<td><span style=\"font-weight: 400;\">1P_JAR<\/span><\/td>\n<td><span style=\"font-weight: 400;\">30 dias<\/span><\/td>\n<td rowspan=\"10\"><span style=\"font-weight: 400;\">Esses cookies s\u00e3o salvos por meio de v\u00eddeos enviados do YouTube. Eles registam dados estat\u00edsticos an\u00f3nimos, por exemplo, quantas vezes o v\u00eddeo \u00e9 reproduzido e quais configura\u00e7\u00f5es s\u00e3o usadas para a reprodu\u00e7\u00e3o. Nenhum dado sens\u00edvel \u00e9 recolhido e, se n\u00e3o estiver conectado \u00e0 conta do Google, as suas a\u00e7\u00f5es ser\u00e3o vinculadas \u00e0 sua conta do Google, por exemplo, se clicar em \u201cgostar\u201d no v\u00eddeo.<\/span><\/p>\n<p><span style=\"font-weight: 400;\">Para receber mais informa\u00e7\u00f5es pode ler <\/span><a href=\"https:\/\/policies.google.com\/privacy?hl=en-US\" target=\"_blank\" rel=\"noopener\"><span style=\"font-weight: 400;\">Google Privacy Policy<\/span><\/a><span style=\"font-weight: 400;\">.<\/span><\/td>\n<\/tr>\n<tr>\n<td><span style=\"font-weight: 400;\">NID<\/span><\/td>\n<td><span style=\"font-weight: 400;\">6\u00a0meses<\/span><\/td>\n<\/tr>\n<tr>\n<td><span style=\"font-weight: 400;\">__Secure-3PSIDCC<\/span><\/td>\n<td><span style=\"font-weight: 400;\">2\u00a0anos<\/span><\/td>\n<\/tr>\n<tr>\n<td><span style=\"font-weight: 400;\">__Secure-3PAPISID<\/span><\/td>\n<td><span style=\"font-weight: 400;\">2\u00a0anos<\/span><\/td>\n<\/tr>\n<tr>\n<td><span style=\"font-weight: 400;\">__Secure-3PSID<\/span><\/td>\n<td><span style=\"font-weight: 400;\">2\u00a0anos<\/span><\/td>\n<\/tr>\n<tr>\n<td><span style=\"font-weight: 400;\">CONSENT<\/span><\/td>\n<td><span style=\"font-weight: 400;\">200\u00a0months<\/span><\/td>\n<\/tr>\n<tr>\n<td><span style=\"font-weight: 400;\">GPS<\/span><\/td>\n<td><span style=\"font-weight: 400;\">30\u00a0minutes<\/span><\/td>\n<\/tr>\n<tr>\n<td><span style=\"font-weight: 400;\">PREF<\/span><\/td>\n<td><span style=\"font-weight: 400;\">2\u00a0anos<\/span><\/td>\n<\/tr>\n<tr>\n<td><span style=\"font-weight: 400;\">VISITOR_INFO1_LIVE<\/span><\/td>\n<td><span style=\"font-weight: 400;\">6 meses<\/span><\/td>\n<\/tr>\n<tr>\n<td><span style=\"font-weight: 400;\">YSC<\/span><\/td>\n<td><span style=\"font-weight: 400;\">At\u00e9 o final da sess\u00e3o de navega\u00e7\u00e3o<\/span><\/td>\n<\/tr>\n<tr>\n<td><span style=\"font-weight: 400;\">_fbp<\/span><\/td>\n<td><span style=\"font-weight: 400;\">6\u00a0meses<\/span><\/td>\n<td><span style=\"font-weight: 400;\">Cookie prim\u00e1rio do Facebook usado para a apresenta\u00e7\u00e3o dos nossos an\u00fancios no Facebook.<\/span><\/td>\n<\/tr>\n<\/tbody>\n<\/table>\n<h3>5. Como posso controlar os cookies?<\/h3>\n<p><span style=\"font-weight: 400;\">Pode controlar o uso de cookies alterando as configura\u00e7\u00f5es do seu navegador. Mais informa\u00e7\u00f5es est\u00e3o dispon\u00edveis no site do provedor do navegador que usa.<\/span><\/p>\n<p><span style=\"font-weight: 400;\">Observe que a exclus\u00e3o de cookies ou a desativa\u00e7\u00e3o de cookies para uso futuro pode fazer com que certas partes ou fun\u00e7\u00f5es do nosso site fiquem indispon\u00edveis. Se alterar as configura\u00e7\u00f5es de cookies, isso tamb\u00e9m afetar\u00e1 outros sites que visitar.<\/span><\/p>\n","protected":false},"excerpt":{"rendered":"<p>\u00daltima atualiza\u00e7\u00e3o em: 2021-06-01 1. O que \u00e9 um cookie? Cookies s\u00e3o pequenos arquivos de texto armazenados no navegador do seu dispositivo (por exemplo, computador, telefone celular, tablet) quando est\u00e1 a navegar em websites. Outras tecnologias, incluindo os dados armazenados no seu navegador ou dispositivo, os identificadores relacionados ao seu dispositivo e outro software, s\u00e3o&#8230;<\/p>\n","protected":false},"author":1,"featured_media":0,"parent":0,"menu_order":0,"comment_status":"closed","ping_status":"closed","template":"page-templates\/privacy-policy.php","meta":{"_acf_changed":false,"inline_featured_image":false,"footnotes":""},"class_list":["post-1209816","page","type-page","status-publish","hentry"],"acf":[],"_links":{"self":[{"href":"https:\/\/robin.jobs\/pt\/wp-json\/wp\/v2\/pages\/1209816","targetHints":{"allow":["GET"]}}],"collection":[{"href":"https:\/\/robin.jobs\/pt\/wp-json\/wp\/v2\/pages"}],"about":[{"href":"https:\/\/robin.jobs\/pt\/wp-json\/wp\/v2\/types\/page"}],"author":[{"embeddable":true,"href":"https:\/\/robin.jobs\/pt\/wp-json\/wp\/v2\/users\/1"}],"replies":[{"embeddable":true,"href":"https:\/\/robin.jobs\/pt\/wp-json\/wp\/v2\/comments?post=1209816"}],"version-history":[{"count":4,"href":"https:\/\/robin.jobs\/pt\/wp-json\/wp\/v2\/pages\/1209816\/revisions"}],"predecessor-version":[{"id":1244818,"href":"https:\/\/robin.jobs\/pt\/wp-json\/wp\/v2\/pages\/1209816\/revisions\/1244818"}],"wp:attachment":[{"href":"https:\/\/robin.jobs\/pt\/wp-json\/wp\/v2\/media?parent=1209816"}],"curies":[{"name":"wp","href":"https:\/\/api.w.org\/{rel}","templated":true}]}}