{"id":1209815,"date":"2021-06-08T13:38:52","date_gmt":"2021-06-08T12:38:52","guid":{"rendered":"https:\/\/robin.jobs\/pt\/privacy-policy-for-website-visitors"},"modified":"2021-06-10T12:19:52","modified_gmt":"2021-06-10T11:19:52","slug":"privacy-policy-for-website-visitors","status":"publish","type":"page","link":"https:\/\/robin.jobs\/pt\/privacy-policy-for-website-visitors","title":{"rendered":"UAB Robin Jobs &#8211; Sucursal em Portugal POL\u00cdTICA DE PRIVACIDADE PARA VISITANTES DO WEBSITE"},"content":{"rendered":"<p><b>\u00daltima atualiza\u00e7\u00e3o em: 2021-06-01<\/b><\/p>\n<p>&nbsp;<\/p>\n<p><span style=\"font-weight: 400;\">UAB Robin Jobs &#8211; Sucursal em Portugal preocupa-se com a prote\u00e7\u00e3o das suas informa\u00e7\u00f5es. Cumprimos o Regulamento Geral de Prote\u00e7\u00e3o de Dados da Uni\u00e3o Europeia (GDPR) e outras leis que protegem as suas informa\u00e7\u00f5es que recolhemos, usamos e armazenamos na nossa Empresa.<\/span><\/p>\n<p>&nbsp;<\/p>\n<ul>\n<li aria-level=\"1\"><b>Como devo ler esta Pol\u00edtica de Privacidade?<\/b><\/li>\n<\/ul>\n<p><span style=\"font-weight: 400;\">Esta Pol\u00edtica de Privacidade responder\u00e1 \u00e0s principais quest\u00f5es sobre como recolhemos, usamos e armazenamos informa\u00e7\u00f5es sobre si. Caso tenha alguma d\u00favida ou qualquer parte deste Aviso n\u00e3o esteja clara, estamos prontos para ajud\u00e1-lo conforme descrito na Se\u00e7\u00e3o 10 desta Pol\u00edtica de Privacidade. Observe que qualquer refer\u00eancia \u00e0 palavra \u201cn\u00f3s\u201d nesta Pol\u00edtica de Privacidade significa nossa Empresa, conforme indicado na Se\u00e7\u00e3o 2 da Pol\u00edtica de Privacidade.<\/span><\/p>\n<p>&nbsp;<\/p>\n<ul>\n<li aria-level=\"1\"><b>Quem \u00e9 o respons\u00e1vel pela prote\u00e7\u00e3o das minhas informa\u00e7\u00f5es?<\/b><\/li>\n<\/ul>\n<p><span style=\"font-weight: 400;\">N\u00f3s somos\u00a0\u2013<\/span> <span style=\"font-weight: 400;\">UAB ROBIN JOBS \u2013 SUCURSAL EM PORTUGAL <\/span><span style=\"font-weight: 400;\">;<\/span><\/p>\n<p><span style=\"font-weight: 400;\">C\u00f3digo legal da entidade: 980577462;<\/span><\/p>\n<p><span style=\"font-weight: 400;\">A nossa morada: Rua Luciano Cordeiro n\u00ba 14 R\/C Letra A, 1150-215, Lisboa;<\/span><\/p>\n<p><span style=\"font-weight: 400;\">E-mail: finance@robin.jobs<\/span><\/p>\n<p>&nbsp;<\/p>\n<ul>\n<li aria-level=\"1\"><b>Por que recolhem informa\u00e7\u00f5es sobre mim?<\/b><\/li>\n<\/ul>\n<p><span style=\"font-weight: 400;\">Disponibilizamos acesso p\u00fablico ao site robin.jobs, o apoiamos e melhoramos, bem como garantimos o bom funcionamento das suas fun\u00e7\u00f5es. Por estes motivos, os cookies s\u00e3o usados. Mais informa\u00e7\u00f5es sobre os cookies usados no nosso website e a sua finalidade est\u00e3o dispon\u00edveis na Pol\u00edtica de Cookies.<\/span><\/p>\n<p>&nbsp;<\/p>\n<ul>\n<li aria-level=\"1\"><b>Quais informa\u00e7\u00f5es recolhem, usam e armazenam sobre mim?<\/b><\/li>\n<\/ul>\n<p><span style=\"font-weight: 400;\">Quando est\u00e1 a navegar no nosso site, se deu seu consentimento para o uso de cookies anal\u00edticos, recolhemos dados an\u00f3nimos de tais cookies sobre as tend\u00eancias da sua navega\u00e7\u00e3o no nosso site, os seus dados demogr\u00e1ficos, o navegador usado para navegar e o sistema operacional .<\/span><\/p>\n<p><span style=\"font-weight: 400;\">N\u00e3o podemos usar cookies na nossa conta do Facebook, no entanto, eles s\u00e3o usados pelo Facebook por conta pr\u00f3pria. Mais informa\u00e7\u00f5es sobre como o Facebook recolhe, usa e armazena informa\u00e7\u00f5es sobre si est\u00e3o dispon\u00edveis na <\/span><a href=\"https:\/\/www.facebook.com\/policy.php\" target=\"_blank\" rel=\"noopener\"><span style=\"font-weight: 400;\">Pol\u00edtica de Privacidade do Facebook.<\/span><\/a><span style=\"font-weight: 400;\">.<\/span><\/p>\n<p>&nbsp;<\/p>\n<ul>\n<li aria-level=\"1\"><b>Usam cookies?<\/b><\/li>\n<\/ul>\n<p><span style=\"font-weight: 400;\">Sim. Usamos cookies conforme detalhado na Pol\u00edtica de Cookies.<\/span><\/p>\n<p>&nbsp;<\/p>\n<ul>\n<li aria-level=\"1\"><b>Qual \u00e9 a base legal para recolher informa\u00e7\u00f5es sobre mim?<\/b><\/li>\n<\/ul>\n<p><span style=\"font-weight: 400;\">Recolhemos informa\u00e7\u00f5es sobre si legalmente com base nos seguintes motivos:<\/span><\/p>\n<ul>\n<li style=\"font-weight: 400;\" aria-level=\"1\"><span style=\"font-weight: 400;\">com base no nosso leg\u00edtimo interesse em usar cookies que s\u00e3o obrigat\u00f3rios para o bom funcionamento do site e de suas fun\u00e7\u00f5es (Artigo 6 (1) (f) do RGPD);<\/span><\/li>\n<li style=\"font-weight: 400;\" aria-level=\"1\"><span style=\"font-weight: 400;\">com base no seu consentimento para o uso de cookies anal\u00edticos e de publicidade (Artigo 6 (1) (a) do GDPR).<\/span><\/li>\n<\/ul>\n<p>&nbsp;<\/p>\n<ul>\n<li aria-level=\"1\"><b>Compartilham as minhas informa\u00e7\u00f5es com outras entidades?<\/b><\/li>\n<\/ul>\n<p><span style=\"font-weight: 400;\">Podemos compartilhar informa\u00e7\u00f5es com provedores de servi\u00e7os que nos fornecem IT, manuten\u00e7\u00e3o de sites e servi\u00e7os de suporte, provedores de servi\u00e7os de cookies.<\/span><\/p>\n<p>&nbsp;<\/p>\n<ul>\n<li aria-level=\"1\"><b>Por quanto tempo armazenam informa\u00e7\u00f5es sobre mim?<\/b><\/li>\n<\/ul>\n<p><span style=\"font-weight: 400;\">As informa\u00e7\u00f5es relacionadas aos cookies s\u00e3o armazenadas conforme detalhado na Pol\u00edtica de Cookies.<\/span><\/p>\n<p>&nbsp;<\/p>\n<ul>\n<li aria-level=\"1\"><b>Que a\u00e7\u00f5es posso tomar em rela\u00e7\u00e3o \u00e0s minhas informa\u00e7\u00f5es na sua empresa?<\/b><\/li>\n<\/ul>\n<p><span style=\"font-weight: 400;\">Para realizar qualquer uma das a\u00e7\u00f5es mencionadas abaixo, entre em contato connosco conforme especificado na Se\u00e7\u00e3o 10. Observe que esses direitos est\u00e3o sujeitos a condi\u00e7\u00f5es legais e exce\u00e7\u00f5es.<\/span><\/p>\n<p>&nbsp;<\/p>\n<ul>\n<li aria-level=\"1\"><b>Direito de solicitar acesso \u00e0s informa\u00e7\u00f5es que temos sobre si, se processando os dados pessoais que permitam a sua identifica\u00e7\u00e3o;<\/b><\/li>\n<\/ul>\n<ul>\n<li aria-level=\"1\"><b>Direito de solicitar retifica\u00e7\u00e3o ou complementa\u00e7\u00e3o das informa\u00e7\u00f5es mantidas sobre si;<\/b><\/li>\n<\/ul>\n<ul>\n<li aria-level=\"1\"><b>Direito de solicitar a elimina\u00e7\u00e3o de dados sobre si, onde:<\/b><\/li>\n<\/ul>\n<ul>\n<li aria-level=\"1\"><b>os seus dados s\u00e3o processados com base no seu consentimento;<\/b><\/li>\n<\/ul>\n<ul>\n<li aria-level=\"1\"><b>os seus dados s\u00e3o processados ilegalmente;<\/b><\/li>\n<\/ul>\n<ul>\n<li aria-level=\"1\"><b>os seus dados s\u00e3o processados com base no nosso interesse leg\u00edtimo que refuta;<\/b><\/li>\n<\/ul>\n<ul>\n<li aria-level=\"1\"><b>os seus dados n\u00e3o s\u00e3o mais necess\u00e1rios em rela\u00e7\u00e3o aos fins para os quais foram recolhidos;<\/b><\/li>\n<\/ul>\n<ul>\n<li aria-level=\"1\"><b>temos a obriga\u00e7\u00e3o legal de apagar informa\u00e7\u00f5es sobre si;<\/b><\/li>\n<\/ul>\n<ul>\n<li aria-level=\"1\"><b>Direito de nos solicitar que restrinjam o processamento das informa\u00e7\u00f5es mantidas sobre si quando contesta a exatid\u00e3o dos dados ou se op\u00f5e ao processamento de dados, n\u00e3o concorda com a elimina\u00e7\u00e3o dos dados processados ilegalmente sobre si, ou quando precisa dos dados para o estabelecimento, exerc\u00edcio ou defesa de a\u00e7\u00f5es judiciais;<\/b><\/li>\n<\/ul>\n<ul>\n<li aria-level=\"1\"><b>Direito de contestar a colheita, uso e armazenamento das suas informa\u00e7\u00f5es na nossa empresa, onde processamos os seus dados com base num interesse leg\u00edtimo;<\/b><\/li>\n<\/ul>\n<ul>\n<li aria-level=\"1\"><b>Direito de solicitar a exporta\u00e7\u00e3o dos seus dados quando nos forneceu dados num formato estruturado e comumente usado e deu consentimento para o processamento de tais dados ou onde tivemos que processar tais dados para a execu\u00e7\u00e3o de um contrato com si;<\/b><\/li>\n<\/ul>\n<ul>\n<li aria-level=\"1\"><b>Direito de retirar o consentimento que deu para o processamento dos seus dados pessoais a qualquer momento ( pode fazer isso alterando as configura\u00e7\u00f5es do seu navegador);<\/b><\/li>\n<li aria-level=\"1\"><b>Direito de apresentar uma reclama\u00e7\u00e3o \u00e0 Inspe\u00e7\u00e3o Estadual de Prote\u00e7\u00e3o de Dados.<\/b><\/li>\n<\/ul>\n<p>&nbsp;<\/p>\n<ul>\n<li aria-level=\"1\"><b>Como me pode ajudar?<\/b><\/li>\n<\/ul>\n<p><span style=\"font-weight: 400;\">Se tiver alguma d\u00favida, coment\u00e1rio ou reclama\u00e7\u00e3o em rela\u00e7\u00e3o \u00e0 forma como recolhemos, usamos e armazenamos dados sobre si, estamos prontos para ajud\u00e1-lo. Se precisar de ajuda, entre em contato conosco pelo e-mail finance@robin.jobs.<\/span><\/p>\n","protected":false},"excerpt":{"rendered":"<p>\u00daltima atualiza\u00e7\u00e3o em: 2021-06-01 &nbsp; UAB Robin Jobs &#8211; Sucursal em Portugal preocupa-se com a prote\u00e7\u00e3o das suas informa\u00e7\u00f5es. Cumprimos o Regulamento Geral de Prote\u00e7\u00e3o de Dados da Uni\u00e3o Europeia (GDPR) e outras leis que protegem as suas informa\u00e7\u00f5es que recolhemos, usamos e armazenamos na nossa Empresa. &nbsp; Como devo ler esta Pol\u00edtica de Privacidade?&#8230;<\/p>\n","protected":false},"author":1,"featured_media":0,"parent":0,"menu_order":0,"comment_status":"closed","ping_status":"closed","template":"page-templates\/privacy-policy.php","meta":{"_acf_changed":false,"inline_featured_image":false,"footnotes":""},"class_list":["post-1209815","page","type-page","status-publish","hentry"],"acf":[],"_links":{"self":[{"href":"https:\/\/robin.jobs\/pt\/wp-json\/wp\/v2\/pages\/1209815","targetHints":{"allow":["GET"]}}],"collection":[{"href":"https:\/\/robin.jobs\/pt\/wp-json\/wp\/v2\/pages"}],"about":[{"href":"https:\/\/robin.jobs\/pt\/wp-json\/wp\/v2\/types\/page"}],"author":[{"embeddable":true,"href":"https:\/\/robin.jobs\/pt\/wp-json\/wp\/v2\/users\/1"}],"replies":[{"embeddable":true,"href":"https:\/\/robin.jobs\/pt\/wp-json\/wp\/v2\/comments?post=1209815"}],"version-history":[{"count":5,"href":"https:\/\/robin.jobs\/pt\/wp-json\/wp\/v2\/pages\/1209815\/revisions"}],"predecessor-version":[{"id":1209878,"href":"https:\/\/robin.jobs\/pt\/wp-json\/wp\/v2\/pages\/1209815\/revisions\/1209878"}],"wp:attachment":[{"href":"https:\/\/robin.jobs\/pt\/wp-json\/wp\/v2\/media?parent=1209815"}],"curies":[{"name":"wp","href":"https:\/\/api.w.org\/{rel}","templated":true}]}}