{"id":1195786,"date":"2019-05-21T14:34:22","date_gmt":"2019-05-21T11:34:22","guid":{"rendered":"https:\/\/robin.jobs\/portugal\/?page_id=1195786"},"modified":"2026-04-05T12:12:10","modified_gmt":"2026-04-05T11:12:10","slug":"ofertas-de-emprego-no-estrangeiro","status":"publish","type":"page","link":"https:\/\/robin.jobs\/pt\/ofertas-de-emprego-no-estrangeiro","title":{"rendered":"Ofertas de emprego no estrangeiro"},"content":{"rendered":"<p>Est\u00e1 \u00e0 procura de uma vaga de emprego no estrangeiro? A Robin tem de momento <strong>37<\/strong> vagas de emprego em aberto no estrangeiro, na <a href=\"https:\/\/robin.jobs\/pt\/trabalhar-na-holanda\">Holanda<\/a>, <a href=\"https:\/\/robin.jobs\/pt\/trabalhar-na-alemanha\">Alemanha<\/a> e <a href=\"https:\/\/robin.jobs\/pt\/ofertas-de-emprego-no-estrangeiro\/belgica\">B\u00e9lgica<\/a>. Existe uma grande variedade de emprego \u00e0 escolha, n\u00e3o importa se est\u00e1 sozinho ou em casal, se domina ou n\u00e3o a l\u00edngua inglesa.<\/p>\n<p><!--more--><\/p>\n<p>Ao encontrar no <a href=\"https:\/\/robin.jobs\/pt\/\">trabalho no estrangeiro<\/a> n\u00e3o s\u00f3 vai permitir juntar dinheiro para o futuro mas tamb\u00e9m abrir os horizontes e construir rela\u00e7\u00f5es internacionais. N\u00e3o faz diferen\u00e7a se procura um emprego de longo-prazo ou tempor\u00e1rio, se est\u00e1 \u00e0 procura de trabalho em casal ou sozinho, v\u00e3o haver oportunidades de trabalho no estrangeiro para si.<\/p>\n<p>Dentro das vagas existentes nas <b>25 ag\u00eancias diferentes<\/b> que est\u00e3o na <a href=\"https:\/\/robin.jobs\/pt\/trabalhar-na-alemanha\">Alemanha<\/a>, <a href=\"https:\/\/robin.jobs\/pt\/trabalhar-na-holanda\">Holanda<\/a>, e <a href=\"https:\/\/robin.jobs\/pt\/trabalhar-na-belgica\">B\u00e9lgica<\/a> respectivamente, juntamente com a nossa equipa de recrutamento, vai permitir que com a ajuda da Robin, possa escolher o trabalho com alojamento em que mais se enquadra.<\/p>\n<p>Se estiverem \u00e0 procura de trabalho em Portugal, por favor visitem a nossa p\u00e1gina parceira Jobatus.pt.<\/p>\n<h2>Uma grande variedade de ofertas de emprego no estrangeiro<\/h2>\n<p>Est\u00e1 \u00e0 procura do <a href=\"https:\/\/robin.jobs\/pt\/\">emprego certo no estrangeiro<\/a>? Temos vagas de trabalho diferentes dispon\u00edveis na Alemanha, Holanda e B\u00e9lgica. Caso esteja motivado para ir trabalhar no estrangeiro, mas n\u00e3o tenha decidido para qual pa\u00eds gostaria de ir, verifique\u00a0<a href=\"https:\/\/robin.jobs\/pt\/trabalhar-no-estrangeiro\/melhores-paises-para-trabalhar-na-europa\">que pa\u00eds da UE \u00e9 o melhor para ir trabalhar no estrangeiro em 2025<\/a>.<\/p>\n<p>Certamente h\u00e1 vagas dispon\u00edveis no estrangeiro que oferecem o que procura. N\u00e3o importa se est\u00e1 a procurar um trabalho como estudante ou um trabalho experiente na constru\u00e7\u00e3o ou como embalador.\u00a0 Percorra as vagas no estrangeiro que est\u00e3o dispon\u00edveis neste momento e\u00a0<a href=\"\/#js-signup-modal\">inscreva-se para<\/a> as vagas que respondem \u00e0s suas necessidades hoje!<\/p>\n","protected":false},"excerpt":{"rendered":"<p>Est\u00e1 \u00e0 procura de uma vaga de emprego no estrangeiro? A Robin tem de momento vagas de emprego em aberto no estrangeiro, na Holanda, Alemanha e B\u00e9lgica. Existe uma grande variedade de emprego \u00e0 escolha, n\u00e3o importa se est\u00e1 sozinho ou em casal, se domina ou n\u00e3o a l\u00edngua inglesa.<\/p>\n","protected":false},"author":1,"featured_media":1201429,"parent":0,"menu_order":0,"comment_status":"closed","ping_status":"closed","template":"page-templates\/vacancy-archive.php","meta":{"_acf_changed":false,"inline_featured_image":false,"footnotes":""},"class_list":["post-1195786","page","type-page","status-publish","has-post-thumbnail","hentry"],"acf":[],"_links":{"self":[{"href":"https:\/\/robin.jobs\/pt\/wp-json\/wp\/v2\/pages\/1195786","targetHints":{"allow":["GET"]}}],"collection":[{"href":"https:\/\/robin.jobs\/pt\/wp-json\/wp\/v2\/pages"}],"about":[{"href":"https:\/\/robin.jobs\/pt\/wp-json\/wp\/v2\/types\/page"}],"author":[{"embeddable":true,"href":"https:\/\/robin.jobs\/pt\/wp-json\/wp\/v2\/users\/1"}],"replies":[{"embeddable":true,"href":"https:\/\/robin.jobs\/pt\/wp-json\/wp\/v2\/comments?post=1195786"}],"version-history":[{"count":6,"href":"https:\/\/robin.jobs\/pt\/wp-json\/wp\/v2\/pages\/1195786\/revisions"}],"predecessor-version":[{"id":1245312,"href":"https:\/\/robin.jobs\/pt\/wp-json\/wp\/v2\/pages\/1195786\/revisions\/1245312"}],"wp:featuredmedia":[{"embeddable":true,"href":"https:\/\/robin.jobs\/pt\/wp-json\/wp\/v2\/media\/1201429"}],"wp:attachment":[{"href":"https:\/\/robin.jobs\/pt\/wp-json\/wp\/v2\/media?parent=1195786"}],"curies":[{"name":"wp","href":"https:\/\/api.w.org\/{rel}","templated":true}]}}