{"id":176454,"date":"2016-09-28T11:59:43","date_gmt":"2016-09-28T08:59:43","guid":{"rendered":"https:\/\/robin.jobs\/pl\/?page_id=176454"},"modified":"2021-06-10T14:42:20","modified_gmt":"2021-06-10T11:42:20","slug":"postanowienia-dotyczace-prywatnosci","status":"publish","type":"page","link":"https:\/\/robin.jobs\/pl\/postanowienia-dotyczace-prywatnosci","title":{"rendered":"Polityka prywatno\u015bci"},"content":{"rendered":"<p><b>UAB Robin Jobs dba o ochron\u0119 Pa\u0144stwa informacji. Przestrzegamy Og\u00f3lnego Rozporz\u0105dzenia o Ochronie Danych Unii Europejskiej (GDPR) oraz innych przepis\u00f3w chroni\u0105cych Pa\u0144stwa informacje, kt\u00f3re zbieramy, wykorzystujemy i przechowujemy w naszej firmie.<\/b><\/p>\n<p style=\"text-align: center;\">\n<ul>\n<li aria-level=\"1\"><b>Polityka prywatno\u015bci<\/b><\/li>\n<\/ul>\n<p><span style=\"font-weight: 400;\">Nasza Polityka Prywatno\u015bci odpowie na najwa\u017cniejsze pytania dotycz\u0105ce tego, w jaki spos\u00f3b zbieramy, wykorzystujemy i przechowujemy informacje o Tobie. W przypadku jakichkolwiek pyta\u0144, jeste\u015bmy gotowi pom\u00f3c Pa\u0144stwu w spos\u00f3b opisany poni\u017cej.<\/span><\/p>\n<p><span style=\"font-weight: 400;\">Prosimy o uwa\u017cne zapoznanie si\u0119 z nasz\u0105 Polityk\u0105 Prywatno\u015bci:<\/span><\/p>\n<table>\n<tbody>\n<tr>\n<td><b><span style=\"color: #0000ff;\"><a style=\"color: #0000ff;\" href=\"https:\/\/robin.jobs\/pl\/privacy-policy-for-website-visitors\">Polityka prywatno\u015bci dla odwiedzaj\u0105cych stron\u0119 internetow\u0105<\/a><\/span><\/b><\/td>\n<td><b><span style=\"color: #0000ff;\"><a style=\"color: #0000ff;\" href=\"https:\/\/robin.jobs\/pl\/cookie-policy\">Polityka \u2018Cookies\u2019<\/a><\/span><\/b><\/td>\n<td><span style=\"color: #0000ff;\"><b><a style=\"color: #0000ff;\" href=\"https:\/\/robin.jobs\/pl\/privacy-policy-for-persons-submitting-inquiries-requests-complaints\">Polityka prywatno\u015bci dla os\u00f3b sk\u0142adaj\u0105cych zapytania ofertowe<\/a><\/b><\/span><\/td>\n<td><b><span style=\"color: #0000ff;\"><a style=\"color: #0000ff;\" href=\"https:\/\/robin.jobs\/pl\/privacy-policy-for-registered-users\">Polityka prywatno\u015bci dla zarejestrowanych u\u017cytkownik\u00f3w<\/a><\/span><\/b><\/td>\n<\/tr>\n<\/tbody>\n<\/table>\n<p style=\"text-align: center;\">\n<ul>\n<li aria-level=\"1\"><b>Nasze dane kontaktowe<\/b><\/li>\n<\/ul>\n<p><span style=\"font-weight: 400;\">Je\u015bli masz jakiekolwiek pytania, uwagi lub skargi dotycz\u0105ce sposobu gromadzenia, wykorzystywania i przechowywania przez nas informacji o Tobie, jeste\u015bmy gotowi Ci pom\u00f3c. Je\u015bli potrzebujesz pomocy, skontaktuj si\u0119 z nami za po\u015brednictwem poczty elektronicznej finance@robin.jobs.\u00a0<\/span><\/p>\n<p style=\"text-align: center;\">\n<ul>\n<li aria-level=\"1\"><b>Moje prawa<\/b><\/li>\n<\/ul>\n<p><span style=\"font-weight: 400;\">W celu podj\u0119cia kt\u00f3regokolwiek z dzia\u0142a\u0144, o kt\u00f3rych mowa poni\u017cej, prosimy o kontakt przy u\u017cyciu danych kontaktowych wskazanych w punkcie 2. Nale\u017cy pami\u0119ta\u0107, \u017ce prawa te podlegaj\u0105 ustawowym warunkom i wyj\u0105tkom:\u00a0<\/span><\/p>\n<p style=\"text-align: center;\">\n<ul>\n<li aria-level=\"1\"><b>Prawo do \u017c\u0105dania dost\u0119pu do informacji przechowywanych na Tw\u00f3j temat;<\/b><\/li>\n<\/ul>\n<ul>\n<li aria-level=\"1\"><b>Prawo do \u017c\u0105dania sprostowania informacji przechowywanych na Tw\u00f3j temat;<\/b><\/li>\n<\/ul>\n<ul>\n<li aria-level=\"1\"><b>Prawo do \u017c\u0105dania usuni\u0119cia informacji przechowywanych na temat u\u017cytkownika;<\/b><\/li>\n<\/ul>\n<ul>\n<li aria-level=\"1\"><b>Prawo do \u017c\u0105dania ograniczenia dost\u0119pu do informacji przechowywanych na Tw\u00f3j temat lub ich usuni\u0119cia;<\/b><\/li>\n<\/ul>\n<ul>\n<li aria-level=\"1\"><b>Prawo do zakwestionowania zbierania, wykorzystywania i przechowywania informacji o u\u017cytkowniku w naszej firmie;<\/b><\/li>\n<\/ul>\n<ul>\n<li aria-level=\"1\"><b>Prawo do \u017c\u0105dania eksportu danych lub przekazania ich do innej firmy;<\/b><\/li>\n<\/ul>\n<ul>\n<li aria-level=\"1\"><b>Prawo do z\u0142o\u017cenia skargi do Pa\u0144stwowego Inspektoratu Ochrony Danych Osobowych (wi\u0119cej informacji mo\u017cna znale\u017a\u0107 na stronie vdai.lrv.lt).<\/b><\/li>\n<\/ul>\n<p>&nbsp;<\/p>\n<p><a href=\"https:\/\/robin.jobs\/pl\/wp-content\/uploads\/sites\/19\/2021\/06\/privacy-rules-freelancers.docx\">Polityka prywatno\u015bci dla freelancer\u00f3w<\/a><\/p>\n<p style=\"text-align: center;\">\n","protected":false},"excerpt":{"rendered":"<p>UAB Robin Jobs dba o ochron\u0119 Pa\u0144stwa informacji. Przestrzegamy Og\u00f3lnego Rozporz\u0105dzenia o Ochronie Danych Unii Europejskiej (GDPR) oraz innych przepis\u00f3w chroni\u0105cych Pa\u0144stwa informacje, kt\u00f3re zbieramy, wykorzystujemy i przechowujemy w naszej firmie. Polityka prywatno\u015bci Nasza Polityka Prywatno\u015bci odpowie na najwa\u017cniejsze pytania dotycz\u0105ce tego, w jaki spos\u00f3b zbieramy, wykorzystujemy i przechowujemy informacje o Tobie. W przypadku jakichkolwiek&#8230;<\/p>\n","protected":false},"author":1,"featured_media":0,"parent":0,"menu_order":0,"comment_status":"closed","ping_status":"closed","template":"","meta":{"_acf_changed":false,"inline_featured_image":false,"footnotes":""},"class_list":["post-176454","page","type-page","status-publish","hentry"],"acf":[],"_links":{"self":[{"href":"https:\/\/robin.jobs\/pl\/wp-json\/wp\/v2\/pages\/176454","targetHints":{"allow":["GET"]}}],"collection":[{"href":"https:\/\/robin.jobs\/pl\/wp-json\/wp\/v2\/pages"}],"about":[{"href":"https:\/\/robin.jobs\/pl\/wp-json\/wp\/v2\/types\/page"}],"author":[{"embeddable":true,"href":"https:\/\/robin.jobs\/pl\/wp-json\/wp\/v2\/users\/1"}],"replies":[{"embeddable":true,"href":"https:\/\/robin.jobs\/pl\/wp-json\/wp\/v2\/comments?post=176454"}],"version-history":[{"count":4,"href":"https:\/\/robin.jobs\/pl\/wp-json\/wp\/v2\/pages\/176454\/revisions"}],"predecessor-version":[{"id":1206800,"href":"https:\/\/robin.jobs\/pl\/wp-json\/wp\/v2\/pages\/176454\/revisions\/1206800"}],"wp:attachment":[{"href":"https:\/\/robin.jobs\/pl\/wp-json\/wp\/v2\/media?parent=176454"}],"curies":[{"name":"wp","href":"https:\/\/api.w.org\/{rel}","templated":true}]}}