{"id":1208081,"date":"2021-11-26T12:46:51","date_gmt":"2021-11-26T09:46:51","guid":{"rendered":"https:\/\/robin.jobs\/pl\/?page_id=1208081"},"modified":"2026-04-05T14:10:24","modified_gmt":"2026-04-05T11:10:24","slug":"praca-za-granica-2","status":"publish","type":"page","link":"https:\/\/robin.jobs\/pl\/","title":{"rendered":"Znajd\u017a prac\u0119 za granic\u0105 z zakwaterowaniem (home)"},"content":{"rendered":"","protected":false},"excerpt":{"rendered":"","protected":false},"author":13,"featured_media":0,"parent":0,"menu_order":0,"comment_status":"closed","ping_status":"closed","template":"page-templates\/flexible-content.php","meta":{"_acf_changed":false,"inline_featured_image":false,"footnotes":""},"class_list":["post-1208081","page","type-page","status-publish","hentry"],"acf":[],"_links":{"self":[{"href":"https:\/\/robin.jobs\/pl\/wp-json\/wp\/v2\/pages\/1208081","targetHints":{"allow":["GET"]}}],"collection":[{"href":"https:\/\/robin.jobs\/pl\/wp-json\/wp\/v2\/pages"}],"about":[{"href":"https:\/\/robin.jobs\/pl\/wp-json\/wp\/v2\/types\/page"}],"author":[{"embeddable":true,"href":"https:\/\/robin.jobs\/pl\/wp-json\/wp\/v2\/users\/13"}],"replies":[{"embeddable":true,"href":"https:\/\/robin.jobs\/pl\/wp-json\/wp\/v2\/comments?post=1208081"}],"version-history":[{"count":3,"href":"https:\/\/robin.jobs\/pl\/wp-json\/wp\/v2\/pages\/1208081\/revisions"}],"predecessor-version":[{"id":1251551,"href":"https:\/\/robin.jobs\/pl\/wp-json\/wp\/v2\/pages\/1208081\/revisions\/1251551"}],"wp:attachment":[{"href":"https:\/\/robin.jobs\/pl\/wp-json\/wp\/v2\/media?parent=1208081"}],"curies":[{"name":"wp","href":"https:\/\/api.w.org\/{rel}","templated":true}]}}