{"id":1206761,"date":"2021-06-08T15:40:38","date_gmt":"2021-06-08T12:40:38","guid":{"rendered":"https:\/\/robin.jobs\/pl\/privacy-policy-for-persons-submitting-inquiries-requests-complaints"},"modified":"2021-06-09T15:52:24","modified_gmt":"2021-06-09T12:52:24","slug":"privacy-policy-for-persons-submitting-inquiries-requests-complaints","status":"publish","type":"page","link":"https:\/\/robin.jobs\/pl\/privacy-policy-for-persons-submitting-inquiries-requests-complaints","title":{"rendered":"UAB\u00a0ROBIN JOBS POLITYKA PRYWATNO\u015aCI DLA OS\u00d3B SK\u0141ADAJ\u0104CYCH ZAPYTANIA, WNIOSKI, SKARGI"},"content":{"rendered":"<p><b>Ostatnia aktualizacja w dniu: 2021-06-01<\/b><\/p>\n<p>&nbsp;<\/p>\n<p><span style=\"font-weight: 400;\">UAB Robin Jobs dba o ochron\u0119 Pa\u0144stwa informacji. Przestrzegamy Og\u00f3lnego Rozporz\u0105dzenia o Ochronie Danych Unii Europejskiej (GDPR) oraz innych przepis\u00f3w chroni\u0105cych Pa\u0144stwa informacje, kt\u00f3re zbieramy, wykorzystujemy i przechowujemy w naszej firmie.<\/span><\/p>\n<p><b><\/b><\/p>\n<ul>\n<li aria-level=\"2\"><b>Jak nale\u017cy czyta\u0107 niniejsz\u0105 Polityk\u0119 Prywatno\u015bci?<\/b><\/li>\n<\/ul>\n<p>&nbsp;<\/p>\n<p><span style=\"font-weight: 400;\">Niniejsza Polityka prywatno\u015bci odpowiada na najwa\u017cniejsze pytania dotycz\u0105ce sposobu gromadzenia, wykorzystywania i przechowywania informacji o u\u017cytkowniku. Je\u015bli masz jakiekolwiek pytania lub jakakolwiek cz\u0119\u015b\u0107 niniejszej informacji jest niejasna, jeste\u015bmy gotowi pom\u00f3c Ci, jak opisano w sekcji 10 niniejszej Polityki prywatno\u015bci. Nale\u017cy pami\u0119ta\u0107, \u017ce wszelkie odniesienia do s\u0142owa &#8222;my&#8221; w niniejszej Polityce Prywatno\u015bci oznaczaj\u0105 nasz\u0105 firm\u0119, jak wskazano w sekcji 2 Polityki Prywatno\u015bci.<\/span><\/p>\n<p><b><\/b><\/p>\n<ul>\n<li aria-level=\"2\"><b>Kto jest odpowiedzialny za ochron\u0119 moich informacji?\u00a0<\/b><\/li>\n<\/ul>\n<p>&nbsp;<\/p>\n<p><span style=\"font-weight: 400;\">Jeste\u015bmy &#8211; UAB Robin Jobs;<\/span><\/p>\n<p><span style=\"font-weight: 400;\">Identyfikator naszej osoby prawnej: 300659719;<\/span><\/p>\n<p><span style=\"font-weight: 400;\">Nasz adres: Naru\u010dio g. 3, Wilno;<\/span><\/p>\n<p><span style=\"font-weight: 400;\">E-mail: finance@robin.jobs<\/span><\/p>\n<p><b><\/b><\/p>\n<ul>\n<li aria-level=\"2\"><b>Dlaczego gromadzicie informacje o mnie?<\/b><\/li>\n<\/ul>\n<p>&nbsp;<\/p>\n<p><span style=\"font-weight: 400;\">Gromadzimy, wykorzystujemy i przechowujemy Pa\u0144stwa dane z nast\u0119puj\u0105cych powod\u00f3w:<\/span><\/p>\n<ul>\n<li style=\"font-weight: 400;\" aria-level=\"1\"><span style=\"font-weight: 400;\">aby m\u00f3c administrowa\u0107 przychodz\u0105cymi zapytaniami, wnioskami i skargami oraz odpowiada\u0107 na nie w odpowiedni spos\u00f3b;<\/span><\/li>\n<li style=\"font-weight: 400;\" aria-level=\"1\"><span style=\"font-weight: 400;\">mamy prawny obowi\u0105zek prowadzenia rejestru dzia\u0142alno\u015bci Sp\u00f3\u0142ki;<\/span><\/li>\n<li style=\"font-weight: 400;\" aria-level=\"1\"><span style=\"font-weight: 400;\">w celu obrony naszych uzasadnionych interes\u00f3w &#8211; je\u015bli by\u0142oby to konieczne, mogliby\u015bmy wykorzysta\u0107 Pa\u0144stwa dane osobowe w obronie naszych uzasadnionych interes\u00f3w, w tym reputacji, w s\u0105dach, instytucjach zajmuj\u0105cych si\u0119 przeds\u0105dowym rozstrzyganiem spor\u00f3w i innych w\u0142a\u015bciwych organach.<\/span><\/li>\n<\/ul>\n<p><b><\/b><\/p>\n<ul>\n<li aria-level=\"2\"><b>Jakie informacje powinienem Ci przekaza\u0107 i dlaczego?<\/b><\/li>\n<\/ul>\n<p>&nbsp;<\/p>\n<p><span style=\"font-weight: 400;\">Sk\u0142adaj\u0105c zapytanie ofertowe za pomoc\u0105 kontaktowych adres\u00f3w e-mail wskazanych na stronie internetowej, poczt\u0105 lub w inny spos\u00f3b, nale\u017cy wskaza\u0107 swoje imi\u0119, nazwisko, e-mail lub inne dane kontaktowe, przedmiot zapytania, a tak\u017ce informacje istotne dla zapytania. Po z\u0142o\u017ceniu zapytania mo\u017cesz zosta\u0107 poproszony o podanie dodatkowych informacji o sobie, aby\u015bmy mogli odpowiedzie\u0107 na Twoje zapytanie w odpowiedni spos\u00f3b.<\/span><\/p>\n<p>&nbsp;<\/p>\n<ol>\n<li style=\"font-weight: 400;\" aria-level=\"2\"><b>Jaka jest podstawa prawna gromadzenia informacji na m\u00f3j temat?<\/b><\/li>\n<\/ol>\n<p>&nbsp;<\/p>\n<p><span style=\"font-weight: 400;\">Gromadzimy i przechowujemy informacje o Tobie zgodnie z prawem na nast\u0119puj\u0105cych podstawach:\u00a0<\/span><\/p>\n<ul>\n<li style=\"font-weight: 400;\" aria-level=\"1\"><span style=\"font-weight: 400;\">w przypadku, gdy kierujesz do nas zapytanie, wniosek lub skarg\u0119 dotycz\u0105c\u0105 zawartej mi\u0119dzy nami umowy lub ubiegasz si\u0119 o zawarcie umowy, dane te s\u0105 gromadzone w celu wykonania lub zawarcia um\u00f3w (GDPR art. 6 ust. 1 lit. b));<\/span><\/li>\n<li style=\"font-weight: 400;\" aria-level=\"1\"><span style=\"font-weight: 400;\">w przypadku, gdy u\u017cytkownik kieruje do nas zapytanie, wniosek lub skarg\u0119 z jakiegokolwiek powodu innego ni\u017c zawarcie lub wykonanie umowy, mamy uzasadniony interes w administrowaniu otrzymanymi zapytaniami (art. 6 ust. 1 lit. f GDPR);<\/span><\/li>\n<li style=\"font-weight: 400;\" aria-level=\"1\"><span style=\"font-weight: 400;\">mamy prawny obowi\u0105zek przechowywania otrzymanych zapyta\u0144, wniosk\u00f3w i skarg (art. 6 ust. 1 lit. c) GDPR);<\/span><\/li>\n<li style=\"font-weight: 400;\" aria-level=\"1\"><span style=\"font-weight: 400;\">mamy uzasadniony interes w ochronie naszych praw przed s\u0105dami i innymi organami (GDPR art. 6 ust. 1 lit. f)).<\/span><\/li>\n<\/ul>\n<p>&nbsp;<\/p>\n<ol>\n<li style=\"font-weight: 400;\" aria-level=\"2\"><b>Czy zbierasz jakie\u015b poufne informacje na m\u00f3j temat?<\/b><\/li>\n<\/ol>\n<p>&nbsp;<\/p>\n<p><span style=\"font-weight: 400;\">Wra\u017cliwe informacje na Pa\u0144stwa temat nie s\u0105 gromadzone i je\u015bli nie s\u0105 one istotne dla skargi, wniosku lub zapytania, kt\u00f3re Pa\u0144stwo z\u0142o\u017cyli\u015bcie lub zamierzacie z\u0142o\u017cy\u0107, prosimy nie podawa\u0107 takich informacji. Je\u015bli mimo to takie informacje zostan\u0105 podane, uznamy, \u017ce wyrazili Pa\u0144stwo zgod\u0119 na ich przetwarzanie (GDPR art. 9 ust. 2 lit. a)).<\/span><\/p>\n<p><b><\/b><\/p>\n<ul>\n<li aria-level=\"2\"><b>Czy udost\u0119pniasz moje informacje innym podmiotom?<\/b><\/li>\n<\/ul>\n<p>&nbsp;<\/p>\n<p><span style=\"font-weight: 400;\">Informacje o Tobie mog\u0105 by\u0107 przekazywane do:\u00a0<\/span><\/p>\n<ul>\n<li style=\"font-weight: 400;\" aria-level=\"1\"><span style=\"font-weight: 400;\">firm, kt\u00f3re \u015bwiadcz\u0105 us\u0142ugi prawne i\/lub kancelarii prawnych w zakresie niezb\u0119dnym do obrony naszych uzasadnionych interes\u00f3w;<\/span><\/li>\n<li style=\"font-weight: 400;\" aria-level=\"1\"><span style=\"font-weight: 400;\">komornikom s\u0105dowym w zakresie niezb\u0119dnym do odzyskania zas\u0105dzonych kwot;<\/span><\/li>\n<li style=\"font-weight: 400;\" aria-level=\"1\"><span style=\"font-weight: 400;\">naszym us\u0142ugodawcom &#8211; dostawcom us\u0142ug komunikacyjnych (e-mail) i us\u0142ug repozytorium danych.<\/span><\/li>\n<\/ul>\n<p><b><\/b><\/p>\n<ul>\n<li aria-level=\"2\"><b>Jak d\u0142ugo przechowywane s\u0105 informacje o mnie?<\/b><\/li>\n<\/ul>\n<p>&nbsp;<\/p>\n<p><span style=\"font-weight: 400;\">Twoje informacje b\u0119d\u0105 przechowywane:<\/span><\/p>\n<ul>\n<li style=\"font-weight: 400;\" aria-level=\"1\"><span style=\"font-weight: 400;\">je\u015bli Twoje zapytanie dotyczy umowy, kt\u00f3r\u0105 zawarli\u015bmy lub planujemy zawrze\u0107, Twoje informacje b\u0119d\u0105 przechowywane przez 10 lat od zako\u0144czenia umowy;<\/span><\/li>\n<li style=\"font-weight: 400;\" aria-level=\"1\"><span style=\"font-weight: 400;\">je\u017celi z\u0142o\u017cy\u0142e\u015b do nas skarg\u0119, wniosek lub inne zapytanie, kt\u00f3re nie jest zwi\u0105zane z zawarciem lub wykonaniem umowy, b\u0119dziemy je przechowywa\u0107 przez 1 rok od podj\u0119cia decyzji w naszej firmie;<\/span><\/li>\n<li style=\"font-weight: 400;\" aria-level=\"1\"><span style=\"font-weight: 400;\">dokumenty przekazane do s\u0105d\u00f3w lub innych instytucji zajmuj\u0105cych si\u0119 rozstrzyganiem spor\u00f3w lub egzekwowaniem prawa przechowujemy przez okres 1 roku od wydania ostatecznej decyzji;<\/span><\/li>\n<li style=\"font-weight: 400;\" aria-level=\"1\"><span style=\"font-weight: 400;\">tytu\u0142y wykonawcze s\u0105d\u00f3w i ustalenia komornicze przechowywane s\u0105 przez 10 lat od zako\u0144czenia p\u0142atno\u015bci.<\/span><\/li>\n<\/ul>\n<p><b><\/b><\/p>\n<ul>\n<li aria-level=\"2\"><b>Jakie dzia\u0142ania mog\u0119 podj\u0105\u0107 w zwi\u0105zku z moimi informacjami w Pa\u0144stwa firmie?<\/b><\/li>\n<\/ul>\n<p>&nbsp;<\/p>\n<p><span style=\"font-weight: 400;\">W celu podj\u0119cia kt\u00f3regokolwiek z dzia\u0142a\u0144, o kt\u00f3rych mowa poni\u017cej, prosimy o kontakt z nami w spos\u00f3b okre\u015blony w punkcie 10. Nale\u017cy pami\u0119ta\u0107, \u017ce prawa te mog\u0105 podlega\u0107 ustawowym wyj\u0105tkom i ograniczeniom.<\/span><\/p>\n<ul>\n<li aria-level=\"1\"><span style=\"font-weight: 400;\">Prawo do \u017c\u0105dania dost\u0119pu do informacji, kt\u00f3re posiadamy na Pa\u0144stwa temat, je\u015bli przetwarzamy Pa\u0144stwa dane osobowe, kt\u00f3re umo\u017cliwiaj\u0105 Pa\u0144stwa identyfikacj\u0119;<\/span><\/li>\n<\/ul>\n<ul>\n<li aria-level=\"1\"><span style=\"font-weight: 400;\">Prawo do \u017c\u0105dania poprawienia lub uzupe\u0142nienia informacji przechowywanych na Pa\u0144stwa temat;<\/span><\/li>\n<\/ul>\n<ul>\n<li aria-level=\"1\"><span style=\"font-weight: 400;\">Prawo do \u017c\u0105dania usuni\u0119cia danych o Tobie, w przypadku gdy:<\/span><\/li>\n<\/ul>\n<ul>\n<li aria-level=\"1\"><span style=\"font-weight: 400;\">Twoje dane s\u0105 przetwarzane na podstawie Twojej zgody;<\/span><\/li>\n<\/ul>\n<ul>\n<li aria-level=\"1\"><span style=\"font-weight: 400;\">Pa\u0144stwa dane s\u0105 przetwarzane niezgodnie z prawem;<\/span><\/li>\n<\/ul>\n<ul>\n<li aria-level=\"1\"><span style=\"font-weight: 400;\">Pa\u0144stwa dane s\u0105 przetwarzane na podstawie naszego uzasadnionego interesu, kt\u00f3ry Pa\u0144stwo obalaj\u0105;<\/span><\/li>\n<\/ul>\n<ul>\n<li aria-level=\"1\"><span style=\"font-weight: 400;\">Pa\u0144stwa dane nie s\u0105 ju\u017c niezb\u0119dne w odniesieniu do cel\u00f3w, dla kt\u00f3rych zosta\u0142y zebrane;<\/span><\/li>\n<\/ul>\n<ul>\n<li aria-level=\"1\"><span style=\"font-weight: 400;\">mamy prawny obowi\u0105zek usuni\u0119cia informacji o Tobie;<\/span><\/li>\n<\/ul>\n<ul>\n<li aria-level=\"1\"><span style=\"font-weight: 400;\">Prawo do \u017c\u0105dania ograniczenia przetwarzania informacji przechowywanych o Tobie, gdy kwestionujesz dok\u0142adno\u015b\u0107 danych lub sprzeciwiasz si\u0119 przetwarzaniu danych, nie zgadzasz si\u0119 na usuni\u0119cie bezprawnie przetwarzanych danych o Tobie, lub gdy potrzebujesz danych do ustanowienia, wykonania lub obrony roszcze\u0144 prawnych;<\/span><\/li>\n<\/ul>\n<ul>\n<li aria-level=\"1\"><span style=\"font-weight: 400;\">Prawo do zakwestionowania zbierania, wykorzystywania i przechowywania Pa\u0144stwa informacji w naszej firmie, gdy przetwarzamy Pa\u0144stwa dane na podstawie uzasadnionego interesu;<\/span><\/li>\n<\/ul>\n<p><b><\/b><br \/>\n<b><\/b><\/p>\n<ul>\n<li aria-level=\"1\"><b>Prawo do \u017c\u0105dania wyeksportowania danych w przypadku, gdy u\u017cytkownik przekaza\u0142 nam dane w ustrukturyzowanym, powszechnie u\u017cywanym formacie i wyrazi\u0142 zgod\u0119 na ich przetwarzanie lub gdy musimy przetwarza\u0107 takie dane w celu wykonania umowy z u\u017cytkownikiem;<\/b><\/li>\n<\/ul>\n<ul>\n<li aria-level=\"1\"><b>Prawo do cofni\u0119cia zgody na przetwarzanie danych osobowych w dowolnym momencie;<\/b><\/li>\n<\/ul>\n<ul>\n<li aria-level=\"1\"><b>Prawo do wniesienia skargi do Pa\u0144stwowego Inspektoratu Ochrony Danych Osobowych (wi\u0119cej informacji na stronie vdai.lrv.lt).<\/b><\/li>\n<\/ul>\n<p><b><\/b><\/p>\n<p><b><\/b><\/p>\n<ul>\n<li aria-level=\"2\"><b>Jak mo\u017cesz mi pom\u00f3c?<\/b><\/li>\n<\/ul>\n<p>&nbsp;<\/p>\n<p><span style=\"font-weight: 400;\">Je\u015bli masz jakiekolwiek pytania, uwagi lub skargi dotycz\u0105ce sposobu gromadzenia, wykorzystywania i przechowywania danych o Tobie, jeste\u015bmy gotowi Ci pom\u00f3c. Je\u015bli potrzebujesz pomocy, skontaktuj si\u0119 z nami za po\u015brednictwem poczty elektronicznej finance@robin.jobs.<\/span><\/p>\n","protected":false},"excerpt":{"rendered":"<p>Ostatnia aktualizacja w dniu: 2021-06-01 &nbsp; UAB Robin Jobs dba o ochron\u0119 Pa\u0144stwa informacji. Przestrzegamy Og\u00f3lnego Rozporz\u0105dzenia o Ochronie Danych Unii Europejskiej (GDPR) oraz innych przepis\u00f3w chroni\u0105cych Pa\u0144stwa informacje, kt\u00f3re zbieramy, wykorzystujemy i przechowujemy w naszej firmie. Jak nale\u017cy czyta\u0107 niniejsz\u0105 Polityk\u0119 Prywatno\u015bci? &nbsp; Niniejsza Polityka prywatno\u015bci odpowiada na najwa\u017cniejsze pytania dotycz\u0105ce sposobu gromadzenia, wykorzystywania&#8230;<\/p>\n","protected":false},"author":1,"featured_media":0,"parent":0,"menu_order":0,"comment_status":"closed","ping_status":"closed","template":"page-templates\/privacy-policy.php","meta":{"_acf_changed":false,"inline_featured_image":false,"footnotes":""},"class_list":["post-1206761","page","type-page","status-publish","hentry"],"acf":[],"_links":{"self":[{"href":"https:\/\/robin.jobs\/pl\/wp-json\/wp\/v2\/pages\/1206761","targetHints":{"allow":["GET"]}}],"collection":[{"href":"https:\/\/robin.jobs\/pl\/wp-json\/wp\/v2\/pages"}],"about":[{"href":"https:\/\/robin.jobs\/pl\/wp-json\/wp\/v2\/types\/page"}],"author":[{"embeddable":true,"href":"https:\/\/robin.jobs\/pl\/wp-json\/wp\/v2\/users\/1"}],"replies":[{"embeddable":true,"href":"https:\/\/robin.jobs\/pl\/wp-json\/wp\/v2\/comments?post=1206761"}],"version-history":[{"count":2,"href":"https:\/\/robin.jobs\/pl\/wp-json\/wp\/v2\/pages\/1206761\/revisions"}],"predecessor-version":[{"id":1206785,"href":"https:\/\/robin.jobs\/pl\/wp-json\/wp\/v2\/pages\/1206761\/revisions\/1206785"}],"wp:attachment":[{"href":"https:\/\/robin.jobs\/pl\/wp-json\/wp\/v2\/media?parent=1206761"}],"curies":[{"name":"wp","href":"https:\/\/api.w.org\/{rel}","templated":true}]}}