{"id":1206760,"date":"2021-06-08T15:40:38","date_gmt":"2021-06-08T12:40:38","guid":{"rendered":"https:\/\/robin.jobs\/pl\/cookie-policy"},"modified":"2025-11-01T05:50:15","modified_gmt":"2025-11-01T02:50:15","slug":"cookie-policy","status":"publish","type":"page","link":"https:\/\/robin.jobs\/pl\/cookie-policy","title":{"rendered":"UAB\u00a0ROBIN JOBS POLITYKA COOKIE"},"content":{"rendered":"<p>Ostatnia aktualizacja w dniu: 2021-06-01<\/p>\n<h3>1. Co to jest \u2018ciasteczko\/cookie\u2019?<\/h3>\n<p><span style=\"font-weight: 400;\">Cookies to niewielkie pliki tekstowe zapisywane w przegl\u0105darce urz\u0105dzenia (np. komputera, telefonu kom\u00f3rkowego, tabletu) podczas przegl\u0105dania stron internetowych. W podobnych celach wykorzystywane s\u0105 inne technologie, w tym dane przechowywane w przegl\u0105darce lub urz\u0105dzeniu, identyfikatory odnosz\u0105ce si\u0119 do urz\u0105dzenia oraz inne oprogramowanie. Pliki cookies s\u0105 powszechnie stosowane, aby umo\u017cliwi\u0107 dzia\u0142anie stron internetowych lub usprawni\u0107 i zwi\u0119kszy\u0107 ich wydajno\u015b\u0107. Wszystkie wy\u017cej wymienione technologie s\u0105 w niniejszej Polityce okre\u015blane jako &#8222;pliki cookies&#8221;.\u00a0<\/span><\/p>\n<h3>2. Dlaczego u\u017cywasz plik\u00f3w cookie?<\/h3>\n<ul>\n<li style=\"font-weight: 400;\" aria-level=\"1\"><span style=\"font-weight: 400;\">U\u017cywamy plik\u00f3w cookies:<\/span><\/li>\n<li style=\"font-weight: 400;\" aria-level=\"1\"><span style=\"font-weight: 400;\">do ci\u0105g\u0142ego ulepszania strony internetowej, tak aby by\u0142a dla Ciebie bardziej atrakcyjna;<\/span><\/li>\n<li style=\"font-weight: 400;\" aria-level=\"1\"><span style=\"font-weight: 400;\">do monitorowania i analizowania trend\u00f3w odwiedzin na naszej stronie internetowej;<\/span><\/li>\n<li style=\"font-weight: 400;\" aria-level=\"1\"><span style=\"font-weight: 400;\">aby analizowa\u0107, w jaki spos\u00f3b konsumenci korzystaj\u0105 z naszej strony internetowej;<\/span><\/li>\n<li style=\"font-weight: 400;\" aria-level=\"1\"><span style=\"font-weight: 400;\">w celu zapewnienia prawid\u0142owego funkcjonowania strony internetowej i jej funkcji;<\/span><\/li>\n<li style=\"font-weight: 400;\" aria-level=\"1\"><span style=\"font-weight: 400;\">w celu zwi\u0119kszenia skuteczno\u015bci marketingu;<\/span><\/li>\n<li style=\"font-weight: 400;\" aria-level=\"1\"><span style=\"font-weight: 400;\">do wy\u015bwietlania film\u00f3w z YouTube na naszej stronie internetowej;<\/span><\/li>\n<li style=\"font-weight: 400;\" aria-level=\"1\"><span style=\"font-weight: 400;\">aby zapami\u0119ta\u0107 Tw\u00f3j wyb\u00f3r j\u0119zyka strony internetowej;<\/span><\/li>\n<li style=\"font-weight: 400;\" aria-level=\"1\"><span style=\"font-weight: 400;\">aby w odpowiedni spos\u00f3b informowa\u0107 o plikach cookie na naszej stronie internetowej.<\/span><\/li>\n<\/ul>\n<h3>3. Jakie s\u0105 rodzaje plik\u00f3w cookie?<\/h3>\n<h4>a) \u015aci\u015ble niezb\u0119dne pliki cookie<\/h4>\n<p><span style=\"font-weight: 400;\">Te pliki cookie s\u0105 niezb\u0119dne na stronie internetowej, aby u\u017cytkownik m\u00f3g\u0142 przegl\u0105da\u0107 i korzysta\u0107 z funkcji strony internetowej, np. zapami\u0119tywa\u0107 informacje wprowadzone do formularzy, gdy u\u017cytkownik przechodzi z jednej strony na drug\u0105 podczas sesji przegl\u0105dania. Bez \u015bci\u015ble niezb\u0119dnych plik\u00f3w cookie niekt\u00f3re us\u0142ugi strony internetowej by\u0142yby niemo\u017cliwe, a strona nie dzia\u0142a\u0142aby tak sprawnie, jak powinna. Takie pliki cookie nie zbieraj\u0105 \u017cadnych informacji w celach marketingowych i nie rejestruj\u0105 Pa\u0144stwa wizyt online.<\/span><\/p>\n<h4>b) Ciasteczka analityczne<\/h4>\n<p><span style=\"font-weight: 400;\">Analityczne pliki cookies zbieraj\u0105 informacje na temat korzystania z witryny i pomagaj\u0105 usprawni\u0107 jej funkcjonowanie. Na przyk\u0142ad, analityczne pliki cookie mog\u0105 pokaza\u0107, kt\u00f3re strony s\u0105 najcz\u0119\u015bciej odwiedzane, pom\u00f3c w rejestracji awarii maj\u0105cych miejsce na stronie lub pokaza\u0107, czy reklama wy\u015bwietlana na stronie jest skuteczna. Analityczne pliki cookie nie gromadz\u0105 danych osobowych odwiedzaj\u0105cych, a wszystkie informacje zebrane przez takie pliki cookie s\u0105 zagregowane i anonimowe.<\/span><\/p>\n<h4>c) Funkcjonalne pliki cookie<\/h4>\n<p><span style=\"font-weight: 400;\">Funkcjonalne pliki cookie pozwalaj\u0105 stronie internetowej zapami\u0119ta\u0107 Pa\u0144stwa wybory i zaoferowa\u0107 ulepszone funkcje, bardziej dostosowane do Pa\u0144stwa potrzeb. Funkcjonalne pliki cookie zapami\u0119tuj\u0105 r\u00f3wnie\u017c dokonane przez Ciebie zmiany, np. indywidualne ustawienia na konkretnej stronie internetowej, jak r\u00f3wnie\u017c w innych przypadkach, np. podczas ogl\u0105dania filmu lub pozostawienia komentarza na naszej stronie internetowej. Funkcjonalne pliki cookie nie \u015bledz\u0105 Twoich dzia\u0142a\u0144 na innych stronach internetowych.<\/span><\/p>\n<h4>d) Reklamowe pliki cookie<\/h4>\n<p><span style=\"font-weight: 400;\">Reklamowe pliki cookies umo\u017cliwiaj\u0105 prezentacj\u0119 bardziej interesuj\u0105cych reklam, aby lepiej odpowiada\u0142y zainteresowaniom u\u017cytkownika lub ograniczenie reklam w tym samym ci\u0105gu reklam na odwiedzanej stronie internetowej. Ten rodzaj plik\u00f3w cookies jest r\u00f3wnie\u017c wykorzystywany do oceny skuteczno\u015bci kampanii. Takie pliki cookies mog\u0105 by\u0107 wykorzystywane w celu zapami\u0119tania tego, co robi\u0142e\u015b na stronie internetowej.<\/span><\/p>\n<h3>4. Jakich plik\u00f3w cookie u\u017cywamy?<\/h3>\n<p><span style=\"font-weight: 400;\">Na naszej stronie internetowej u\u017cywamy nast\u0119puj\u0105cych plik\u00f3w cookie:<\/span><\/p>\n<table>\n<tbody>\n<tr>\n<td><strong>KATEGORIA COOKIE<\/strong><\/td>\n<td><strong>NAZWA COOKIE<\/strong><\/td>\n<td><strong>COOKIE CZAS WA\u017bNO\u015aCI<\/strong><\/td>\n<td><strong>CEL COOKIE\u00a0<\/strong><\/td>\n<\/tr>\n<tr>\n<td rowspan=\"2\"><span style=\"font-weight: 400;\">Analityczne pliki cookie<\/span><\/td>\n<td><span style=\"font-weight: 400;\">_ga<\/span><\/td>\n<td><span style=\"font-weight: 400;\">2\u00a0lata<\/span><\/td>\n<td rowspan=\"2\"><span style=\"font-weight: 400;\">Pliki cookie Google pierwszej kategorii u\u017cywane do zbierania informacji o wizytach na stronie internetowej i sposobie korzystania z niej przez odwiedzaj\u0105cych. Pliki cookie gromadz\u0105 informacje, takie jak liczba odwiedzaj\u0105cych stron\u0119 internetow\u0105, informacje o stronie internetowej, z kt\u00f3rej pochodz\u0105 odwiedzaj\u0105cy, strony odwiedzane na stronie internetowej, przegl\u0105darka u\u017cywana do przegl\u0105dania, system operacyjny itp.<\/span><\/td>\n<\/tr>\n<tr>\n<td><span style=\"font-weight: 400;\">_ga_xxxxxxxxxx<\/span><\/td>\n<td><span style=\"font-weight: 400;\">2\u00a0lata<\/span><\/td>\n<\/tr>\n<tr>\n<td rowspan=\"2\"><span style=\"font-weight: 400;\">Funkcjonalne pliki cookie<\/span><\/td>\n<td><span style=\"font-weight: 400;\">cookieBannerDisplayed<\/span><span style=\"font-weight: 400;\">\u00a0<\/span><\/td>\n<td><span style=\"font-weight: 400;\">Do ko\u0144ca sesji przegl\u0105dania<\/span><\/td>\n<td><span style=\"font-weight: 400;\">Do powiadomie\u0144 o u\u017cywaniu plik\u00f3w cookie<\/span><\/td>\n<\/tr>\n<tr>\n<td><span style=\"font-weight: 400;\">public_lang<\/span><\/td>\n<td><span style=\"font-weight: 400;\">181\u00a0dni<\/span><\/td>\n<td><span style=\"font-weight: 400;\">Do zapami\u0119tywania u\u017cywanego j\u0119zyka strony internetowej<\/span><\/td>\n<\/tr>\n<tr>\n<td rowspan=\"15\"><span style=\"font-weight: 400;\">Reklamowe pliki cookie<\/span><\/td>\n<td><span style=\"font-weight: 400;\">dpr<\/span><\/td>\n<td><span style=\"font-weight: 400;\">7 dni<\/span><\/td>\n<td><span style=\"font-weight: 400;\">Pliki cookie Facebooka nale\u017c\u0105ce do os\u00f3b trzecich przechowuj\u0105 informacje o zalogowanym u\u017cytkowniku Facebooka w celu oferowania reklam i aktualizacji tre\u015bci. Zawarto\u015b\u0107 plik\u00f3w cookie jest zatwierdzona w warunkach korzystania z Facebooka.<\/span><\/td>\n<\/tr>\n<tr>\n<td><span style=\"font-weight: 400;\">fr<\/span><\/td>\n<td><span style=\"font-weight: 400;\">90 dni<\/span><\/td>\n<td><span style=\"font-weight: 400;\">Plik cookie Facebooka nale\u017c\u0105cy do osoby trzeciej, s\u0142u\u017c\u0105cy do prezentacji reklam, pomiaru konwersji reklam i poprawy trafno\u015bci reklam.<\/span><\/td>\n<\/tr>\n<tr>\n<td><span style=\"font-weight: 400;\">IDE<\/span><\/td>\n<td><span style=\"font-weight: 400;\">390 dni<\/span><\/td>\n<td><span style=\"font-weight: 400;\">Plik cookie DoubleClick nale\u017c\u0105cy do os\u00f3b trzecich, s\u0142u\u017c\u0105cy do prezentacji reklam Google na stronach innych ni\u017c Google. Reklamy ukierunkowane s\u0105 wy\u015bwietlane na podstawie poprzednich wizyt na stronie internetowej. Te pliki cookie mierz\u0105 r\u00f3wnie\u017c konwersj\u0119 reklam.<\/span><\/td>\n<\/tr>\n<tr>\n<td><span style=\"font-weight: 400;\">test_cookie<\/span><\/td>\n<td><span style=\"font-weight: 400;\">Kilka sekund<\/span><\/td>\n<td><span style=\"font-weight: 400;\">Plik cookie DoubleClick strony trzeciej s\u0142u\u017c\u0105cy do identyfikacji, czy przegl\u0105darka, z kt\u00f3rej korzysta odwiedzaj\u0105cy, obs\u0142uguje pliki cookie.<\/span><\/td>\n<\/tr>\n<tr>\n<td><span style=\"font-weight: 400;\">1P_JAR<\/span><\/td>\n<td><span style=\"font-weight: 400;\">30 dni<\/span><\/td>\n<td rowspan=\"10\"><span style=\"font-weight: 400;\">Te pliki cookie s\u0105 zapisywane przez za\u0142adowane filmy z YouTube. Rejestruj\u0105 one anonimowe dane statystyczne, na przyk\u0142ad, ile razy film jest odtwarzany i jakie ustawienia s\u0105 u\u017cywane do odtwarzania. Nie s\u0105 zbierane \u017cadne wra\u017cliwe dane, a je\u015bli nie jeste\u015b zalogowany na konto Google, Twoje dzia\u0142ania s\u0105 powi\u0105zane z kontem Google, na przyk\u0142ad, je\u015bli klikniesz &#8222;lubi\u0119 to&#8221; na filmie.<\/span><\/p>\n<p><span style=\"font-weight: 400;\">Aby uzyska\u0107 wi\u0119cej informacji, przeczytaj Polityk\u0119 prywatno\u015bci Google.<\/span><\/td>\n<\/tr>\n<tr>\n<td><span style=\"font-weight: 400;\">NID<\/span><\/td>\n<td><span style=\"font-weight: 400;\">6\u00a0miesi\u0119cy<\/span><\/td>\n<\/tr>\n<tr>\n<td><span style=\"font-weight: 400;\">__Secure-3PSIDCC<\/span><\/td>\n<td><span style=\"font-weight: 400;\">2\u00a0lata<\/span><\/td>\n<\/tr>\n<tr>\n<td><span style=\"font-weight: 400;\">__Secure-3PAPISID<\/span><\/td>\n<td><span style=\"font-weight: 400;\">2\u00a0lata<\/span><\/td>\n<\/tr>\n<tr>\n<td><span style=\"font-weight: 400;\">__Secure-3PSID<\/span><\/td>\n<td><span style=\"font-weight: 400;\">2\u00a0lata<\/span><\/td>\n<\/tr>\n<tr>\n<td><span style=\"font-weight: 400;\">CONSENT<\/span><\/td>\n<td><span style=\"font-weight: 400;\">200\u00a0miesi\u0119cy<\/span><\/td>\n<\/tr>\n<tr>\n<td><span style=\"font-weight: 400;\">GPS<\/span><\/td>\n<td><span style=\"font-weight: 400;\">30\u00a0min<\/span><\/td>\n<\/tr>\n<tr>\n<td><span style=\"font-weight: 400;\">PREF<\/span><\/td>\n<td><span style=\"font-weight: 400;\">2\u00a0lata<\/span><\/td>\n<\/tr>\n<tr>\n<td><span style=\"font-weight: 400;\">VISITOR_INFO1_LIVE<\/span><\/td>\n<td><span style=\"font-weight: 400;\">6\u00a0miesi\u0119cy<\/span><\/td>\n<\/tr>\n<tr>\n<td><span style=\"font-weight: 400;\">YSC<\/span><\/td>\n<td><span style=\"font-weight: 400;\">Do ko\u0144ca sesji przegl\u0105dania<\/span><\/td>\n<\/tr>\n<tr>\n<td><span style=\"font-weight: 400;\">_fbp<\/span><\/td>\n<td><span style=\"font-weight: 400;\">6\u00a0miesi\u0119cy<\/span><\/td>\n<td><span style=\"font-weight: 400;\">Plik cookie First-party Facebook u\u017cywany do prezentacji naszych reklam na Facebooku.<\/span><\/td>\n<\/tr>\n<\/tbody>\n<\/table>\n<h3>5. Jak mog\u0119 kontrolowa\u0107 pliki cookie?<\/h3>\n<p><span style=\"font-weight: 400;\">Mo\u017cesz kontrolowa\u0107 u\u017cycie plik\u00f3w cookie poprzez zmian\u0119 ustawie\u0144 swojej przegl\u0105darki. Wi\u0119cej informacji na ten temat mo\u017cna znale\u017a\u0107 na stronie internetowej dostawcy przegl\u0105darki, z kt\u00f3rej Pa\u0144stwo korzystaj\u0105.<\/span><\/p>\n<p><span style=\"font-weight: 400;\">Nale\u017cy pami\u0119ta\u0107, \u017ce usuni\u0119cie plik\u00f3w cookie lub wy\u0142\u0105czenie ich do przysz\u0142ego u\u017cytku mo\u017ce spowodowa\u0107, \u017ce niekt\u00f3re cz\u0119\u015bci lub funkcje naszej strony internetowej stan\u0105 si\u0119 niedost\u0119pne. Je\u015bli zmieni\u0105 Pa\u0144stwo ustawienia dotycz\u0105ce plik\u00f3w cookie, b\u0119dzie to mia\u0142o r\u00f3wnie\u017c wp\u0142yw na inne odwiedzane przez Pa\u0144stwa strony internetowe.<\/span><\/p>\n","protected":false},"excerpt":{"rendered":"<p>Ostatnia aktualizacja w dniu: 2021-06-01 1. Co to jest \u2018ciasteczko\/cookie\u2019? Cookies to niewielkie pliki tekstowe zapisywane w przegl\u0105darce urz\u0105dzenia (np. komputera, telefonu kom\u00f3rkowego, tabletu) podczas przegl\u0105dania stron internetowych. W podobnych celach wykorzystywane s\u0105 inne technologie, w tym dane przechowywane w przegl\u0105darce lub urz\u0105dzeniu, identyfikatory odnosz\u0105ce si\u0119 do urz\u0105dzenia oraz inne oprogramowanie. Pliki cookies s\u0105 powszechnie&#8230;<\/p>\n","protected":false},"author":1,"featured_media":0,"parent":0,"menu_order":0,"comment_status":"closed","ping_status":"closed","template":"page-templates\/privacy-policy.php","meta":{"_acf_changed":false,"inline_featured_image":false,"footnotes":""},"class_list":["post-1206760","page","type-page","status-publish","hentry"],"acf":[],"_links":{"self":[{"href":"https:\/\/robin.jobs\/pl\/wp-json\/wp\/v2\/pages\/1206760","targetHints":{"allow":["GET"]}}],"collection":[{"href":"https:\/\/robin.jobs\/pl\/wp-json\/wp\/v2\/pages"}],"about":[{"href":"https:\/\/robin.jobs\/pl\/wp-json\/wp\/v2\/types\/page"}],"author":[{"embeddable":true,"href":"https:\/\/robin.jobs\/pl\/wp-json\/wp\/v2\/users\/1"}],"replies":[{"embeddable":true,"href":"https:\/\/robin.jobs\/pl\/wp-json\/wp\/v2\/comments?post=1206760"}],"version-history":[{"count":4,"href":"https:\/\/robin.jobs\/pl\/wp-json\/wp\/v2\/pages\/1206760\/revisions"}],"predecessor-version":[{"id":1243773,"href":"https:\/\/robin.jobs\/pl\/wp-json\/wp\/v2\/pages\/1206760\/revisions\/1243773"}],"wp:attachment":[{"href":"https:\/\/robin.jobs\/pl\/wp-json\/wp\/v2\/media?parent=1206760"}],"curies":[{"name":"wp","href":"https:\/\/api.w.org\/{rel}","templated":true}]}}