{"id":1206759,"date":"2021-06-08T15:39:22","date_gmt":"2021-06-08T12:39:22","guid":{"rendered":"https:\/\/robin.jobs\/pl\/privacy-policy-for-website-visitors"},"modified":"2021-06-09T15:51:19","modified_gmt":"2021-06-09T12:51:19","slug":"privacy-policy-for-website-visitors","status":"publish","type":"page","link":"https:\/\/robin.jobs\/pl\/privacy-policy-for-website-visitors","title":{"rendered":"UAB\u00a0ROBIN JOBS POLITYKA PRYWATNO\u015aCI DLA ODWIEDZAJ\u0104CYCH STRON\u0118 INTERNETOW\u0104"},"content":{"rendered":"<p><b>Ostatnia aktualizacja w dniu: 2021-06-01<\/b><\/p>\n<p>&nbsp;<\/p>\n<p><span style=\"font-weight: 400;\">UAB Robin Jobs dba o ochron\u0119 Pa\u0144stwa informacji. Przestrzegamy Og\u00f3lnego Rozporz\u0105dzenia o Ochronie Danych Unii Europejskiej (GDPR) oraz innych przepis\u00f3w chroni\u0105cych Pa\u0144stwa informacje, kt\u00f3re zbieramy, wykorzystujemy i przechowujemy w naszej firmie.<\/span><\/p>\n<p><b><\/b><\/p>\n<ul>\n<li aria-level=\"1\"><b>Jak nale\u017cy czyta\u0107 niniejsz\u0105 Polityk\u0119 Prywatno\u015bci?<\/b><\/li>\n<\/ul>\n<p>&nbsp;<\/p>\n<p><span style=\"font-weight: 400;\">Niniejsza Polityka prywatno\u015bci odpowiada na najwa\u017cniejsze pytania dotycz\u0105ce sposobu gromadzenia, wykorzystywania i przechowywania informacji o u\u017cytkowniku. Je\u015bli masz jakiekolwiek pytania lub jakakolwiek cz\u0119\u015b\u0107 niniejszej informacji jest niejasna, jeste\u015bmy gotowi pom\u00f3c Ci, jak opisano w sekcji 10 niniejszej Polityki prywatno\u015bci. Nale\u017cy pami\u0119ta\u0107, \u017ce wszelkie odniesienia do s\u0142owa &#8222;my&#8221; w niniejszej Polityce Prywatno\u015bci oznaczaj\u0105 nasz\u0105 firm\u0119, jak wskazano w sekcji 2 Polityki Prywatno\u015bci.<\/span><\/p>\n<p><b><\/b><\/p>\n<ul>\n<li aria-level=\"1\"><b>Kto jest odpowiedzialny za ochron\u0119 moich informacji?\u00a0<\/b><\/li>\n<\/ul>\n<p>&nbsp;<\/p>\n<p><span style=\"font-weight: 400;\">Jeste\u015bmy &#8211; UAB Robin Jobs;<\/span><\/p>\n<p><span style=\"font-weight: 400;\">Identyfikator naszej osoby prawnej: 300659719;<\/span><\/p>\n<p><span style=\"font-weight: 400;\">Nasz adres: Naru\u010dio g. 3, Wilno;<\/span><\/p>\n<p><span style=\"font-weight: 400;\">E-mail: finance@robin.jobs<\/span><\/p>\n<p><b><\/b><\/p>\n<ul>\n<li aria-level=\"1\"><b>Dlaczego gromadzicie informacje o mnie?<\/b><\/li>\n<\/ul>\n<p>&nbsp;<\/p>\n<p><span style=\"font-weight: 400;\">Zapewniamy publiczny dost\u0119p do strony robin.jobs, wspieramy i ulepszamy j\u0105, a tak\u017ce zapewniamy prawid\u0142owe dzia\u0142anie jej funkcji. W tym celu wykorzystywane s\u0105 pliki cookies. Wi\u0119cej informacji o plikach cookies stosowanych na naszej stronie internetowej oraz ich przeznaczeniu znajduje si\u0119 w Polityce plik\u00f3w cookies.\u00a0<\/span><\/p>\n<p><b><\/b><\/p>\n<ul>\n<li aria-level=\"1\"><b>Jakie informacje na m\u00f3j temat s\u0105 zbierane, wykorzystywane i przechowywane?\u00a0<\/b><\/li>\n<\/ul>\n<p>&nbsp;<\/p>\n<p><span style=\"font-weight: 400;\">Podczas przegl\u0105dania naszej strony internetowej, je\u015bli wyrazili Pa\u0144stwo zgod\u0119 na stosowanie analitycznych plik\u00f3w cookie, zbieramy z nich anonimowe dane dotycz\u0105ce trend\u00f3w przegl\u0105dania naszej strony internetowej, Pa\u0144stwa danych demograficznych, przegl\u0105darki u\u017cywanej do przegl\u0105dania oraz systemu operacyjnego.<\/span><\/p>\n<p>&nbsp;<\/p>\n<p><span style=\"font-weight: 400;\">Na naszym koncie na Facebooku nie mamy mo\u017cliwo\u015bci korzystania z plik\u00f3w cookie, s\u0105 one jednak wykorzystywane przez Facebook we w\u0142asnym zakresie. Wi\u0119cej informacji o tym, w jaki spos\u00f3b Facebook zbiera, wykorzystuje i przechowuje informacje o u\u017cytkowniku, mo\u017cna znale\u017a\u0107 w Polityce prywatno\u015bci Facebooka.<\/span><\/p>\n<p><b><\/b><\/p>\n<ul>\n<li aria-level=\"1\"><b>Czy u\u017cywasz plik\u00f3w cookie?<\/b><\/li>\n<\/ul>\n<p>&nbsp;<\/p>\n<p><span style=\"font-weight: 400;\">Tak. U\u017cywamy plik\u00f3w cookies w spos\u00f3b opisany w Polityce cookies.<\/span><\/p>\n<p><b><\/b><\/p>\n<ul>\n<li aria-level=\"1\"><b>Jaka jest podstawa prawna gromadzenia informacji na m\u00f3j temat?<\/b><\/li>\n<\/ul>\n<p>&nbsp;<\/p>\n<ul>\n<li style=\"font-weight: 400;\" aria-level=\"1\"><span style=\"font-weight: 400;\">Zbieramy informacje o Tobie zgodnie z prawem na nast\u0119puj\u0105cych podstawach:<\/span><\/li>\n<li style=\"font-weight: 400;\" aria-level=\"1\"><span style=\"font-weight: 400;\">w oparciu o nasz uzasadniony interes, aby korzysta\u0107 z plik\u00f3w cookie, kt\u00f3re s\u0105 obowi\u0105zkowe dla prawid\u0142owego funkcjonowania strony internetowej i jej funkcji (GDPR art. 6 ust. 1 lit. f));<\/span><\/li>\n<li style=\"font-weight: 400;\" aria-level=\"1\"><span style=\"font-weight: 400;\">na podstawie Pa\u0144stwa zgody na wykorzystanie analitycznych i reklamowych plik\u00f3w cookie (GDPR art. 6 ust. 1 lit. a)).<\/span><\/li>\n<\/ul>\n<p><b><\/b><\/p>\n<ul>\n<li aria-level=\"1\"><b>Czy udost\u0119pniasz moje informacje innym podmiotom?<\/b><\/li>\n<\/ul>\n<p>&nbsp;<\/p>\n<p><span style=\"font-weight: 400;\">Mo\u017cemy udost\u0119pnia\u0107 informacje dostawcom us\u0142ug, kt\u00f3rzy zapewniaj\u0105 nam us\u0142ugi IT, konserwacji i wsparcia strony internetowej, dostawcom us\u0142ug zwi\u0105zanych z plikami cookie.<\/span><\/p>\n<p><b><\/b><\/p>\n<ul>\n<li aria-level=\"1\"><b>Jak d\u0142ugo przechowywane s\u0105 informacje o mnie?<\/b><\/li>\n<\/ul>\n<p>&nbsp;<\/p>\n<p><span style=\"font-weight: 400;\">Informacje zwi\u0105zane z plikami cookie s\u0105 przechowywane w spos\u00f3b opisany w Polityce plik\u00f3w cookie.<\/span><\/p>\n<p><b><\/b><\/p>\n<ul>\n<li aria-level=\"1\"><b>Jakie dzia\u0142ania mog\u0119 podj\u0105\u0107 w zwi\u0105zku z moimi informacjami w Pa\u0144stwa firmie?<\/b><\/li>\n<\/ul>\n<p>&nbsp;<\/p>\n<p><span style=\"font-weight: 400;\">W celu podj\u0119cia kt\u00f3regokolwiek z dzia\u0142a\u0144, o kt\u00f3rych mowa poni\u017cej, prosimy o kontakt z nami w spos\u00f3b okre\u015blony w punkcie 10. Nale\u017cy pami\u0119ta\u0107, \u017ce prawa te podlegaj\u0105 ustawowym warunkom i wyj\u0105tkom.<\/span><\/p>\n<p><b><\/b><\/p>\n<ul>\n<li aria-level=\"1\"><b>Prawo do \u017c\u0105dania dost\u0119pu do informacji, kt\u00f3re posiadamy o Tobie, je\u015bli przetwarzamy Twoje dane osobowe, kt\u00f3re umo\u017cliwiaj\u0105 Twoj\u0105 identyfikacj\u0119;<\/b><\/li>\n<\/ul>\n<ul>\n<li aria-level=\"1\"><b>Prawo do \u017c\u0105dania poprawienia lub uzupe\u0142nienia posiadanych informacji o Tobie;<\/b><\/li>\n<\/ul>\n<ul>\n<li aria-level=\"1\"><b>Prawo do \u017c\u0105dania usuni\u0119cia danych o Tobie, je\u017celi:<\/b><\/li>\n<\/ul>\n<ul>\n<li aria-level=\"1\"><b>Twoje dane s\u0105 przetwarzane na podstawie Twojej zgody;<\/b><\/li>\n<\/ul>\n<ul>\n<li aria-level=\"1\"><b>Pa\u0144stwa dane s\u0105 przetwarzane niezgodnie z prawem;<\/b><\/li>\n<\/ul>\n<ul>\n<li aria-level=\"1\"><b>Pa\u0144stwa dane s\u0105 przetwarzane na podstawie naszego uzasadnionego interesu, kt\u00f3ry Pa\u0144stwo obalaj\u0105;<\/b><\/li>\n<\/ul>\n<ul>\n<li aria-level=\"1\"><b>Pa\u0144stwa dane nie s\u0105 ju\u017c niezb\u0119dne w odniesieniu do cel\u00f3w, dla kt\u00f3rych zosta\u0142y zebrane;<\/b><\/li>\n<\/ul>\n<ul>\n<li aria-level=\"1\"><b>mamy prawny obowi\u0105zek usuni\u0119cia informacji o Tobie;<\/b><\/li>\n<\/ul>\n<ul>\n<li aria-level=\"1\"><b>Prawo do za\u017c\u0105dania od nas ograniczenia przetwarzania informacji przechowywanych o Tobie, gdy kwestionujesz dok\u0142adno\u015b\u0107 danych lub sprzeciwiasz si\u0119 przetwarzaniu danych, nie zgadzasz si\u0119 na usuni\u0119cie bezprawnie przetwarzanych danych o Tobie, lub gdy potrzebujesz danych do ustanowienia, wykonania lub obrony roszcze\u0144 prawnych;<\/b><\/li>\n<\/ul>\n<ul>\n<li aria-level=\"1\"><b>Prawo do zakwestionowania zbierania, wykorzystywania i przechowywania Pa\u0144stwa danych w naszej firmie, gdy przetwarzamy Pa\u0144stwa dane na podstawie uzasadnionego interesu;<\/b><\/li>\n<\/ul>\n<ul>\n<li aria-level=\"1\"><b>Prawo do \u017c\u0105dania eksportu danych w przypadku, gdy u\u017cytkownik przekaza\u0142 nam dane w ustrukturyzowanym, powszechnie u\u017cywanym formacie i wyrazi\u0142 zgod\u0119 na ich przetwarzanie lub gdy musimy przetwarza\u0107 takie dane w celu wykonania umowy z u\u017cytkownikiem;<\/b><\/li>\n<\/ul>\n<ul>\n<li aria-level=\"1\"><b>Prawo do cofni\u0119cia w dowolnym momencie udzielonej zgody na przetwarzanie danych osobowych (mo\u017cna to zrobi\u0107 poprzez zmian\u0119 ustawie\u0144 przegl\u0105darki);<\/b><\/li>\n<\/ul>\n<ul>\n<li aria-level=\"1\"><b>Prawo do wniesienia skargi do Pa\u0144stwowego Inspektoratu Ochrony Danych (wi\u0119cej informacji na stronie vdai.lrv.lt).<\/b><\/li>\n<\/ul>\n<p><b><\/b><\/p>\n<p><b><\/b><\/p>\n<ul>\n<li aria-level=\"1\"><b>Jak mo\u017cesz mi pom\u00f3c?<\/b><\/li>\n<\/ul>\n<p>&nbsp;<\/p>\n<p><span style=\"font-weight: 400;\">Je\u015bli masz jakiekolwiek pytania, uwagi lub skargi w zwi\u0105zku z tym, jak zbieramy, wykorzystujemy i przechowujemy dane o Tobie, jeste\u015bmy gotowi Ci pom\u00f3c. Je\u015bli potrzebujesz jakiejkolwiek pomocy, skontaktuj si\u0119 z nami mailowo finance@robin.jobs.<\/span><\/p>\n","protected":false},"excerpt":{"rendered":"<p>Ostatnia aktualizacja w dniu: 2021-06-01 &nbsp; UAB Robin Jobs dba o ochron\u0119 Pa\u0144stwa informacji. Przestrzegamy Og\u00f3lnego Rozporz\u0105dzenia o Ochronie Danych Unii Europejskiej (GDPR) oraz innych przepis\u00f3w chroni\u0105cych Pa\u0144stwa informacje, kt\u00f3re zbieramy, wykorzystujemy i przechowujemy w naszej firmie. Jak nale\u017cy czyta\u0107 niniejsz\u0105 Polityk\u0119 Prywatno\u015bci? &nbsp; Niniejsza Polityka prywatno\u015bci odpowiada na najwa\u017cniejsze pytania dotycz\u0105ce sposobu gromadzenia, wykorzystywania&#8230;<\/p>\n","protected":false},"author":1,"featured_media":0,"parent":0,"menu_order":0,"comment_status":"closed","ping_status":"closed","template":"page-templates\/privacy-policy.php","meta":{"_acf_changed":false,"inline_featured_image":false,"footnotes":""},"class_list":["post-1206759","page","type-page","status-publish","hentry"],"acf":[],"_links":{"self":[{"href":"https:\/\/robin.jobs\/pl\/wp-json\/wp\/v2\/pages\/1206759","targetHints":{"allow":["GET"]}}],"collection":[{"href":"https:\/\/robin.jobs\/pl\/wp-json\/wp\/v2\/pages"}],"about":[{"href":"https:\/\/robin.jobs\/pl\/wp-json\/wp\/v2\/types\/page"}],"author":[{"embeddable":true,"href":"https:\/\/robin.jobs\/pl\/wp-json\/wp\/v2\/users\/1"}],"replies":[{"embeddable":true,"href":"https:\/\/robin.jobs\/pl\/wp-json\/wp\/v2\/comments?post=1206759"}],"version-history":[{"count":2,"href":"https:\/\/robin.jobs\/pl\/wp-json\/wp\/v2\/pages\/1206759\/revisions"}],"predecessor-version":[{"id":1206781,"href":"https:\/\/robin.jobs\/pl\/wp-json\/wp\/v2\/pages\/1206759\/revisions\/1206781"}],"wp:attachment":[{"href":"https:\/\/robin.jobs\/pl\/wp-json\/wp\/v2\/media?parent=1206759"}],"curies":[{"name":"wp","href":"https:\/\/api.w.org\/{rel}","templated":true}]}}