{"id":1195786,"date":"2019-05-21T14:34:22","date_gmt":"2019-05-21T11:34:22","guid":{"rendered":"https:\/\/robin.jobs\/pl\/?page_id=1195786"},"modified":"2026-04-05T14:31:01","modified_gmt":"2026-04-05T11:31:01","slug":"oferty-pracy-za-granica","status":"publish","type":"page","link":"https:\/\/robin.jobs\/pl\/oferty-pracy-za-granica","title":{"rendered":"Oferty pracy za granic\u0105"},"content":{"rendered":"<p>Szukasz atrakcyjnej oferty pracy za granic\u0105? W tej chwili Robin dysponuje<strong>32<\/strong> wakatami za granic\u0105, w Holandii, Niemczech oraz Belgii. Posiadamy szeroki wachlarz dost\u0119pnych stanowisk, niezale\u017cnie od tego czy jeste\u015b zainteresowany wyjazdem w pojedynk\u0119 czy w parze i czy znasz j\u0119zyk angielski czy nie.<br \/>\n<!--more--><\/p>\n<p>Praca za granic\u0105 pozwoli Ci nie tylko na oszcz\u0119dzenie pieni\u0119dzy na przysz\u0142o\u015b\u0107, ale te\u017c na poszerzenie swoich horyzont\u00f3w i nawi\u0105zanie mi\u0119dzynarodowych znajomo\u015bci. Niewa\u017cne czy poszukujesz zatrudnienia tymczasowego, sta\u0142ego, dla par czy tylko dla siebie \u2013 znajdzie si\u0119 dla Ciebie odpowiednia oferta pracy za granic\u0105.<\/p>\n<p>Zdobycie pracy za granic\u0105, korzystaj\u0105c z us\u0142ug Robin pozwoli Ci na wyselekcjonowanie z naszym rekruterem og\u0142osze\u0144 spo\u015br\u00f3d ofert <strong>25<\/strong> aktywnych agencji zatrudnienia dzia\u0142aj\u0105cych w Niemczech, Holandii, i Belgii. Razem z zespo\u0142em Robin, znajdziesz prac\u0119 z zakwaterowaniem w kraju dostosowanym do Twoich potrzeb.<\/p>\n<h2>Du\u017cy wyb\u00f3r ofert pracy za granic\u0105<\/h2>\n<p>Szukasz odpowiedniej dla siebie pracy za granic\u0105? Dysponujemy wakatami w Niemczech, Holandii i Belgii. Je\u015bli chcia\u0142by\u015b podj\u0105\u0107 prac\u0119 za granic\u0105, jednak nie jeste\u015b zdecydowany do jakiego kraju chcia\u0142by\u015b si\u0119 przenie\u015b\u0107, zapoznaj si\u0119 z list\u0105 najlepszych kraj\u00f3w <span style=\"text-decoration: underline;\">do pracy w UE w 2025 roku<\/span>.<\/p>\n<p>Na pewno znajd\u0105 sie oferty pracy za granic\u0105 dostosowane do Twoich potrzeb. Niewa\u017cne czy szukasz zatrudnienia jako student, osoba z do\u015bwiadczeniem w bran\u017cy budowlanej czy monter. Przejrzyj aktualnie dost\u0119pne oferty pracy za granic\u0105 i aplikuj ju\u017c dzisiaj na stanowisko stworzone z my\u015bl\u0105 o Tobie!<\/p>\n","protected":false},"excerpt":{"rendered":"<p>Szukasz atrakcyjnej oferty pracy za granic\u0105? W tej chwili Robin dysponuje wakatami za granic\u0105, w Holandii, Niemczech oraz Belgii. Posiadamy szeroki wachlarz dost\u0119pnych stanowisk, niezale\u017cnie od tego czy jeste\u015b zainteresowany wyjazdem w pojedynk\u0119 czy w parze i czy znasz j\u0119zyk angielski czy nie.<\/p>\n","protected":false},"author":1,"featured_media":1200617,"parent":0,"menu_order":0,"comment_status":"closed","ping_status":"closed","template":"page-templates\/vacancy-archive.php","meta":{"_acf_changed":false,"inline_featured_image":false,"footnotes":""},"class_list":["post-1195786","page","type-page","status-publish","has-post-thumbnail","hentry"],"acf":[],"_links":{"self":[{"href":"https:\/\/robin.jobs\/pl\/wp-json\/wp\/v2\/pages\/1195786","targetHints":{"allow":["GET"]}}],"collection":[{"href":"https:\/\/robin.jobs\/pl\/wp-json\/wp\/v2\/pages"}],"about":[{"href":"https:\/\/robin.jobs\/pl\/wp-json\/wp\/v2\/types\/page"}],"author":[{"embeddable":true,"href":"https:\/\/robin.jobs\/pl\/wp-json\/wp\/v2\/users\/1"}],"replies":[{"embeddable":true,"href":"https:\/\/robin.jobs\/pl\/wp-json\/wp\/v2\/comments?post=1195786"}],"version-history":[{"count":5,"href":"https:\/\/robin.jobs\/pl\/wp-json\/wp\/v2\/pages\/1195786\/revisions"}],"predecessor-version":[{"id":1219689,"href":"https:\/\/robin.jobs\/pl\/wp-json\/wp\/v2\/pages\/1195786\/revisions\/1219689"}],"wp:featuredmedia":[{"embeddable":true,"href":"https:\/\/robin.jobs\/pl\/wp-json\/wp\/v2\/media\/1200617"}],"wp:attachment":[{"href":"https:\/\/robin.jobs\/pl\/wp-json\/wp\/v2\/media?parent=1195786"}],"curies":[{"name":"wp","href":"https:\/\/api.w.org\/{rel}","templated":true}]}}