{"id":176454,"date":"2016-09-28T11:59:43","date_gmt":"2016-09-28T08:59:43","guid":{"rendered":"https:\/\/robin.jobs\/qbis-2\/?page_id=176454"},"modified":"2019-09-24T19:17:55","modified_gmt":"2019-09-24T16:17:55","slug":"privatuma-noteikumi","status":"publish","type":"page","link":"https:\/\/robin.jobs\/lv_ru\/privatuma-noteikumi","title":{"rendered":"Priv\u0101tuma noteikumi"},"content":{"rendered":"<p>M\u0113s jeb Robin \u2013 SIA &#171;Robin Latvia&#187;, uz\u0146\u0113muma re\u0123istr\u0101cijas numurs: 50203093261, juridisk\u0101 adrese Aleksandra \u010caka iela 55, R\u012bga, LV-1011, esam J\u016bsu personas datu p\u0101rzinis.<\/p>\n<p>Robin vienm\u0113r r\u016bp\u0113jas par J\u016bsu personas datu aizsardz\u012bbu un priv\u0101tumu un cen\u0161as nodro\u0161in\u0101t godpr\u0101t\u012bgu un skaidru inform\u0101cijas par Jums v\u0101k\u0161anu un izmanto\u0161anu. Nav svar\u012bgi, kur vai kam tiek sniegti personas dati vai k\u0101 tiek nodro\u0161in\u0101ta piek\u013cuve tiem, Robin nodro\u0161ina v\u0101kto personas datu aizsardz\u012bbu.<\/p>\n<p>L\u016bdzam uzman\u012bgi izlas\u012bt \u0161os priv\u0101tuma noteikumus, jo, katru reizi apmekl\u0113jot \u0161o t\u012bmek\u013ca vietni, piekr\u012btat \u0161eit aprakst\u012btajiem nosac\u012bjumiem. Ja nepiekr\u012btat \u0161iem nosac\u012bjumiem, l\u016bdzam neapmekl\u0113t m\u016bsu t\u012bmek\u013ca vietni, neizmantot m\u016bsu saturu un\/vai pakalpojumus.<\/p>\n<p><b>K\u0101dus datus M\u0113s v\u0101cam?<\/b><\/p>\n<p>Robin respekt\u0113 ikvienas personas, kura ir re\u0123istr\u0113jusies vietn\u0113 un\/vai izmanto Robin pakalpojumus, ties\u012bbas uz priv\u0101tumu un konfidencialit\u0101ti.<\/p>\n<p>Robin v\u0101c \u0161\u0101dus j\u016bsu personas datus:<\/p>\n<ol>\n<li>V\u0101rds;<\/li>\n<li>Uzv\u0101rds;<\/li>\n<li>Dzimums;<\/li>\n<li>Personas kods*;<\/li>\n<li>Dzim\u0161anas datums;<\/li>\n<li>Pases \/ personas apliec\u012bbas kopija*;<\/li>\n<li>Valodu prasmes;<\/li>\n<li>Autovad\u012bt\u0101ja apliec\u012bbas esam\u012bba un kategorija;<\/li>\n<li>Valsts;<\/li>\n<li>Dz\u012bvesvietas adrese*;<\/li>\n<li>Bankas konta numurs*;<\/li>\n<li>Atl\u012bdz\u012bbas apm\u0113rs*;<\/li>\n<li>Soci\u0101l\u0101s apdro\u0161in\u0101\u0161anas numurs;<\/li>\n<li>T\u0101lru\u0146a numurs;<\/li>\n<li>E-pasta adrese;<\/li>\n<li>Inform\u0101cija par vesel\u012bbu;<\/li>\n<li>Kvalifik\u0101ciju apliecino\u0161i dokumenti;<\/li>\n<li>Robin komandas darbinieka koment\u0101rs datub\u0101z\u0113;<\/li>\n<li>Citi J\u016bsu labpr\u0101t\u012bgi sniegtie un\/vai iesniegtajos dokumentos eso\u0161ie dati.<\/li>\n<\/ol>\n<p><b>*<\/b><b>Pases vai personas apliec\u012bbas kopija <\/b>(kopiju izveido un uzglab\u0101 Robin datub\u0101z\u0113 tikai gad\u012bjum\u0101, ja past\u0101v \u0161\u0101du nosac\u012bjumu kopums: (1) persona ir iztur\u0113jusi atlasi; (2) ir nosl\u0113gusi pakalpojumu l\u012bgumu ar Robin, kur\u0101 sniedz visp\u0101r\u0113ju piekri\u0161anu apstr\u0101d\u0101t personas datus, uzglab\u0101t personu apliecino\u0161a dokumenta kopiju Robin datub\u0101z\u0113 un to nos\u016bt\u012bt klientam (tie\u0161ajam darba dev\u0113jam un\/vai a\u0123ent\u016brai). Kad tiek sa\u0146emts piepras\u012bjums no klienta (darba dev\u0113ja vai a\u0123ent\u016bras), Robin mekl\u0113 atbilst\u012bgus darbiniekus sav\u0101 datub\u0101z\u0113. Ja Robin ieskat\u0101 persona atbilst konkr\u0113tajam darbam un persona pie\u0146em darba pied\u0101v\u0101jumu, klientam tiek nos\u016bt\u012bta pases vai personas apliec\u012bbas kopija, lai klients var\u0113tu iepriek\u0161 sagatavot darba l\u012bgumu vai darba nomas projektus ar darbiniekiem un tos piere\u0123istr\u0113t nodok\u013cu inspekcij\u0101, kura darbiniekiem pie\u0161\u0137ir soci\u0101l\u0101s apdro\u0161in\u0101\u0161anas numurus. J\u0101uzsver, ka pas\u0113 vai personas apliec\u012bb\u0101 nor\u0101d\u012btais personas kods darba dokumentos netiek lietots \u2013 oblig\u0101ta ir tikai pa\u0161a dokumenta kopija iepriek\u0161 nor\u0101d\u012bto darb\u012bbu veik\u0161anai.<\/p>\n<p>Jums nav pien\u0101kums aizpild\u012bt visus anketas lauci\u0146us, tom\u0113r piln\u012bg\u0101ka inform\u0101cija atvieglos darba mekl\u0113jumus Jums un darbinieku mekl\u0113jumus darba dev\u0113jiem.<\/p>\n<p>Ja J\u016bs neesat re\u0123istr\u0113jies, bet Jums ir nepiecie\u0161ama inform\u0101cija par Robin sniegtajiem pakalpojumiem, varat nos\u016bt\u012bt piepras\u012bjumu t\u012bmek\u013ca vietn\u0113 vai e-past\u0101, un Robin komanda ar Jums sazin\u0101sies, cik vien \u0101tri iesp\u0113jams. \u0160im nol\u016bkam ir svar\u012bgi nor\u0101d\u012bt:<\/p>\n<ul>\n<li>V\u0101rdu;<\/li>\n<li>E-pasta adresi;<\/li>\n<li>T\u0101lru\u0146a numuru;<\/li>\n<li>Jaut\u0101jumu par J\u016bs interes\u0113jo\u0161o inform\u0101ciju (piepras\u012bjuma tekstu).<\/li>\n<\/ul>\n<p>Personas datu apstr\u0101des juridiskais pamats: J\u016bsu sniegt\u0101 piekri\u0161ana, J\u016bsu v\u0113lme sl\u0113gt l\u012bgumu, l\u012bguma izpilde.<\/p>\n<p><b>J\u016bsu personas datus m\u0113s apstr\u0101d\u0101jam \u0161ajos nol\u016bkos un uzglab\u0101jam period\u0101, k\u0101ds min\u0113ts zem\u0101k:<\/b><\/p>\n<table>\n<tbody>\n<tr>\n<td><b>Nr.<\/b><\/td>\n<td><b>Personas<\/b><b> <\/b><b>datu apstr\u0101des nol\u016bks<\/b><\/td>\n<td><b>Glab\u0101\u0161anas <\/b><b>termi\u0146\u0161<\/b><\/td>\n<\/tr>\n<tr>\n<td>\n<ol>\n<li><\/li>\n<\/ol>\n<\/td>\n<td>Rea\u0123\u0113\u0161ana\u00a0 uz t\u012bmek\u013ca vietn\u0113 sniegtajiem piepras\u012bjumiem<\/td>\n<td>1 gadu p\u0113c piepras\u012bjuma sa\u0146em\u0161anas<\/td>\n<\/tr>\n<tr>\n<td>&nbsp;<\/p>\n<ol>\n<li><\/li>\n<\/ol>\n<p>&nbsp;<\/td>\n<td>Darb\u0101 iek\u0101rto\u0161anas starpniec\u012bbas pakalpojumu snieg\u0161ana<\/p>\n<p><i>M\u0113s <\/i><i>apstr\u0101d\u0101jam J\u016bsu personas datus, lai sniegtu m\u016bsu pakalpojumus <\/i><i>\u00a0\u00a0\u00a0 <\/i><i>\u00a0\u00a0\u00a0 <\/i><i>\u00a0\u00a0\u00a0 <\/i><i>Jums un cit\u0101m person\u0101m: atrast m\u016bsu klientu vajadz\u012bb\u0101m <\/i><i>atbilsto\u0161us pretendentus un tos atlas\u012bt, izv\u0113rt\u0113t, vai<\/i><i> <\/i><i>pretendenti atbilst pied\u0101v\u0101tajam darbam, un pied\u0101v\u0101t<\/i><i> <\/i><i>pretendentus darba dev\u0113jiem.<\/i><\/p>\n<p><i>\u0160aj\u0101 <\/i><i>nol\u016bk\u0101 m\u0113s apstr\u0101d\u0101jam J\u016bsu personas datus, kas ieg\u016bti no <\/i><i>Jums pa\u0161iem, iev\u0101kti, kad J\u016bs izmantojat m\u016bsu un citas t\u012bmek\u013ca <\/i><i>vietnes un (vai) kas sa\u0146emti no cit\u0101m person\u0101m (piem., eso\u0161o<\/i><i> <\/i><i>vai biju\u0161o darba dev\u0113ju vai pazi\u0146u rekomend\u0101cij\u0101m, s<\/i><i>oci\u0101lajiem t\u012bkliem, sabiedr\u012bbas inform\u0101cijas l\u012bdzek\u013ciem u. <\/i><i>\u00a0\u00a0\u00a0 <\/i><i>\u00a0\u00a0\u00a0 <\/i><i>\u00a0\u00a0\u00a0 <\/i><i>c.).<\/i><\/td>\n<td>5\u00a0 gadus no dienas, kad J\u016bs p\u0113d\u0113jo reizi mums sniedz\u0101t savus datus vai tos atjaunin\u0101j\u0101t Mans Robin kont\u0101 vai citos veidos, gad\u012bjum\u0101, ja ar Datu subjektu tiek nosl\u0113gts pakalpojumu snieg\u0161anas l\u012bgums, dati tiek glab\u0101ti l\u012bguma izpildes laik\u0101 un 5 gadus p\u0113c L\u012bguma izbeig\u0161anas<\/td>\n<\/tr>\n<tr>\n<td>\n<ol>\n<li><\/li>\n<\/ol>\n<\/td>\n<td>Datub\u0101zes administr\u0113\u0161ana<\/p>\n<p><i>Beidzoties <\/i><i>atlasei, kurai J\u016bs iesniedz\u0101t savus datus, vai p\u0113c darb\u0101 <\/i><i>\u00a0\u00a0\u00a0 <\/i><i>\u00a0\u00a0\u00a0 <\/i><i>\u00a0\u00a0\u00a0 <\/i><i>iek\u0101rto\u0161anas starpniec\u012bbas pakalpojuma snieg\u0161anas m\u0113s<\/i><i> <\/i><i>apstr\u0101d\u0101jam J\u016bsu personas datus, lai ar\u012b turpm\u0101k var\u0113tu Jums<\/i><i> <\/i><i>pied\u0101v\u0101t darba un karjeras iesp\u0113jas, atrast m\u016bsu klientu <\/i><i>vajadz\u012bb\u0101m atbilst\u012bgus pretendentus un tos atlas\u012bt, k\u0101 ar\u012b <\/i><i>izv\u0113rt\u0113t, vai tie atbilst pied\u0101v\u0101tajam darbam.<\/i><\/td>\n<td>T\u0101, k\u0101 nor\u0101d\u012bts \u0161\u012bs tabulas 2. punkt\u0101<\/td>\n<\/tr>\n<tr>\n<td>\n<ol>\n<li><\/li>\n<\/ol>\n<\/td>\n<td>Atsauksmju snieg\u0161ana par Robin t\u012bmek\u013ca vietn\u0113<\/td>\n<td>1 gadu p\u0113c atsauksmes sa\u0146em\u0161anas<\/td>\n<\/tr>\n<\/tbody>\n<\/table>\n<p>Iz\u0146\u0113mumus iepriek\u0161 min\u0113tajiem glab\u0101\u0161anas termi\u0146iem var noteikt, cikt\u0101l \u0161\u0101das novirzes nep\u0101rk\u0101pj J\u016bsu k\u0101 datu subjekta ties\u012bbas, atbilst ties\u012bbu aktu pras\u012bb\u0101m un ir pamatotas un tiek atbilsto\u0161i dokument\u0113tas.<\/p>\n<p><b>Statistikas datu v\u0101k\u0161ana<\/b><\/p>\n<p>J\u016bsu datus, kas nav personas dati, var anon\u012bmi apstr\u0101d\u0101t statistikas nol\u016bkos. Jebkur\u0101 gad\u012bjum\u0101 \u0161\u0101da datu apstr\u0101de ne\u013caus tie\u0161i vai netie\u0161i noteikt J\u016bsu identit\u0101ti. Robin patur ties\u012bbas atsevi\u0161\u0137os gad\u012bjumos anon\u012bmu statistikas inform\u0101ciju nodot tre\u0161aj\u0101m person\u0101m.<\/p>\n<p><b>K\u0101dos gad\u012bjumos un k\u0101d\u0101m person\u0101m m\u0113s izpau\u017eam J\u016bsu datus?<\/b><\/p>\n<p>Robin ir starptautiska darb\u0101 iek\u0101rto\u0161anas a\u0123ent\u016bra, kas sniedz darb\u0101 iek\u0101rto\u0161anas starpniec\u012bbas pakalpojumus \u0101rvalst\u012bs, t\u0101p\u0113c J\u016bsu sniegtos datus apstr\u0101d\u0101 Robin grupas uz\u0146\u0113mumi. M\u0113s J\u016bsu personas datus apstr\u0101d\u0101jam Eiropas Savien\u012bbas teritorij\u0101. Mums pa\u0161laik nav nodoma nodot un m\u0113s nenododam J\u016bsu personas datus tre\u0161aj\u0101m valst\u012bm.<\/p>\n<p>Robin J\u016bsu datus sniedz vai nodod saviem partneriem un klientiem \u2013 darba dev\u0113jiem, kuri mekl\u0113 darbiniekus. Kop\u0101 ar mums vi\u0146i uzskat\u0101mi par J\u016bsu personas datu p\u0101rzi\u0146iem. Robin klientiem nenodod vair\u0101k J\u016bsu personas datu, nek\u0101 tiek apstr\u0101d\u0101ts uz \u0161o priv\u0101tuma noteikumu pamata.<\/p>\n<p>Visa inform\u0101cija, kura glab\u0101jas Robin datub\u0101z\u0113, ir konfidenci\u0101la, un t\u0101 ir pieejama tikai Robin grupas uz\u0146\u0113mumiem, k\u0101 ar\u012b uz\u0146\u0113mumiem, kas pal\u012bdz \u012bstenot m\u016bsu darb\u012bbu (partneriem, klientiem, pieg\u0101d\u0101t\u0101jiem). \u0160iem partneriem m\u0113s piepras\u0101m, lai J\u016bsu dati tiktu apstr\u0101d\u0101ti tikai saska\u0146\u0101 ar m\u016bsu dotajiem nor\u0101d\u012bjumiem un sp\u0113k\u0101 eso\u0161ajiem ties\u012bbu aktiem, kas nodro\u0161ina J\u016bsu datu aizsardz\u012bbu. Ar \u0161\u012bm person\u0101m m\u0113s sl\u0113dzam l\u012bgumus, kuri pus\u0113m uzliek par pien\u0101kumu iev\u0113rot personas datu aizsardz\u012bbas pras\u012bbas.<\/p>\n<p>Datus dr\u012bkst sniegt kompetent\u0101m publisk\u0101m vai ties\u012bbaizsardz\u012bbas iest\u0101d\u0113m, piem., policijai vai uzraudz\u012bbas iest\u0101d\u0113m.<\/p>\n<p><b>Par ko J\u016bs esat atbild\u012bgs?<\/b><\/p>\n<p>J\u016bs esat atbild\u012bgs par to, lai J\u016bsu sniegtie personas dati b\u016btu prec\u012bzi, pareizi un piln\u012bgi. Apzin\u0101ti nepatiesu datu ievad\u012b\u0161ana uzskat\u0101ma par \u0161o noteikumu p\u0101rk\u0101pumu. Ja main\u0101s J\u016bsu personas dati, Jums ir pien\u0101kums m\u016bs par to inform\u0113t. M\u0113s nek\u0101dos apst\u0101k\u013cos neesam atbild\u012bgi par zaud\u0113jumiem, kas radu\u0161ies Jums un (vai) tre\u0161aj\u0101m person\u0101m, ja J\u016bs esat nor\u0101d\u012bjis nepatiesus un (vai) nepiln\u012bgus personas datus vai ar\u012b neesat l\u016bdzis datus papildin\u0101t un (vai) main\u012bt to main\u012b\u0161an\u0101s gad\u012bjum\u0101.<\/p>\n<p>Izmantojot tre\u0161o pu\u0161u pakalpojumus, piem\u0113ram, apmekl\u0113jot m\u016bsu kontu soci\u0101laj\u0101 t\u012bkl\u0101 <i>Facebook<\/i>, var tikt piem\u0113roti tre\u0161o pu\u0161u nosac\u012bjumi. Piem\u0113ram, <i>Facebook <\/i>visiem saviem lietot\u0101jiem un apmekl\u0113t\u0101jiem piem\u0113ro Datu politiku. T\u0101p\u0113c, izmantojot \u0161\u0101du tre\u0161o personu pakalpojumus, iesak\u0101m iepaz\u012bties ar to piem\u0113rotajiem nosac\u012bjumiem.<\/p>\n<p>Personas, kuras ir jaun\u0101kas par 14 gadiem, nedr\u012bkst sniegt nek\u0101dus personas datus m\u016bsu vietn\u0113 \/ soci\u0101lo t\u012bklu kontos. Ja esat persona, kas ir jaun\u0101ka par 16 gadiem, pirms personas datu snieg\u0161anas jums ir j\u0101sa\u0146em vec\u0101ku vai citu likum\u012bgo aizbild\u0146u piekri\u0161ana.<\/p>\n<p><b>J\u016bsu ties\u012bbas:<\/b><\/p>\n<p>Personas datu aizsardz\u012bbas ties\u012bbu akti Jums nodro\u0161ina daudz ties\u012bbu, kuras varat br\u012bvi izmantot, savuk\u0101rt mums Jums ir j\u0101nodro\u0161ina \u0161\u0101das iesp\u0113jas. Jums ir ties\u012bbas piepras\u012bt: (a) izlabot personas datus, ja tie ir nepareizi, nepiln\u012bgi vai neprec\u012bzi, (b) nepiekrist personas datu apstr\u0101dei, ja personas datu apstr\u0101des pamats ir tiesiskas intereses; (c) piepras\u012bt izdz\u0113st personas datus, kuri tiek apstr\u0101d\u0101ti tikai ar piekri\u0161anu, ja fiziska persona atsauc attiec\u012bgo piekri\u0161anu (\u0161\u012bs ties\u012bbas netiek piem\u0113rotas, ja personas dati, kurus l\u016bdz izdz\u0113st, tiek apstr\u0101d\u0101ti ar\u012b uz cita tiesiska pamata, k\u0101 piem\u0113ram apstr\u0101de nepiecie\u0161ama l\u012bguma izpildei vai saska\u0146\u0101 ar piem\u0113rojamiem ties\u012bbu aktiem ir j\u0101pilda pien\u0101kumi); (d) sa\u0146emt inform\u0101ciju par to, vai Robin apstr\u0101d\u0101 J\u016bsu personas datus un, ja t\u0101, iepaz\u012bties ar tiem, (e) sa\u0146emt pa\u0161a iesniegtos personas datus, kuri tiek apstr\u0101d\u0101ti uz piekri\u0161anas vai l\u012bguma izpildes pamata, rakstveid\u0101 vai elektronisk\u0101 form\u0101 un, ja iesp\u0113jams, p\u0101rs\u016bt\u012bt \u0161os datus citam pakalpojumu sniedz\u0113jam (datu p\u0101rnesam\u012bba); (f) atsaukt savu piekri\u0161anu apstr\u0101d\u0101t personas datus; (g) iesniegt s\u016bdz\u012bbu par personas datu apstr\u0101di.<\/p>\n<p><b>Iesniegumu izskat\u012b\u0161anas k\u0101rt\u012bba<\/b><\/p>\n<p>J\u016bs varat izmantot savas ties\u012bbas un iesniegt rakstiskas formas iesniegumu e-past\u0101 info@robin.jobs\/lv vai pa pastu, nos\u016btot iesniegumu uz adresi: SIA &#171;Robin Latvia&#187;, Aleksandra \u010caka iela 55, R\u012bga, LV-1011, vai vienk\u0101r\u0161i m\u016bsu darba laika ietvaros ierodoties m\u016bsu biroj\u0101. Sa\u0146emot J\u016bsu iesniegumu, m\u0113s varam pal\u016bgt uzr\u0101d\u012bt personu apliecino\u0161us dokumentus, k\u0101 ar\u012b citu mums nepiecie\u0161amu papildu inform\u0101ciju, kas saist\u012bta ar iesniegumu.<\/p>\n<p>Ja nepiekr\u012btat m\u016bsu darb\u012bb\u0101m vai atbildei uz J\u016bsu iesniegumu, m\u016bsu darb\u012bbas un l\u0113mumus varat p\u0101rs\u016bdz\u0113t kompetent\u0101 valsts iest\u0101d\u0113. Latvij\u0101 t\u0101 ir Datu valsts inspekcija, tom\u0113r m\u0113s ceram, ka s\u0101kotn\u0113ji visas nesaska\u0146as cent\u012bsieties atrisin\u0101t kop\u0101 ar Robin.<\/p>\n<p><b>Nobeiguma noteikumi<\/b><\/p>\n<p><b>Sniedzot savus personas datus vietn\u0113 <\/b><b>www.qbis.l<\/b><b>v, J\u016bs piekr\u012btat, ka \u0161os datus apstr\u0101d\u0101s m\u016bsu t\u012bmek\u013ca vietn\u0113 t\u0101, k\u0101 aprakst\u012bts \u0161ajos noteikumus, k\u0101 ar\u012b apliecin\u0101t, ka esat iepazinies ar \u0161iem priv\u0101tuma noteikumiem.<\/b><\/p>\n<p>Mums ir ties\u012bbas groz\u012bt \u0161os priv\u0101tuma noteikumus, par to br\u012bdinot t\u012bmek\u013ca vietn\u0113.<\/p>\n<p>Ja izmantosiet t\u012bmek\u013ca vietni un m\u016bsu sniegtos pakalpojumus p\u0113c Politikas atjaunin\u0101\u0161anas, m\u0113s uzskat\u012bsim, ka J\u016bs neiebilstat un esat iepazinies ar veiktajiem groz\u012bjumiem.<\/p>\n<p>Politikas papildin\u0101jumi vai groz\u012bjumi st\u0101jas sp\u0113k\u0101 no dienas, kad tie ir public\u0113ti t\u012bmek\u013ca vietn\u0113.<\/p>\n<p>\u0160ie groz\u012bjumi tika veikti, lai \u012bstenotu Visp\u0101r\u012bg\u0101s datu aizsardz\u012bbas regulas (VDAR) pras\u012bbas personas datu aizsardz\u012bbas jom\u0101.<\/p>\n<p>VDAR st\u0101j\u0101s sp\u0113k\u0101 2018. gada 25. maij\u0101.<\/p>\n","protected":false},"excerpt":{"rendered":"<p>M\u0113s jeb Robin \u2013 SIA &#171;Robin Latvia&#187;, uz\u0146\u0113muma re\u0123istr\u0101cijas numurs: 50203093261, juridisk\u0101 adrese Aleksandra \u010caka iela 55, R\u012bga, LV-1011, esam J\u016bsu personas datu p\u0101rzinis. Robin vienm\u0113r r\u016bp\u0113jas par J\u016bsu personas datu aizsardz\u012bbu un priv\u0101tumu un cen\u0161as nodro\u0161in\u0101t godpr\u0101t\u012bgu un skaidru inform\u0101cijas par Jums v\u0101k\u0161anu un izmanto\u0161anu. Nav svar\u012bgi, kur vai kam tiek sniegti personas dati&#8230;<\/p>\n","protected":false},"author":1,"featured_media":0,"parent":0,"menu_order":0,"comment_status":"closed","ping_status":"closed","template":"","meta":{"_acf_changed":false,"inline_featured_image":false,"footnotes":""},"class_list":["post-176454","page","type-page","status-publish","hentry"],"acf":[],"_links":{"self":[{"href":"https:\/\/robin.jobs\/lv_ru\/wp-json\/wp\/v2\/pages\/176454","targetHints":{"allow":["GET"]}}],"collection":[{"href":"https:\/\/robin.jobs\/lv_ru\/wp-json\/wp\/v2\/pages"}],"about":[{"href":"https:\/\/robin.jobs\/lv_ru\/wp-json\/wp\/v2\/types\/page"}],"author":[{"embeddable":true,"href":"https:\/\/robin.jobs\/lv_ru\/wp-json\/wp\/v2\/users\/1"}],"replies":[{"embeddable":true,"href":"https:\/\/robin.jobs\/lv_ru\/wp-json\/wp\/v2\/comments?post=176454"}],"version-history":[{"count":3,"href":"https:\/\/robin.jobs\/lv_ru\/wp-json\/wp\/v2\/pages\/176454\/revisions"}],"predecessor-version":[{"id":1202866,"href":"https:\/\/robin.jobs\/lv_ru\/wp-json\/wp\/v2\/pages\/176454\/revisions\/1202866"}],"wp:attachment":[{"href":"https:\/\/robin.jobs\/lv_ru\/wp-json\/wp\/v2\/media?parent=176454"}],"curies":[{"name":"wp","href":"https:\/\/api.w.org\/{rel}","templated":true}]}}