{"id":1197859,"date":"2019-07-01T12:31:17","date_gmt":"2019-07-01T09:31:17","guid":{"rendered":"https:\/\/robin.jobs\/qbis-2\/?page_id=1197859"},"modified":"2025-11-24T11:53:57","modified_gmt":"2025-11-24T08:53:57","slug":"rabota-v-germanii","status":"publish","type":"page","link":"https:\/\/robin.jobs\/lv_ru\/rabota-v-germanii","title":{"rendered":"\u0440\u0430\u0431\u043e\u0442\u0430 \u0432 \u0413\u0435\u0440\u043c\u0430\u043d\u0438\u0438"},"content":{"rendered":"","protected":false},"excerpt":{"rendered":"<p>Kop\u0161 2007. gada Robin a\u0123ent\u016bra ir pal\u012bdz\u0113jusi vair\u0101k k\u0101 16000 cilv\u0113kiem atrast darbu V\u0101cij\u0101, Be\u013c\u0123ij\u0101 un Holand\u0113<\/p>\n","protected":false},"author":13,"featured_media":1222157,"parent":0,"menu_order":0,"comment_status":"closed","ping_status":"closed","template":"page-templates\/flexible-content.php","meta":{"_acf_changed":false,"inline_featured_image":false,"footnotes":""},"class_list":["post-1197859","page","type-page","status-publish","has-post-thumbnail","hentry"],"acf":[],"_links":{"self":[{"href":"https:\/\/robin.jobs\/lv_ru\/wp-json\/wp\/v2\/pages\/1197859","targetHints":{"allow":["GET"]}}],"collection":[{"href":"https:\/\/robin.jobs\/lv_ru\/wp-json\/wp\/v2\/pages"}],"about":[{"href":"https:\/\/robin.jobs\/lv_ru\/wp-json\/wp\/v2\/types\/page"}],"author":[{"embeddable":true,"href":"https:\/\/robin.jobs\/lv_ru\/wp-json\/wp\/v2\/users\/13"}],"replies":[{"embeddable":true,"href":"https:\/\/robin.jobs\/lv_ru\/wp-json\/wp\/v2\/comments?post=1197859"}],"version-history":[{"count":4,"href":"https:\/\/robin.jobs\/lv_ru\/wp-json\/wp\/v2\/pages\/1197859\/revisions"}],"predecessor-version":[{"id":1250293,"href":"https:\/\/robin.jobs\/lv_ru\/wp-json\/wp\/v2\/pages\/1197859\/revisions\/1250293"}],"wp:featuredmedia":[{"embeddable":true,"href":"https:\/\/robin.jobs\/lv_ru\/wp-json\/wp\/v2\/media\/1222157"}],"wp:attachment":[{"href":"https:\/\/robin.jobs\/lv_ru\/wp-json\/wp\/v2\/media?parent=1197859"}],"curies":[{"name":"wp","href":"https:\/\/api.w.org\/{rel}","templated":true}]}}