{"id":176454,"date":"2016-09-28T11:59:43","date_gmt":"2016-09-28T08:59:43","guid":{"rendered":"https:\/\/robin.jobs\/qbis-2\/?page_id=176454"},"modified":"2021-06-10T14:37:30","modified_gmt":"2021-06-10T11:37:30","slug":"privatuma-noteikumi","status":"publish","type":"page","link":"https:\/\/robin.jobs\/lv\/privatuma-noteikumi","title":{"rendered":"Priv\u0101tuma noteikumi"},"content":{"rendered":"<p><b>SIA ROBIN JOBS<\/b><\/p>\n<p><b>T\u012aMEK\u013bA VIETNES KOFIDENCIALIT\u0100TES POLITIKA<\/b><\/p>\n<p>&nbsp;<\/p>\n<p><span style=\"font-weight: 400;\">SIA\u00a0 Robin Jobs g\u0101d\u0101 par j\u016bsu datu aizsardz\u012bbu. M\u0113s iev\u0113rojam Eiropas Savien\u012bbas Visp\u0101r\u0113jo Datu Regulu (GDPR), k\u0101 ar\u012b citus ties\u012bbu aktus, kuri aizsrag\u0101 j\u016bsu sniegto inform\u0101ciju m\u016bsu uz\u0146\u0113mumam, kuru m\u0113s iev\u0101cam, apstr\u0101d\u0101jam un glab\u0101jam.\u00a0<\/span><\/p>\n<p>&nbsp;<\/p>\n<ul>\n<li aria-level=\"1\"><b>Konfidencialit\u0101tes politika\u00a0<\/b><\/li>\n<\/ul>\n<p>&nbsp;<\/p>\n<p><span style=\"font-weight: 400;\">M\u016bsu konfidencialit\u0101tes politikas inform\u0101cija sniegs Jums atbildes uz svar\u012bg\u0101kajiem jaut\u0101jumiem par to k\u0101 m\u0113s apkopojam, izmantojam un uzglab\u0101jam j\u016bsu sniegtos datus. Ja jums ir k\u0101di jaut\u0101jumi, m\u0113s esam jums gatavi pal\u012bdz\u0113t un atbild\u0113t uz tiem.<\/span><\/p>\n<p>&nbsp;<\/p>\n<p><span style=\"font-weight: 400;\">L\u016bdzu, r\u016bp\u012bgi izlasiet m\u016bsu Konfidencialit\u0101tes politiku:<\/span><\/p>\n<p>&nbsp;<\/p>\n<table>\n<tbody>\n<tr>\n<td><b><span style=\"color: #0000ff;\"><a style=\"color: #0000ff;\" href=\"https:\/\/robin.jobs\/lv\/privacy-policy-for-website-visitors\">T\u012bmek\u013ca vietnes apmekl\u0113t\u0101ju konfidencialit\u0101tes politika<\/a><\/span><\/b><\/td>\n<td><b><span style=\"color: #0000ff;\"><a style=\"color: #0000ff;\" href=\"https:\/\/robin.jobs\/lv\/cookie-policy\">S\u012bkfailu politika<\/a><\/span><\/b><\/td>\n<td><b><span style=\"color: #0000ff;\"><a style=\"color: #0000ff;\" href=\"https:\/\/robin.jobs\/lv\/privacy-policy-for-persons-submitting-inquiries-requests-complaints\">Konfidencialit\u0101tes politika person\u0101m kas iesniedz piepras\u012bjumu<\/a><\/span><\/b><\/td>\n<td><b><span style=\"color: #0000ff;\"><a style=\"color: #0000ff;\" href=\"https:\/\/robin.jobs\/lv\/privacy-policy-for-registered-users\">Re\u0123istr\u0113to lietot\u0101ju konfidencialit\u0101tes politika<\/a><\/span><\/b><\/td>\n<\/tr>\n<\/tbody>\n<\/table>\n<p>&nbsp;<\/p>\n<ul>\n<li aria-level=\"1\"><b>Kontaktiform\u0101cija<\/b><\/li>\n<\/ul>\n<p>&nbsp;<\/p>\n<p><span style=\"font-weight: 400;\">Ja jums rodas jaut\u0101jumi, koment\u0101ri s\u016bdz\u012bbas ar to k\u0101 m\u0113s iev\u0101cam, apstr\u0101d\u0101jam un glab\u0101jam j\u016bsu datus, m\u0113s esam gatavi pal\u012bdz\u0113t. Ja jums ir nepiecie\u0161ama pal\u012bdz\u012bba, l\u016bdzu, sazinaties ar mums e-pasts finance@robin.jobs.\u00a0<\/span><\/p>\n<p>&nbsp;<\/p>\n<ul>\n<li aria-level=\"1\"><b>Manas ties\u012bbas<\/b><\/li>\n<\/ul>\n<p>&nbsp;<\/p>\n<p><span style=\"font-weight: 400;\">Lai veiktu k\u0101du no turpm\u0101k min\u0113taj\u0101m darb\u012bb\u0101m, l\u016bdzu, sazinaties, izmantojot 2. punkt\u0101 min\u0113to kontakinform\u0101ciju. L\u016bdzu, \u0146emiet v\u0113r\u0101, ka uz \u0161\u012bm ties\u012bb\u0101m attiecas likum\u0101 paredz\u0113tie nosac\u012bjumi un iz\u0146\u0113mumi:<\/span><\/p>\n<p>&nbsp;<\/p>\n<ul>\n<li aria-level=\"1\"><b>Ties\u012bbas piepras\u012bt piek\u013cuvi j\u016bsu datiem ko uzglab\u0101jam;<\/b><\/li>\n<\/ul>\n<ul>\n<li aria-level=\"1\"><b>Ties\u012bbas piepras\u012bt labot inform\u0101ciju par jums;<\/b><\/li>\n<\/ul>\n<ul>\n<li aria-level=\"1\"><b>Ties\u012bbas piepras\u012bt dz\u0113st infom\u0101ciju par jums;<\/b><\/li>\n<\/ul>\n<ul>\n<li aria-level=\"1\"><b>Ties\u012bbas pieras\u012bt ierobe\u017eotu inform\u0101c\u012bju par jums vai t\u0101s dz\u0113\u0161anu;<\/b><\/li>\n<\/ul>\n<ul>\n<li aria-level=\"1\"><b>Ties\u012bbas apst\u012brd\u0113t j\u016bsu datu\/inform\u0101cijas ievak\u0161anu, apstr\u0101di un uzglab\u0101\u0161anu m\u016bsu uz\u0146\u0113mum\u0101;<\/b><\/li>\n<\/ul>\n<ul>\n<li aria-level=\"1\"><b>Ties\u012bbas piepras\u012bt savu datu ekplot\u0113\u0161anu vai p\u0101rs\u016bt\u012bt tos citam uz\u0146\u0113mumam;<\/b><\/li>\n<\/ul>\n<ul>\n<li aria-level=\"1\"><b>Ties\u012bbas iesniegt s\u016bdz\u012bbu Datu Valsts Inspekc\u012bjai<\/b><\/li>\n<\/ul>\n<p>&nbsp;<\/p>\n<p><a href=\"https:\/\/robin.jobs\/lv\/wp-content\/uploads\/sites\/15\/2021\/06\/gdpr_freelancer_pt-2.doc\">Priv\u0101tuma politika \u0101r\u0161tata darbiniekiem, ar kuriem st\u0101d\u0101 Robin<\/a><\/p>\n","protected":false},"excerpt":{"rendered":"<p>SIA ROBIN JOBS T\u012aMEK\u013bA VIETNES KOFIDENCIALIT\u0100TES POLITIKA &nbsp; SIA\u00a0 Robin Jobs g\u0101d\u0101 par j\u016bsu datu aizsardz\u012bbu. M\u0113s iev\u0113rojam Eiropas Savien\u012bbas Visp\u0101r\u0113jo Datu Regulu (GDPR), k\u0101 ar\u012b citus ties\u012bbu aktus, kuri aizsrag\u0101 j\u016bsu sniegto inform\u0101ciju m\u016bsu uz\u0146\u0113mumam, kuru m\u0113s iev\u0101cam, apstr\u0101d\u0101jam un glab\u0101jam.\u00a0 &nbsp; Konfidencialit\u0101tes politika\u00a0 &nbsp; M\u016bsu konfidencialit\u0101tes politikas inform\u0101cija sniegs Jums atbildes uz svar\u012bg\u0101kajiem&#8230;<\/p>\n","protected":false},"author":1,"featured_media":0,"parent":0,"menu_order":0,"comment_status":"closed","ping_status":"closed","template":"","meta":{"_acf_changed":false,"inline_featured_image":false,"footnotes":""},"class_list":["post-176454","page","type-page","status-publish","hentry"],"acf":[],"_links":{"self":[{"href":"https:\/\/robin.jobs\/lv\/wp-json\/wp\/v2\/pages\/176454","targetHints":{"allow":["GET"]}}],"collection":[{"href":"https:\/\/robin.jobs\/lv\/wp-json\/wp\/v2\/pages"}],"about":[{"href":"https:\/\/robin.jobs\/lv\/wp-json\/wp\/v2\/types\/page"}],"author":[{"embeddable":true,"href":"https:\/\/robin.jobs\/lv\/wp-json\/wp\/v2\/users\/1"}],"replies":[{"embeddable":true,"href":"https:\/\/robin.jobs\/lv\/wp-json\/wp\/v2\/comments?post=176454"}],"version-history":[{"count":4,"href":"https:\/\/robin.jobs\/lv\/wp-json\/wp\/v2\/pages\/176454\/revisions"}],"predecessor-version":[{"id":1217899,"href":"https:\/\/robin.jobs\/lv\/wp-json\/wp\/v2\/pages\/176454\/revisions\/1217899"}],"wp:attachment":[{"href":"https:\/\/robin.jobs\/lv\/wp-json\/wp\/v2\/media?parent=176454"}],"curies":[{"name":"wp","href":"https:\/\/api.w.org\/{rel}","templated":true}]}}