{"id":1253938,"date":"2025-06-24T07:42:23","date_gmt":"2025-06-24T04:42:23","guid":{"rendered":"https:\/\/robin.jobs\/lv\/?page_id=1253938"},"modified":"2025-08-12T11:41:02","modified_gmt":"2025-08-12T08:41:02","slug":"darbs-pariem","status":"publish","type":"page","link":"https:\/\/robin.jobs\/lv\/darbs-niderlande\/darbs-pariem","title":{"rendered":"Darbs p\u0101riem ar dz\u012bvesvietu N\u012bderland\u0113"},"content":{"rendered":"","protected":false},"excerpt":{"rendered":"","protected":false},"author":33,"featured_media":1253940,"parent":1217027,"menu_order":0,"comment_status":"closed","ping_status":"closed","template":"page-templates\/flexible-content.php","meta":{"_acf_changed":false,"inline_featured_image":false,"footnotes":""},"class_list":["post-1253938","page","type-page","status-publish","has-post-thumbnail","hentry"],"acf":[],"_links":{"self":[{"href":"https:\/\/robin.jobs\/lv\/wp-json\/wp\/v2\/pages\/1253938","targetHints":{"allow":["GET"]}}],"collection":[{"href":"https:\/\/robin.jobs\/lv\/wp-json\/wp\/v2\/pages"}],"about":[{"href":"https:\/\/robin.jobs\/lv\/wp-json\/wp\/v2\/types\/page"}],"author":[{"embeddable":true,"href":"https:\/\/robin.jobs\/lv\/wp-json\/wp\/v2\/users\/33"}],"replies":[{"embeddable":true,"href":"https:\/\/robin.jobs\/lv\/wp-json\/wp\/v2\/comments?post=1253938"}],"version-history":[{"count":3,"href":"https:\/\/robin.jobs\/lv\/wp-json\/wp\/v2\/pages\/1253938\/revisions"}],"predecessor-version":[{"id":1253952,"href":"https:\/\/robin.jobs\/lv\/wp-json\/wp\/v2\/pages\/1253938\/revisions\/1253952"}],"up":[{"embeddable":true,"href":"https:\/\/robin.jobs\/lv\/wp-json\/wp\/v2\/pages\/1217027"}],"wp:featuredmedia":[{"embeddable":true,"href":"https:\/\/robin.jobs\/lv\/wp-json\/wp\/v2\/media\/1253940"}],"wp:attachment":[{"href":"https:\/\/robin.jobs\/lv\/wp-json\/wp\/v2\/media?parent=1253938"}],"curies":[{"name":"wp","href":"https:\/\/api.w.org\/{rel}","templated":true}]}}