{"id":1238866,"date":"2024-03-14T17:43:41","date_gmt":"2024-03-14T14:43:41","guid":{"rendered":"https:\/\/robin.jobs\/lv\/?page_id=1238866"},"modified":"2024-07-13T23:08:03","modified_gmt":"2024-07-13T20:08:03","slug":"belgija","status":"publish","type":"page","link":"https:\/\/robin.jobs\/lv\/darba-piedavajumi-arzemes\/belgija","title":{"rendered":"Be\u013c\u0123ij\u0101"},"content":{"rendered":"","protected":false},"excerpt":{"rendered":"","protected":false},"author":1,"featured_media":0,"parent":1195786,"menu_order":0,"comment_status":"closed","ping_status":"closed","template":"page-templates\/template-country.php","meta":{"_acf_changed":false,"inline_featured_image":false,"footnotes":""},"class_list":["post-1238866","page","type-page","status-publish","hentry"],"acf":[],"_links":{"self":[{"href":"https:\/\/robin.jobs\/lv\/wp-json\/wp\/v2\/pages\/1238866","targetHints":{"allow":["GET"]}}],"collection":[{"href":"https:\/\/robin.jobs\/lv\/wp-json\/wp\/v2\/pages"}],"about":[{"href":"https:\/\/robin.jobs\/lv\/wp-json\/wp\/v2\/types\/page"}],"author":[{"embeddable":true,"href":"https:\/\/robin.jobs\/lv\/wp-json\/wp\/v2\/users\/1"}],"replies":[{"embeddable":true,"href":"https:\/\/robin.jobs\/lv\/wp-json\/wp\/v2\/comments?post=1238866"}],"version-history":[{"count":2,"href":"https:\/\/robin.jobs\/lv\/wp-json\/wp\/v2\/pages\/1238866\/revisions"}],"predecessor-version":[{"id":1238868,"href":"https:\/\/robin.jobs\/lv\/wp-json\/wp\/v2\/pages\/1238866\/revisions\/1238868"}],"up":[{"embeddable":true,"href":"https:\/\/robin.jobs\/lv\/wp-json\/wp\/v2\/pages\/1195786"}],"wp:attachment":[{"href":"https:\/\/robin.jobs\/lv\/wp-json\/wp\/v2\/media?parent=1238866"}],"curies":[{"name":"wp","href":"https:\/\/api.w.org\/{rel}","templated":true}]}}