{"id":1217856,"date":"2021-06-08T15:40:38","date_gmt":"2021-06-08T12:40:38","guid":{"rendered":"https:\/\/robin.jobs\/lv\/privacy-policy-for-registered-users"},"modified":"2026-04-18T20:19:30","modified_gmt":"2026-04-18T17:19:30","slug":"privacy-policy-for-registered-users","status":"publish","type":"page","link":"https:\/\/robin.jobs\/lv\/privacy-policy-for-registered-users","title":{"rendered":"SIA\u00a0ROBIN JOBS KONFIDENCIALIT\u0100TES POLITIKA RE\u0122ISTR\u0112TIEM LIETOT\u0100JIEM"},"content":{"rendered":"<h3><b>Atjaunots: 2021-06-01<\/b><\/h3>\n<p><span style=\"font-weight: 400;\">SIA\u00a0 Robin Jobs g\u0101d\u0101 par j\u016bsu datu aizsardz\u012bbu. M\u0113s iev\u0113rojam Eiropas Savien\u012bbas Visp\u0101r\u0113jo Datu Regulu (GDPR), k\u0101 ar\u012b citus ties\u012bbu aktus, kuri aizsrag\u0101 j\u016bsu sniegto inform\u0101ciju m\u016bsu uz\u0146\u0113mumam, kur to m\u0113s iev\u0101cam, apstr\u0101d\u0101jam un glab\u0101jam.\u00a0<\/span><\/p>\n<p>&nbsp;<\/p>\n<ul>\n<li aria-level=\"1\">\n<h3><b>K\u0101 las\u012bt \u0161o konfidencialit\u0101tes politiku?<\/b><\/h3>\n<\/li>\n<\/ul>\n<p><span style=\"font-weight: 400;\">\u0160\u012b Konfidencialit\u0101tes Politika atbild\u0113s uz galvenajiem jaut\u0101jumiem par to, k\u0101 m\u0113s apkopojam, izmantojam un uzglab\u0101jam j\u016bsu datus. Ja jums ir k\u0101di jaut\u0101jumi vai k\u0101da \u0161\u012b pazi\u0146ojuma da\u013ca ir neskaidra, m\u0113s esam gatavi pal\u012bdz\u0113t, k\u0101 aprakst\u012bts \u0161is Konfidencialit\u0101tes politikas 10. sada\u013c\u0101. L\u016bdzu, \u0146emiet v\u0113r\u0101, ka jebkura atsauce uz \u201cm\u0113s\u201d \u0161aj\u0101 Kofidencialit\u0101tes politik\u0101 noz\u012bm\u0113 m\u016bsu uz\u0146\u0113mumu, k\u0101 nor\u0101d\u012bts Kofidencialit\u0101tes politikas 2. sada\u013c\u0101.<\/span><\/p>\n<p>&nbsp;<\/p>\n<ul>\n<li aria-level=\"1\">\n<h3><b>Kas ir atbild\u012bgs par manu datu aizsardz\u012bbu?\u00a0<\/b><\/h3>\n<\/li>\n<\/ul>\n<p><span style=\"font-weight: 400;\">M\u0113s esam atbild\u012bgi par j\u016bsu inform\u0101cijas aizsardz\u012bbu tik liel\u0101 m\u0113r\u0101, cik t\u0101 ir saist\u012bta ar 4. sada\u013c\u0101 izkl\u0101st\u012btajiem m\u0113r\u0137iem, k\u0101 nor\u0101d\u012bts t\u0101l\u0101k 5. \u201310. punkt\u0101:<\/span><\/p>\n<p><span style=\"font-weight: 400;\">M\u0113s \u2013<\/span> <span style=\"font-weight: 400;\">SIA<\/span> <span style=\"font-weight: 400;\">Robin Jobs;<\/span><\/p>\n<p><span style=\"font-weight: 400;\">Uz\u0146\u0113muma re\u0123istr\u0101cijas nummurs: 50203093261;<\/span><\/p>\n<p><span style=\"font-weight: 400;\">Adrese: A. \u010caka iela 55, R\u012bga, LV 1003;<\/span><\/p>\n<p><span style=\"font-weight: 400;\">E-pasts: finance@robin.jobs<\/span><\/p>\n<p>&nbsp;<\/p>\n<ul>\n<li aria-level=\"1\">\n<h3><b>Kur\u0161 ir atbild\u012bgs par manas sniegt\u0101s inform\u0101cijas aizsardz\u012bbu p\u0113c darba pied\u0101v\u0101juma izv\u0113les?<\/b><\/h3>\n<\/li>\n<\/ul>\n<p><span style=\"font-weight: 400;\">M\u0113s atz\u012bm\u0113jam, ka neesam tas darba dev\u0113js, kas mekl\u0113 darbiniekus \u2013 m\u0113s esam a\u0123ent\u016bra, t.i., k\u0101da no a\u0123ent\u016br\u0101m mekl\u0113 darbiniekus darba dev\u0113ja v\u0101rd\u0101. Kad j\u016bs izv\u0113laties jums interes\u0113jo\u0161o darba pied\u0101v\u0101jumu un sniedzat piepras\u012bto inform\u0101ciju, m\u0113s darbojamies k\u0101 darba dev\u0113ja datu apstr\u0101d\u0101t\u0101js (m\u0113s apkopojam inform\u0101ciju par potenci\u0101lajiem kandid\u0101tiem darba dev\u0113ja v\u0101rd\u0101 un pazi\u0146ojam \u0161o inform\u0101ciju darb\u0101 iek\u0101rto\u0161anas a\u0123ent\u016brai tie\u0161\u0101 kontakt\u0101 ar darba dev\u0113ju vai tie\u0161i darba dev\u0113jam). <\/span><b>Atbild\u012bbu par j\u016bsu sniegt\u0101s inform\u0101cijas aizsardz\u012bbu p\u0113c tam, kad esat izv\u0113l\u0113jies jums interes\u0113jo\u0161o darba pied\u0101v\u0101jumu, uz\u0146emas darba dev\u0113js.<\/b><\/p>\n<p><span style=\"font-weight: 400;\">M\u0113s \u0146emam v\u0113r\u0101, ka daudzos gad\u012bjumos m\u0113s neesam vien\u012bg\u0101 a\u0123ent\u016bra, t\u0101p\u0113c inform\u0101cija par darba iek\u0101rto\u0161anu darb\u0101 var tikt dar\u012bta zin\u0101ma citai darb\u0101 iek\u0101rto\u0161anas a\u0123ent\u016brai, nevis tie\u0161i darba dev\u0113jam.<\/span><\/p>\n<p><span style=\"font-weight: 400;\">Vair\u0101k inform\u0101cijas par to, k\u0101 konkr\u0113tais darba dev\u0113js apkopo, izmanto un glab\u0101 inform\u0101ciju par jums, var atrast darba dev\u0113ja konfidencialit\u0101tes politik\u0101, kas pieejama kop\u0101 ar darba pied\u0101v\u0101jumu (darba dev\u0113js ir atbild\u012bgs gan par j\u016bsu datu v\u0101k\u0161anu, izmanto\u0161anu un glab\u0101\u0161anu, gan par darb\u0101 iek\u0101rto\u0161anas a\u0123ent\u016bru izmanto\u0161anu, k\u0101 ar\u012b par to darb\u012bb\u0101m, kas saist\u012btas ar personas datiem). \u0160aj\u0101 politik\u0101 tiks s\u012bki izkl\u0101st\u012btas ar\u012b darb\u012bbas, ko m\u0113s veicam darba dev\u0113ja v\u0101rd\u0101.<\/span><\/p>\n<p><span style=\"font-weight: 400;\">M\u0113s atz\u012bm\u0113jam, ka a\u0123ent\u016bras profil\u0101 m\u0113s apkopojam, izmantojam un glab\u0101jam \u0161\u0101du inform\u0101ciju par jums:<\/span><\/p>\n<ul>\n<li style=\"font-weight: 400;\" aria-level=\"1\"><span style=\"font-weight: 400;\">j\u016bsu identit\u0101tes dokumenta kopija;<\/span><\/li>\n<li style=\"font-weight: 400;\" aria-level=\"1\"><span style=\"font-weight: 400;\">bankas konta numurs;<\/span><\/li>\n<li style=\"font-weight: 400;\" aria-level=\"1\"><span style=\"font-weight: 400;\">j\u016bsu adrese;<\/span><\/li>\n<li style=\"font-weight: 400;\" aria-level=\"1\"><span style=\"font-weight: 400;\">vad\u012bt\u0101ja apliec\u012bbas kopija (ja t\u0101da ir);<\/span><\/li>\n<li style=\"font-weight: 400;\" aria-level=\"1\"><span style=\"font-weight: 400;\">j\u016bsu CV ang\u013cu valod\u0101;<\/span><\/li>\n<li style=\"font-weight: 400;\" aria-level=\"1\"><span style=\"font-weight: 400;\">parakst\u012bts l\u012bgums par pakalpojumiem\/darba l\u012bgums;<\/span><\/li>\n<li style=\"font-weight: 400;\" aria-level=\"1\"><span style=\"font-weight: 400;\">sod\u0101m\u012bbas izzi\u0146u;<\/span><\/li>\n<li style=\"font-weight: 400;\" aria-level=\"1\"><span style=\"font-weight: 400;\">N\u012bderlandes nodok\u013cu maks\u0101t\u0101ja numurs (BSN) (ja ir; ja izv\u0113l\u0113tais darba dev\u0113js ir N\u012bderland\u0113);<\/span><\/li>\n<li style=\"font-weight: 400;\" aria-level=\"1\"><span style=\"font-weight: 400;\">citi dokumenti, ko j\u016bs iesniedzat.<\/span><\/li>\n<\/ul>\n<p>&nbsp;<\/p>\n<ul>\n<li aria-level=\"1\">\n<h3><b>K\u0101d\u0113\u013c j\u016bs apkopojat manus datus?<\/b><\/h3>\n<\/li>\n<\/ul>\n<p><span style=\"font-weight: 400;\">M\u0113s apkopojam, izmantojam un glab\u0101jam j\u016bsu datus \u0161\u0101du iemeslu d\u0113\u013c:<\/span><\/p>\n<ul>\n<li style=\"font-weight: 400;\" aria-level=\"1\"><span style=\"font-weight: 400;\">j\u016bsu profils m\u016bsu t\u012bmek\u013ca vietn\u0113 \u2013 re\u0123istr\u0113joties m\u016bsu t\u012bmek\u013ca vietn\u0113, j\u016bs piekr\u012btat \u0161ai konfidencialit\u0101tes politikai un piekr\u012btat l\u012bguma noteikumiem un nosac\u012bjumiem par darba a\u0123ent\u016bru pakalpojumu snieg\u0161anu, t\u0101p\u0113c tiek uzskat\u012bts, ka j\u016bs ar mums sl\u0113dzat l\u012bgumu;<\/span><\/li>\n<li style=\"font-weight: 400;\" aria-level=\"1\"><span style=\"font-weight: 400;\">personaliz\u0113t\u0101ku pakalpojumu snieg\u0161anai \u2013 re\u0123istr\u0113joties m\u016bsu t\u012bmek\u013ca vietn\u0113 J\u016bs sniedzat da\u017e\u0101du inform\u0101ciju par sevi un sav\u0101m vajadz\u012bb\u0101m (piem\u0113ram, v\u0113lam\u0101 profesija, priek\u0161roka darbam \u0101rzem\u0113s u.c.), kas nav oblig\u0101ta pakalpojumu snieg\u0161anai;<\/span><\/li>\n<li style=\"font-weight: 400;\" aria-level=\"1\"><span style=\"font-weight: 400;\">darba pied\u0101v\u0101jumu s\u016bt\u012b\u0161anai pa e-pastu \u2013 tikl\u012bdz esat re\u0123istr\u0113jies m\u016bsu t\u012bmek\u013ca vietn\u0113, lai p\u0113c iesp\u0113jas \u0101tr\u0101k atrastu piem\u0113rotu darba pied\u0101v\u0101jumu, m\u0113s nos\u016bt\u012bsim jums darba pied\u0101v\u0101jumus uz e-pastu 10 dienas p\u0113c re\u0123istr\u0101cijas;<\/span><\/li>\n<li style=\"font-weight: 400;\" aria-level=\"1\"><span style=\"font-weight: 400;\">m\u016bsu likum\u012bgo intere\u0161u aizst\u0101v\u012bbai \u2013 ja tas b\u016btu nepiecie\u0161ams, m\u0113s var\u0113tu izmantot j\u016bsu personas datus savu likum\u012bgo intere\u0161u, tostarp reput\u0101cijas, aizst\u0101v\u012bb\u0101, ties\u0101s, str\u012bdu iz\u0161\u0137ir\u0161anas iest\u0101d\u0113s un cit\u0101s kompetent\u0101s iest\u0101d\u0113s.<\/span><\/li>\n<\/ul>\n<p>&nbsp;<\/p>\n<ul>\n<li aria-level=\"1\">\n<h3><b>K\u0101du inform\u0101c\u012bju par sevi man jums j\u0101sniedz?<\/b><\/h3>\n<\/li>\n<\/ul>\n<p><span style=\"font-weight: 400;\">Re\u0123istr\u0113joties m\u016bsu t\u012bmek\u013ca vietn\u0113, jums ir j\u0101sniedz \u0161\u0101da inform\u0101cija par sevi:<\/span><\/p>\n<ul>\n<li style=\"font-weight: 400;\" aria-level=\"1\"><span style=\"font-weight: 400;\">identifik\u0101cijas dati (v\u0101rds, uzv\u0101rds, dzim\u0161anas datums);<\/span><\/li>\n<li style=\"font-weight: 400;\" aria-level=\"1\"><span style=\"font-weight: 400;\">kontaktinform\u0101cija (e-pasta adrese, t\u0101lru\u0146a numurs);<\/span><\/li>\n<li style=\"font-weight: 400;\" aria-level=\"1\"><span style=\"font-weight: 400;\">inform\u0101cija par j\u016bsu dzimumu;<\/span><\/li>\n<li style=\"font-weight: 400;\" aria-level=\"1\"><span style=\"font-weight: 400;\">inform\u0101cija par j\u016bsu ang\u013cu valodas zin\u0101\u0161anu l\u012bmeni (bez ang\u013cu valodas zin\u0101\u0161an\u0101m, ies\u0101c\u0113js\/a vai labas ang\u013cu valodas zin\u0101\u0161anas);<\/span><\/li>\n<li style=\"font-weight: 400;\" aria-level=\"1\"><span style=\"font-weight: 400;\">inform\u0101cija par to, vai pl\u0101nojat p\u0101rcelties uz \u0101rzem\u0113m viens pats vai kop\u0101 ar savu draugu\/draudzeni\/partneri p\u0113c darba atra\u0161anas.<\/span><\/li>\n<\/ul>\n<p>&nbsp;<\/p>\n<p><span style=\"font-weight: 400;\">J\u016bs varat, bet jums nav pien\u0101kuma sniegt \u0161\u0101du inform\u0101ciju par sevi:<\/span><\/p>\n<ul>\n<li style=\"font-weight: 400;\" aria-level=\"1\"><span style=\"font-weight: 400;\">vai jums ir B kategorijas vad\u012bt\u0101ja apliec\u012bba;<\/span><\/li>\n<li style=\"font-weight: 400;\" aria-level=\"1\"><span style=\"font-weight: 400;\">fotogr\u0101fija;<\/span><\/li>\n<li style=\"font-weight: 400;\" aria-level=\"1\"><span style=\"font-weight: 400;\">v\u0113lam\u0101 darba nozare(piem\u0113ram, ra\u017eo\u0161ana, pakalpojumi, lauksaimniec\u012bba utt.);<\/span><\/li>\n<li style=\"font-weight: 400;\" aria-level=\"1\"><span style=\"font-weight: 400;\">inform\u0101cija par to, cik dr\u012bz esat gatavs p\u0101rcelties uz \u0101rzem\u0113m un s\u0101kt str\u0101d\u0101t;<\/span><\/li>\n<li style=\"font-weight: 400;\" aria-level=\"1\"><span style=\"font-weight: 400;\">inform\u0101cija par to, ko uzskat\u0101t par priek\u0161roc\u012bbu darbam \u0101rzem\u0113s.<\/span><\/li>\n<\/ul>\n<p>&nbsp;<\/p>\n<p><span style=\"font-weight: 400;\">Ja j\u016bs mums sniegsiet \u0161o inform\u0101ciju, m\u0113s var\u0113sim jums pied\u0101v\u0101t darba pied\u0101v\u0101jumus, kas lab\u0101k atbilst j\u016bsu vajadz\u012bb\u0101m.<\/span><\/p>\n<p>&nbsp;<\/p>\n<ul>\n<li aria-level=\"1\">\n<h3><b>K\u0101ds ir likum\u012bgais pamats manu datu iev\u0101k\u0161anai?<\/b><\/h3>\n<\/li>\n<\/ul>\n<p><span style=\"font-weight: 400;\">Inform\u0101cija par jums tiek likum\u012bgi apkopota \u0161\u0101du iemeslu d\u0113\u013c:<\/span><\/p>\n<ul>\n<li style=\"font-weight: 400;\" aria-level=\"1\"><span style=\"font-weight: 400;\">izveidojot kontu m\u016bsu t\u012bmek\u013ca vietn\u0113, j\u016bs sl\u0113dzat l\u012bgumu ar mums (GDPR 6. panta 1. punkta b) apak\u0161punkts);<\/span><\/li>\n<li style=\"font-weight: 400;\" aria-level=\"1\"><span style=\"font-weight: 400;\">ja j\u016bs nododat mums papildu inform\u0101ciju par sevi, lai ieg\u016btu personaliz\u0113t\u0101kus darba pied\u0101v\u0101jumus, m\u0113s pa\u013caujamies uz j\u016bsu piekri\u0161anu (GDPR 6. panta 1. punkta a) apak\u0161punkts);<\/span><\/li>\n<li style=\"font-weight: 400;\" aria-level=\"1\"><span style=\"font-weight: 400;\">mums ir likum\u012bgas intereses aizsarg\u0101t savas ties\u012bbas ties\u0101s un cit\u0101s iest\u0101d\u0113s (GDPR 6. panta 1. punkta f) apak\u0161punkts);<\/span><\/li>\n<li style=\"font-weight: 400;\" aria-level=\"1\"><span style=\"font-weight: 400;\">darba pied\u0101v\u0101jumu s\u016bt\u012b\u0161anai uz e-pastu (GDPR 6. panta 1. punkta f) apak\u0161punkts).<\/span><\/li>\n<\/ul>\n<p>&nbsp;<\/p>\n<ul>\n<li aria-level=\"1\">\n<h3><b>Vai j\u016bs nos\u016btat manu inform\u0101c\u012bju k\u0101dam citam?<\/b><\/h3>\n<\/li>\n<\/ul>\n<p><span style=\"font-weight: 400;\">J\u016bsu inform\u0101cija var tikt nodota:<\/span><\/p>\n<ul>\n<li style=\"font-weight: 400;\" aria-level=\"1\"><span style=\"font-weight: 400;\">m\u016bsu pakalpojumu sniedz\u0113ji \u2013 sakaru nodro\u0161in\u0101t\u0101ji (e-pasts), datu repozitorijas pakalpojumi, kas uz\u0146emas konfidencialit\u0101tes un dro\u0161\u012bbas saist\u012bbas, k\u0101 paredz\u0113ts personas datu aizsardz\u012bbas ties\u012bbu aktos;<\/span><\/li>\n<li style=\"font-weight: 400;\" aria-level=\"1\"><span style=\"font-weight: 400;\">uz\u0146\u0113mumiem, kas sniedz juridiskus pakalpojumus un\/vai juridiskiem uz\u0146\u0113mumiem, cikt\u0101l tas nepiecie\u0161ams m\u016bsu likum\u012bgo intere\u0161u aizst\u0101v\u012bbai;<\/span><\/li>\n<li style=\"font-weight: 400;\" aria-level=\"1\"><span style=\"font-weight: 400;\">tiesas, str\u012bdu iz\u0161\u0137ir\u0161anas iest\u0101des un citas valsts iest\u0101des, ja tas ir nepiecie\u0161ams m\u016bsu ties\u012bbu aizsardz\u012bbai;<\/span><\/li>\n<li style=\"font-weight: 400;\" aria-level=\"1\"><span style=\"font-weight: 400;\">tiesu izpild\u012bt\u0101ji t\u0101d\u0101 apm\u0113r\u0101, k\u0101ds nepiecie\u0161ams, lai atg\u016btu zaud\u0113jumus.<\/span><\/li>\n<\/ul>\n<p>&nbsp;<\/p>\n<ul>\n<li aria-level=\"1\">\n<h3><b>Cik ilgi tiek uzglab\u0101ti mani dati?<\/b><\/h3>\n<\/li>\n<\/ul>\n<p><span style=\"font-weight: 400;\">J\u016bsu inform\u0101c\u012bja tiks uzglab\u0101t\u0101 sekojo\u0161i:<\/span><\/p>\n<ul>\n<li style=\"font-weight: 400;\" aria-level=\"1\"><span style=\"font-weight: 400;\">j\u016bsu konts tiks saglab\u0101ts tr\u012bs gadus p\u0113c p\u0113d\u0113j\u0101s pieteik\u0161an\u0101s un tiks autom\u0101tiski dz\u0113sts p\u0113c \u0161\u012b termi\u0146a beig\u0101m;<\/span><\/li>\n<li style=\"font-weight: 400;\" aria-level=\"1\"><span style=\"font-weight: 400;\">darba pied\u0101v\u0101jumu nos\u016bt\u012b\u0161anai j\u016bsu dati tiks izmantoti 10 dienas p\u0113c re\u0123istr\u0101cijas m\u016bsu t\u012bmek\u013ca vietn\u0113;<\/span><\/li>\n<li style=\"font-weight: 400;\" aria-level=\"1\"><span style=\"font-weight: 400;\">tiesas vai citas str\u012bdu iz\u0161\u0137ir\u0161anas vai ties\u012bbsarg\u0101jo\u0161\u0101s instit\u016bcijas iesniegtos dokumentus glab\u0101 1 gadu p\u0113c gal\u012bg\u0101 l\u0113muma pie\u0146em\u0161anas;<\/span><\/li>\n<li style=\"font-weight: 400;\" aria-level=\"1\"><span style=\"font-weight: 400;\">tiesu izpildu r\u012bkojumus un tiesu izpild\u012bt\u0101ju r\u012bkojumus glab\u0101 10 gadus p\u0113c maks\u0101jumu beig\u0101m.<\/span><\/li>\n<\/ul>\n<p>&nbsp;<\/p>\n<ul>\n<li aria-level=\"1\">\n<h3><b>K\u0101das ir mans ties\u012bbas?<\/b><\/h3>\n<\/li>\n<\/ul>\n<p><span style=\"font-weight: 400;\">Lai veiktu k\u0101du no turpm\u0101k min\u0113taj\u0101m darb\u012bb\u0101m, l\u016bdzu, sazin\u0101ties ar mums, k\u0101 nor\u0101d\u012bts 10. punkt\u0101. L\u016bdzu, \u0146emiet v\u0113r\u0101, ka uz \u0161\u012bm ties\u012bb\u0101m var attiekties ar likumu noteikti iz\u0146\u0113mumi un ierobe\u017eojumi<\/span><span style=\"font-weight: 400;\">.<\/span><\/p>\n<ul>\n<li aria-level=\"1\"><b>Ties\u012bbas piepras\u012bt piek\u013c\u016bvi j\u016bsu inform\u0101c\u012bjai, ko uzglab\u0101jam, ja m\u0113s atpstr\u0101d\u0101jam j\u016bsu personas datus, kas iesp\u0113jo j\u016bsu identifik\u0101ciju;<\/b><\/li>\n<\/ul>\n<ul>\n<li aria-level=\"1\"><b>Ties\u012bbas piepras\u012bt labot vai papildin\u0101t inform\u0101c\u012bju par jums;<\/b><\/li>\n<\/ul>\n<ul>\n<li aria-level=\"1\"><b>Ties\u012bbas piepras\u012bt j\u016bsu datu dz\u0113\u0161anu ja:<\/b><\/li>\n<\/ul>\n<ul>\n<li aria-level=\"1\"><b>j\u016bsu dati tiek apstr\u0101d\u0101ti, pamatojoties uz j\u016bsu piekri\u0161anu;<\/b><\/li>\n<\/ul>\n<ul>\n<li aria-level=\"1\"><b>j\u016bsu dati tiek apstr\u0101d\u0101ti nelikum\u012bgi;<\/b><\/li>\n<\/ul>\n<ul>\n<li aria-level=\"1\"><b>j\u016bsu dati tiek apstr\u0101d\u0101ti, pamatojoties uz j\u016bsu likum\u012bgaj\u0101m interes\u0113m;<\/b><\/li>\n<\/ul>\n<ul>\n<li aria-level=\"1\"><b>j\u016bsu dati vairs nav nepiecie\u0161ami m\u0113r\u0137iem, k\u0101diem tie tika iev\u0101kti;<\/b><\/li>\n<\/ul>\n<ul>\n<li aria-level=\"1\"><b>mums ir juridisks pien\u0101kums dz\u0113st inform\u0101c\u012bju par jums;<\/b><\/li>\n<\/ul>\n<ul>\n<li style=\"list-style-type: none;\">\n<ul>\n<li style=\"font-weight: 400;\" aria-level=\"1\"><b>Ties\u012bbas piepras\u012bt, lai m\u0113s ierobe\u017eotu par jums uzglab\u0101to inform\u0101cijas apstr\u0101di, ja j\u016bs apstr\u012bdat datu precizit\u0101ti vai iebilstat pret datu apstr\u0101di, nepiekr\u012btat par jums nelikum\u012bgi apstr\u0101d\u0101to datu dz\u0113\u0161anai vai ja jums ir nepiecie\u0161ami dati likum\u012bgu pras\u012bbu noteik\u0161anai, izpildei vai aizsardz\u012bbai;<\/b><\/li>\n<\/ul>\n<\/li>\n<\/ul>\n<ul>\n<li aria-level=\"1\"><b>Ties\u012bbas apstr\u012bd\u0113t j\u016bsu inform\u0101c\u012bjas v\u0101k\u0161anu, izmanto\u0161anu un uzglab\u0101\u0161anu m\u016bsu uz\u0146\u0113mum\u0101, kur m\u0113s apstr\u0101d\u0101jam j\u016bsu datus, pamatojoties uz likum\u012bg\u0101m interes\u0113m;<\/b><\/li>\n<\/ul>\n<ul>\n<li aria-level=\"1\"><b>Ties\u012bbas piepras\u012bt savu datu eksport\u0113\u0161anu, ja j\u016bs mums esiet sniedzis datus struktur\u0113t\u0101, bie\u017ei lietot\u0101 form\u0101t\u0101 un devis piekri\u0161anu \u0161\u0101du datu apstr\u0101dai, vai ar\u012b mums \u0161ie dati bija jaapstr\u0101d\u0101, lai izpild\u012btu ar jums nosl\u0113gt\u0101 l\u012bguma punktus;<\/b><\/li>\n<\/ul>\n<ul>\n<li aria-level=\"1\"><b>Ties\u012bbas jebkur\u0101 laik\u0101 atsaukt piekri\u0161anu personas datu apstr\u0101dai (to var izdar\u012bt mainot p\u0101rl\u016bkprogrammas iestat\u012bjumus);<\/b><\/li>\n<\/ul>\n<ul>\n<li aria-level=\"1\"><b>Ties\u012bbas iesniegt s\u016bdz\u012bbu Datu Valsts Inspekc\u012bjai<\/b><\/li>\n<\/ul>\n<p>&nbsp;<\/p>\n<p><span style=\"font-weight: 400;\">Ja j\u016bsu pieteikums par iepriek\u0161 min\u0113taj\u0101m darb\u012bb\u0101m attiecas uz j\u016bsu personas datu v\u0101k\u0161anu, izmanto\u0161anu un glab\u0101\u0161anu nodarbin\u0101t\u012bbas nol\u016bk\u0101 pie konkr\u0113ta darba dev\u0113ja, t.i., ja m\u0113s darbojamies k\u0101 a\u0123ent\u016bra, j\u016bsu piepras\u012bjums tiks p\u0101rs\u016bt\u012bts darba dev\u0113jam vai citai a\u0123ent\u016brai, ko izmanto darba dev\u0113js. Ja piepras\u012bjum\u0101 nenor\u0101d\u012bsit konkr\u0113tu darba dev\u0113ju, no mums sa\u0146emsiet piepras\u012bjumu p\u0113c \u0161\u012bs inform\u0101cijas.<\/span><\/p>\n<p>&nbsp;<\/p>\n<ul>\n<li aria-level=\"1\">\n<h3><b>K\u0101 j\u016bs varat man pal\u012bdz\u0113t?<\/b><\/h3>\n<\/li>\n<\/ul>\n<p><span style=\"font-weight: 400;\">Ja jums ir k\u0101di jaut\u0101jumi, koment\u0101ri s\u016bdz\u012bbas ar to k\u0101 m\u0113s iev\u0101cam, apstr\u0101d\u0101jam un glab\u0101jam j\u016bsu datus, m\u0113s esam gatavi pal\u012bdz\u0113t. Ja jums ir nepiecie\u0161ama pal\u012bdz\u012bba, l\u016bdzu, sazinaties ar mums e-pasts finance@robin.jobs. <\/span><\/p>\n","protected":false},"excerpt":{"rendered":"<p>Atjaunots: 2021-06-01 SIA\u00a0 Robin Jobs g\u0101d\u0101 par j\u016bsu datu aizsardz\u012bbu. M\u0113s iev\u0113rojam Eiropas Savien\u012bbas Visp\u0101r\u0113jo Datu Regulu (GDPR), k\u0101 ar\u012b citus ties\u012bbu aktus, kuri aizsrag\u0101 j\u016bsu sniegto inform\u0101ciju m\u016bsu uz\u0146\u0113mumam, kur to m\u0113s iev\u0101cam, apstr\u0101d\u0101jam un glab\u0101jam.\u00a0 &nbsp; K\u0101 las\u012bt \u0161o konfidencialit\u0101tes politiku? \u0160\u012b Konfidencialit\u0101tes Politika atbild\u0113s uz galvenajiem jaut\u0101jumiem par to, k\u0101 m\u0113s apkopojam,&#8230;<\/p>\n","protected":false},"author":1,"featured_media":0,"parent":0,"menu_order":0,"comment_status":"closed","ping_status":"closed","template":"page-templates\/privacy-policy.php","meta":{"_acf_changed":false,"inline_featured_image":false,"footnotes":""},"class_list":["post-1217856","page","type-page","status-publish","hentry"],"acf":[],"_links":{"self":[{"href":"https:\/\/robin.jobs\/lv\/wp-json\/wp\/v2\/pages\/1217856","targetHints":{"allow":["GET"]}}],"collection":[{"href":"https:\/\/robin.jobs\/lv\/wp-json\/wp\/v2\/pages"}],"about":[{"href":"https:\/\/robin.jobs\/lv\/wp-json\/wp\/v2\/types\/page"}],"author":[{"embeddable":true,"href":"https:\/\/robin.jobs\/lv\/wp-json\/wp\/v2\/users\/1"}],"replies":[{"embeddable":true,"href":"https:\/\/robin.jobs\/lv\/wp-json\/wp\/v2\/comments?post=1217856"}],"version-history":[{"count":4,"href":"https:\/\/robin.jobs\/lv\/wp-json\/wp\/v2\/pages\/1217856\/revisions"}],"predecessor-version":[{"id":1274530,"href":"https:\/\/robin.jobs\/lv\/wp-json\/wp\/v2\/pages\/1217856\/revisions\/1274530"}],"wp:attachment":[{"href":"https:\/\/robin.jobs\/lv\/wp-json\/wp\/v2\/media?parent=1217856"}],"curies":[{"name":"wp","href":"https:\/\/api.w.org\/{rel}","templated":true}]}}