{"id":1217854,"date":"2021-06-08T15:40:38","date_gmt":"2021-06-08T12:40:38","guid":{"rendered":"https:\/\/robin.jobs\/lv\/cookie-policy"},"modified":"2025-11-01T05:47:29","modified_gmt":"2025-11-01T02:47:29","slug":"cookie-policy","status":"publish","type":"page","link":"https:\/\/robin.jobs\/lv\/cookie-policy","title":{"rendered":"SIA\u00a0ROBIN JOBS S\u012aKFAILU POLITIKA"},"content":{"rendered":"<p>Atjaunota: 2021-06-01<\/p>\n<h3>1. Kas ir s\u012bkfaili?<\/h3>\n<p><span style=\"font-weight: 400;\">S\u012bkfaili ir nelieli teksta faili, kas saglab\u0101jas ier\u012bces p\u0101rl\u016bkprogramm\u0101 (piem\u0113r\u0101m, dator\u0101, mob\u012blaj\u0101 t\u0101lrun\u012b, plan\u0161etdator\u0101), kad p\u0101rl\u016bkojat vietnes. L\u012bdz\u012bgi tiek izmantotas citas tehnolo\u0123\u012bjas, ieskaitot p\u0101rl\u016bkprogramm\u0101 vai ier\u012bc\u0113s sagalb\u0101tos datus, idnetifik\u0101torus, kas attiecas uz j\u016bsu ier\u012bci un citu programmat\u016bru. S\u012bkfaili tiek pla\u0161i izmantoti, lai nodri\u0161in\u0101tu t\u012bmek\u013ca viet\u0146u veiktsp\u0113ju vai uzlabotu to veikst\u0113pju un efektivit\u0101ti. Visas iepriek\u0161 min\u0113t\u0101s tehnolo\u0123ijas \u0161aj\u0101 polotik\u0101 tiek sauktas par \u201cs\u012bkfailiem\u201d.\u00a0<\/span><\/p>\n<h3>2. K\u0101d\u0113\u013c j\u016bs izmantojat s\u012bkfailus?<\/h3>\n<p><span style=\"font-weight: 400;\">M\u0113s izmantojam s\u012bkfailus lai:<\/span><\/p>\n<ul>\n<li style=\"font-weight: 400;\" aria-level=\"1\"><span style=\"font-weight: 400;\">turpin\u0101tu uzlabot t\u012bmek\u013ca vietni, lai jums t\u0101 ir pievilc\u012bg\u0101ka;\u00a0<\/span><\/li>\n<li style=\"font-weight: 400;\" aria-level=\"1\"><span style=\"font-weight: 400;\">p\u0101rraudz\u012btu un analiz\u0113tu apmekl\u0113t\u0101ju tendences m\u016bsu t\u012bmek\u013ca vietn\u0113;<\/span><\/li>\n<li style=\"font-weight: 400;\" aria-level=\"1\"><span style=\"font-weight: 400;\">analiz\u0113tu, k\u0101 klienti izmanto m\u016bsu t\u012bmek\u013ca vienti;<\/span><\/li>\n<li style=\"font-weight: 400;\" aria-level=\"1\"><span style=\"font-weight: 400;\">nodro\u0161\u012bn\u0101tu t\u012bmek\u013ca vientes un t\u0101s funkciju pareizu darb\u012bbu;<\/span><\/li>\n<li style=\"font-weight: 400;\" aria-level=\"1\"><span style=\"font-weight: 400;\">padar\u012btu m\u0101rketingu efekt\u012bv\u0101ku;\u00a0<\/span><\/li>\n<li style=\"font-weight: 400;\" aria-level=\"1\"><span style=\"font-weight: 400;\">r\u0101d\u012btu YouTube video materi\u0101lus m\u016bsu t\u012bmek\u013ca vietn\u0113;<\/span><\/li>\n<li style=\"font-weight: 400;\" aria-level=\"1\"><span style=\"font-weight: 400;\">atcer\u0113tos j\u016bsu izv\u0113l\u0113to valodu t\u012bmek\u013ca vietn\u0113;<\/span><\/li>\n<li style=\"font-weight: 400;\" aria-level=\"1\"><span style=\"font-weight: 400;\">pareizi inform\u0113tu par s\u012bkfailiem m\u016bsu t\u012bmek\u013ca vient\u0113.\u00a0<\/span><\/li>\n<\/ul>\n<h3>3. K\u0101di ir s\u012bkdat\u0146u veidi?<\/h3>\n<h4>a) Oblig\u0101ti nepiecie\u0161amie s\u012bkfaili<\/h4>\n<p><span style=\"font-weight: 400;\">\u0160ie s\u012bkfaili ir nepiecie\u0161ami vietn\u0113, lai lietot\u0101js var\u0113tu p\u0101rl\u016bkot un izmantot vietnes funk\u012bcjas, piem\u0113ram, iegaum\u0113t inform\u0101c\u012bju, kas ievad\u012bta veidlap\u0101s, kad lietot\u0101js p\u0101rl\u016bko\u0161anas sesijas laik\u0101 p\u0101rvietojas no vienas lapas uz citu. Ja neb\u016btu absol\u016bti nepiecie\u0161ami s\u012bkfaili, noteikti t\u012bmek\u013ca vientes pakalpojumi neb\u016btu iesp\u0113jami un t\u012bmek\u013ca vietne nedarbotos tik labi, k\u0101 nepiecie\u0161ams. \u0160\u0101di s\u012bkfaili neapkopo inform\u0101c\u012bju m\u0101rketinga nol\u016bkos un nere\u0123istr\u0113 j\u016bsus ampekl\u0113jumus tie\u0161saist\u0113.\u00a0<\/span><\/p>\n<h4>b) Anal\u012btiskie s\u012bkfaili<\/h4>\n<p><span style=\"font-weight: 400;\">Anal\u012btiskie s\u012bkfaili apkopo inform\u0101c\u012bju par t\u012bmek\u013ca vientes lieto\u0161anu un pal\u012bdz uzlabot t\u0101s darb\u012bbu. Piem\u0113ram, anal\u012btiskie s\u012bkfaili var par\u0101d\u012bt, kuras lapas visbie\u017e\u0101k tiek apmekl\u0113tas, pal\u012bdz\u0113t re\u0123istr\u0113t vient\u0113 notieko\u0161\u0101s k\u013c\u016bmes vai par\u0101d\u012bt, vai vient\u0113 ievietot\u0101 rekl\u0101ma ir efekt\u012bva. Anal\u012btiskie s\u012bkfaili nepkopo apmekl\u0113t\u0101ju personikso inform\u0101ciju, un visa \u0161\u0101du s\u012bkfailu apkopot\u0101 inform\u0101c\u012bja ir anon\u012bma.\u00a0<\/span><\/p>\n<h4>c) Funkcion\u0101lie s\u012bkfaili<\/h4>\n<p><span style=\"font-weight: 400;\">Funkcion\u0101lie s\u012bkfaili \u013cauj vietn\u0113 iegaum\u0113t j\u016bsu izv\u0113les iesp\u0113jas un pied\u0101v\u0101t uzlabotas funkcijas, kas ir vair\u0101k piel\u0101gotas j\u016bsu vajadz\u012bb\u0101m. <\/span><span style=\"font-weight: 400;\">Funkcion\u0101lie s\u012bkfaili ar\u012b atsauc atmi\u0146\u0101 veikt\u0101s izmai\u0146as, piem\u0113ram, atsevi\u0161\u0137u iestat\u012bjumu konkr\u0113t\u0101 t\u012bmek\u013ca lap\u0101, k\u0101 ar\u012b citos gad\u012bjumos, piem\u0113ram, kad skat\u0101ties videoklipu vai atst\u0101jat koment\u0101ru m\u016bsu t\u012bmek\u013ca vietn\u0113. Funkcion<\/span><span style=\"font-weight: 400;\">\u0101lie s\u012bkfaili nere\u0123istr\u0113 j\u016bsu darb\u012bbas cit\u0101s t\u012bmek\u013ca vietn\u0113s.<\/span><\/p>\n<h4>d) Rekl\u0101mas s\u012bkfaili<\/h4>\n<p><span style=\"font-weight: 400;\">Reklam\u0113\u0161anas s\u012bkfaili \u013cauj r\u0101d\u012bt interesant\u0101kas rekl\u0101mas, lai lab\u0101k atbilstu j\u016bsu interes\u0113m, vai ierobe\u017eot rekl\u0101mas vien\u0101 un taj\u0101 pa\u0161\u0101 rekl\u0101mas rindi\u0146\u0101 j\u016bsu apmekl\u0113taj\u0101 vietn\u0113. \u0160\u012b veida s\u012bkfaili tiek izmantoti ar\u012b kampa\u0146as efektivit\u0101tes nov\u0113rt\u0113\u0161anai. \u0160\u0101dus s\u012bkfailus var izmantot, lai atcer\u0113tos, ko izdar\u012bj\u0101t vietn\u0113.<\/span><\/p>\n<h3>4. K\u0101dus s\u012bkfailus izmantojam m\u0113s?<\/h3>\n<p><span style=\"font-weight: 400;\">M\u016bsu t\u012bmek\u013ca vietn\u0113 izmantojam sekojo\u0161os s\u012bkfailus:<\/span><\/p>\n<table>\n<tbody>\n<tr>\n<td><strong>S\u012aKFAILU KATEGORIJA<\/strong><\/td>\n<td><strong>S\u012aKFAILA NOSAUKUMS<\/strong><\/td>\n<td><strong>S\u012aKFAILA DER\u012aGUMA LAIKS<\/strong><\/td>\n<td><strong>S\u012aKFAILA M\u0112R\u0136IS<\/strong><\/td>\n<\/tr>\n<tr>\n<td rowspan=\"2\"><span style=\"font-weight: 400;\">Anal\u012btiskie s\u012bkfaili<\/span><\/td>\n<td><span style=\"font-weight: 400;\">_ga<\/span><\/td>\n<td><span style=\"font-weight: 400;\">2\u00a0gadi<\/span><\/td>\n<td rowspan=\"2\"><span style=\"font-weight: 400;\">Pirm\u0101s puses Google s\u012bkfaili tika izmantoti, lai apkopotu inform\u0101ciju par t\u012bmek\u013ca vietnes apmekl\u0113jumiem un to, k\u0101 m\u016bsu apmekl\u0113t\u0101ji izmanto t\u012bmek\u013ca vietni. S\u012bkfaili apkopo inform\u0101ciju, piem\u0113ram, t\u012bmek\u013ca vietnes apmekl\u0113t\u0101ju skaitu, inform\u0101ciju par vietni, no kuras ierad\u0101s apmekl\u0113t\u0101ji, t\u012bmek\u013ca vietn\u0113 apmekl\u0113t\u0101s lapas, p\u0101rl\u016bko\u0161anai izmantoto p\u0101rl\u016bkprogrammu, operat\u012bvo sist\u0113mu utt.<\/span><\/td>\n<\/tr>\n<tr>\n<td><span style=\"font-weight: 400;\">_ga_xxxxxxxxxx<\/span><\/td>\n<td><span style=\"font-weight: 400;\">2\u00a0gadi\u00a0<\/span><\/td>\n<\/tr>\n<tr>\n<td rowspan=\"2\"><span style=\"font-weight: 400;\">Funkcion\u0101lie s\u012bkfaili<\/span><\/td>\n<td><span style=\"font-weight: 400;\">cookieBannerDisplayed<\/span><span style=\"font-weight: 400;\">\u00a0<\/span><\/td>\n<td><span style=\"font-weight: 400;\">L\u012bdz p\u0101l\u016bko\u0161anas sesijas beig\u0101m<\/span><\/td>\n<td><span style=\"font-weight: 400;\">Pazi\u0146ojumi par s\u012bkfailu izmanto\u0161anu<\/span><\/td>\n<\/tr>\n<tr>\n<td><span style=\"font-weight: 400;\">public_lang<\/span><\/td>\n<td><span style=\"font-weight: 400;\">181\u00a0dienas<\/span><\/td>\n<td><span style=\"font-weight: 400;\">T\u012bmek\u013ca vietnes valodas iegaum\u0113\u0161anai<\/span><\/td>\n<\/tr>\n<tr>\n<td rowspan=\"15\"><span style=\"font-weight: 400;\">Rekl\u0101mas s\u012bkfaili<\/span><\/td>\n<td><span style=\"font-weight: 400;\">dpr<\/span><\/td>\n<td><span style=\"font-weight: 400;\">7 dienas<\/span><\/td>\n<td><span style=\"font-weight: 400;\">Tre\u0161\u0101s puses Facebook s\u012bkfails, lai saglab\u0101tu inform\u0101ciju par Facebook lietot\u0101ju, kur\u0161 ir pieteicies, lai pied\u0101v\u0101tu rekl\u0101mas un atjaunin\u0101tu saturu. S\u012bkfailu saturs tiek apstiprin\u0101ts, izmantojot Facebook lieto\u0161anas noteikumus un nosac\u012bjumus.<\/span><\/td>\n<\/tr>\n<tr>\n<td><span style=\"font-weight: 400;\">fr<\/span><\/td>\n<td><span style=\"font-weight: 400;\">90 dienas<\/span><\/td>\n<td><span style=\"font-weight: 400;\">Tre\u0161\u0101s puses Facebook s\u012bkfails rekl\u0101mu prezent\u0113\u0161anai,\u00a0 rekl\u0101mu rezult\u0101tu ieguvei un rekl\u0101mas atbilst\u012bbas uzlabo\u0161anai.<\/span><\/td>\n<\/tr>\n<tr>\n<td><span style=\"font-weight: 400;\">IDE<\/span><\/td>\n<td><span style=\"font-weight: 400;\">390 dienas<\/span><\/td>\n<td><span style=\"font-weight: 400;\">Tre\u0161\u0101s puses dub\u016blt-klik\u0161\u0137a s\u012bkfails Google rekl\u0101mu prezent\u0113\u0161anai cit\u0101s t\u012bmek\u013ca vietn\u0113s, kas nav Google. M\u0113r\u0137a rekl\u0101mas tiek r\u0101d\u012btas atbilsto\u0161i iepriek\u0161\u0113jiem apmekl\u0113jumiem t\u012bmek\u013ca vietn\u0113. \u0160ie s\u012bkfaili m\u0113ra ar\u012b\u00a0 rekl\u0101mguvumus.<\/span><\/td>\n<\/tr>\n<tr>\n<td><span style=\"font-weight: 400;\">test_cookie<\/span><\/td>\n<td><span style=\"font-weight: 400;\">Da\u017eas sekundes<\/span><\/td>\n<td><span style=\"font-weight: 400;\">Tre\u0161\u0101s puses dubult-klik\u0161\u0137a s\u012bkfails, lai noteiktu, vai p\u0101rl\u016bkprogramma, kuru izmanto apmekl\u0113t\u0101js, atbalsta s\u012bkfailus.<\/span><\/td>\n<\/tr>\n<tr>\n<td><span style=\"font-weight: 400;\">1P_JAR<\/span><\/td>\n<td><span style=\"font-weight: 400;\">30 dienas<\/span><\/td>\n<td rowspan=\"10\"><span style=\"font-weight: 400;\">\u0160ie s\u012bkfaili tiek saglab\u0101ti, izmantojot aug\u0161upiel\u0101d\u0113tos YouTube videoklipus. Tie re\u0123istr\u0113 anon\u012bmus statistikas datus, piem\u0113ram, cik reizes tiek demonstr\u0113ts video un k\u0101di iestat\u012bjumi tiek izmantoti reproduc\u0113\u0161anai. Netiek apkopoti sensit\u012bvi dati, un, ja neesat pieteicies Google kont\u0101, darb\u012bbas tiek saist\u012btas ar Google kontu, piem\u0113ram, ja video noklik\u0161\u0137in\u0101t uz \u201cpat\u012bk\u201d.<\/span><\/p>\n<p><span style=\"font-weight: 400;\">Lai ieg\u016btu papildinform\u0101ciju, izlasiet rakstu\u00a0 <\/span><a href=\"https:\/\/policies.google.com\/privacy?hl=en-US\" target=\"_blank\" rel=\"noopener\"><span style=\"font-weight: 400;\">Google Privacy Policy<\/span><\/a><span style=\"font-weight: 400;\">.<\/span><\/td>\n<\/tr>\n<tr>\n<td><span style=\"font-weight: 400;\">NID<\/span><\/td>\n<td><span style=\"font-weight: 400;\">6\u00a0m\u0113ne\u0161us<\/span><\/td>\n<\/tr>\n<tr>\n<td><span style=\"font-weight: 400;\">__Secure-3PSIDCC<\/span><\/td>\n<td><span style=\"font-weight: 400;\">2\u00a0gadus<\/span><\/td>\n<\/tr>\n<tr>\n<td><span style=\"font-weight: 400;\">__Secure-3PAPISID<\/span><\/td>\n<td><span style=\"font-weight: 400;\">2\u00a0gadus<\/span><\/td>\n<\/tr>\n<tr>\n<td><span style=\"font-weight: 400;\">__Secure-3PSID<\/span><\/td>\n<td><span style=\"font-weight: 400;\">2\u00a0gadus<\/span><\/td>\n<\/tr>\n<tr>\n<td><span style=\"font-weight: 400;\">CONSENT<\/span><\/td>\n<td><span style=\"font-weight: 400;\">200\u00a0m\u0113ne\u0161us<\/span><\/td>\n<\/tr>\n<tr>\n<td><span style=\"font-weight: 400;\">GPS<\/span><\/td>\n<td><span style=\"font-weight: 400;\">30\u00a0min\u016btes<\/span><\/td>\n<\/tr>\n<tr>\n<td><span style=\"font-weight: 400;\">PREF<\/span><\/td>\n<td><span style=\"font-weight: 400;\">2\u00a0gadus<\/span><\/td>\n<\/tr>\n<tr>\n<td><span style=\"font-weight: 400;\">VISITOR_INFO1_LIVE<\/span><\/td>\n<td><span style=\"font-weight: 400;\">6\u00a0m\u0113ne\u0161us<\/span><\/td>\n<\/tr>\n<tr>\n<td><span style=\"font-weight: 400;\">YSC<\/span><\/td>\n<td><span style=\"font-weight: 400;\">L\u012bdz p\u0101l\u016bko\u0161anas sesijas beig\u0101m<\/span><\/td>\n<\/tr>\n<tr>\n<td><span style=\"font-weight: 400;\">_fbp<\/span><\/td>\n<td><span style=\"font-weight: 400;\">6\u00a0m\u0113ne\u0161us<\/span><\/td>\n<td><span style=\"font-weight: 400;\">Pirm\u0101s partijas Facebook s\u012bkfails, kas izmantots m\u016bsu sludin\u0101jumu prezent\u0113\u0161anai vietn\u0113 Facebook.<\/span><\/td>\n<\/tr>\n<\/tbody>\n<\/table>\n<h3>5. K\u0101 es varu kontorl\u0113t s\u012bkfailus?<\/h3>\n<p><span style=\"font-weight: 400;\">S\u012bkfailu lieto\u0161anu var kontrol\u0113t, mainotojot p\u0101rl\u016bkprogrammas iestat\u012bjumus. Papildinform\u0101cija ir pieejama j\u016bsu izmantot\u0101s p\u0101rl\u016bkprogrammas nodro\u0161in\u0101t\u0101ja t\u012bmek\u013ca vietn\u0113.<\/span><\/p>\n<p><span style=\"font-weight: 400;\">L\u016bdzu, \u0146emiet v\u0113r\u0101, ka s\u012bkfailu dz\u0113\u0161ana vai s\u012bkfailu atsp\u0113jo\u0161ana turpm\u0101kai izmanto\u0161anai var padar\u012bt atsevi\u0161\u0137as m\u016bsu t\u012bmek\u013ca vietnes da\u013cas vai funkcijas nepieejamas. Ja main\u012bsit s\u012bkfailu iestat\u012bjumus, tas ietekm\u0113s ar\u012b citas apmekl\u0113t\u0101s t\u012bmek\u013ca vietnes.<\/span><\/p>\n","protected":false},"excerpt":{"rendered":"<p>Atjaunota: 2021-06-01 1. Kas ir s\u012bkfaili? S\u012bkfaili ir nelieli teksta faili, kas saglab\u0101jas ier\u012bces p\u0101rl\u016bkprogramm\u0101 (piem\u0113r\u0101m, dator\u0101, mob\u012blaj\u0101 t\u0101lrun\u012b, plan\u0161etdator\u0101), kad p\u0101rl\u016bkojat vietnes. L\u012bdz\u012bgi tiek izmantotas citas tehnolo\u0123\u012bjas, ieskaitot p\u0101rl\u016bkprogramm\u0101 vai ier\u012bc\u0113s sagalb\u0101tos datus, idnetifik\u0101torus, kas attiecas uz j\u016bsu ier\u012bci un citu programmat\u016bru. S\u012bkfaili tiek pla\u0161i izmantoti, lai nodri\u0161in\u0101tu t\u012bmek\u013ca viet\u0146u veiktsp\u0113ju vai uzlabotu to&#8230;<\/p>\n","protected":false},"author":1,"featured_media":0,"parent":0,"menu_order":0,"comment_status":"closed","ping_status":"closed","template":"page-templates\/privacy-policy.php","meta":{"_acf_changed":false,"inline_featured_image":false,"footnotes":""},"class_list":["post-1217854","page","type-page","status-publish","hentry"],"acf":[],"_links":{"self":[{"href":"https:\/\/robin.jobs\/lv\/wp-json\/wp\/v2\/pages\/1217854","targetHints":{"allow":["GET"]}}],"collection":[{"href":"https:\/\/robin.jobs\/lv\/wp-json\/wp\/v2\/pages"}],"about":[{"href":"https:\/\/robin.jobs\/lv\/wp-json\/wp\/v2\/types\/page"}],"author":[{"embeddable":true,"href":"https:\/\/robin.jobs\/lv\/wp-json\/wp\/v2\/users\/1"}],"replies":[{"embeddable":true,"href":"https:\/\/robin.jobs\/lv\/wp-json\/wp\/v2\/comments?post=1217854"}],"version-history":[{"count":4,"href":"https:\/\/robin.jobs\/lv\/wp-json\/wp\/v2\/pages\/1217854\/revisions"}],"predecessor-version":[{"id":1266186,"href":"https:\/\/robin.jobs\/lv\/wp-json\/wp\/v2\/pages\/1217854\/revisions\/1266186"}],"wp:attachment":[{"href":"https:\/\/robin.jobs\/lv\/wp-json\/wp\/v2\/media?parent=1217854"}],"curies":[{"name":"wp","href":"https:\/\/api.w.org\/{rel}","templated":true}]}}