{"id":1217025,"date":"2021-01-02T20:12:29","date_gmt":"2021-01-02T17:12:29","guid":{"rendered":"https:\/\/robin.jobs\/lv\/?page_id=1217025"},"modified":"2025-06-24T23:41:47","modified_gmt":"2025-06-24T20:41:47","slug":"darbs-belgija","status":"publish","type":"page","link":"https:\/\/robin.jobs\/lv\/darbs-belgija","title":{"rendered":"Darbs Be\u013c\u0123ij\u0101 2024"},"content":{"rendered":"","protected":false},"excerpt":{"rendered":"","protected":false},"author":13,"featured_media":1241817,"parent":0,"menu_order":0,"comment_status":"closed","ping_status":"closed","template":"page-templates\/flexible-content.php","meta":{"_acf_changed":false,"inline_featured_image":false,"footnotes":""},"class_list":["post-1217025","page","type-page","status-publish","has-post-thumbnail","hentry"],"acf":[],"_links":{"self":[{"href":"https:\/\/robin.jobs\/lv\/wp-json\/wp\/v2\/pages\/1217025","targetHints":{"allow":["GET"]}}],"collection":[{"href":"https:\/\/robin.jobs\/lv\/wp-json\/wp\/v2\/pages"}],"about":[{"href":"https:\/\/robin.jobs\/lv\/wp-json\/wp\/v2\/types\/page"}],"author":[{"embeddable":true,"href":"https:\/\/robin.jobs\/lv\/wp-json\/wp\/v2\/users\/13"}],"replies":[{"embeddable":true,"href":"https:\/\/robin.jobs\/lv\/wp-json\/wp\/v2\/comments?post=1217025"}],"version-history":[{"count":5,"href":"https:\/\/robin.jobs\/lv\/wp-json\/wp\/v2\/pages\/1217025\/revisions"}],"predecessor-version":[{"id":1253954,"href":"https:\/\/robin.jobs\/lv\/wp-json\/wp\/v2\/pages\/1217025\/revisions\/1253954"}],"wp:featuredmedia":[{"embeddable":true,"href":"https:\/\/robin.jobs\/lv\/wp-json\/wp\/v2\/media\/1241817"}],"wp:attachment":[{"href":"https:\/\/robin.jobs\/lv\/wp-json\/wp\/v2\/media?parent=1217025"}],"curies":[{"name":"wp","href":"https:\/\/api.w.org\/{rel}","templated":true}]}}