{"id":1195786,"date":"2019-05-21T14:34:22","date_gmt":"2019-05-21T11:34:22","guid":{"rendered":"https:\/\/robin.jobs\/qbis-2\/?page_id=1195786"},"modified":"2026-04-05T14:24:19","modified_gmt":"2026-04-05T11:24:19","slug":"darba-piedavajumi-arzemes","status":"publish","type":"page","link":"https:\/\/robin.jobs\/lv\/darba-piedavajumi-arzemes","title":{"rendered":"Darbs \u0101rzem\u0113s (offers)"},"content":{"rendered":"<p>J\u016bs interes\u0113 pievilc\u012bgi darba pied\u0101v\u0101jumi \u0101rzem\u0113s? Pa\u0161laik Robin interneta vietn\u0113 varat atrast pat <strong>39<\/strong> darba pied\u0101v\u0101jumus N\u012bderland\u0113, V\u0101cij\u0101 un Be\u013c\u0123ij\u0101. Nav b\u016btiski, vai mekl\u0113jat darbu individu\u0101li vai k\u0101 p\u0101ris, vai interes\u0113 \u012bstermi\u0146a vai ilgtermi\u0146a darbs, run\u0101jat ang\u013cu valod\u0101 vai n\u0113 \u2013 Robin Jums ir da\u017e\u0101di darba pied\u0101v\u0101jumi \u0101rzem\u0113s.<\/p>\n<p><!--more--><\/p>\n<p>Izmantojot Robin a\u0123ent\u016bras pakalpojumus, ar atlases speci\u0101listu pal\u012bdz\u012bbu J\u016bs var\u0113sit izv\u0113l\u0113ties Jums pievilc\u012bg\u0101ko darba pied\u0101v\u0101jumu no <b>25 darbiek\u0101rto\u0161anas a\u0123ent\u016br\u0101m<\/b>, kas darbojas N\u012bderland\u0113, V\u0101cij\u0101 un Be\u013c\u0123ij\u0101. M\u0113s Jums pal\u012bdz\u0113sim atrast lab\u0101ko darba pied\u0101v\u0101jumu ar dz\u012bvesvietu valst\u012b, kura Jums pat\u012bk vislab\u0101k.<\/p>\n<p>Darbs \u0101rvalst\u012bs Juma pal\u012bdz\u0113s ne vien <b>nopeln\u012bt un ietaup\u012bt naudu<\/b>. Str\u0101d\u0101jot \u0101rzem\u0113s, J\u016bs t\u0101pat ieg\u016bsit nenov\u0113rt\u0113jamu darba pieredzi, iepaz\u012bsit jaunu valsti un atrad\u012bsit jaunus pazi\u0146as.<\/p>\n<h2>Pla\u0161s darba vietu kl\u0101sts \u0101rzem\u0113s<\/h2>\n<p>J\u016bsu m\u0113r\u0137is \u2013 atrast sev piem\u0113rot\u0101ko darba pied\u0101v\u0101jumu \u0101rvalst\u012bs? M\u0113s pied\u0101v\u0101jam da\u017e\u0101das darba poz\u012bcijas V\u0101cij\u0101, Holand\u0113 un Be\u013c\u0123ij\u0101. Ja mekl\u0113jat darbu \u0101rzem\u0113s, bet nezin\u0101t, kuru valsti izv\u0113l\u0113ties, izlasiet Robin a\u0123ent\u016bras sagatavoto rakstu &#8211; Interes\u0113 darbs \u0101rzem\u0113s: kur\u0101 ES valst\u012b vislab\u0101k str\u0101d\u0101t 2025. gad\u0101.<\/p>\n<p>T\u0101 k\u0101 mums ir daudz da\u017e\u0101du darba pied\u0101v\u0101jumu, tad Jums tie\u0161\u0101m b\u016bs pla\u0161as izv\u0113les iesp\u0113jas. Sev vispiem\u0113rot\u0101ko darba pied\u0101v\u0101jumu var\u0113s atrast gan students bez darba pieredzes, gan kvalific\u0113ts b\u016bvniec\u012bbas speci\u0101lists. Izskatiet visus m\u016bsu darba pied\u0101v\u0101jumus \u0101rzem\u0113s un jau \u0161odien piesakieties darba vakancei, kas Jums pat\u012bk vislab\u0101k!<\/p>\n","protected":false},"excerpt":{"rendered":"<p>J\u016bs interes\u0113 pievilc\u012bgi darba pied\u0101v\u0101jumi \u0101rzem\u0113s? Pa\u0161laik Robin interneta vietn\u0113 varat atrast pat darba pied\u0101v\u0101jumus N\u012bderland\u0113, V\u0101cij\u0101 un Be\u013c\u0123ij\u0101. Nav b\u016btiski, vai mekl\u0113jat darbu individu\u0101li vai k\u0101 p\u0101ris, vai interes\u0113 \u012bstermi\u0146a vai ilgtermi\u0146a darbs, run\u0101jat ang\u013cu valod\u0101 vai n\u0113 \u2013 Robin Jums ir da\u017e\u0101di darba pied\u0101v\u0101jumi \u0101rzem\u0113s.<\/p>\n","protected":false},"author":1,"featured_media":1202995,"parent":0,"menu_order":0,"comment_status":"closed","ping_status":"closed","template":"page-templates\/vacancy-archive.php","meta":{"_acf_changed":false,"inline_featured_image":false,"footnotes":""},"class_list":["post-1195786","page","type-page","status-publish","has-post-thumbnail","hentry"],"acf":[],"_links":{"self":[{"href":"https:\/\/robin.jobs\/lv\/wp-json\/wp\/v2\/pages\/1195786","targetHints":{"allow":["GET"]}}],"collection":[{"href":"https:\/\/robin.jobs\/lv\/wp-json\/wp\/v2\/pages"}],"about":[{"href":"https:\/\/robin.jobs\/lv\/wp-json\/wp\/v2\/types\/page"}],"author":[{"embeddable":true,"href":"https:\/\/robin.jobs\/lv\/wp-json\/wp\/v2\/users\/1"}],"replies":[{"embeddable":true,"href":"https:\/\/robin.jobs\/lv\/wp-json\/wp\/v2\/comments?post=1195786"}],"version-history":[{"count":4,"href":"https:\/\/robin.jobs\/lv\/wp-json\/wp\/v2\/pages\/1195786\/revisions"}],"predecessor-version":[{"id":1242184,"href":"https:\/\/robin.jobs\/lv\/wp-json\/wp\/v2\/pages\/1195786\/revisions\/1242184"}],"wp:featuredmedia":[{"embeddable":true,"href":"https:\/\/robin.jobs\/lv\/wp-json\/wp\/v2\/media\/1202995"}],"wp:attachment":[{"href":"https:\/\/robin.jobs\/lv\/wp-json\/wp\/v2\/media?parent=1195786"}],"curies":[{"name":"wp","href":"https:\/\/api.w.org\/{rel}","templated":true}]}}