{"id":176454,"date":"2016-09-28T11:59:43","date_gmt":"2016-09-28T08:59:43","guid":{"rendered":"https:\/\/robin.jobs\/lt\/?page_id=176454"},"modified":"2026-01-06T02:35:48","modified_gmt":"2026-01-05T23:35:48","slug":"privatumo-nuostatos","status":"publish","type":"page","link":"https:\/\/robin.jobs\/lt\/privatumo-nuostatos","title":{"rendered":"UAB ROBIN JOBS INTERNETO PUSLAPIO PRIVATUMO POLITIKA"},"content":{"rendered":"<p><span style=\"font-weight: 400;\">UAB Robin Jobs r\u016bpinasi J\u016bs\u0173 informacijos apsauga. Mes laikom\u0117s Europos S\u0105jungos Bendrojo duomen\u0173 apsaugos reglamento (BDAR) bei kit\u0173 \u012fstatym\u0173, saugan\u010di\u0173 J\u016bs\u0173 informacij\u0105, kuri\u0105 renkame, naudojame ir saugome savo Bendrov\u0117je.<\/span><\/p>\n<p>&nbsp;<\/p>\n<p><b>1. Privatumo politika<\/b><\/p>\n<p><span style=\"font-weight: 400;\">M\u016bs\u0173 privatumo politika atsakys \u012f svarbiausius klausimus apie tai, kaip mes renkame, naudojame ir saugome informacij\u0105 apie Jus. Jei turite klausim\u0173, mes esame pasireng\u0119 Jums pad\u0117ti, kaip apra\u0161yta toliau.<\/span><\/p>\n<p><span style=\"font-weight: 400;\">Pra\u0161ome atid\u017eiai perskaityti m\u016bs\u0173 Privatumo politikas:<\/span><\/p>\n<div class=\"h-row privacy-policy-list\">\n    <div class=\"h-col-1-of-4\">\n        <div class=\"wrapper\">\n\n            <a href=\"https:\/\/robin.jobs\/lt\/privacy-policy-for-website-visitors\">\n                Privatumo politika interneto svetain\u0117s lankytojams            <\/a>\n        <\/div>\n    <\/div>\n    <div class=\"h-col-1-of-4\">\n        <div class=\"wrapper\">\n\n            <a href=\"https:\/\/robin.jobs\/lt\/cookie-policy\">\n                Slapuk\u0173 politika            <\/a>\n        <\/div>\n    <\/div>\n    <div class=\"h-col-1-of-4\">\n        <div class=\"wrapper\">\n\n            <a href=\"https:\/\/robin.jobs\/lt\/privacy-policy-for-persons-submitting-inquiries-requests-complaints\">\n                Privatumo politika asmenims siun\u010diantiems paklausimus            <\/a>\n        <\/div>\n    <\/div>\n    <div class=\"h-col-1-of-4\">\n        <div class=\"wrapper\">\n\n            <a href=\"https:\/\/robin.jobs\/lt\/privacy-policy-for-registered-users\">\n                Privatumo politika registruotiems vartotojams            <\/a>\n        <\/div>\n    <\/div>\n<\/div>\n<p>&nbsp;<\/p>\n<p><b>2. M\u016bs\u0173 kontaktai<\/b><\/p>\n<p><span style=\"font-weight: 400;\">Jei turite klausim\u0173, komentar\u0173 ar skund\u0173 d\u0117l to, kaip mes renkame, naudojame ir saugome informacij\u0105 apie jus, mes esame pasireng\u0119 Jums pad\u0117ti. Jeigu Jums reikalinga m\u016bs\u0173 pagalba, pra\u0161ome kreiptis el. pa\u0161tu finance@robin.jobs.\u00a0<\/span><\/p>\n<p>&nbsp;<\/p>\n<p><b>3. Mano teis\u0117s<\/b><\/p>\n<p><span style=\"font-weight: 400;\">Jei norite imtis \u017eemiau nurodyt\u0173 veiksm\u0173, pra\u0161ome kreiptis \u012f mus antrame punkte nurodytais kontaktais. Pra\u0161ome atkreipti d\u0117mes\u012f, jog \u0161ioms teis\u0117ms taikomos \u012fstatym\u0173 numatytos s\u0105lygos ir i\u0161imtys:\u00a0<\/span><\/p>\n<ul>\n<li aria-level=\"1\"><b>pateikti pra\u0161ym\u0105 atkleisti apie Jus turim\u0105 informacij\u0105;<\/b><\/li>\n<\/ul>\n<ul>\n<li aria-level=\"1\"><b>pateikti pra\u0161ym\u0105 i\u0161taisyti turim\u0105 informacij\u0105 apie Jus;<\/b><\/li>\n<\/ul>\n<ul>\n<li aria-level=\"1\"><b>pateikti pra\u0161ym\u0105 i\u0161trinti turim\u0105 informacij\u0105 apie Jus;<\/b><\/li>\n<\/ul>\n<ul>\n<li aria-level=\"1\"><b>pateikti pra\u0161ym\u0105 apriboti prieig\u0105 prie turimos informacijos apie Jus ar jos i\u0161trynim\u0105;<\/b><\/li>\n<\/ul>\n<ul>\n<li aria-level=\"1\"><b>gin\u010dyti J\u016bs\u0173 informacijos rinkim\u0105, naudojim\u0105 ir saugojim\u0105 m\u016bs\u0173 bendrov\u0117je;<\/b><\/li>\n<\/ul>\n<ul>\n<li aria-level=\"1\"><b>pateikti pra\u0161ym\u0105 i\u0161eksportuoti J\u016bs\u0173 duomenis arba perkelti juos \u012f kit\u0105 bendrov\u0119;<\/b><\/li>\n<\/ul>\n<ul>\n<li aria-level=\"1\"><b>pateikti skund\u0105 Valstybinei duomen\u0173 apsaugos inspekcijai (daugiau informacijos <\/b><b>vdai.lrv.lt<\/b><b>).\u00a0<\/b><\/li>\n<\/ul>\n<p>&nbsp;<\/p>\n<p><a href=\"https:\/\/robin.jobs\/lt\/wp-content\/uploads\/sites\/21\/2021\/06\/privacy-rules-freelancers-lt.docx\">Privatumo taisykl\u0117s laisvai samdomiems darbuotojams<\/a><\/p>\n<p>&nbsp;<\/p>\n","protected":false},"excerpt":{"rendered":"<p>UAB Robin Jobs r\u016bpinasi J\u016bs\u0173 informacijos apsauga. Mes laikom\u0117s Europos S\u0105jungos Bendrojo duomen\u0173 apsaugos reglamento (BDAR) bei kit\u0173 \u012fstatym\u0173, saugan\u010di\u0173 J\u016bs\u0173 informacij\u0105, kuri\u0105 renkame, naudojame ir saugome savo Bendrov\u0117je. &nbsp; 1. Privatumo politika M\u016bs\u0173 privatumo politika atsakys \u012f svarbiausius klausimus apie tai, kaip mes renkame, naudojame ir saugome informacij\u0105 apie Jus. Jei turite klausim\u0173, mes&#8230;<\/p>\n","protected":false},"author":1,"featured_media":0,"parent":0,"menu_order":0,"comment_status":"closed","ping_status":"closed","template":"","meta":{"_acf_changed":false,"inline_featured_image":false,"footnotes":""},"class_list":["post-176454","page","type-page","status-publish","hentry"],"acf":[],"_links":{"self":[{"href":"https:\/\/robin.jobs\/lt\/wp-json\/wp\/v2\/pages\/176454","targetHints":{"allow":["GET"]}}],"collection":[{"href":"https:\/\/robin.jobs\/lt\/wp-json\/wp\/v2\/pages"}],"about":[{"href":"https:\/\/robin.jobs\/lt\/wp-json\/wp\/v2\/types\/page"}],"author":[{"embeddable":true,"href":"https:\/\/robin.jobs\/lt\/wp-json\/wp\/v2\/users\/1"}],"replies":[{"embeddable":true,"href":"https:\/\/robin.jobs\/lt\/wp-json\/wp\/v2\/comments?post=176454"}],"version-history":[{"count":4,"href":"https:\/\/robin.jobs\/lt\/wp-json\/wp\/v2\/pages\/176454\/revisions"}],"predecessor-version":[{"id":1263955,"href":"https:\/\/robin.jobs\/lt\/wp-json\/wp\/v2\/pages\/176454\/revisions\/1263955"}],"wp:attachment":[{"href":"https:\/\/robin.jobs\/lt\/wp-json\/wp\/v2\/media?parent=176454"}],"curies":[{"name":"wp","href":"https:\/\/api.w.org\/{rel}","templated":true}]}}