{"id":1217451,"date":"2021-06-08T15:40:38","date_gmt":"2021-06-08T12:40:38","guid":{"rendered":"https:\/\/robin.jobs\/lt\/privacy-policy-for-registered-users"},"modified":"2026-01-06T02:38:26","modified_gmt":"2026-01-05T23:38:26","slug":"privacy-policy-for-registered-users","status":"publish","type":"page","link":"https:\/\/robin.jobs\/lt\/privacy-policy-for-registered-users","title":{"rendered":"UAB ROBIN JOBS PRIVATUMO POLITIKA REGISTRUOTIEMS VARTOTOJAMS"},"content":{"rendered":"<p><span style=\"font-weight: 400;\">UAB Robin Jobs r\u016bpinasi J\u016bs\u0173 informacijos apsauga. Mes laikom\u0117s Europos S\u0105jungos Bendrojo duomen\u0173 apsaugos reglamento (BDAR) bei kit\u0173 \u012fstatym\u0173, saugan\u010di\u0173 J\u016bs\u0173 informacij\u0105, kuri\u0105 renkame, naudojame ir saugome savo Bendrov\u0117je.<\/span><\/p>\n<p>&nbsp;<\/p>\n<p><b>1. Kaip tur\u0117\u010diau skaityti \u0161\u012f prane\u0161im\u0105?<\/b><\/p>\n<p>&nbsp;<\/p>\n<p><span style=\"font-weight: 400;\">\u0160ioje Privatumo politikoje bus atsakyta \u012f svarbiausius klausimus apie tai, kaip mes renkame, naudojame ir saugome informacij\u0105 apie Jus. Jei turite koki\u0173 nors klausim\u0173 arba bet kuri i\u0161 \u0161io prane\u0161imo dalis yra neai\u0161ki, mes esame pasireng\u0119 Jums pad\u0117ti, kaip apra\u0161yta \u0161ios Privatumo politikos 10 skyriuje. Pra\u0161ome atkreipti d\u0117mes\u012f, kad bet kokia \u017eod\u017eio \u201emes\u201c forma \u0161ioje Privatumo politikoje rei\u0161kia m\u016bs\u0173 Bendrov\u0119, kaip nurodyta Privatumo politikos 2 skyriuje.<\/span><\/p>\n<p>&nbsp;<\/p>\n<p><b>2. Kas yra atsakingas u\u017e mano informacijos apsaug\u0105?\u00a0<\/b><\/p>\n<p>&nbsp;<\/p>\n<p><span style=\"font-weight: 400;\">U\u017e J\u016bs\u0173 informacijos apsaug\u0105, kiek tai susij\u0119 su 4 punkte nurodytais tikslais, kurie detaliau apra\u0161omi 5-10 punktuose, esame atsakingi mes:<\/span><\/p>\n<p><span style=\"font-weight: 400;\">Mes esame:<\/span> <span style=\"font-weight: 400;\">MB Robin Jobs;<\/span><\/p>\n<p><span style=\"font-weight: 400;\">M\u016bs\u0173 juridinio asmens kodas yra: 300659719;<\/span><\/p>\n<p><span style=\"font-weight: 400;\">M\u016bs\u0173 adresas: Naru\u010dio g. 3, Vilnius;<\/span><\/p>\n<p><span style=\"font-weight: 400;\">El. pa\u0161to adresas:finance@robin.jobs.<\/span><\/p>\n<p>&nbsp;<\/p>\n<p><b>3. Kas yra atsakingas u\u017e informacijos apie mane, kuri\u0105 pateikiu jau i\u0161sirink\u0119s darbo skelbim\u0105, apsaug\u0105?<\/b><\/p>\n<p>&nbsp;<\/p>\n<p><span style=\"font-weight: 400;\">Atkreipiame d\u0117mes\u012f, kad mes nesame darbdavys, kuris ie\u0161ko darbuotoj\u0173 \u2013 mes esame tarpininkas, t. y. viena i\u0161 agent\u016br\u0173, ie\u0161kanti darbuotoj\u0173 darbdavio vardu. Jums pasirinkus Jus dominant\u012f darbo pasi\u016blym\u0105 ir pateikus pra\u0161om\u0105 informacij\u0105 mes veikia kaip darbdavio duomen\u0173 tvarkytojas (darbdavio vardu surenkame informacij\u0105 apie potencialius kandidatus ir perduodame \u0161i\u0105 informacij\u0105 su darbdaviu tiesiogiai bendradarbiaujan\u010diai \u012fdarbinimo agent\u016brai arba tiesiogiai pa\u010diam darbdaviui). <\/span><b>U\u017e informacijos apie Jus apsaug\u0105, kuri\u0105 pateik\u0117te jau pasirink\u0119s Jus dominant\u012f darbo pasi\u016blym\u0105, yra atsakingas konkre\u010diame darbo skelbime nurodytas darbdavys<\/b><span style=\"font-weight: 400;\">.\u00a0<\/span><\/p>\n<p>&nbsp;<\/p>\n<p><span style=\"font-weight: 400;\">Atkreipiame d\u0117mes\u012f, kad da\u017enu atveju mes nesame vieninteliai tarpininkai, tad vykdant darbuotoj\u0173 atrankas informacij\u0105 apie Jus informacija gali b\u016bti perduota ne tiesiogiai darbdaviui, o kitam \u012fdarbinimo paslaug\u0173 tarpininkui.\u00a0<\/span><\/p>\n<p>&nbsp;<\/p>\n<p><span style=\"font-weight: 400;\">Daugiau informacijos apie tai, kaip konkretus darbdavys renka, naudoja ir saugo informacij\u0105 apie Jus galite rasti darbo skelbime pateiktoje darbdavio privatumo politikoje (darbdavys yra atsakingas tiek u\u017e J\u016bs\u0173 asmens duomen\u0173 rinkim\u0105, naudojim\u0105 ir saugojim\u0105, tiek u\u017e \u012fdarbinimo paslaug\u0173 tarpinink\u0173 pasitelkim\u0105, tiek u\u017e j\u0173 atliekamus veiksmus su asmens duomenimis). Joje bus detaliau apra\u0161omi ir m\u016bs\u0173 veiksmai, kuriuos atliekame darbdavio vardu.<\/span><\/p>\n<p>&nbsp;<\/p>\n<p><span style=\"font-weight: 400;\">Atkreipiame J\u016bs\u0173 d\u0117mes\u012f, kad veikdami kaip tarpininkas mes renkame, naudojame ir saugome \u0161i\u0105 informacij\u0105 apie Jus:<\/span><\/p>\n<ul>\n<li style=\"font-weight: 400;\" aria-level=\"1\"><span style=\"font-weight: 400;\">asmens dokumento kopij\u0105;<\/span><\/li>\n<li style=\"font-weight: 400;\" aria-level=\"1\"><span style=\"font-weight: 400;\">banko s\u0105skaitos numer\u012f;<\/span><\/li>\n<li style=\"font-weight: 400;\" aria-level=\"1\"><span style=\"font-weight: 400;\">J\u016bs\u0173 adres\u0105;<\/span><\/li>\n<li style=\"font-weight: 400;\" aria-level=\"1\"><span style=\"font-weight: 400;\">vairuotojo pa\u017eym\u0117jimo kopij\u0105 (jei turite);<\/span><\/li>\n<li style=\"font-weight: 400;\" aria-level=\"1\"><span style=\"font-weight: 400;\">J\u016bs\u0173 gyvenimo apra\u0161ym\u0105 angl\u0173 kalba;<\/span><\/li>\n<li style=\"font-weight: 400;\" aria-level=\"1\"><span style=\"font-weight: 400;\">pasira\u0161yta paslaug\u0173 teikimo \/ darbo sutart\u012f;<\/span><\/li>\n<li style=\"font-weight: 400;\" aria-level=\"1\"><span style=\"font-weight: 400;\">teistumo pa\u017eym\u0105;<\/span><\/li>\n<li style=\"font-weight: 400;\" aria-level=\"1\"><span style=\"font-weight: 400;\">Olandijos gyventojo paslaug\u0173 numer\u012f (jei turite; jei J\u016bs\u0173 pasirinktas darbdavys yra Olandijoje);<\/span><\/li>\n<li style=\"font-weight: 400;\" aria-level=\"1\"><span style=\"font-weight: 400;\">kitus J\u016bs\u0173 pateiktus dokumentus.<\/span><\/li>\n<\/ul>\n<p>&nbsp;<\/p>\n<p><b>4. Kod\u0117l renkate informacij\u0105 apie mane?<\/b><\/p>\n<p>&nbsp;<\/p>\n<p><span style=\"font-weight: 400;\">Mes J\u016bs\u0173 duomenis renkame, naudojame ir saugome d\u0117l \u0161i\u0173 prie\u017eas\u010di\u0173:<\/span><\/p>\n<ul>\n<li style=\"font-weight: 400;\" aria-level=\"1\"><span style=\"font-weight: 400;\">paskyros suk\u016brimui m\u016bs\u0173 svetain\u0117je \u2013 kai u\u017esiregistruojate m\u016bs\u0173 svetain\u0117je J\u016bs sutinkate su \u0161ia privatumo politika ir tarpininkavimo d\u0117l \u012fdarbinimo paslaug\u0173 teikimo sutarties s\u0105lygomis, tod\u0117l laikoma, kad sudarote su mumis sutart\u012f;<\/span><\/li>\n<li style=\"font-weight: 400;\" aria-level=\"1\"><span style=\"font-weight: 400;\">labiau personalizuot\u0173 paslaug\u0173 teikimui \u2013 registruojantis m\u016bs\u0173 svetain\u0117je galite pateikti \u012fvairi\u0105 informacij\u0105 apie save ir savo poreikius (pvz.: norima darbo kryptis, labiau vertinami dalykai dirbant u\u017esienyje ir pan.), kuri n\u0117ra privaloma paslaug\u0173 teikimui;<\/span><\/li>\n<li style=\"font-weight: 400;\" aria-level=\"1\"><span style=\"font-weight: 400;\">darbo pasi\u016blym\u0173 siuntimui el. pa\u0161tu \u2013 kai u\u017esiregistruojate m\u016bs\u0173 svetain\u0117je, siekdami, kad grei\u010diau rastum\u0117te Jums tinkam\u0105 darbo pasi\u016blym\u0105, mes 10 dien\u0173 po registracijos si\u0173sime Jums darbo pasi\u016blymus el. pa\u0161tu;<\/span><\/li>\n<li style=\"font-weight: 400;\" aria-level=\"1\"><span style=\"font-weight: 400;\">savo teis\u0117t\u0173 interes\u0173 gynybai \u2013 jei tai b\u016bt\u0173 reikalinga, J\u016bs\u0173 asmens duomenis galime panaudoti gindami savo teis\u0117tus interesus, \u012fskaitant reputacij\u0105, teismuose, ikiteismin\u0117se gin\u010d\u0173 sprendimo institucijose bei kitose kompetentingose institucijose.<\/span><\/li>\n<\/ul>\n<p>&nbsp;<\/p>\n<p><b>5. Koki\u0105 informacij\u0105 apie save tur\u0117\u010diau Jums pateikti?<\/b><\/p>\n<p>&nbsp;<\/p>\n<p><span style=\"font-weight: 400;\">Kai registruojat\u0117s m\u016bs\u0173 svetain\u0117je, privalote pateikti mums \u0161i\u0105 informacij\u0105 apie save:<\/span><\/p>\n<ul>\n<li style=\"font-weight: 400;\" aria-level=\"1\"><span style=\"font-weight: 400;\">identifikacinius duomenis (vard\u0105, pavard\u0119, gimimo dat\u0105);<\/span><\/li>\n<li style=\"font-weight: 400;\" aria-level=\"1\"><span style=\"font-weight: 400;\">kontaktinius duomenis (el. pa\u0161to adres\u0105, telefono numer\u012f);<\/span><\/li>\n<li style=\"font-weight: 400;\" aria-level=\"1\"><span style=\"font-weight: 400;\">informacij\u0105 apie savo lyt\u012f;<\/span><\/li>\n<li style=\"font-weight: 400;\" aria-level=\"1\"><span style=\"font-weight: 400;\">informacij\u0105 apie savo angl\u0173 kalbos \u017eini\u0173 lyg\u012f (nekalbate, esate pradedantysis ar pa\u017eeng\u0119s);<\/span><\/li>\n<li style=\"font-weight: 400;\" aria-level=\"1\"><span style=\"font-weight: 400;\">informacij\u0105 apie tai, ar rad\u0119 darb\u0105 ketinate \u012f u\u017esien\u012f persikelti vienas ar su draugu\/partneriu.<\/span><\/li>\n<\/ul>\n<p>&nbsp;<\/p>\n<p><span style=\"font-weight: 400;\">Taip pat, galite, ta\u010diau neprivalote mums pateikti \u0161i\u0105 informacij\u0105 apie save:<\/span><\/p>\n<ul>\n<li style=\"font-weight: 400;\" aria-level=\"1\"><span style=\"font-weight: 400;\">ar turite B kategorijos vairuotojo pa\u017eym\u0117jim\u0105;<\/span><\/li>\n<li style=\"font-weight: 400;\" aria-level=\"1\"><span style=\"font-weight: 400;\">nuotrauk\u0105;<\/span><\/li>\n<li style=\"font-weight: 400;\" aria-level=\"1\"><span style=\"font-weight: 400;\">pageidaujam\u0105 darbo srit\u012f (pvz.: gamyba, paslaugos, \u017eem\u0117s \u016bkis ar pan.);<\/span><\/li>\n<li style=\"font-weight: 400;\" aria-level=\"1\"><span style=\"font-weight: 400;\">informacij\u0105 apie tai, per kiek laiko esate pasiruo\u0161\u0119 persikelti \u012f u\u017esien\u012f ir prad\u0117ti darb\u0105;<\/span><\/li>\n<li style=\"font-weight: 400;\" aria-level=\"1\"><span style=\"font-weight: 400;\">informacij\u0105 apie tai, k\u0105 vertinate dirbdamas u\u017esienyje.<\/span><\/li>\n<\/ul>\n<p>&nbsp;<\/p>\n<p><span style=\"font-weight: 400;\">Jei pateiksite mums \u0161i\u0105 informacij\u0105 apie save, mes gal\u0117sime Jums pasi\u016blyti labiau J\u016bs\u0173 l\u016bkes\u010dius atitinkan\u010dius darbo pasi\u016blymus.<\/span><\/p>\n<p>&nbsp;<\/p>\n<p><b>6. Koks yra teisinis informacijos apie mane rinkimo pagrindas?<\/b><\/p>\n<p>&nbsp;<\/p>\n<p><span style=\"font-weight: 400;\">Mes renkame informacij\u0105 apie Jus teis\u0117tai, nes:<\/span><\/p>\n<ul>\n<li style=\"font-weight: 400;\" aria-level=\"1\"><span style=\"font-weight: 400;\">susikurdami paskyr\u0105 m\u016bs\u0173 svetain\u0117je J\u016bs su mumis sudarote sutart\u012f\u00a0 (BDAR 6 str. 1 d. b p.);<\/span><\/li>\n<li style=\"font-weight: 400;\" aria-level=\"1\"><span style=\"font-weight: 400;\">kai pateikiate mums papildoma informacij\u0105 apie save labiau personalizuot\u0173 darbo pasi\u016blym\u0173 pateikimui, mes remiam\u0117s J\u016bs\u0173 sutikimu (BDAR 6 str. 1 d. a p.);<\/span><\/li>\n<li style=\"font-weight: 400;\" aria-level=\"1\"><span style=\"font-weight: 400;\">mes turime teis\u0117t\u0105 interes\u0105 ginti savo teises teismuose ar kitose institucijose (BDAR 6 str. 1 d. f p.);<\/span><\/li>\n<li style=\"font-weight: 400;\" aria-level=\"1\"><span style=\"font-weight: 400;\">darbo pasi\u016blym\u0173 siuntimui el. pa\u0161tu (BDAR 6 str. 1 d. f p.).<\/span><\/li>\n<\/ul>\n<p>&nbsp;<\/p>\n<p><b>7. Ar kam nors perduodate informacij\u0105 apie mane?<\/b><\/p>\n<p>&nbsp;<\/p>\n<p><span style=\"font-weight: 400;\">Informacija apie Jus gali b\u016bti perduodama:<\/span><\/p>\n<ul>\n<li style=\"font-weight: 400;\" aria-level=\"1\"><span style=\"font-weight: 400;\">m\u016bs\u0173 paslaug\u0173 teik\u0117jams \u2013 IT, komunikacines (el. pa\u0161to), duomen\u0173 saugykl\u0173 paslaugas teikian\u010dioms \u012fmon\u0117ms, prisiiman\u010dioms teis\u0117s akt\u0173 asmens duomen\u0173 apsaugos srityje numatytus \u012fsipareigojimus d\u0117l konfidencialumo ir saugumo;<\/span><\/li>\n<li style=\"font-weight: 400;\" aria-level=\"1\"><span style=\"font-weight: 400;\">teisines paslaugas teikian\u010dioms bendrov\u0117ms, advokat\u0173 kontoroms, kiek tai reikalinga m\u016bs\u0173 teis\u0117t\u0173 interes\u0173 gynybai;<\/span><\/li>\n<li style=\"font-weight: 400;\" aria-level=\"1\"><span style=\"font-weight: 400;\">teismams, ikiteismin\u0117ms gin\u010d\u0173 sprendim\u0173 institucijoms ar kitoms valstyb\u0117s institucijoms, jei tai reikalinga m\u016bs\u0173 teisi\u0173 gynybai;<\/span><\/li>\n<li style=\"font-weight: 400;\" aria-level=\"1\"><span style=\"font-weight: 400;\">antstoliams, kiek tai reikalinga priteist\u0173 sum\u0173 i\u0161ie\u0161kojimui.<\/span><\/li>\n<\/ul>\n<p>&nbsp;<\/p>\n<p><b>8. Kiek laiko saugote informacij\u0105 apie mane?<\/b><\/p>\n<p>&nbsp;<\/p>\n<p><span style=\"font-weight: 400;\">J\u016bs\u0173 informacija bus saugoma, kaip tai nurodyta \u017eemiau:<\/span><\/p>\n<ul>\n<li style=\"font-weight: 400;\" aria-level=\"1\"><span style=\"font-weight: 400;\">J\u016bs\u0173 paskyra bus saugoma trejus metus po paskutinio prisijungimo, o su\u0117jus \u0161iam terminui ji bus automati\u0161kai i\u0161trinama;<\/span><\/li>\n<li style=\"font-weight: 400;\" aria-level=\"1\"><span style=\"font-weight: 400;\">darbo pasi\u016blym\u0173 siuntimui J\u016bs\u0173 duomenys bus naudojami 10 dien\u0173 po registracijos m\u016bs\u0173 svetain\u0117je;<\/span><\/li>\n<li style=\"font-weight: 400;\" aria-level=\"1\"><span style=\"font-weight: 400;\">teismams ar kitoms gin\u010dus nagrin\u0117jan\u010dioms ar teis\u0117saugos institucijoms teikiami dokumentai saugomi 1 metus po galutinio sprendimo pri\u0117mimo;<\/span><\/li>\n<li style=\"font-weight: 400;\" aria-level=\"1\"><span style=\"font-weight: 400;\">teism\u0173 vykdomieji ra\u0161tai, antstoli\u0173 patvarkymai saugomi 10 met\u0173 po mok\u0117jim\u0173 pabaigos.<\/span><\/li>\n<\/ul>\n<p>&nbsp;<\/p>\n<p><b>9. Kokios mano teis\u0117s?<\/b><\/p>\n<p>&nbsp;<\/p>\n<p><span style=\"font-weight: 400;\">Jei norite imtis \u017eemiau nurodyt\u0173 veiksm\u0173, pra\u0161ome kreiptis mus, kaip tai nurodyta 10 skyriuje. Pra\u0161ome atkreipti d\u0117mes\u012f, jog \u0161ioms teis\u0117ms taikomos \u012fstatym\u0173 numatytos s\u0105lygos ir i\u0161imtys:<\/span><\/p>\n<ul>\n<li aria-level=\"1\"><b>Pateikti pra\u0161ym\u0105 susipa\u017einti su turima informacija apie Jus, jei tvarkome J\u016bs\u0173 asmens duomenis, i\u0161 kuri\u0173 galime nustatyti J\u016bs\u0173 tapatyb\u0119;<\/b><\/li>\n<\/ul>\n<ul>\n<li aria-level=\"1\"><b>pateikti pra\u0161ym\u0105 i\u0161taisyti ar papildyti turim\u0105 informacij\u0105 apie Jus;<\/b><\/li>\n<\/ul>\n<ul>\n<li aria-level=\"1\"><b>pateikti pra\u0161ym\u0105 i\u0161trinti apie Jus, kai:<\/b><\/li>\n<\/ul>\n<ul>\n<li aria-level=\"1\"><b>J\u016bs\u0173 duomenis tvarkome sutikimo pagrindu;<\/b><\/li>\n<\/ul>\n<ul>\n<li aria-level=\"1\"><b>J\u016bs\u0173 duomenis tvarkome neteis\u0117tai;<\/b><\/li>\n<\/ul>\n<ul>\n<li aria-level=\"1\"><b>J\u016bs\u0173 duomenys tvarkomi m\u016bs\u0173 teis\u0117to intereso pagrindu ir J\u016bs nugin\u010dijate m\u016bs\u0173 teis\u0117t\u0105 interes\u0105;<\/b><\/li>\n<\/ul>\n<ul>\n<li aria-level=\"1\"><b>J\u016bs\u0173 duomenys neb\u0117ra reikalingi, kad b\u016bt\u0173 pasiekti tikslai, kuriems jie buvo renkami;<\/b><\/li>\n<\/ul>\n<ul>\n<li aria-level=\"1\"><b>mums taikoma teisin\u0117 prievol\u0117 i\u0161trinti informacij\u0105 apie Jus;<\/b><\/li>\n<\/ul>\n<ul>\n<li style=\"list-style-type: none;\">\n<ul>\n<li style=\"font-weight: 400;\" aria-level=\"1\"><b>pateikti mums pra\u0161ym\u0105 apriboti apie Jus turimos informacijos tvarkym\u0105 kai gin\u010dijate duomen\u0173 tikslum\u0105 ar prie\u0161taraujate duomen\u0173 tvarkymui, nesutinkate, kad b\u016bt\u0173 i\u0161trinti neteis\u0117tai tvarkomi J\u016bs\u0173 duomenys, ar duomen\u0173 Jums reikia, siekiant pareik\u0161ti, vykdyti arba apginti teisinius reikalavimus;<\/b><\/li>\n<\/ul>\n<\/li>\n<\/ul>\n<ul>\n<li aria-level=\"1\"><b>gin\u010dyti J\u016bs\u0173 informacijos rinkim\u0105, naudojim\u0105 ir saugojim\u0105 m\u016bs\u0173 bendrov\u0117je, kai tvarkydami J\u016bs\u0173 duomenis vadovaujam\u0117s teis\u0117t\u0173 interesu kaip duomen\u0173 tvarkymo pagrindu;<\/b><\/li>\n<\/ul>\n<ul>\n<li aria-level=\"1\"><b>pateikti pra\u0161ym\u0105 i\u0161eksportuoti J\u016bs\u0173 duomenis jei duomenis mums pateik\u0117te susistemintu, \u012fprastai naudojamu formatu ir dav\u0117te sutikim\u0105 toki\u0173 duomen\u0173 tvarkymui arba turime tvarkyti \u0161iuos duomenis siekdami \u012fvykdyti sutart\u012f su Jumis;<\/b><\/li>\n<\/ul>\n<ul>\n<li aria-level=\"1\"><b>pateikti skund\u0105 Valstybinei duomen\u0173 apsaugos inspekcijai (daugiau informacijos <\/b><b>vdai.lrv.lt<\/b><b>).<\/b><\/li>\n<\/ul>\n<p>&nbsp;<\/p>\n<p><span style=\"font-weight: 400;\">Jei J\u016bs\u0173 pra\u0161ymas d\u0117l auk\u0161\u010diau nurodyt\u0173 veiksm\u0173 bus susij\u0119s su J\u016bs\u0173 asmens duomen\u0173 rinkimu, naudojimu bei saugojimu \u012fsidarbinimo pas konkret\u0173 darbdav\u012f tikslais, t. y. kai mes veikiame kaip tarpininkas, J\u016bs\u0173 pra\u0161ymas bus perduotas darbdaviui arba kitam jo pasitelktam tarpininkui. Jei savo pra\u0161yme nenurodysite konkretaus darbdavio, \u0161ios informacijos i\u0161 J\u016bs\u0173 papra\u0161ysime mes.<\/span><\/p>\n<p>&nbsp;<\/p>\n<p><b>10. Kaip galite man pad\u0117ti?<\/b><\/p>\n<p>&nbsp;<\/p>\n<p><span style=\"font-weight: 400;\">Jeigu J\u016bs turite klausim\u0173, komentar\u0173 ar nusiskundim\u0173, susijusi\u0173 su tuo, kaip mes renkame, naudojame ir saugome duomenis apie Jus, mes esame pasireng\u0119 Jums pad\u0117ti. Jei Jums reikalinga m\u016bs\u0173 pagalba, pra\u0161ome kreiptis el. pa\u0161tu finance@robin.jobs.<\/span><\/p>\n<p>&nbsp;<\/p>\n","protected":false},"excerpt":{"rendered":"<p>UAB Robin Jobs r\u016bpinasi J\u016bs\u0173 informacijos apsauga. Mes laikom\u0117s Europos S\u0105jungos Bendrojo duomen\u0173 apsaugos reglamento (BDAR) bei kit\u0173 \u012fstatym\u0173, saugan\u010di\u0173 J\u016bs\u0173 informacij\u0105, kuri\u0105 renkame, naudojame ir saugome savo Bendrov\u0117je. &nbsp; 1. Kaip tur\u0117\u010diau skaityti \u0161\u012f prane\u0161im\u0105? &nbsp; \u0160ioje Privatumo politikoje bus atsakyta \u012f svarbiausius klausimus apie tai, kaip mes renkame, naudojame ir saugome informacij\u0105 apie&#8230;<\/p>\n","protected":false},"author":1,"featured_media":0,"parent":0,"menu_order":0,"comment_status":"closed","ping_status":"closed","template":"page-templates\/privacy-policy.php","meta":{"_acf_changed":false,"inline_featured_image":false,"footnotes":""},"class_list":["post-1217451","page","type-page","status-publish","hentry"],"acf":[],"_links":{"self":[{"href":"https:\/\/robin.jobs\/lt\/wp-json\/wp\/v2\/pages\/1217451","targetHints":{"allow":["GET"]}}],"collection":[{"href":"https:\/\/robin.jobs\/lt\/wp-json\/wp\/v2\/pages"}],"about":[{"href":"https:\/\/robin.jobs\/lt\/wp-json\/wp\/v2\/types\/page"}],"author":[{"embeddable":true,"href":"https:\/\/robin.jobs\/lt\/wp-json\/wp\/v2\/users\/1"}],"replies":[{"embeddable":true,"href":"https:\/\/robin.jobs\/lt\/wp-json\/wp\/v2\/comments?post=1217451"}],"version-history":[{"count":3,"href":"https:\/\/robin.jobs\/lt\/wp-json\/wp\/v2\/pages\/1217451\/revisions"}],"predecessor-version":[{"id":1263958,"href":"https:\/\/robin.jobs\/lt\/wp-json\/wp\/v2\/pages\/1217451\/revisions\/1263958"}],"wp:attachment":[{"href":"https:\/\/robin.jobs\/lt\/wp-json\/wp\/v2\/media?parent=1217451"}],"curies":[{"name":"wp","href":"https:\/\/api.w.org\/{rel}","templated":true}]}}