{"id":1217450,"date":"2021-06-08T15:40:38","date_gmt":"2021-06-08T12:40:38","guid":{"rendered":"https:\/\/robin.jobs\/lt\/privacy-policy-for-persons-submitting-inquiries-requests-complaints"},"modified":"2026-01-06T02:38:22","modified_gmt":"2026-01-05T23:38:22","slug":"privacy-policy-for-persons-submitting-inquiries-requests-complaints","status":"publish","type":"page","link":"https:\/\/robin.jobs\/lt\/privacy-policy-for-persons-submitting-inquiries-requests-complaints","title":{"rendered":"UAB ROBIN JOBS PRIVATUMO POLITIKA ASMENIMS SIUN\u010cIANTIEMS PAKLAUSIMUS, PRA\u0160YMUS, SKUNDUS"},"content":{"rendered":"<p><b>Paskutin\u0117 atnaujinimo data: 2021.06.01<\/b><\/p>\n<p>&nbsp;<\/p>\n<p><span style=\"font-weight: 400;\">UAB Robin Jobs r\u016bpinasi J\u016bs\u0173 informacijos apsauga. Mes laikom\u0117s Europos S\u0105jungos Bendrojo duomen\u0173 apsaugos reglamento (BDAR) bei kit\u0173 \u012fstatym\u0173, saugan\u010di\u0173 J\u016bs\u0173 informacij\u0105, kuri\u0105 renkame, naudojame ir saugome savo Bendrov\u0117je.<\/span><\/p>\n<p>&nbsp;<\/p>\n<p><b>1. Kaip tur\u0117\u010diau skaityti \u0161i\u0105 Privatumo politik\u0105?<\/b><\/p>\n<p>&nbsp;<\/p>\n<p><span style=\"font-weight: 400;\">\u0160ioje Privatumo politikoje bus atsakyta \u012f svarbiausius klausimus apie tai, kaip mes renkame, naudojame ir saugome informacij\u0105 apie Jus. Jei turite koki\u0173 nors klausim\u0173 arba bet kuri i\u0161 \u0161io prane\u0161imo dalis yra neai\u0161ki, mes esame pasireng\u0119 Jums pad\u0117ti, kaip apra\u0161yta \u0161ios Privatumo politikos 10 skyriuje. Pra\u0161ome atkreipti d\u0117mes\u012f, kad bet kokia \u017eod\u017eio \u201emes\u201c forma \u0161ioje Privatumo politikoje rei\u0161kia m\u016bs\u0173 Bendrov\u0119, kaip nurodyta Privatumo politikos 2 skyriuje.<\/span><\/p>\n<p>&nbsp;<\/p>\n<p><b>2. Kas yra atsakingas u\u017e mano informacijos apsaug\u0105?\u00a0<\/b><\/p>\n<p>&nbsp;<\/p>\n<p><span style=\"font-weight: 400;\">Mes esame:<\/span> <span style=\"font-weight: 400;\">UAB Robin Jobs;<\/span><\/p>\n<p><span style=\"font-weight: 400;\">M\u016bs\u0173 juridinio asmens kodas yra: 300659719;<\/span><\/p>\n<p><span style=\"font-weight: 400;\">M\u016bs\u0173 adresas: Naru\u010dio g. 3, Vilnius;<\/span><\/p>\n<p><span style=\"font-weight: 400;\">El. pa\u0161to adresas: finance@robin.jobs.<\/span><\/p>\n<p>&nbsp;<\/p>\n<p><b>3. Kod\u0117l renkate informacij\u0105 apie mane?<\/b><\/p>\n<p>&nbsp;<\/p>\n<p><span style=\"font-weight: 400;\">Mes J\u016bs\u0173 duomenis renkame, naudojame ir saugome d\u0117l \u0161i\u0173 prie\u017eas\u010di\u0173:<\/span><\/p>\n<ul>\n<li style=\"font-weight: 400;\" aria-level=\"1\"><span style=\"font-weight: 400;\">kad gal\u0117tum\u0117me tinkamai administruoti gautas u\u017eklausas, pra\u0161ymus ir skundus, rengti atsakymus \u012f juos;<\/span><\/li>\n<li style=\"font-weight: 400;\" aria-level=\"1\"><span style=\"font-weight: 400;\">mums taikoma teisin\u0117 prievol\u0117 saugoti bendrov\u0117s veiklos dokumentus;<\/span><\/li>\n<li style=\"font-weight: 400;\" aria-level=\"1\"><span style=\"font-weight: 400;\">savo teis\u0117t\u0173 interesu gynybai \u2013 jei tai b\u016bt\u0173 reikalinga, J\u016bs\u0173 asmens duomenis galime panaudoti gindami savo teis\u0117tus interesus, \u012fskaitant reputacij\u0105, teismuose, ikiteismin\u0117se gin\u010d\u0173 sprendimo institucijose bei kitose kompetentingose institucijose.<\/span><\/li>\n<\/ul>\n<p>&nbsp;<\/p>\n<p><b>4. Koki\u0105 informacij\u0105 tur\u0117\u010diau Jums pateikti ir kod\u0117l?<\/b><\/p>\n<p>&nbsp;<\/p>\n<p><span style=\"font-weight: 400;\">Pateikdami paklausim\u0105 m\u016bs\u0173 svetain\u0117je nurodytais kontaktiniais el. pa\u0161to adresais, pa\u0161tu ar kitomis komunikacijos priemon\u0117mis, tur\u0117tum\u0117te mums nurodyti savo vard\u0105, pavard\u0119, el. pa\u0161to adres\u0105 ar kit\u0105 kontaktin\u012f duomen\u012f, paklausimo tem\u0105 bei paklausimui aktuali\u0105 informacij\u0105. Pateikus paklausim\u0105, J\u016bs\u0173 gali b\u016bti pra\u0161oma pateikti papildomos informacijos apie Jus, kad gal\u0117tume tinkamai atsakyti \u012f J\u016bs\u0173 paklausim\u0105.<\/span><\/p>\n<p>&nbsp;<\/p>\n<p><b>5. Koks yra teisinis informacijos apie mane rinkimo pagrindas?<\/b><\/p>\n<p>&nbsp;<\/p>\n<p><span style=\"font-weight: 400;\">Mes renkame ir saugome informacij\u0105 apie Jus teis\u0117tai, nes:\u00a0<\/span><\/p>\n<ul>\n<li style=\"font-weight: 400;\" aria-level=\"1\"><span style=\"font-weight: 400;\">jei pateikiate mums u\u017eklaus\u0105, pra\u0161ym\u0105 ar skund\u0105 d\u0117l tarp m\u016bs\u0173 sudarytos sutarties ar siekdami \u2013 \u0161ie duomenys renkami sutar\u010di\u0173 vykdymo ar sudarymo tikslais (BDAR 6 str. 1 d. b p.);<\/span><\/li>\n<li style=\"font-weight: 400;\" aria-level=\"1\"><span style=\"font-weight: 400;\">jei pateik\u0117te mums u\u017eklaus\u0105, pra\u0161ym\u0105 ar skund\u0105 d\u0117l kitos prie\u017easties nei sutarties sudarymas ar vykdymas \u2013 mes turime teis\u0117t\u0105 interes\u0105 administruoti gautas u\u017eklausas (BDAR 6 str. 1 d. f p.);<\/span><\/li>\n<li style=\"font-weight: 400;\" aria-level=\"1\"><span style=\"font-weight: 400;\">mes turime vykdyti teisin\u0119 prievol\u0119 saugoti gautus paklausimus, pra\u0161ymus, skundus (BDAR 6 str. 1 d. c p.);<\/span><\/li>\n<li style=\"font-weight: 400;\" aria-level=\"1\"><span style=\"font-weight: 400;\">mes turime teis\u0117t\u0105 interes\u0105 ginti savo teises teismuose ar kitose institucijose (BDAR 6 str. 1 d. f p.).<\/span><\/li>\n<\/ul>\n<p>&nbsp;<\/p>\n<p><b>6. Ar J\u016bs renkate jautri\u0105 informacija apie mane?<\/b><\/p>\n<p>&nbsp;<\/p>\n<p><span style=\"font-weight: 400;\">Jautri informacija apie Jus n\u0117ra renkama ir, jei ji n\u0117ra aktuali J\u016bs\u0173 pateiktam ar planuojamam pateikti skundui, pra\u0161ymui ar u\u017eklausai, pra\u0161ome jos neteikti. Jei vis d\u0117l to tokia informacija bus pateikta, laikysime, kad dav\u0117te mums sutikim\u0105 \u0161ios informacijos tvarkymui (BDAR 9 str. 2 d. a p.).<\/span><\/p>\n<p>&nbsp;<\/p>\n<p><b>7. Ar dalinat\u0117s mano informacija su kitais subjektais?<\/b><\/p>\n<p>&nbsp;<\/p>\n<p><span style=\"font-weight: 400;\">Informacija apie Jus gali b\u016bti perduota:\u00a0<\/span><\/p>\n<ul>\n<li style=\"font-weight: 400;\" aria-level=\"1\"><span style=\"font-weight: 400;\">teisines paslaugas teikian\u010dioms bendrov\u0117ms, advokat\u0173 kontoroms, kiek tai reikalinga m\u016bs\u0173 teis\u0117t\u0173 interes\u0173 gynybai;<\/span><\/li>\n<li style=\"font-weight: 400;\" aria-level=\"1\"><span style=\"font-weight: 400;\">antstoliams, kiek tai reikalinga priteist\u0173 sum\u0173 i\u0161ie\u0161kojimui;<\/span><\/li>\n<li style=\"font-weight: 400;\" aria-level=\"1\"><span style=\"font-weight: 400;\">m\u016bs\u0173 paslaug\u0173 teik\u0117jams \u2013 komunikacines (el. pa\u0161to) bei duomen\u0173 saugykl\u0173 paslaugas mums teikian\u010dioms bendrov\u0117ms.<\/span><\/li>\n<\/ul>\n<p>&nbsp;<\/p>\n<p><b>8. Kiek laiko saugote informacij\u0105 apie mane?<\/b><\/p>\n<p>&nbsp;<\/p>\n<p><span style=\"font-weight: 400;\">J\u016bs\u0173 informacija bus saugoma:<\/span><\/p>\n<ul>\n<li style=\"font-weight: 400;\" aria-level=\"1\"><span style=\"font-weight: 400;\">jei j\u016bs\u0173 u\u017eklaus\u0105 susijusi su sutartimi kuri\u0105 esame sudar\u0119 ar planuojame sudaryti \u2013 J\u016bs\u0173 informacij\u0105 saugosime 10 met\u0173 po sutarties pabaigos;<\/span><\/li>\n<li style=\"font-weight: 400;\" aria-level=\"1\"><span style=\"font-weight: 400;\">jei mums pateik\u0117te skund\u0105, pra\u0161ym\u0105 ar kitoki\u0105 u\u017eklaus\u0105, kuri n\u0117ra susijusi sus sutarties sudarymu ar vykdymu, j\u0105 saugosime 1 metus nuo sprendimo m\u016bs\u0173 bendrov\u0117je pri\u0117mimo;<\/span><\/li>\n<li style=\"font-weight: 400;\" aria-level=\"1\"><span style=\"font-weight: 400;\">teismams ar kitoms gin\u010dus nagrin\u0117jan\u010dioms ar teis\u0117saugos institucijoms teikiami dokumentai saugomi 1 metus po galutinio sprendimo pri\u0117mimo;<\/span><\/li>\n<li style=\"font-weight: 400;\" aria-level=\"1\"><span style=\"font-weight: 400;\">teism\u0173 vykdomieji ra\u0161tai, antstoli\u0173 patvarkymai saugomi 10 met\u0173 po mok\u0117jim\u0173 pabaigos.<\/span><\/li>\n<\/ul>\n<p>&nbsp;<\/p>\n<p><b>9. Koki\u0173 veiksm\u0173 galiu imtis d\u0117l savo informacijos J\u016bs\u0173 bendrov\u0117je?<\/b><\/p>\n<p>&nbsp;<\/p>\n<p><span style=\"font-weight: 400;\">Jei norite imtis \u017eemiau nurodyt\u0173 veiksm\u0173, pra\u0161ome kreiptis \u012f mus, kaip tai nurodyta 10 skyriuje. Atkreipiame d\u0117mes\u012f, kad \u0161ioms teis\u0117ms gali b\u016bti taikomos \u012fstatym\u0173 numatytos i\u0161imtys bei ribojimai.<\/span><\/p>\n<ul>\n<li aria-level=\"1\"><b>Pateikti pra\u0161ym\u0105 susipa\u017einti su turima informacija apie Jus, jei tvarkome J\u016bs\u0173 asmens duomenis, i\u0161 kuri\u0173 galime nustatyti J\u016bs\u0173 tapatyb\u0119;<\/b><\/li>\n<\/ul>\n<ul>\n<li aria-level=\"1\"><b>pateikti pra\u0161ym\u0105 i\u0161taisyti ar papildyti turim\u0105 informacij\u0105 apie Jus;<\/b><\/li>\n<\/ul>\n<ul>\n<li aria-level=\"1\"><b>pateikti pra\u0161ym\u0105 i\u0161trinti apie Jus, kai:<\/b><\/li>\n<\/ul>\n<ul>\n<li aria-level=\"1\"><b>J\u016bs\u0173 duomenis tvarkome sutikimo pagrindu;<\/b><\/li>\n<\/ul>\n<ul>\n<li aria-level=\"1\"><b>J\u016bs\u0173 duomenis tvarkome neteis\u0117tai;<\/b><\/li>\n<\/ul>\n<ul>\n<li aria-level=\"1\"><b>J\u016bs\u0173 duomenys tvarkomi m\u016bs\u0173 teis\u0117to intereso pagrindu ir J\u016bs nugin\u010dijate m\u016bs\u0173 teis\u0117t\u0105 interes\u0105;<\/b><\/li>\n<\/ul>\n<ul>\n<li aria-level=\"1\"><b>J\u016bs\u0173 duomenys neb\u0117ra reikalingi, kad b\u016bt\u0173 pasiekti tikslai, kuriems jie buvo renkami;<\/b><\/li>\n<\/ul>\n<ul>\n<li aria-level=\"1\"><b><b>mums taikoma teisin\u0117 prievol\u0117 i\u0161trinti informacij\u0105 apie Jus;<\/b><\/b>&nbsp;<\/li>\n<li><b>pateikti mums pra\u0161ym\u0105 apriboti apie Jus turimos informacijos tvarkym\u0105 kai gin\u010dijate duomen\u0173 tikslum\u0105 ar prie\u0161taraujate duomen\u0173 tvarkymui, nesutinkate, kad b\u016bt\u0173 i\u0161trinti neteis\u0117tai tvarkomi J\u016bs\u0173 duomenys, ar duomen\u0173 Jums reikia, siekiant pareik\u0161ti, vykdyti arba apginti teisinius reikalavimus;<\/b><\/li>\n<\/ul>\n<ul>\n<li style=\"list-style-type: none;\"><\/li>\n<\/ul>\n<ul>\n<li aria-level=\"1\"><b>gin\u010dyti J\u016bs\u0173 informacijos rinkim\u0105, naudojim\u0105 ir saugojim\u0105 m\u016bs\u0173 bendrov\u0117je, kai tvarkydami J\u016bs\u0173 duomenis vadovaujam\u0117s teis\u0117t\u0173 interesu kaip duomen\u0173 tvarkymo pagrindu;<\/b><\/li>\n<\/ul>\n<ul>\n<li aria-level=\"1\"><b>pateikti pra\u0161ym\u0105 i\u0161eksportuoti J\u016bs\u0173 duomenis jei duomenis mums pateik\u0117te susistemintu, \u012fprastai naudojamu formatu ir dav\u0117te sutikim\u0105 toki\u0173 duomen\u0173 tvarkymui arba turime tvarkyti \u0161iuos duomenis siekdami \u012fvykdyti sutart\u012f su Jumis;<\/b><\/li>\n<\/ul>\n<ul>\n<li aria-level=\"1\"><b>bet kuriuo metu at\u0161aukti J\u016bs\u0173 asmens duomen\u0173 tvarkymui duot\u0105 sutikim\u0105<\/b><b>;<\/b><\/li>\n<\/ul>\n<ul>\n<li aria-level=\"1\"><b>pateikti skund\u0105 Valstybinei duomen\u0173 apsaugos inspekcijai (daugiau informacijos <\/b><b>vdai.lrv.lt<\/b><b>).<\/b><\/li>\n<\/ul>\n<p><b><\/b><br \/>\n<b><\/b><\/p>\n<p><b>10. Kaip galite man pad\u0117ti?<\/b><\/p>\n<p>&nbsp;<\/p>\n<p><span style=\"font-weight: 400;\">Jeigu J\u016bs turite klausim\u0173, komentar\u0173 ar nusiskundim\u0173, susijusi\u0173 su tuo, kaip mes renkame, naudojame ir saugome duomenis apie Jus, mes esame pasireng\u0119 Jums pad\u0117ti. Jei Jums reikalinga m\u016bs\u0173 pagalba, pra\u0161ome kreiptis el. pa\u0161tu finance@robin.jobs. <\/span><\/p>\n","protected":false},"excerpt":{"rendered":"<p>Paskutin\u0117 atnaujinimo data: 2021.06.01 &nbsp; UAB Robin Jobs r\u016bpinasi J\u016bs\u0173 informacijos apsauga. Mes laikom\u0117s Europos S\u0105jungos Bendrojo duomen\u0173 apsaugos reglamento (BDAR) bei kit\u0173 \u012fstatym\u0173, saugan\u010di\u0173 J\u016bs\u0173 informacij\u0105, kuri\u0105 renkame, naudojame ir saugome savo Bendrov\u0117je. &nbsp; 1. Kaip tur\u0117\u010diau skaityti \u0161i\u0105 Privatumo politik\u0105? &nbsp; \u0160ioje Privatumo politikoje bus atsakyta \u012f svarbiausius klausimus apie tai, kaip mes&#8230;<\/p>\n","protected":false},"author":1,"featured_media":0,"parent":0,"menu_order":0,"comment_status":"closed","ping_status":"closed","template":"page-templates\/privacy-policy.php","meta":{"_acf_changed":false,"inline_featured_image":false,"footnotes":""},"class_list":["post-1217450","page","type-page","status-publish","hentry"],"acf":[],"_links":{"self":[{"href":"https:\/\/robin.jobs\/lt\/wp-json\/wp\/v2\/pages\/1217450","targetHints":{"allow":["GET"]}}],"collection":[{"href":"https:\/\/robin.jobs\/lt\/wp-json\/wp\/v2\/pages"}],"about":[{"href":"https:\/\/robin.jobs\/lt\/wp-json\/wp\/v2\/types\/page"}],"author":[{"embeddable":true,"href":"https:\/\/robin.jobs\/lt\/wp-json\/wp\/v2\/users\/1"}],"replies":[{"embeddable":true,"href":"https:\/\/robin.jobs\/lt\/wp-json\/wp\/v2\/comments?post=1217450"}],"version-history":[{"count":5,"href":"https:\/\/robin.jobs\/lt\/wp-json\/wp\/v2\/pages\/1217450\/revisions"}],"predecessor-version":[{"id":1263957,"href":"https:\/\/robin.jobs\/lt\/wp-json\/wp\/v2\/pages\/1217450\/revisions\/1263957"}],"wp:attachment":[{"href":"https:\/\/robin.jobs\/lt\/wp-json\/wp\/v2\/media?parent=1217450"}],"curies":[{"name":"wp","href":"https:\/\/api.w.org\/{rel}","templated":true}]}}