{"id":1217449,"date":"2021-06-08T15:40:38","date_gmt":"2021-06-08T12:40:38","guid":{"rendered":"https:\/\/robin.jobs\/lt\/cookie-policy"},"modified":"2025-11-01T05:44:56","modified_gmt":"2025-11-01T02:44:56","slug":"cookie-policy","status":"publish","type":"page","link":"https:\/\/robin.jobs\/lt\/cookie-policy","title":{"rendered":"UAB ROBIN JOBS SLAPUK\u0172 POLITIKA"},"content":{"rendered":"<p>Paskutin\u0117 atnaujinimo data: 2021.06.01<\/p>\n<h3>1. Kas yra slapukai?<\/h3>\n<p><span style=\"font-weight: 400;\">Slapukai yra ma\u017ei tekstiniai failai, saugomi J\u016bs\u0173 \u012frenginio (pvz., kompiuterio, mobiliojo telefono, plan\u0161et\u0117s) nar\u0161ykl\u0117je, kai J\u016bs nar\u0161ote interneto svetain\u0117se.\u00a0Kitos technologijos, \u012fskaitant duomenis, kuriuos i\u0161saugome J\u016bs\u0173 interneto nar\u0161ykl\u0117je ar \u012frenginyje, su J\u016bs\u0173 \u012frenginiu susijusius identifikatorius bei kit\u0105 programin\u0119 \u012frang\u0105, naudojamos pana\u0161iais tikslais. <\/span><span style=\"font-weight: 400;\">Slapukai <\/span><span style=\"font-weight: 400;\">pla\u010diai naudojami, kad svetain\u0117s veikt\u0173 arba veikt\u0173 geriau ir veiksmingiau. \u0160ioje politikoje visos min\u0117tos technologijos vadinamos \u201eslapukais\u201c.\u00a0<\/span><\/p>\n<h3>2. Kod\u0117l j\u016bs naudojate slapukus?<\/h3>\n<p><span style=\"font-weight: 400;\">Mes naudojame slapukus:<\/span><\/p>\n<ul>\n<li style=\"font-weight: 400;\" aria-level=\"1\"><span style=\"font-weight: 400;\">nuolat tobulinti svetain\u0119, kad j\u012f b\u016bt\u0173 jums dar patrauklesn\u0117;<\/span><\/li>\n<li style=\"font-weight: 400;\" aria-level=\"1\"><span style=\"font-weight: 400;\">steb\u0117ti ir analizuoti m\u016bs\u0173 svetain\u0117s lankomumo tendencijas;<\/span><\/li>\n<li style=\"font-weight: 400;\" aria-level=\"1\"><span style=\"font-weight: 400;\">analizuoti kaip vartotojai naudojasi m\u016bs\u0173 svetaine;<\/span><\/li>\n<li style=\"font-weight: 400;\" aria-level=\"1\"><span style=\"font-weight: 400;\">u\u017etikrinti tinkam\u0105 svetain\u0117s ir jos funkcij\u0173 veikim\u0105;<\/span><\/li>\n<li style=\"font-weight: 400;\" aria-level=\"1\"><span style=\"font-weight: 400;\">vykdyti efektyvesn\u0119 rinkodar\u0105;<\/span><\/li>\n<li style=\"font-weight: 400;\" aria-level=\"1\"><i><span style=\"font-weight: 400;\">YouTube <\/span><\/i><span style=\"font-weight: 400;\">vaizdo \u012fra\u0161\u0173 atvaizdavimui m\u016bs\u0173 svetain\u0117je;<\/span><\/li>\n<li style=\"font-weight: 400;\" aria-level=\"1\"><span style=\"font-weight: 400;\">J\u016bs\u0173 pasirinktai svetain\u0117s kalbai \u012fsiminti;<\/span><\/li>\n<li style=\"font-weight: 400;\" aria-level=\"1\"><span style=\"font-weight: 400;\">Tinkamam informavimui apie m\u016bs\u0173 svetain\u0117je veikian\u010dius slapukus.<\/span><\/li>\n<\/ul>\n<h3>3. Koki\u0173 tip\u0173 slapukai gali b\u016bti?<\/h3>\n<h4>a) Grie\u017etai privalomi slapukai<\/h4>\n<p><span style=\"font-weight: 400;\">\u0160ie slapukai svetain\u0117je yra b\u016btini, kad vartotojas gal\u0117t\u0173 nar\u0161yti ir naudotis svetain\u0117s funkcijomis, pvz., \u012fsiminti formose \u012fvest\u0105 informacij\u0105, kai vartotojas pereina nuo vieno puslapio prie kito nar\u0161ymo seanso metu. Be grie\u017etai privalom\u0173 slapuk\u0173 tapt\u0173 ne\u012fmanoma teikti tam tikras svetain\u0117s paslaugas, o svetain\u0117 veikt\u0173 ne taip skland\u017eiai, kaip tur\u0117t\u0173. \u0160ie slapukai nerenka jokios informacijos rinkodaros tikslais ir ne\u012fsimena, kur j\u016bs lank\u0117t\u0117s internete.<\/span><\/p>\n<h4>b) Analitiniai slapukai<\/h4>\n<p><span style=\"font-weight: 400;\">Analitiniai slapukai renka informacij\u0105 apie svetain\u0117s naudojim\u0105 ir padeda tobulinti svetain\u0117s veikim\u0105. Pavyzd\u017eiui, analitiniai slapukai gali parodyti, kuriuose puslapiuose lankomasi da\u017eniausiai, pad\u0117ti registruoti svetain\u0117je vykstan\u010dius nesklandumus ir parodyti, ar svetain\u0117je rodoma reklama yra veiksminga. Analitiniai slapukai nerenka asmenin\u0117s vartotoj\u0173 informacijos ir visa \u0161i\u0173 slapuk\u0173 surinkta informacija yra apibendrinta ir anonimi\u0161ka.<\/span><\/p>\n<h4>c) Funkciniai slapukai<\/h4>\n<p><span style=\"font-weight: 400;\">Funkciniai slapukai leid\u017eia svetainei \u012fsiminti j\u016bs\u0173 pasirinkimus ir pateikti patobulint\u0173 bei labiau j\u016bs\u0173 poreikiams pritaikyt\u0173 funkcij\u0173. Funkciniai slapukai taip pat \u012fsimena j\u016bs\u0173 padarytus pakeitimus, pvz., tam tikro tinklalapio individualizavim\u0105, taip pat kitais atvejais, pvz., kai \u017ei\u016brite vaizdo \u012fra\u0161\u0105 ar m\u016bs\u0173 tinklalapyje paliekate komentar\u0105. Funkciniai slapukai neseka j\u016bs\u0173 veiksm\u0173 kitose svetain\u0117se.<\/span><\/p>\n<h4>d) Reklaminiai slapukai<\/h4>\n<p><span style=\"font-weight: 400;\">Reklaminiai slapukai naudojami rodyti daugiau \u012fdomi\u0173 skelbim\u0173, kurie labiau atitinka j\u016bs\u0173 interesus, arba apriboti skelbim\u0173 skai\u010di\u0173 tose pa\u010diose skelbim\u0173 parodose j\u016bs\u0173 lankomoje svetain\u0117je. \u0160is slapuk\u0173 tipas taip pat naudojamas kampanijos efektyvumui \u012fvertinti. \u0160ie slapukai gali b\u016bti naudojami siekiant atsiminti, k\u0105 veik\u0117te interneto svetain\u0117je.<\/span><\/p>\n<h3>4. Kokius slapukus naudojame mes?<\/h3>\n<p><span style=\"font-weight: 400;\">Savo svetain\u0117je mes naudojame \u0161iuos slapukus:<\/span><\/p>\n<table>\n<tbody>\n<tr>\n<td><strong>SLAPUKO KATEGORIJA<\/strong><\/td>\n<td><strong>SLAPUKO PAVADINIMAS<\/strong><\/td>\n<td><strong>SLAPUKO GALIOJIMO LAIKAS<\/strong><\/td>\n<td><strong>SLAPUKO TIKSLAS<\/strong><\/td>\n<\/tr>\n<tr>\n<td rowspan=\"2\"><span style=\"font-weight: 400;\">Analitiniai slapukai<\/span><\/td>\n<td><span style=\"font-weight: 400;\">_ga<\/span><\/td>\n<td><span style=\"font-weight: 400;\">2 metai<\/span><\/td>\n<td rowspan=\"2\"><span style=\"font-weight: 400;\">Pirmosios \u0161alies Google slapukai skirti rinkti informacij\u0105 apie svetain\u0117s lankomum\u0105 bei tai, kaip m\u016bs\u0173 lankytojai naudojasi interneto svetain\u0117. Slapukai renka toki\u0105 informacij\u0105 kaip: svetain\u0117s lankytoj\u0173 skai\u010dius, svetain\u0119 i\u0161 kurios atvyko lankytojai, svetain\u0117je aplankyti puslapiai, nar\u0161ymui naudojama nar\u0161ykl\u0117, operacin\u0117 sistema ir pan.<\/span><\/td>\n<\/tr>\n<tr>\n<td><span style=\"font-weight: 400;\">_ga_xxxxxxxxxx<\/span><\/td>\n<td><span style=\"font-weight: 400;\">2 metai<\/span><\/td>\n<\/tr>\n<tr>\n<td rowspan=\"2\"><span style=\"font-weight: 400;\">Funkciniai slapukai<\/span><\/td>\n<td><span style=\"font-weight: 400;\">cookieBannerDisplayed<\/span><span style=\"font-weight: 400;\">\u00a0<\/span><\/td>\n<td><span style=\"font-weight: 400;\">Iki nar\u0161ymo sesijos pabaigos<\/span><\/td>\n<td><span style=\"font-weight: 400;\">Skirtas prane\u0161imui apie slapuk\u0173 naudojim\u0105 atvaizdavimui<\/span><\/td>\n<\/tr>\n<tr>\n<td><span style=\"font-weight: 400;\">public_lang<\/span><\/td>\n<td><span style=\"font-weight: 400;\">181 diena<\/span><\/td>\n<td><span style=\"font-weight: 400;\">Skirtas naudojamai svetain\u0117s kalbai \u012fsiminti<\/span><\/td>\n<\/tr>\n<tr>\n<td rowspan=\"15\"><span style=\"font-weight: 400;\">Reklaminiai slapukai<\/span><\/td>\n<td><span style=\"font-weight: 400;\">dpr<\/span><\/td>\n<td><span style=\"font-weight: 400;\">7 dienos<\/span><\/td>\n<td><span style=\"font-weight: 400;\">Tre\u010diosios \u0161alies <\/span><i><span style=\"font-weight: 400;\">Facebook<\/span><\/i><span style=\"font-weight: 400;\"> slapukas, skirtas i\u0161saugoti informacij\u0105 apie prisijungus\u012f <\/span><i><span style=\"font-weight: 400;\">Facebook<\/span><\/i><span style=\"font-weight: 400;\"> vartotoj\u0105, siekiant rekomenduoti reklamas ir turinio atnaujinimui. Slapuko turinys patvirtinamas <\/span><i><span style=\"font-weight: 400;\">Facebook <\/span><\/i><span style=\"font-weight: 400;\">naudojimosi s\u0105lygomis.<\/span><\/td>\n<\/tr>\n<tr>\n<td><span style=\"font-weight: 400;\">fr<\/span><\/td>\n<td><span style=\"font-weight: 400;\">90 dien\u0173<\/span><\/td>\n<td><span style=\"font-weight: 400;\">Tre\u010diosios \u0161alies <\/span><i><span style=\"font-weight: 400;\">Facebook<\/span><\/i><span style=\"font-weight: 400;\"> slapukas, skirtas reklam\u0173 atvaizdavimui, reklam\u0173 konversij\u0173 matavimui ir atvaizduojam\u0173 reklam\u0173 aktualumui gerinti.<\/span><\/td>\n<\/tr>\n<tr>\n<td><span style=\"font-weight: 400;\">IDE<\/span><\/td>\n<td><span style=\"font-weight: 400;\">390 dien\u0173<\/span><\/td>\n<td><span style=\"font-weight: 400;\">Tre\u010diosios \u0161alies DoubleClick slapukas, skirtas Google reklam\u0173 atvaizdavimui ne Google puslapiuose. Tikslin\u0117s reklamos atvaizduojamos atsi\u017evelgiant \u012f ankstesnius apsilankymus svetain\u0117je. Taip pat, \u0161is slapukas matuoja reklam\u0173 konversij\u0173 rodiklius.<\/span><\/td>\n<\/tr>\n<tr>\n<td><span style=\"font-weight: 400;\">test_cookie<\/span><\/td>\n<td><span style=\"font-weight: 400;\">Keletas sekund\u017ei\u0173<\/span><\/td>\n<td><span style=\"font-weight: 400;\">Tre\u010diosios \u0161alies DoubleClick slapukas, skirtas nustatyti ar lankytojo naudojama nar\u0161ykl\u0117 palaiko slapukus.<\/span><\/td>\n<\/tr>\n<tr>\n<td><span style=\"font-weight: 400;\">1P_JAR<\/span><\/td>\n<td><span style=\"font-weight: 400;\">30 dien\u0173<\/span><\/td>\n<td rowspan=\"10\"><span style=\"font-weight: 400;\">\u0160ie slapukai i\u0161saugomi per \u012fd\u0117tus <\/span><i><span style=\"font-weight: 400;\">YouTube<\/span><\/i><span style=\"font-weight: 400;\"> vaizdo \u012fra\u0161us. Jie registruoja anoniminius statistinius duomenis pavyzd\u017eiui, kiek kart\u0173 rodomas vaizdo \u012fra\u0161as ir kokie nustatymai naudojami atk\u016brimui. Jokie jautr\u016bs duomenys nerenkami, o jei nesate prisijung\u0119 prie <\/span><i><span style=\"font-weight: 400;\">Google<\/span><\/i><span style=\"font-weight: 400;\"> paskyros, tokiu atveju j\u016bs\u0173 veiksmai yra susietas su j\u016bs\u0173 <\/span><i><span style=\"font-weight: 400;\">Google<\/span><\/i><span style=\"font-weight: 400;\"> paskyra, pavyzd\u017eiui, jei vaizdo \u012fra\u0161e spustel\u0117site mygtuk\u0105 \u201epatinka\u201c.<\/span><\/p>\n<p><span style=\"font-weight: 400;\">Nor\u0117dami gauti daugiau informacijos, perskaitykite <\/span><a href=\"https:\/\/policies.google.com\/privacy?hl=en-US\" target=\"_blank\" rel=\"noopener\"><i><span style=\"font-weight: 400;\">Google<\/span><\/i><span style=\"font-weight: 400;\"> privatumo politik\u0105<\/span><\/a><span style=\"font-weight: 400;\">.<\/span><\/td>\n<\/tr>\n<tr>\n<td><span style=\"font-weight: 400;\">NID<\/span><\/td>\n<td><span style=\"font-weight: 400;\">6 m\u0117nesiai<\/span><\/td>\n<\/tr>\n<tr>\n<td><span style=\"font-weight: 400;\">__Secure-3PSIDCC<\/span><\/td>\n<td><span style=\"font-weight: 400;\">2 metai<\/span><\/td>\n<\/tr>\n<tr>\n<td><span style=\"font-weight: 400;\">__Secure-3PAPISID<\/span><\/td>\n<td><span style=\"font-weight: 400;\">2 metai<\/span><\/td>\n<\/tr>\n<tr>\n<td><span style=\"font-weight: 400;\">__Secure-3PSID<\/span><\/td>\n<td><span style=\"font-weight: 400;\">2 metai<\/span><\/td>\n<\/tr>\n<tr>\n<td><span style=\"font-weight: 400;\">CONSENT<\/span><\/td>\n<td><span style=\"font-weight: 400;\">200 m\u0117nesi\u0173<\/span><\/td>\n<\/tr>\n<tr>\n<td><span style=\"font-weight: 400;\">GPS<\/span><\/td>\n<td><span style=\"font-weight: 400;\">30 minu\u010di\u0173<\/span><\/td>\n<\/tr>\n<tr>\n<td><span style=\"font-weight: 400;\">PREF<\/span><\/td>\n<td><span style=\"font-weight: 400;\">2 metai<\/span><\/td>\n<\/tr>\n<tr>\n<td><span style=\"font-weight: 400;\">VISITOR_INFO1_LIVE<\/span><\/td>\n<td><span style=\"font-weight: 400;\">6 m\u0117nesiai<\/span><\/td>\n<\/tr>\n<tr>\n<td><span style=\"font-weight: 400;\">YSC<\/span><\/td>\n<td><span style=\"font-weight: 400;\">Iki nar\u0161ymo sesijos pabaigos<\/span><\/td>\n<\/tr>\n<tr>\n<td><span style=\"font-weight: 400;\">_fbp<\/span><\/td>\n<td><span style=\"font-weight: 400;\">6 m\u0117nesiai<\/span><\/td>\n<td><span style=\"font-weight: 400;\">Pirmosios \u0161alies Facebook slapukas, skirtas m\u016bs\u0173 reklam\u0173 socialiniame tinkle <\/span><i><span style=\"font-weight: 400;\">Facebook<\/span><\/i><span style=\"font-weight: 400;\"> atvaizdavimui.<\/span><\/td>\n<\/tr>\n<\/tbody>\n<\/table>\n<h3>5. Kaip galiu valdyti slapukus?<\/h3>\n<p><span style=\"font-weight: 400;\">Galite kontroliuoti slapuk\u0173 naudojim\u0105, pakeit\u0119 nar\u0161ykl\u0117s nustatymus. D\u0117l daugiau informacijos pra\u0161ome patikrinti naudojamos nar\u0161ykl\u0117s k\u016br\u0117jo interneto puslap\u012f.<\/span><\/p>\n<p><span style=\"font-weight: 400;\">Atkreipkite d\u0117mes\u012f, kad trindami slapukus arba i\u0161jungdami slapuk\u0173 naudojim\u0105 ateityje, galite nepasiekti tam tikr\u0173 m\u016bs\u0173 svetain\u0117s dali\u0173 ar funkcij\u0173. Jei pakeisite slapuk\u0173 nustatymus, tai paveiks ir kitas j\u016bs\u0173 lankomas svetaines.<\/span><\/p>\n","protected":false},"excerpt":{"rendered":"<p>Paskutin\u0117 atnaujinimo data: 2021.06.01 1. Kas yra slapukai? Slapukai yra ma\u017ei tekstiniai failai, saugomi J\u016bs\u0173 \u012frenginio (pvz., kompiuterio, mobiliojo telefono, plan\u0161et\u0117s) nar\u0161ykl\u0117je, kai J\u016bs nar\u0161ote interneto svetain\u0117se.\u00a0Kitos technologijos, \u012fskaitant duomenis, kuriuos i\u0161saugome J\u016bs\u0173 interneto nar\u0161ykl\u0117je ar \u012frenginyje, su J\u016bs\u0173 \u012frenginiu susijusius identifikatorius bei kit\u0105 programin\u0119 \u012frang\u0105, naudojamos pana\u0161iais tikslais. Slapukai pla\u010diai naudojami, kad svetain\u0117s veikt\u0173&#8230;<\/p>\n","protected":false},"author":1,"featured_media":0,"parent":0,"menu_order":0,"comment_status":"closed","ping_status":"closed","template":"page-templates\/privacy-policy.php","meta":{"_acf_changed":false,"inline_featured_image":false,"footnotes":""},"class_list":["post-1217449","page","type-page","status-publish","hentry"],"acf":[],"_links":{"self":[{"href":"https:\/\/robin.jobs\/lt\/wp-json\/wp\/v2\/pages\/1217449","targetHints":{"allow":["GET"]}}],"collection":[{"href":"https:\/\/robin.jobs\/lt\/wp-json\/wp\/v2\/pages"}],"about":[{"href":"https:\/\/robin.jobs\/lt\/wp-json\/wp\/v2\/types\/page"}],"author":[{"embeddable":true,"href":"https:\/\/robin.jobs\/lt\/wp-json\/wp\/v2\/users\/1"}],"replies":[{"embeddable":true,"href":"https:\/\/robin.jobs\/lt\/wp-json\/wp\/v2\/comments?post=1217449"}],"version-history":[{"count":5,"href":"https:\/\/robin.jobs\/lt\/wp-json\/wp\/v2\/pages\/1217449\/revisions"}],"predecessor-version":[{"id":1260346,"href":"https:\/\/robin.jobs\/lt\/wp-json\/wp\/v2\/pages\/1217449\/revisions\/1260346"}],"wp:attachment":[{"href":"https:\/\/robin.jobs\/lt\/wp-json\/wp\/v2\/media?parent=1217449"}],"curies":[{"name":"wp","href":"https:\/\/api.w.org\/{rel}","templated":true}]}}