{"id":1217448,"date":"2021-06-08T15:39:22","date_gmt":"2021-06-08T12:39:22","guid":{"rendered":"https:\/\/robin.jobs\/lt\/privacy-policy-for-website-visitors"},"modified":"2026-01-06T02:38:17","modified_gmt":"2026-01-05T23:38:17","slug":"privacy-policy-for-website-visitors","status":"publish","type":"page","link":"https:\/\/robin.jobs\/lt\/privacy-policy-for-website-visitors","title":{"rendered":"UAB ROBIN JOBS PRIVATUMO POLITIKA INTERNETO SVETAIN\u0116S LANKYTOJAMS\u00a0"},"content":{"rendered":"<p><b>Paskutin\u0117 atnaujinimo data: 2021.06.01<\/b><\/p>\n<p>&nbsp;<\/p>\n<p><span style=\"font-weight: 400;\">UAB Robin Jobs r\u016bpinasi J\u016bs\u0173 informacijos apsauga. Mes laikom\u0117s Europos S\u0105jungos Bendrojo duomen\u0173 apsaugos reglamento (BDAR) bei kit\u0173 \u012fstatym\u0173, saugan\u010di\u0173 J\u016bs\u0173 informacij\u0105, kuri\u0105 renkame, naudojame ir saugome savo Bendrov\u0117je.<\/span><\/p>\n<p>&nbsp;<\/p>\n<p><b>1. Kaip tur\u0117\u010diau skaityti \u0161i\u0105 Privatumo politik\u0105?<\/b><\/p>\n<p>&nbsp;<\/p>\n<p><span style=\"font-weight: 400;\">\u0160ioje Privatumo politikoje bus atsakyta \u012f svarbiausius klausimus apie tai, kaip mes renkame, naudojame ir saugome informacij\u0105 apie Jus. Jei turite koki\u0173 nors klausim\u0173 arba bet kuri i\u0161 \u0161io prane\u0161imo dalis yra neai\u0161ki, mes esame pasireng\u0119 Jums pad\u0117ti, kaip apra\u0161yta \u0161ios Privatumo politikos 10 skyriuje. Pra\u0161ome atkreipti d\u0117mes\u012f, kad bet kokia \u017eod\u017eio \u201emes\u201c forma \u0161ioje Privatumo politikoje rei\u0161kia m\u016bs\u0173 Bendrov\u0119, kaip nurodyta Privatumo politikos 2 skyriuje.<\/span><\/p>\n<p>&nbsp;<\/p>\n<p><b>2. Kas yra atsakingas u\u017e mano informacijos apsaug\u0105?\u00a0<\/b><\/p>\n<p>&nbsp;<\/p>\n<p><span style=\"font-weight: 400;\">Mes esame:<\/span> <span style=\"font-weight: 400;\">UAB Robin Jobs;<\/span><\/p>\n<p><span style=\"font-weight: 400;\">M\u016bs\u0173 juridinio asmens kodas yra: 300659719;<\/span><\/p>\n<p><span style=\"font-weight: 400;\">M\u016bs\u0173 adresas: Naru\u010dio g. 3, Vilnius;<\/span><\/p>\n<p><span style=\"font-weight: 400;\">El. pa\u0161to adresas: finance@robin.jobs<\/span><\/p>\n<p>&nbsp;<\/p>\n<p><b>3. Kod\u0117l renkate informacij\u0105 apie mane?<\/b><\/p>\n<p>&nbsp;<\/p>\n<p><span style=\"font-weight: 400;\">Mes teikiame vie\u0161\u0105 prieig\u0105 prie interneto svetain\u0117s <\/span><a href=\"https:\/\/robin.jobs\/\"><span style=\"font-weight: 400;\">robin.jobs<\/span><\/a><span style=\"font-weight: 400;\">, j\u0105 palaikome bei tobuliname, u\u017etikriname tinkam\u0105 jos funkcij\u0173 veikim\u0105. D\u0117l \u0161i\u0173 prie\u017eas\u010di\u0173 mes naudojame slapukus. Daugiau informacijos apie m\u016bs\u0173 interneto puslapyje naudojamus slapukus ir j\u0173 paskirt\u012f galite rasti slapuk\u0173 politikoje.\u00a0<\/span><\/p>\n<p>&nbsp;<\/p>\n<p><b>4. Koki\u0105 informacij\u0105 renkate, naudojate ir saugojate apie mane?\u00a0<\/b><\/p>\n<p>&nbsp;<\/p>\n<p><span style=\"font-weight: 400;\">Jums nar\u0161ant m\u016bs\u0173 svetain\u0117je, jei dav\u0117te sutikim\u0105 analitini\u0173 slapuk\u0173 naudojimui, mes renkame i\u0161 \u0161i\u0173 slapuk\u0173 gaunamus anoniminius duomenis apie J\u016bs\u0173 nar\u0161ymo m\u016bs\u0173 Svetain\u0117je tendencijas, demografinius duomenis, nar\u0161ymui naudojam\u0105 nar\u0161ykl\u0119 bei operacin\u0119 sistem\u0105.<\/span><\/p>\n<p>&nbsp;<\/p>\n<p><span style=\"font-weight: 400;\">Mes neturime galimyb\u0117s naudoti slapuk\u0173 savo socialinio tinklo <\/span><i><span style=\"font-weight: 400;\">Facebook<\/span><\/i><span style=\"font-weight: 400;\"> paskyroje, ta\u010diau pats socialinis tinklas <\/span><i><span style=\"font-weight: 400;\">Facebook<\/span><\/i><span style=\"font-weight: 400;\"> juos naudoja. Daugiau informacijos apie tai, kaip socialinis tinklas <\/span><i><span style=\"font-weight: 400;\">Facebook<\/span><\/i><span style=\"font-weight: 400;\"> renka, naudoja ir saugo informacij\u0105 apie Jus galite rasti paspaud\u0119 <\/span><a href=\"https:\/\/www.facebook.com\/policy.php\" target=\"_blank\" rel=\"noopener\"><span style=\"font-weight: 400;\">Facebook privatumo politikoje<\/span><\/a><span style=\"font-weight: 400;\">.<\/span><\/p>\n<p>&nbsp;<\/p>\n<p><b>5. Ar naudojate slapukus?<\/b><\/p>\n<p>&nbsp;<\/p>\n<p><span style=\"font-weight: 400;\">Taip. Mes naudojame slapukus, kaip nurodyta <\/span><span style=\"font-weight: 400;\">Slapuk\u0173 politikoje<\/span><span style=\"font-weight: 400;\">.<\/span><\/p>\n<p>&nbsp;<\/p>\n<p><b>6. Koks yra teisinis informacijos apie mane rinkimo pagrindas?<\/b><\/p>\n<p>&nbsp;<\/p>\n<p><span style=\"font-weight: 400;\">Mes renkame informacij\u0105 apie Jus teis\u0117tai, nes:<\/span><\/p>\n<ul>\n<li style=\"font-weight: 400;\" aria-level=\"1\"><span style=\"font-weight: 400;\">mes turime teis\u0117t\u0105 interes\u0105 naudoti slapukus privalomus tinkamam svetain\u0117s ir jos funkcij\u0173 veikimui (BDAR 6 str. 1 d. f p.);<\/span><\/li>\n<li style=\"font-weight: 400;\" aria-level=\"1\"><span style=\"font-weight: 400;\">mes remiam\u0117s J\u016bs\u0173 sutikimu analitini\u0173 ir reklamini\u0173 slapuk\u0173 naudojimui (BDAR 6 str. 1 d. a p.).<\/span><\/li>\n<\/ul>\n<p>&nbsp;<\/p>\n<p><b>7. Ar dalinat\u0117s mano informacija su kitais subjektais?<\/b><\/p>\n<p>&nbsp;<\/p>\n<p><span style=\"font-weight: 400;\">Informacija galime dalintis su m\u016bs\u0173 paslaug\u0173 teik\u0117jais, teikian\u010dias mums IT, svetain\u0117s prie\u017ei\u016bros ir palaikymo paslaugas, slapuk\u0173 paslaug\u0173 teik\u0117jams.<\/span><\/p>\n<p>&nbsp;<\/p>\n<p><b>8. Kiek laiko saugote informacij\u0105 apie mane?<\/b><\/p>\n<p>&nbsp;<\/p>\n<p><span style=\"font-weight: 400;\">Informacij\u0105 susijusi\u0105 su slapukais saugome kaip tai nurodyta slapuk\u0173 politikoje.<\/span><\/p>\n<p>&nbsp;<\/p>\n<p><b>9. Koki\u0173 veiksm\u0173 galiu imtis d\u0117l savo informacijos J\u016bs\u0173 bendrov\u0117je?<\/b><\/p>\n<p>&nbsp;<\/p>\n<p><span style=\"font-weight: 400;\">Jei norite imtis \u017eemiau nurodyt\u0173 veiksm\u0173, pra\u0161ome kreiptis \u012f mus, kaip tai nurodyta 10 skyriuje. Pra\u0161ome atkreipti d\u0117mes\u012f, jog \u0161ioms teis\u0117ms taikomos \u012fstatym\u0173 numatytos s\u0105lygos ir i\u0161imtys.<\/span><\/p>\n<p>&nbsp;<\/p>\n<ul>\n<li aria-level=\"1\"><b>Pateikti pra\u0161ym\u0105 susipa\u017einti su turima informacija apie Jus, jei tvarkome J\u016bs\u0173 asmens duomenis, i\u0161 kuri\u0173 galime nustatyti J\u016bs\u0173 tapatyb\u0119;<\/b><\/li>\n<\/ul>\n<ul>\n<li aria-level=\"1\"><b>pateikti pra\u0161ym\u0105 i\u0161taisyti ar papildyti turim\u0105 informacij\u0105 apie Jus;<\/b><\/li>\n<\/ul>\n<ul>\n<li aria-level=\"1\"><b>pateikti pra\u0161ym\u0105 i\u0161trinti apie Jus, kai:<\/b><\/li>\n<\/ul>\n<ul>\n<li aria-level=\"1\"><b>J\u016bs\u0173 duomenis tvarkome sutikimo pagrindu;<\/b><\/li>\n<\/ul>\n<ul>\n<li aria-level=\"1\"><b>J\u016bs\u0173 duomenis tvarkome neteis\u0117tai;<\/b><\/li>\n<\/ul>\n<ul>\n<li aria-level=\"1\"><b>J\u016bs\u0173 duomenys tvarkomi m\u016bs\u0173 teis\u0117to intereso pagrindu ir J\u016bs nugin\u010dijate m\u016bs\u0173 teis\u0117t\u0105 interes\u0105;<\/b><\/li>\n<\/ul>\n<ul>\n<li aria-level=\"1\"><b>J\u016bs\u0173 duomenys neb\u0117ra reikalingi, kad b\u016bt\u0173 pasiekti tikslai, kuriems jie buvo renkami;<\/b><\/li>\n<\/ul>\n<ul>\n<li aria-level=\"1\"><b>mums taikoma teisin\u0117 prievol\u0117 i\u0161trinti informacij\u0105 apie Jus;<\/b><\/li>\n<\/ul>\n<ul>\n<li style=\"list-style-type: none;\">\n<ul>\n<li style=\"font-weight: 400;\" aria-level=\"1\"><b>pateikti mums pra\u0161ym\u0105 apriboti apie Jus turimos informacijos tvarkym\u0105 kai gin\u010dijate duomen\u0173 tikslum\u0105 ar prie\u0161taraujate duomen\u0173 tvarkymui, nesutinkate, kad b\u016bt\u0173 i\u0161trinti neteis\u0117tai tvarkomi J\u016bs\u0173 duomenys, ar duomen\u0173 Jums reikia, siekiant pareik\u0161ti, vykdyti arba apginti teisinius reikalavimus;<\/b><\/li>\n<\/ul>\n<\/li>\n<\/ul>\n<ul>\n<li aria-level=\"1\"><b>gin\u010dyti J\u016bs\u0173 informacijos rinkim\u0105, naudojim\u0105 ir saugojim\u0105 m\u016bs\u0173 bendrov\u0117je, kai tvarkydami J\u016bs\u0173 duomenis vadovaujam\u0117s teis\u0117t\u0173 interesu kaip duomen\u0173 tvarkymo pagrindu;<\/b><\/li>\n<\/ul>\n<ul>\n<li aria-level=\"1\"><b>pateikti pra\u0161ym\u0105 i\u0161eksportuoti J\u016bs\u0173 duomenis jei duomenis mums pateik\u0117te susistemintu, \u012fprastai naudojamu formatu ir dav\u0117te sutikim\u0105 toki\u0173 duomen\u0173 tvarkymui arba turime tvarkyti \u0161iuos duomenis siekdami \u012fvykdyti sutart\u012f su Jumis;<\/b><\/li>\n<\/ul>\n<ul>\n<li aria-level=\"1\"><b>Bet kuriuo metu at\u0161aukti sutikim\u0105, kur\u012f dav\u0117te J\u016bs\u0173 asmens duomen\u0173 tvarkymui (tai galite padaryti pakeit\u0119 nar\u0161ykl\u0117s nustatymus);<\/b><\/li>\n<\/ul>\n<ul>\n<li aria-level=\"1\"><b>pateikti skund\u0105 Valstybinei duomen\u0173 apsaugos inspekcijai (daugiau informacijos <\/b><b>vdai.lrv.lt<\/b><b>).<\/b><\/li>\n<\/ul>\n<p><b><\/b><br \/>\n<b><\/b><\/p>\n<p><b>10. Kaip galite man pad\u0117ti?<\/b><\/p>\n<p><b><\/b><br \/>\n<span style=\"font-weight: 400;\">Jeigu J\u016bs turite klausim\u0173, komentar\u0173 ar nusiskundim\u0173, susijusi\u0173 su tuo, kaip mes renkame, naudojame ir saugome duomenis apie Jus, mes esame pasireng\u0119 Jums pad\u0117ti. Jei Jums reikalinga m\u016bs\u0173 pagalba, pra\u0161ome kreiptis el. pa\u0161tu finance@robin.jobs.\u00a0<\/span><\/p>\n","protected":false},"excerpt":{"rendered":"<p>Paskutin\u0117 atnaujinimo data: 2021.06.01 &nbsp; UAB Robin Jobs r\u016bpinasi J\u016bs\u0173 informacijos apsauga. Mes laikom\u0117s Europos S\u0105jungos Bendrojo duomen\u0173 apsaugos reglamento (BDAR) bei kit\u0173 \u012fstatym\u0173, saugan\u010di\u0173 J\u016bs\u0173 informacij\u0105, kuri\u0105 renkame, naudojame ir saugome savo Bendrov\u0117je. &nbsp; 1. Kaip tur\u0117\u010diau skaityti \u0161i\u0105 Privatumo politik\u0105? &nbsp; \u0160ioje Privatumo politikoje bus atsakyta \u012f svarbiausius klausimus apie tai, kaip mes&#8230;<\/p>\n","protected":false},"author":1,"featured_media":0,"parent":0,"menu_order":0,"comment_status":"closed","ping_status":"closed","template":"page-templates\/privacy-policy.php","meta":{"_acf_changed":false,"inline_featured_image":false,"footnotes":""},"class_list":["post-1217448","page","type-page","status-publish","hentry"],"acf":[],"_links":{"self":[{"href":"https:\/\/robin.jobs\/lt\/wp-json\/wp\/v2\/pages\/1217448","targetHints":{"allow":["GET"]}}],"collection":[{"href":"https:\/\/robin.jobs\/lt\/wp-json\/wp\/v2\/pages"}],"about":[{"href":"https:\/\/robin.jobs\/lt\/wp-json\/wp\/v2\/types\/page"}],"author":[{"embeddable":true,"href":"https:\/\/robin.jobs\/lt\/wp-json\/wp\/v2\/users\/1"}],"replies":[{"embeddable":true,"href":"https:\/\/robin.jobs\/lt\/wp-json\/wp\/v2\/comments?post=1217448"}],"version-history":[{"count":3,"href":"https:\/\/robin.jobs\/lt\/wp-json\/wp\/v2\/pages\/1217448\/revisions"}],"predecessor-version":[{"id":1263956,"href":"https:\/\/robin.jobs\/lt\/wp-json\/wp\/v2\/pages\/1217448\/revisions\/1263956"}],"wp:attachment":[{"href":"https:\/\/robin.jobs\/lt\/wp-json\/wp\/v2\/media?parent=1217448"}],"curies":[{"name":"wp","href":"https:\/\/api.w.org\/{rel}","templated":true}]}}