{"id":1195786,"date":"2019-05-21T14:34:22","date_gmt":"2019-05-21T11:34:22","guid":{"rendered":"https:\/\/robin.jobs\/lt\/?page_id=1195786"},"modified":"2026-04-05T14:23:28","modified_gmt":"2026-04-05T11:23:28","slug":"darbo-pasiulymai-uzsienyje","status":"publish","type":"page","link":"https:\/\/robin.jobs\/lt\/darbo-pasiulymai-uzsienyje","title":{"rendered":"Darbo pasi\u016blymai u\u017esienyje"},"content":{"rendered":"<p>Jus domina patraukl\u016bs darbo pasi\u016blymai u\u017esienyje? \u0160iuo metu Robin puslapyje galite rasti net<strong> 42<\/strong> darbo pasi\u016blymus <a href=\"https:\/\/robin.jobs\/lt\/darbas-olandijoje\">Olandijoje<\/a>, <a href=\"https:\/\/robin.jobs\/lt\/darbas-vokietijoje\">Vokietijoje<\/a> ir <a href=\"https:\/\/robin.jobs\/lt\/darbas-belgijoje\">Belgijoje<\/a>. Nesvarbu, ar ie\u0161kote darbo kaip pora ar norite i\u0161vykti vienas, jus domina trumpalaikis ar ilgalaikis darbas, kalbate angli\u0161kai ar ne &#8211; Robin jums turi \u012fvairi\u0173 darbo pasi\u016blym\u0173 u\u017esienyje. <!--more--><\/p>\n<p>Pasinaudojus Robin agent\u016bros paslaugomis, kartu su atrankos specialisto pagalba j\u016bs gal\u0117site i\u0161sirinkti jums patraukliausi\u0105 darbo pasi\u016blym\u0105 i\u0161 <b>25 \u012fdarbinimo agent\u016br\u0173<\/b>, veikian\u010di\u0173 <a href=\"https:\/\/robin.jobs\/lt\/darbas-vokietijoje\">V<\/a><a href=\"https:\/\/robin.jobs\/lt\/darbas-vokietijoje\">okietijoje<\/a>, <a href=\"https:\/\/robin.jobs\/lt\/darbas-olandijoje\">Olandijoje<\/a> ir <a href=\"https:\/\/robin.jobs\/lt\/darbo-pasiulymai-uzsienyje\/belgija\">Belgijoje<\/a>. Mes pad\u0117sime jums rasti geriausi\u0105 darbo pasi\u016blym\u0105 su gyvenam\u0105ja vieta \u0161alyje, kuri jums patinka labiausiai.<\/p>\n<p>Darbas u\u017esienyje ne tik pad\u0117s jums <b>u\u017esidirbti ir<\/b> <b>sutaupyti pinig\u0173<\/b>. Dirbant u\u017esienyje j\u016bs taip pat \u012fgysite ne\u012fkainojamos darbo patirties, pa\u017einsite kit\u0105 \u0161al\u012f ir u\u017emegsite nauj\u0173 pa\u017ein\u010di\u0173.<\/p>\n<h2>Didel\u0117 darbo viet\u0173 u\u017esienyje pasi\u016bla<\/h2>\n<p>J\u016bs\u0173 tikslas &#8211; <a href=\"https:\/\/robin.jobs\/lt\/\">darbas u\u017esienyje<\/a>? Mes si\u016blome \u012fvairias darbo pozicijas Vokietijoje, Olandijoje ir Belgijoje. D<span id=\"query\" class=\"HALYaf KKjvXb\" role=\"tabpanel\"><span class=\"zRhise\"><span class=\" \" title=\"darbas uzsienyje\">arbas u\u017esienyje<\/span><\/span><\/span> su Robin pagalba tampa lengvai pasiekiamu tikslu. Jeigu ie\u0161kote darbo u\u017esienyje, bet ne\u017einote, kuri\u0105 \u0161al\u012f pasirinkti, perskaitykite Robin paruo\u0161t\u0105 straipsn\u012f Domina darbai u\u017esienyje: <a href=\"https:\/\/robin.jobs\/lt\/darbas-uzsienyje\/geriausios-salys-dirbti-europoje\">kurioje ES \u0161alyje geriausia dirbti 2025 metais<\/a>.<\/p>\n<p>Kadangi turime tiek daug skirting\u0173 darbo pasi\u016blym\u0173, j\u016bs tikrai tur\u0117site i\u0161 ko pasirinkti. Tinkamiausi\u0105 darbo pasi\u016blym\u0105 suras ir darbo patirties dar neturintis studentas, ir kvalifikuotas statyb\u0173 srities specialistas. Per\u017ei\u016br\u0117kite visus m\u016bs\u0173 <a href=\"https:\/\/robin.jobs\/lt\/darbo-pasiulymai-uzsienyje\">darbo pasiulymai u\u017esienyje\u00a0<\/a> ir kandidatuokite \u012f jums labiausiai patikusi\u0105 darbo pozicij\u0105 jau \u0161iandien!<\/p>\n","protected":false},"excerpt":{"rendered":"<p>Jus domina patraukl\u016bs darbo pasi\u016blymai u\u017esienyje? \u0160iuo metu Robin puslapyje galite rasti net darbo pasi\u016blymus Olandijoje, Vokietijoje ir Belgijoje. Nesvarbu, ar ie\u0161kote darbo kaip pora ar norite i\u0161vykti vienas, jus domina trumpalaikis ar ilgalaikis darbas, kalbate angli\u0161kai ar ne &#8211; Robin jums turi \u012fvairi\u0173 darbo pasi\u016blym\u0173 u\u017esienyje.<\/p>\n","protected":false},"author":1,"featured_media":1200617,"parent":0,"menu_order":0,"comment_status":"closed","ping_status":"closed","template":"page-templates\/vacancy-archive.php","meta":{"_acf_changed":false,"inline_featured_image":false,"footnotes":""},"class_list":["post-1195786","page","type-page","status-publish","has-post-thumbnail","hentry"],"acf":[],"_links":{"self":[{"href":"https:\/\/robin.jobs\/lt\/wp-json\/wp\/v2\/pages\/1195786","targetHints":{"allow":["GET"]}}],"collection":[{"href":"https:\/\/robin.jobs\/lt\/wp-json\/wp\/v2\/pages"}],"about":[{"href":"https:\/\/robin.jobs\/lt\/wp-json\/wp\/v2\/types\/page"}],"author":[{"embeddable":true,"href":"https:\/\/robin.jobs\/lt\/wp-json\/wp\/v2\/users\/1"}],"replies":[{"embeddable":true,"href":"https:\/\/robin.jobs\/lt\/wp-json\/wp\/v2\/comments?post=1195786"}],"version-history":[{"count":4,"href":"https:\/\/robin.jobs\/lt\/wp-json\/wp\/v2\/pages\/1195786\/revisions"}],"predecessor-version":[{"id":1250719,"href":"https:\/\/robin.jobs\/lt\/wp-json\/wp\/v2\/pages\/1195786\/revisions\/1250719"}],"wp:featuredmedia":[{"embeddable":true,"href":"https:\/\/robin.jobs\/lt\/wp-json\/wp\/v2\/media\/1200617"}],"wp:attachment":[{"href":"https:\/\/robin.jobs\/lt\/wp-json\/wp\/v2\/media?parent=1195786"}],"curies":[{"name":"wp","href":"https:\/\/api.w.org\/{rel}","templated":true}]}}