{"id":1216530,"date":"2021-06-08T14:40:38","date_gmt":"2021-06-08T12:40:38","guid":{"rendered":"https:\/\/robin.jobs\/it\/cookie-policy"},"modified":"2025-11-01T03:31:02","modified_gmt":"2025-11-01T02:31:02","slug":"cookie-policy","status":"publish","type":"page","link":"https:\/\/robin.jobs\/it\/cookie-policy","title":{"rendered":"UAB\u00a0ROBIN JOBS POLITICA SUI COOKIE"},"content":{"rendered":"<p id=\"tw-target-text\" class=\"tw-data-text tw-text-large tw-ta\" dir=\"ltr\" tabindex=\"-1\" role=\"text\" data-placeholder=\"Translation\" data-ved=\"2ahUKEwjnkOqtz86QAxWCSvEDHTmxLMYQ3ewLegQIDBAV\" aria-label=\"Translated text: Ultimo aggiornamento: 2021-06-01\"><span class=\"Y2IQFc\" lang=\"it\">Ultimo aggiornamento: 2021-06-01<\/span><\/p>\n<h3>1. Cosa sono i cookie?<\/h3>\n<p><span style=\"font-weight: 400;\">I cookie sono piccoli file di testo memorizzati nel browser del tuo dispositivo (ad esempio, computer, telefono cellulare, tablet) quando navighi sui siti web. Altre tecnologie, inclusi i dati memorizzati nel tuo browser o dispositivo, gli identificatori relativi al tuo dispositivo e altri software, sono utilizzati per scopi simili. I cookie sono ampiamente utilizzati per consentire o migliorare le prestazioni dei siti web e renderle pi\u00f9 efficienti. Tutte le tecnologie sopra menzionate sono denominate &#8220;cookie&#8221; nella presente Politica.<\/span><\/p>\n<h3>2. Perch\u00e9 utilizziamo i cookie?<\/h3>\n<p><span style=\"font-weight: 400;\">Utilizziamo i cookie:<\/span><\/p>\n<ul>\n<li style=\"font-weight: 400;\" aria-level=\"1\"><span style=\"font-weight: 400;\">per continuare a migliorare il sito web in modo che sia pi\u00f9 attraente per te;<\/span><\/li>\n<li style=\"font-weight: 400;\" aria-level=\"1\"><span style=\"font-weight: 400;\">per monitorare e analizzare le tendenze delle visite sul nostro sito web;<\/span><\/li>\n<li style=\"font-weight: 400;\" aria-level=\"1\"><span style=\"font-weight: 400;\">per analizzare come i consumatori utilizzano il nostro sito web;<\/span><\/li>\n<li style=\"font-weight: 400;\" aria-level=\"1\"><span style=\"font-weight: 400;\">per garantire il corretto funzionamento del sito web e delle sue funzioni;<\/span><\/li>\n<li style=\"font-weight: 400;\" aria-level=\"1\"><span style=\"font-weight: 400;\">per rendere il marketing pi\u00f9 efficace;<\/span><\/li>\n<li style=\"font-weight: 400;\" aria-level=\"1\"><span style=\"font-weight: 400;\">per mostrare video di YouTube sul nostro sito web;<\/span><\/li>\n<li style=\"font-weight: 400;\" aria-level=\"1\"><span style=\"font-weight: 400;\">per ricordare la tua scelta della lingua del sito web;<\/span><\/li>\n<li style=\"font-weight: 400;\" aria-level=\"1\"><span style=\"font-weight: 400;\">per informare in modo appropriato sui cookie presenti sul nostro sito web.<\/span><\/li>\n<\/ul>\n<h3>3. Quali sono i tipi di cookie?<\/h3>\n<h4><b>(a) Cookie strettamente necessari<\/b><\/h4>\n<p><span style=\"font-weight: 400;\">Questi cookie sono necessari sul sito web affinch\u00e9 l&#8217;utente possa navigare e utilizzare le funzioni del sito web, ad esempio, memorizzare le informazioni inserite nei moduli quando l&#8217;utente si sposta da una pagina all&#8217;altra durante una sessione di navigazione. Senza i cookie strettamente necessari, alcuni servizi del sito web sarebbero impossibili e il sito web non funzionerebbe in modo cos\u00ec fluido come dovrebbe. Tali cookie non raccolgono alcuna informazione per scopi di marketing e non registrano le tue visite online.<\/span><\/p>\n<h4><b>(b) Cookie analitici<\/b><\/h4>\n<p><span style=\"font-weight: 400;\">I cookie analitici raccolgono informazioni sull&#8217;utilizzo del sito web e aiutano a migliorarne il funzionamento. Ad esempio, i cookie analitici possono mostrare quali pagine vengono visitate pi\u00f9 spesso, aiutare a registrare i guasti che si verificano sul sito web o mostrare se la pubblicit\u00e0 visualizzata sul sito web \u00e8 efficace. I cookie analitici non raccolgono informazioni personali dei visitatori e tutte le informazioni raccolte da tali cookie sono aggregate e anonime.<\/span><\/p>\n<h4><b>(c) Cookie funzionali<\/b><\/h4>\n<p><span style=\"font-weight: 400;\">I cookie funzionali consentono al sito web di memorizzare le tue scelte e offrire funzioni migliorate pi\u00f9 adatte alle tue esigenze. I cookie funzionali memorizzano anche le modifiche che apporti, ad esempio, le impostazioni individuali su una specifica pagina web, cos\u00ec come in altri casi, ad esempio quando guardi un video o lasci un commento sul nostro sito web. I cookie funzionali non tracciano le tue azioni su altri siti web.<\/span><\/p>\n<h4><b>(d) Cookie pubblicitari<\/b><\/h4>\n<p><span style=\"font-weight: 400;\">I cookie pubblicitari consentono la presentazione di annunci pi\u00f9 interessanti per soddisfare meglio i tuoi interessi o la limitazione degli annunci nella stessa sequenza di annunci sul sito web che visiti. Questo tipo di cookie viene utilizzato anche per valutare l&#8217;efficacia di una campagna. Tali cookie possono essere utilizzati per ricordare cosa hai fatto sul sito web.<\/span><\/p>\n<h3>4. Quali cookie utilizziamo?<\/h3>\n<table>\n<tbody>\n<tr>\n<td><b>CATEGORIA DI COOKIE<\/b><\/td>\n<td><b>NOME DEL COOKIE<\/b><\/td>\n<td><b>VALIDIT\u00c0 DEL COOKIE<\/b><\/td>\n<td><b>SCOPO DEL COOKIE<\/b><\/td>\n<\/tr>\n<tr>\n<td rowspan=\"2\"><span style=\"font-weight: 400;\">Cookie analitici<\/span><\/td>\n<td><span style=\"font-weight: 400;\">_ga<\/span><\/td>\n<td><span style=\"font-weight: 400;\">2 anni<\/span><\/td>\n<td><span style=\"font-weight: 400;\">Cookie di prima parte di Google utilizzati per raccogliere informazioni sulle visite al sito web e su come i nostri visitatori utilizzano il sito web. I cookie raccolgono informazioni, come il numero di visitatori del sito web, informazioni sul sito web da cui provengono i visitatori, le pagine visitate sul sito web, il browser utilizzato per la navigazione, il sistema operativo, ecc.<\/span><\/td>\n<\/tr>\n<tr>\n<td><span style=\"font-weight: 400;\">_ga_xxxxxxxxxx<\/span><\/td>\n<td><span style=\"font-weight: 400;\">2 anni<\/span><\/td>\n<td><\/td>\n<\/tr>\n<tr>\n<td rowspan=\"2\"><span style=\"font-weight: 400;\">Cookie funzionali<\/span><\/td>\n<td><span style=\"font-weight: 400;\">cookieBannerDisplayed<\/span><\/td>\n<td><span style=\"font-weight: 400;\">Fino alla fine della sessione di navigazione<\/span><\/td>\n<td><span style=\"font-weight: 400;\">Per le notifiche sull&#8217;uso dei cookie.<\/span><\/td>\n<\/tr>\n<tr>\n<td><span style=\"font-weight: 400;\">public_lang<\/span><\/td>\n<td><span style=\"font-weight: 400;\">181 giorni<\/span><\/td>\n<td><span style=\"font-weight: 400;\">Per memorizzare la lingua del sito web utilizzata.<\/span><\/td>\n<\/tr>\n<tr>\n<td rowspan=\"15\"><span style=\"font-weight: 400;\">Cookie pubblicitari<\/span><\/td>\n<td><span style=\"font-weight: 400;\">dpr<\/span><\/td>\n<td><span style=\"font-weight: 400;\">7 giorni<\/span><\/td>\n<td><span style=\"font-weight: 400;\">Cookie di terze parti di Facebook per conservare le informazioni su un utente Facebook che ha effettuato l&#8217;accesso al fine di offrire annunci e aggiornare il contenuto. Il contenuto del cookie \u00e8 approvato tramite i termini e le condizioni per l&#8217;uso di Facebook.<\/span><\/td>\n<\/tr>\n<tr>\n<td><span style=\"font-weight: 400;\">fr<\/span><\/td>\n<td><span style=\"font-weight: 400;\">90 giorni<\/span><\/td>\n<td><span style=\"font-weight: 400;\">Cookie di terze parti di Facebook per la presentazione di annunci, la misurazione delle conversioni pubblicitarie e per il miglioramento della pertinenza degli annunci.<\/span><\/td>\n<\/tr>\n<tr>\n<td><span style=\"font-weight: 400;\">IDE<\/span><\/td>\n<td><span style=\"font-weight: 400;\">390 giorni<\/span><\/td>\n<td><span style=\"font-weight: 400;\">Cookie di terze parti di DoubleClick per la presentazione di annunci Google su siti web diversi da Google. Gli annunci mirati vengono mostrati in base alle precedenti visite sul sito web. Questi cookie misurano anche le conversioni pubblicitarie.<\/span><\/td>\n<\/tr>\n<tr>\n<td><span style=\"font-weight: 400;\">test_cookie<\/span><\/td>\n<td><span style=\"font-weight: 400;\">Pochi secondi<\/span><\/td>\n<td><span style=\"font-weight: 400;\">Cookie di terze parti di DoubleClick per identificare se il browser utilizzato dal visitatore supporta i cookie.<\/span><\/td>\n<\/tr>\n<tr>\n<td><span style=\"font-weight: 400;\">1P_JAR<\/span><\/td>\n<td><span style=\"font-weight: 400;\">30 giorni<\/span><\/td>\n<td><span style=\"font-weight: 400;\">Questi cookie vengono salvati tramite i video di YouTube caricati. Registrano dati statistici anonimi, ad esempio, quante volte viene riprodotto il video e quali impostazioni vengono utilizzate per la riproduzione. Non vengono raccolti dati sensibili e, se non hai effettuato l&#8217;accesso all&#8217;account Google, le tue azioni sono collegate al tuo account Google, ad esempio, se fai clic su &#8220;Mi piace&#8221; sul video.<\/span><\/td>\n<\/tr>\n<tr>\n<td><span style=\"font-weight: 400;\">NID<\/span><\/td>\n<td><span style=\"font-weight: 400;\">6 mesi<\/span><\/td>\n<td><\/td>\n<\/tr>\n<tr>\n<td><span style=\"font-weight: 400;\">__Secure-3PSIDCC<\/span><\/td>\n<td><span style=\"font-weight: 400;\">2 anni<\/span><\/td>\n<td><\/td>\n<\/tr>\n<tr>\n<td><span style=\"font-weight: 400;\">__Secure-3PAPISID<\/span><\/td>\n<td><span style=\"font-weight: 400;\">2 anni<\/span><\/td>\n<td><\/td>\n<\/tr>\n<tr>\n<td><span style=\"font-weight: 400;\">__Secure-3PSID<\/span><\/td>\n<td><span style=\"font-weight: 400;\">2 anni<\/span><\/td>\n<td><\/td>\n<\/tr>\n<tr>\n<td><span style=\"font-weight: 400;\">CONSENT<\/span><\/td>\n<td><span style=\"font-weight: 400;\">200 mesi<\/span><\/td>\n<td><span style=\"font-weight: 400;\">Per ottenere maggiori informazioni, leggi la<\/span><a href=\"https:\/\/policies.google.com\/privacy?hl=it\" target=\"_blank\" rel=\"noopener\"> <span style=\"font-weight: 400;\">Politica sulla privacy di Google<\/span><\/a><span style=\"font-weight: 400;\">.<\/span><\/td>\n<\/tr>\n<tr>\n<td><span style=\"font-weight: 400;\">GPS<\/span><\/td>\n<td><span style=\"font-weight: 400;\">30 minuti<\/span><\/td>\n<td><\/td>\n<\/tr>\n<tr>\n<td><span style=\"font-weight: 400;\">PREF<\/span><\/td>\n<td><span style=\"font-weight: 400;\">2 anni<\/span><\/td>\n<td><\/td>\n<\/tr>\n<tr>\n<td><span style=\"font-weight: 400;\">VISITOR_INFO1_LIVE<\/span><\/td>\n<td><span style=\"font-weight: 400;\">6 mesi<\/span><\/td>\n<td><\/td>\n<\/tr>\n<tr>\n<td><span style=\"font-weight: 400;\">YSC<\/span><\/td>\n<td><span style=\"font-weight: 400;\">Fino alla fine della sessione di navigazione<\/span><\/td>\n<td><\/td>\n<\/tr>\n<tr>\n<td><span style=\"font-weight: 400;\">_fbp<\/span><\/td>\n<td><span style=\"font-weight: 400;\">6 mesi<\/span><\/td>\n<td><span style=\"font-weight: 400;\">Cookie di prima parte di Facebook utilizzato per la presentazione dei nostri annunci su Facebook.<\/span><\/td>\n<\/tr>\n<\/tbody>\n<\/table>\n<h3>5. Come posso controllare i cookie?<\/h3>\n<p><span style=\"font-weight: 400;\">Puoi controllare l&#8217;uso dei cookie modificando le impostazioni del tuo browser. Maggiori informazioni sono disponibili sul sito web del fornitore del browser che utilizzi.<\/span><\/p>\n<p><span style=\"font-weight: 400;\">Si prega di notare che la cancellazione dei cookie o la disabilitazione dei cookie per un uso futuro pu\u00f2 rendere non disponibili alcune parti o funzioni del nostro sito web. Se modifichi le impostazioni dei cookie, ci\u00f2 avr\u00e0 un effetto anche su altri siti web che visiti.<\/span><\/p>\n","protected":false},"excerpt":{"rendered":"<p>Ultimo aggiornamento: 2021-06-01 1. Cosa sono i cookie? I cookie sono piccoli file di testo memorizzati nel browser del tuo dispositivo (ad esempio, computer, telefono cellulare, tablet) quando navighi sui siti web. Altre tecnologie, inclusi i dati memorizzati nel tuo browser o dispositivo, gli identificatori relativi al tuo dispositivo e altri software, sono utilizzati per&#8230;<\/p>\n","protected":false},"author":1,"featured_media":0,"parent":0,"menu_order":0,"comment_status":"closed","ping_status":"closed","template":"page-templates\/privacy-policy.php","meta":{"_acf_changed":false,"inline_featured_image":false,"footnotes":""},"class_list":["post-1216530","page","type-page","status-publish","hentry"],"acf":[],"_links":{"self":[{"href":"https:\/\/robin.jobs\/it\/wp-json\/wp\/v2\/pages\/1216530","targetHints":{"allow":["GET"]}}],"collection":[{"href":"https:\/\/robin.jobs\/it\/wp-json\/wp\/v2\/pages"}],"about":[{"href":"https:\/\/robin.jobs\/it\/wp-json\/wp\/v2\/types\/page"}],"author":[{"embeddable":true,"href":"https:\/\/robin.jobs\/it\/wp-json\/wp\/v2\/users\/1"}],"replies":[{"embeddable":true,"href":"https:\/\/robin.jobs\/it\/wp-json\/wp\/v2\/comments?post=1216530"}],"version-history":[{"count":4,"href":"https:\/\/robin.jobs\/it\/wp-json\/wp\/v2\/pages\/1216530\/revisions"}],"predecessor-version":[{"id":1255631,"href":"https:\/\/robin.jobs\/it\/wp-json\/wp\/v2\/pages\/1216530\/revisions\/1255631"}],"wp:attachment":[{"href":"https:\/\/robin.jobs\/it\/wp-json\/wp\/v2\/media?parent=1216530"}],"curies":[{"name":"wp","href":"https:\/\/api.w.org\/{rel}","templated":true}]}}