{"id":233,"date":"2016-07-15T07:42:41","date_gmt":"2016-07-15T07:42:41","guid":{"rendered":"https:\/\/robin.jobs\/qbis-2\/?page_id=233"},"modified":"2026-04-05T13:22:03","modified_gmt":"2026-04-05T10:22:03","slug":"qbis-2","status":"publish","type":"page","link":"https:\/\/robin.jobs\/hu\/","title":{"rendered":"K\u00fclf\u00f6ldi Munka Sz\u00e1ll\u00e1ssal &#8211; Homepage"},"content":{"rendered":"","protected":false},"excerpt":{"rendered":"","protected":false},"author":1,"featured_media":1203113,"parent":0,"menu_order":0,"comment_status":"closed","ping_status":"closed","template":"page-templates\/flexible-content.php","meta":{"_acf_changed":false,"inline_featured_image":false,"footnotes":""},"class_list":["post-233","page","type-page","status-publish","has-post-thumbnail","hentry"],"acf":[],"_links":{"self":[{"href":"https:\/\/robin.jobs\/hu\/wp-json\/wp\/v2\/pages\/233","targetHints":{"allow":["GET"]}}],"collection":[{"href":"https:\/\/robin.jobs\/hu\/wp-json\/wp\/v2\/pages"}],"about":[{"href":"https:\/\/robin.jobs\/hu\/wp-json\/wp\/v2\/types\/page"}],"author":[{"embeddable":true,"href":"https:\/\/robin.jobs\/hu\/wp-json\/wp\/v2\/users\/1"}],"replies":[{"embeddable":true,"href":"https:\/\/robin.jobs\/hu\/wp-json\/wp\/v2\/comments?post=233"}],"version-history":[{"count":5,"href":"https:\/\/robin.jobs\/hu\/wp-json\/wp\/v2\/pages\/233\/revisions"}],"predecessor-version":[{"id":1251322,"href":"https:\/\/robin.jobs\/hu\/wp-json\/wp\/v2\/pages\/233\/revisions\/1251322"}],"wp:featuredmedia":[{"embeddable":true,"href":"https:\/\/robin.jobs\/hu\/wp-json\/wp\/v2\/media\/1203113"}],"wp:attachment":[{"href":"https:\/\/robin.jobs\/hu\/wp-json\/wp\/v2\/media?parent=233"}],"curies":[{"name":"wp","href":"https:\/\/api.w.org\/{rel}","templated":true}]}}