{"id":176454,"date":"2016-09-28T11:59:43","date_gmt":"2016-09-28T08:59:43","guid":{"rendered":"https:\/\/robin.jobs\/qbis-2\/?page_id=176454"},"modified":"2026-01-06T02:35:01","modified_gmt":"2026-01-05T23:35:01","slug":"adatvedelmi-iranyelvek","status":"publish","type":"page","link":"https:\/\/robin.jobs\/hu\/adatvedelmi-iranyelvek","title":{"rendered":"Adatv\u00e9delmi ir\u00e1nyelvek"},"content":{"rendered":"<p><span style=\"font-weight: 400;\">Az UAB Robin Jobs gondoskodik az \u00d6n adatainak v\u00e9delm\u00e9r\u0151l. Betartjuk az Eur\u00f3pai Uni\u00f3 \u00e1ltal\u00e1nos adatv\u00e9delmi rendelet\u00e9t (GDPR) \u00e9s m\u00e1s t\u00f6rv\u00e9nyeket, amelyek v\u00e9dik az \u00d6n adatait, amelyeket t\u00e1rsas\u00e1gunkn\u00e1l gy\u0171jt\u00fcnk, haszn\u00e1lunk \u00e9s t\u00e1rolunk.<\/span><\/p>\n<p>&nbsp;<\/p>\n<p><b>1. Adatv\u00e9delmi ir\u00e1nyelvek<\/b><\/p>\n<p>&nbsp;<\/p>\n<p><span style=\"font-weight: 400;\">Adatv\u00e9delmi ir\u00e1nyelveink megv\u00e1laszolj\u00e1k az \u00f6nre vonatkoz\u00f3 inform\u00e1ci\u00f3k gy\u0171jt\u00e9s\u00e9vel, felhaszn\u00e1l\u00e1s\u00e1val \u00e9s t\u00e1rol\u00e1s\u00e1val kapcsolatos legfontosabb k\u00e9rd\u00e9seket. Ha b\u00e1rmilyen k\u00e9rd\u00e9se van, sz\u00edvesen seg\u00edt\u00fcnk az al\u00e1bbiakban le\u00edrtak szerint.<\/span><\/p>\n<p>&nbsp;<\/p>\n<p><span style=\"font-weight: 400;\">K\u00e9rj\u00fck, figyelmesen olvassa el adatv\u00e9delmi ir\u00e1nyelveinket:<\/span><\/p>\n<p>&nbsp;<\/p>\n<table>\n<tbody>\n<tr>\n<td><span style=\"color: #3366ff;\"><strong><a style=\"color: #3366ff;\" href=\"https:\/\/robin.jobs\/hu\/privacy-policy-for-website-visitors\"><span style=\"color: #0000ff;\">Adatv\u00e9delmi ir\u00e1nyelvek a webhely l\u00e1togat\u00f3i sz\u00e1m\u00e1ra<\/span><\/a><\/strong><\/span><\/td>\n<td><span style=\"color: #0000ff;\"><strong><a style=\"color: #0000ff;\" href=\"https:\/\/robin.jobs\/hu\/cookie-policy\">S\u00fcti ir\u00e1nyelvek<\/a><\/strong><\/span><\/td>\n<td><span style=\"color: #0000ff;\"><strong><a style=\"color: #0000ff;\" href=\"https:\/\/robin.jobs\/hu\/privacy-policy-for-persons-submitting-inquiries-requests-complaints\">Adatv\u00e9delmi ir\u00e1nyelvek az \u00e9rdekl\u0151d\u0151 szem\u00e9lyek sz\u00e1m\u00e1ra<\/a><\/strong><\/span><\/td>\n<td><span style=\"color: #0000ff;\"><a style=\"color: #0000ff;\" href=\"https:\/\/robin.jobs\/hu\/privacy-policy-for-registered-users\"><b><strong><span style=\"color: #0000ff;\">Adatv\u00e9delmi ir\u00e1nyelvek a regisztr\u00e1lt felhaszn\u00e1l\u00f3k sz\u00e1m\u00e1ra<\/span><\/strong><\/b><\/a><\/span><\/td>\n<\/tr>\n<\/tbody>\n<\/table>\n<p>&nbsp;<\/p>\n<p><b>2. El\u00e9rhet\u0151s\u00e9geink<\/b><\/p>\n<p>&nbsp;<\/p>\n<p><span style=\"font-weight: 400;\">Ha b\u00e1rmilyen k\u00e9rd\u00e9se, \u00e9szrev\u00e9tele vagy panasza van azzal kapcsolatban, hogy mik\u00e9nt gy\u0171jtj\u00fck, haszn\u00e1ljuk \u00e9s t\u00e1roljuk az \u00d6nnel kapcsolatos inform\u00e1ci\u00f3kat, k\u00e9szs\u00e9gesen seg\u00edt\u00fcnk \u00d6nnek. Ha seg\u00edts\u00e9gre van sz\u00fcks\u00e9ge, l\u00e9pjen vel\u00fcnk kapcsolatba a finance@robin.jobs e-mail c\u00edmen.<\/span><\/p>\n<p>&nbsp;<\/p>\n<p><b>3. Jogaim<\/b><\/p>\n<p>&nbsp;<\/p>\n<p><span style=\"font-weight: 400;\">Az al\u00e1bbiakban felsorolt \u200b\u200btev\u00e9kenys\u00e9gek v\u00e9grehajt\u00e1sa \u00e9rdek\u00e9ben k\u00e9rj\u00fck, l\u00e9pjen vel\u00fcnk kapcsolatba a 2. pontban megadott el\u00e9rhet\u0151s\u00e9gen. Felh\u00edvjuk figyelm\u00e9t, hogy ezekre a jogokra t\u00f6rv\u00e9nyi felt\u00e9telek \u00e9s kiv\u00e9telek vonatkoznak:<\/span><\/p>\n<p>&nbsp;<\/p>\n<ul>\n<li aria-level=\"1\"><b>Az \u00d6nr\u0151l t\u00e1rolt inform\u00e1ci\u00f3khoz val\u00f3 hozz\u00e1f\u00e9r\u00e9s k\u00e9r\u00e9s\u00e9nek joga;<\/b><\/li>\n<\/ul>\n<ul>\n<li aria-level=\"1\"><b>Az \u00d6nr\u0151l t\u00e1rolt inform\u00e1ci\u00f3k helyesb\u00edt\u00e9si k\u00e9relm\u00e9nek joga;<\/b><\/li>\n<\/ul>\n<ul>\n<li aria-level=\"1\"><b>Az \u00d6nr\u0151l t\u00e1rolt inform\u00e1ci\u00f3k t\u00f6rl\u00e9si k\u00e9relm\u00e9nek joga;<\/b><\/li>\n<\/ul>\n<ul>\n<li aria-level=\"1\"><b>Az \u00d6nr\u0151l t\u00e1rolt inform\u00e1ci\u00f3khoz vagy azok t\u00f6rl\u00e9s\u00e9hez val\u00f3 hozz\u00e1f\u00e9r\u00e9s korl\u00e1toz\u00e1si k\u00e9relm\u00e9nek joga;<\/b><\/li>\n<\/ul>\n<ul>\n<li aria-level=\"1\"><b>A t\u00e1rsas\u00e1gunkn\u00e1l \u00d6nr\u0151l t\u00e1rolt inform\u00e1ci\u00f3k gy\u0171jt\u00e9s\u00e9nek, felhaszn\u00e1l\u00e1s\u00e1nak \u00e9s t\u00e1rol\u00e1s\u00e1nak megt\u00e1mad\u00e1s\u00e1hoz val\u00f3 jog;<\/b><\/li>\n<\/ul>\n<ul>\n<li aria-level=\"1\"><b>Adatai export\u00e1l\u00e1s\u00e1nak vagy m\u00e1s t\u00e1rsas\u00e1ghoz t\u00f6rt\u00e9n\u0151 tov\u00e1bb\u00edt\u00e1s\u00e1nak k\u00e9relm\u00e9hez val\u00f3 jog ;<\/b><\/li>\n<\/ul>\n<ul>\n<li aria-level=\"1\"><b>Az \u00c1llami Adatv\u00e9delmi Fel\u00fcgyel\u0151s\u00e9ghez t\u00f6rt\u00e9n\u0151 panaszt\u00e9tel joga (tov\u00e1bbi inform\u00e1ci\u00f3: <\/b><b>vdai.lrv.lt<\/b><b>).\u00a0<\/b><\/li>\n<\/ul>\n<p>&nbsp;<\/p>\n<p><a href=\"https:\/\/robin.jobs\/hu\/wp-content\/uploads\/sites\/16\/2021\/06\/privacy-rules-freelancers.docx\">Adatv\u00e9delem azon szabad\u00fasz\u00f3 munkav\u00e1llal\u00f3k sz\u00e1m\u00e1ra, akikkel a Robin egy\u00fcttm\u0171k\u00f6dik<\/a><\/p>\n","protected":false},"excerpt":{"rendered":"<p>Az UAB Robin Jobs gondoskodik az \u00d6n adatainak v\u00e9delm\u00e9r\u0151l. Betartjuk az Eur\u00f3pai Uni\u00f3 \u00e1ltal\u00e1nos adatv\u00e9delmi rendelet\u00e9t (GDPR) \u00e9s m\u00e1s t\u00f6rv\u00e9nyeket, amelyek v\u00e9dik az \u00d6n adatait, amelyeket t\u00e1rsas\u00e1gunkn\u00e1l gy\u0171jt\u00fcnk, haszn\u00e1lunk \u00e9s t\u00e1rolunk. &nbsp; 1. Adatv\u00e9delmi ir\u00e1nyelvek &nbsp; Adatv\u00e9delmi ir\u00e1nyelveink megv\u00e1laszolj\u00e1k az \u00f6nre vonatkoz\u00f3 inform\u00e1ci\u00f3k gy\u0171jt\u00e9s\u00e9vel, felhaszn\u00e1l\u00e1s\u00e1val \u00e9s t\u00e1rol\u00e1s\u00e1val kapcsolatos legfontosabb k\u00e9rd\u00e9seket. Ha b\u00e1rmilyen k\u00e9rd\u00e9se van, sz\u00edvesen&#8230;<\/p>\n","protected":false},"author":1,"featured_media":0,"parent":0,"menu_order":0,"comment_status":"closed","ping_status":"closed","template":"","meta":{"_acf_changed":false,"inline_featured_image":false,"footnotes":""},"class_list":["post-176454","page","type-page","status-publish","hentry"],"acf":[],"_links":{"self":[{"href":"https:\/\/robin.jobs\/hu\/wp-json\/wp\/v2\/pages\/176454","targetHints":{"allow":["GET"]}}],"collection":[{"href":"https:\/\/robin.jobs\/hu\/wp-json\/wp\/v2\/pages"}],"about":[{"href":"https:\/\/robin.jobs\/hu\/wp-json\/wp\/v2\/types\/page"}],"author":[{"embeddable":true,"href":"https:\/\/robin.jobs\/hu\/wp-json\/wp\/v2\/users\/1"}],"replies":[{"embeddable":true,"href":"https:\/\/robin.jobs\/hu\/wp-json\/wp\/v2\/comments?post=176454"}],"version-history":[{"count":5,"href":"https:\/\/robin.jobs\/hu\/wp-json\/wp\/v2\/pages\/176454\/revisions"}],"predecessor-version":[{"id":1247003,"href":"https:\/\/robin.jobs\/hu\/wp-json\/wp\/v2\/pages\/176454\/revisions\/1247003"}],"wp:attachment":[{"href":"https:\/\/robin.jobs\/hu\/wp-json\/wp\/v2\/media?parent=176454"}],"curies":[{"name":"wp","href":"https:\/\/api.w.org\/{rel}","templated":true}]}}