{"id":1230525,"date":"2025-06-17T06:50:47","date_gmt":"2025-06-17T03:50:47","guid":{"rendered":"https:\/\/robin.jobs\/hu\/?page_id=1230525"},"modified":"2025-07-05T23:21:46","modified_gmt":"2025-07-05T20:21:46","slug":"allasok-paroknak","status":"publish","type":"page","link":"https:\/\/robin.jobs\/hu\/munka-hollandiaban\/allasok-paroknak","title":{"rendered":"P\u00e1roknak sz\u00f3l\u00f3 \u00e1ll\u00e1sok sz\u00e1ll\u00e1ssal Hollandi\u00e1ban"},"content":{"rendered":"","protected":false},"excerpt":{"rendered":"","protected":false},"author":1,"featured_media":1230526,"parent":1206467,"menu_order":0,"comment_status":"closed","ping_status":"closed","template":"page-templates\/flexible-content.php","meta":{"_acf_changed":false,"inline_featured_image":false,"footnotes":""},"class_list":["post-1230525","page","type-page","status-publish","has-post-thumbnail","hentry"],"acf":[],"_links":{"self":[{"href":"https:\/\/robin.jobs\/hu\/wp-json\/wp\/v2\/pages\/1230525","targetHints":{"allow":["GET"]}}],"collection":[{"href":"https:\/\/robin.jobs\/hu\/wp-json\/wp\/v2\/pages"}],"about":[{"href":"https:\/\/robin.jobs\/hu\/wp-json\/wp\/v2\/types\/page"}],"author":[{"embeddable":true,"href":"https:\/\/robin.jobs\/hu\/wp-json\/wp\/v2\/users\/1"}],"replies":[{"embeddable":true,"href":"https:\/\/robin.jobs\/hu\/wp-json\/wp\/v2\/comments?post=1230525"}],"version-history":[{"count":3,"href":"https:\/\/robin.jobs\/hu\/wp-json\/wp\/v2\/pages\/1230525\/revisions"}],"predecessor-version":[{"id":1231403,"href":"https:\/\/robin.jobs\/hu\/wp-json\/wp\/v2\/pages\/1230525\/revisions\/1231403"}],"up":[{"embeddable":true,"href":"https:\/\/robin.jobs\/hu\/wp-json\/wp\/v2\/pages\/1206467"}],"wp:featuredmedia":[{"embeddable":true,"href":"https:\/\/robin.jobs\/hu\/wp-json\/wp\/v2\/media\/1230526"}],"wp:attachment":[{"href":"https:\/\/robin.jobs\/hu\/wp-json\/wp\/v2\/media?parent=1230525"}],"curies":[{"name":"wp","href":"https:\/\/api.w.org\/{rel}","templated":true}]}}