{"id":1207296,"date":"2021-06-09T13:18:21","date_gmt":"2021-06-09T10:18:21","guid":{"rendered":"https:\/\/robin.jobs\/hu\/?page_id=1207296"},"modified":"2021-06-11T16:53:19","modified_gmt":"2021-06-11T13:53:19","slug":"terms-and-conditions","status":"publish","type":"page","link":"https:\/\/robin.jobs\/hu\/terms-and-conditions","title":{"rendered":"A MUNKAER\u0150-K\u00d6ZVET\u00cdT\u00c9SI"},"content":{"rendered":"<p><b>A MUNKAER\u0150-K\u00d6ZVET\u00cdT\u00c9SI SZOLG\u00c1LTAT\u00c1SR\u00d3L SZ\u00d3L\u00d3 MEG\u00c1LLAPOD\u00c1S \u00c1LTAL\u00c1NOS SZERZ\u0150D\u00c9SI FELT\u00c9TELEI<\/b><\/p>\n<p>Utols\u00f3 friss\u00edt\u00e9s: 2021-06-01<\/p>\n<p>Az UAB Robin Jobs gondoskodik az \u00d6n adatainak v\u00e9delm\u00e9r\u0151l. Betartjuk az Eur\u00f3pai Uni\u00f3 \u00e1ltal\u00e1nos adatv\u00e9delmi rendelet\u00e9t (GDPR) \u00e9s m\u00e1s t\u00f6rv\u00e9nyeket, amelyek v\u00e9dik az \u00d6n adatait, amelyeket t\u00e1rsas\u00e1gunkban gy\u0171jt\u00fcnk, haszn\u00e1lunk \u00e9s t\u00e1rolunk.<\/p>\n<p><strong>1. Hogyan kell \u00e9rtelmezni az adatv\u00e9delmi ir\u00e1nyelveket?<\/strong><\/p>\n<p>Ezek az adatv\u00e9delmi ir\u00e1nyelvek megv\u00e1laszolj\u00e1k azokat a kulcsfontoss\u00e1g\u00fa k\u00e9rd\u00e9seket, amelyek arra vonatkoznak, hogyan gy\u0171jtj\u00fck, haszn\u00e1ljuk \u00e9s t\u00e1roljuk az \u00d6nre vonatkoz\u00f3 inform\u00e1ci\u00f3kat. Abban az esetben, ha b\u00e1rmilyen k\u00e9rd\u00e9se lenne, vagy a jelen dokumentum b\u00e1rmely r\u00e9sze nem vil\u00e1gos, k\u00e9szen \u00e1llunk seg\u00edteni \u00d6nnek a jelen adatv\u00e9delmi ir\u00e1nyelv 10. szakasz\u00e1ban le\u00edrtak szerint. Felh\u00edvjuk figyelm\u00e9t, hogy a jelen adatv\u00e9delmi ir\u00e1nyelvekben a \u201emi\u201d sz\u00f3ra t\u00f6rt\u00e9n\u0151 b\u00e1rmilyen utal\u00e1s a T\u00e1rsas\u00e1gunkat jelenti, amint az az adatv\u00e9delmi ir\u00e1nyelv 2. szakasz\u00e1ban szerepel.<\/p>\n<p><strong>2. Ki a felel\u0151s az adataim v\u00e9delm\u00e9\u00e9rt?<\/strong><\/p>\n<p>Mi vagyunk\u00a0\u2013 UAB Robin Jobs;<br \/>\nJogi szem\u00e9ly\u00fcnk azonos\u00edt\u00f3ja: 300659719;<br \/>\nC\u00edm\u00fcnk: Naru\u010dio g. 3, Vilnius;<br \/>\nE-mail: finance@robin.jobs<\/p>\n<p><strong>3. Mi\u00e9rt gy\u0171jtenek inform\u00e1ci\u00f3kat r\u00f3lam?<\/strong><\/p>\n<p>A k\u00f6vetkez\u0151 c\u00e9lb\u00f3l gy\u0171jtj\u00fck, haszn\u00e1ljuk \u00e9s t\u00e1roljuk az adatait:<br \/>\na be\u00e9rkez\u0151 k\u00e9rd\u00e9sek, k\u00e9r\u00e9sek \u00e9s panaszok kezel\u00e9se \u00e9s megfelel\u0151 m\u00f3don val\u00f3 megv\u00e1laszol\u00e1sa c\u00e9lj\u00e1b\u00f3l;<br \/>\njogi k\u00f6telezetts\u00e9g\u00fcnk a T\u00e1rsas\u00e1g tev\u00e9kenys\u00e9g\u00e9r\u0151l nyilv\u00e1ntart\u00e1st vezetni;;<br \/>\njogos \u00e9rdekeink v\u00e9delme \u00e9rdek\u00e9ben &#8211; ha erre sz\u00fcks\u00e9g lenne, akkor felhaszn\u00e1lhatn\u00e1nk az \u00d6n szem\u00e9lyes adatait jogos \u00e9rdekeink, k\u00f6zt\u00fck a j\u00f3 h\u00edrn\u00e9v v\u00e9delme \u00e9rdek\u00e9ben a b\u00edr\u00f3s\u00e1gokon, a b\u00edr\u00f3s\u00e1g el\u0151tti vitarendez\u00e9si t\u00e1rgyal\u00e1sokon \u00e9s m\u00e1s illet\u00e9kes hat\u00f3s\u00e1gokban.<\/p>\n<p><strong>4. Milyen inform\u00e1ci\u00f3kat kell megadnom \u00d6n\u00f6knek \u00e9s mi\u00e9rt?<\/strong><\/p>\n<p>A weblapon felt\u00fcntetett kapcsolattart\u00e1si e-mail c\u00edmeken, postai \u00faton vagy m\u00e1s kommunik\u00e1ci\u00f3s \u00faton t\u00f6rt\u00e9n\u0151 megkeres\u00e9s beny\u00fajt\u00e1sakor meg kell adnia keresztnev\u00e9t, vezet\u00e9knev\u00e9t, e-mail c\u00edm\u00e9t vagy egy\u00e9b el\u00e9rhet\u0151s\u00e9g\u00e9t, a megkeres\u00e9s t\u00e1rgy\u00e1t, valamint a vizsg\u00e1lat szempontj\u00e1b\u00f3l relev\u00e1ns inform\u00e1ci\u00f3kat. \u00c9rdekl\u0151d\u00e9s\u00e9nek beny\u00fajt\u00e1sakor felk\u00e9rhetj\u00fck \u00d6nt arra, hogy adjon meg tov\u00e1bbi inform\u00e1ci\u00f3kat mag\u00e1r\u00f3l, hogy megfelel\u0151 m\u00f3don v\u00e1laszolhassunk megkeres\u00e9s\u00e9re.<\/p>\n<p><strong>5. Mi a jogalapja a r\u00f3lam sz\u00f3l\u00f3 inform\u00e1ci\u00f3k gy\u0171jt\u00e9s\u00e9nek?<\/strong><\/p>\n<p>T\u00f6rv\u00e9nyesen gy\u0171jt\u00fcnk \u00e9s t\u00e1rolunk \u00d6nr\u0151l inform\u00e1ci\u00f3kat a k\u00f6vetkez\u0151k alapj\u00e1n:<br \/>\nha \u00d6n k\u00e9rd\u00e9st, k\u00e9relmet vagy panaszt tesz fel\u00e9nk a k\u00f6zt\u00fcnk k\u00f6t\u00f6tt szerz\u0151d\u00e9ssel kapcsolatban, vagy szerz\u0151d\u00e9st szeretne k\u00f6tni, ezeket az adatokat a szerz\u0151d\u00e9sek teljes\u00edt\u00e9se vagy megk\u00f6t\u00e9se c\u00e9lj\u00e1b\u00f3l gy\u0171jtj\u00fck (GDPR 6. cikk (1) bekezd\u00e9s b) pont);<br \/>\nha \u00d6n a szerz\u0151d\u00e9s megk\u00f6t\u00e9s\u00e9t\u0151l vagy teljes\u00edt\u00e9s\u00e9t\u0151l elt\u00e9r\u0151 okb\u00f3l keres meg vagy tesz panaszt, akkor jogos \u00e9rdek\u00fcnk van a be\u00e9rkezett k\u00e9rd\u00e9sek kezel\u00e9s\u00e9re (GDPR 6. cikk (1) bekezd\u00e9s f) pont);<br \/>\njogi k\u00f6telezetts\u00e9g\u00fcnk van a megkeres\u00e9sek, k\u00e9r\u00e9sek \u00e9s panaszok t\u00e1rol\u00e1s\u00e1ra (GDPR 6. cikk (1) bekezd\u00e9s c) pont);<br \/>\njogos \u00e9rdek\u00fcnk a jogaink v\u00e9delme a b\u00edr\u00f3s\u00e1gokn\u00e1l \u00e9s m\u00e1s hat\u00f3s\u00e1gokn\u00e1l (GDPR 6. cikk (1) bekezd\u00e9s f) pont).<\/p>\n<p><strong>6. Gy\u0171jtenek-e r\u00f3lam b\u00e1rmilyen \u00e9rz\u00e9keny adatot?<\/strong><\/p>\n<p>Az \u00d6nnel kapcsolatos \u00e9rz\u00e9keny adatokat nem gy\u0171jtj\u00fck \u00f6ssze, \u00e9s ha ez nem relev\u00e1ns az \u00d6n \u00e1ltal beny\u00fajtott vagy tervezett panasz, k\u00e9r\u00e9s vagy megkeres\u00e9s szempontj\u00e1b\u00f3l, k\u00e9rj\u00fck, ne adja meg ezeket az inform\u00e1ci\u00f3kat. Ha ennek ellen\u00e9re ilyen inform\u00e1ci\u00f3t k\u00f6z\u00f6l, \u00fagy kezelj\u00fck, hogy \u00d6n beleegyez\u00e9s\u00e9t adta ezen inform\u00e1ci\u00f3k feldolgoz\u00e1s\u00e1ba (GDPR 9. cikk (2) bekezd\u00e9s a) pont).<\/p>\n<p><strong>7. Megosztj\u00e1k az adataimat m\u00e1s szervezetekkel?<\/strong><\/p>\n<p>Az \u00d6nre vonatkoz\u00f3 inform\u00e1ci\u00f3kat \u00e1tadhatjuk:<br \/>\nolyan t\u00e1rsas\u00e1goknak, amelyek jogi szolg\u00e1ltat\u00e1sokat ny\u00fajtanak \u00e9s \/ vagy \u00fcgyv\u00e9di irod\u00e1knak a jogos \u00e9rdekeink v\u00e9delm\u00e9hez sz\u00fcks\u00e9ges m\u00e9rt\u00e9kben;<br \/>\nb\u00edr\u00f3s\u00e1gi v\u00e9grehajt\u00f3knak a meg\u00edt\u00e9lt \u00f6sszegek behajt\u00e1s\u00e1hoz sz\u00fcks\u00e9ges m\u00e9rt\u00e9kben;<br \/>\nszolg\u00e1ltat\u00f3inknak &#8211; kommunik\u00e1ci\u00f3s (e-mail) \u00e9s adatt\u00e1r-szolg\u00e1ltat\u00f3k<\/p>\n<p><strong>8. Mennyi ideig \u0151rzik a velem kapcsolatos inform\u00e1ci\u00f3kat?<\/strong><\/p>\n<p>Adatait a k\u00f6vetkez\u0151 m\u00f3dokon \u0151rizz\u00fck:<br \/>\nha megkeres\u00e9se olyan szerz\u0151d\u00e9sre vonatkozik, amelyet megk\u00f6t\u00f6tt\u00fcnk vagy tervez\u00fcnk megk\u00f6tni, az \u00d6n adatait a szerz\u0151d\u00e9s lej\u00e1rta ut\u00e1n 10 \u00e9vig t\u00e1roljuk;<br \/>\nha panaszt, k\u00e9relmet vagy b\u00e1rmilyen m\u00e1s k\u00e9rd\u00e9st ny\u00fajtott be hozz\u00e1nk, amely nem kapcsol\u00f3dik a szerz\u0151d\u00e9s megk\u00f6t\u00e9s\u00e9hez vagy teljes\u00edt\u00e9s\u00e9hez, akkor azt a c\u00e9g\u00fcnkben t\u00f6rt\u00e9nt d\u00f6nt\u00e9s meghozatal\u00e1t k\u00f6vet\u0151en 1 \u00e9vig megtartjuk;<br \/>\na b\u00edr\u00f3s\u00e1gokhoz vagy m\u00e1s vitarendez\u00e9si vagy b\u0171n\u00fcld\u00f6z\u00e9si int\u00e9zm\u00e9nyhez beny\u00fajtott dokumentumokat a joger\u0151s d\u00f6nt\u00e9s ut\u00e1n 1 \u00e9vig kell t\u00e1rolni;<br \/>\nA b\u00edr\u00f3s\u00e1gok v\u00e9grehajt\u00e1si v\u00e9gz\u00e9seit \u00e9s a v\u00e9grehajt\u00f3i meg\u00e1llapod\u00e1sokat a kifizet\u00e9sek befejez\u00e9s\u00e9t k\u00f6vet\u0151en 10 \u00e9vig meg kell \u0151rizni.<\/p>\n<p><strong>9. Milyen int\u00e9zked\u00e9seket tehetek t\u00e1rsas\u00e1gukn\u00e1l az adataimat illet\u0151en?<\/strong><\/p>\n<p>Az al\u00e1bbiakban felsorolt m\u0171veletek v\u00e9grehajt\u00e1sa \u00e9rdek\u00e9ben k\u00e9rj\u00fck, l\u00e9pjen vel\u00fcnk kapcsolatba a 10. szakaszban le\u00edrtak szerint. Felh\u00edvjuk figyelm\u00e9t, hogy ezekre a jogokra t\u00f6rv\u00e9nyi kiv\u00e9telek \u00e9s korl\u00e1toz\u00e1sok vonatkozhatnak..<br \/>\nAz \u00d6nr\u0151l t\u00e1rolt inform\u00e1ci\u00f3khoz val\u00f3 hozz\u00e1f\u00e9r\u00e9s k\u00e9r\u00e9s\u00e9nek joga, ha feldolgozzuk azon szem\u00e9lyes adatait, amelyek lehet\u0151v\u00e9 teszi az \u00d6n azonos\u00edt\u00e1s\u00e1t;<br \/>\nAz \u00d6nr\u0151l t\u00e1rolt inform\u00e1ci\u00f3k helyesb\u00edt\u00e9si vagy p\u00f3tl\u00e1si k\u00e9relm\u00e9nek joga;<br \/>\nAz \u00d6nr\u0151l t\u00e1rolt adatok t\u00f6rl\u00e9si k\u00e9relm\u00e9nek joga, ahol:<br \/>\nadatait az \u00d6n beleegyez\u00e9se alapj\u00e1n kezelj\u00fck;<br \/>\nadatait jogellenesen kezelj\u00fck;<br \/>\naz adatai kezel\u00e9s\u00e9re ir\u00e1nyul\u00f3 jogos \u00e9rdek\u00fcnket \u00d6n c\u00e1folja;<br \/>\naz \u00d6n adatai m\u00e1r nem sz\u00fcks\u00e9gesek abb\u00f3l a c\u00e9lb\u00f3l, amelyb\u0151l gy\u0171jt\u00f6tt\u00e9k \u0151ket;<br \/>\njogi k\u00f6telezetts\u00e9g\u00fcnk van arra, hogy t\u00f6r\u00f6lj\u00fck az \u00d6nr\u0151l sz\u00f3l\u00f3 inform\u00e1ci\u00f3kat;<br \/>\nAz \u00d6nr\u0151l t\u00e1rolt adatok felhaszn\u00e1l\u00e1si korl\u00e1toz\u00e1s\u00e1nak k\u00e9relm\u00e9hez val\u00f3 jog, amennyiben vitatja az adatok pontoss\u00e1g\u00e1t vagy kifog\u00e1st emel az adatkezel\u00e9s ellen, nem \u00e9rt egyet az \u00d6nr\u0151l jogellenesen kezelt adatok t\u00f6rl\u00e9s\u00e9vel, vagy amikor a jogi ig\u00e9nyek l\u00e9trehoz\u00e1s\u00e1hoz, gyakorl\u00e1s\u00e1hoz vagy v\u00e9delm\u00e9hez sz\u00fcks\u00e9ge van az adatokra;<br \/>\nA t\u00e1rsas\u00e1gunkn\u00e1l \u00d6nr\u0151l t\u00e1rolt inform\u00e1ci\u00f3k gy\u0171jt\u00e9s\u00e9nek, felhaszn\u00e1l\u00e1s\u00e1nak \u00e9s t\u00e1rol\u00e1s\u00e1nak megt\u00e1mad\u00e1s\u00e1hoz val\u00f3 jog, ahol az \u00d6n adatait jogos \u00e9rdek alapj\u00e1n kezelj\u00fck;<br \/>\nAdatai export\u00e1l\u00e1s\u00e1nak k\u00e9relm\u00e9hez val\u00f3 jog, ha struktur\u00e1lt, \u00e1ltal\u00e1nosan haszn\u00e1lt form\u00e1tumban ny\u00fajtott be nek\u00fcnk adatokat \u00e9s hozz\u00e1j\u00e1rult ezen adatok feldolgoz\u00e1s\u00e1hoz, vagy ha ezeket az adatokat az \u00d6nnel k\u00f6t\u00f6tt szerz\u0151d\u00e9s teljes\u00edt\u00e9s\u00e9hez kellett feldolgoznunk;<br \/>\nJoga van b\u00e1rmikor visszavonni a szem\u00e9lyes adatok feldolgoz\u00e1s\u00e1hoz adott beleegyez\u00e9s\u00e9t;<br \/>\nAz \u00c1llami Adatv\u00e9delmi Fel\u00fcgyel\u0151s\u00e9ghez t\u00f6rt\u00e9n\u0151 panaszt\u00e9tel joga (tov\u00e1bbi inform\u00e1ci\u00f3: vdai.lrv.lt).<\/p>\n<p><strong>10. Hogyan tudnak seg\u00edteni nekem?<\/strong><\/p>\n<p>Ha b\u00e1rmilyen k\u00e9rd\u00e9se, \u00e9szrev\u00e9tele vagy panasza van azzal kapcsolatban, hogy mik\u00e9nt gy\u0171jtj\u00fck, haszn\u00e1ljuk \u00e9s t\u00e1roljuk az \u00d6n adatait, k\u00e9szs\u00e9ggel \u00e1llunk rendelkez\u00e9s\u00e9re. Ha seg\u00edts\u00e9gre van sz\u00fcks\u00e9ge, l\u00e9pjen vel\u00fcnk kapcsolatba e-mailben a finance@robin.jobs e-mail c\u00edmen.<\/p>\n","protected":false},"excerpt":{"rendered":"<p>A MUNKAER\u0150-K\u00d6ZVET\u00cdT\u00c9SI SZOLG\u00c1LTAT\u00c1SR\u00d3L SZ\u00d3L\u00d3 MEG\u00c1LLAPOD\u00c1S \u00c1LTAL\u00c1NOS SZERZ\u0150D\u00c9SI FELT\u00c9TELEI Utols\u00f3 friss\u00edt\u00e9s: 2021-06-01 Az UAB Robin Jobs gondoskodik az \u00d6n adatainak v\u00e9delm\u00e9r\u0151l. Betartjuk az Eur\u00f3pai Uni\u00f3 \u00e1ltal\u00e1nos adatv\u00e9delmi rendelet\u00e9t (GDPR) \u00e9s m\u00e1s t\u00f6rv\u00e9nyeket, amelyek v\u00e9dik az \u00d6n adatait, amelyeket t\u00e1rsas\u00e1gunkban gy\u0171jt\u00fcnk, haszn\u00e1lunk \u00e9s t\u00e1rolunk. 1. Hogyan kell \u00e9rtelmezni az adatv\u00e9delmi ir\u00e1nyelveket? Ezek az adatv\u00e9delmi ir\u00e1nyelvek megv\u00e1laszolj\u00e1k azokat&#8230;<\/p>\n","protected":false},"author":1,"featured_media":0,"parent":0,"menu_order":0,"comment_status":"closed","ping_status":"closed","template":"","meta":{"_acf_changed":false,"inline_featured_image":false,"footnotes":""},"class_list":["post-1207296","page","type-page","status-publish","hentry"],"acf":[],"_links":{"self":[{"href":"https:\/\/robin.jobs\/hu\/wp-json\/wp\/v2\/pages\/1207296","targetHints":{"allow":["GET"]}}],"collection":[{"href":"https:\/\/robin.jobs\/hu\/wp-json\/wp\/v2\/pages"}],"about":[{"href":"https:\/\/robin.jobs\/hu\/wp-json\/wp\/v2\/types\/page"}],"author":[{"embeddable":true,"href":"https:\/\/robin.jobs\/hu\/wp-json\/wp\/v2\/users\/1"}],"replies":[{"embeddable":true,"href":"https:\/\/robin.jobs\/hu\/wp-json\/wp\/v2\/comments?post=1207296"}],"version-history":[{"count":4,"href":"https:\/\/robin.jobs\/hu\/wp-json\/wp\/v2\/pages\/1207296\/revisions"}],"predecessor-version":[{"id":1207334,"href":"https:\/\/robin.jobs\/hu\/wp-json\/wp\/v2\/pages\/1207296\/revisions\/1207334"}],"wp:attachment":[{"href":"https:\/\/robin.jobs\/hu\/wp-json\/wp\/v2\/media?parent=1207296"}],"curies":[{"name":"wp","href":"https:\/\/api.w.org\/{rel}","templated":true}]}}