{"id":1207278,"date":"2021-06-08T15:40:38","date_gmt":"2021-06-08T12:40:38","guid":{"rendered":"https:\/\/robin.jobs\/hu\/privacy-policy-for-registered-users"},"modified":"2026-01-06T02:35:45","modified_gmt":"2026-01-05T23:35:45","slug":"privacy-policy-for-registered-users","status":"publish","type":"page","link":"https:\/\/robin.jobs\/hu\/privacy-policy-for-registered-users","title":{"rendered":"UAB\u00a0ROBIN JOBS ADATV\u00c9DELMI IR\u00c1NYELVEK A REGISZTR\u00c1LT FELHASZN\u00c1L\u00d3K SZ\u00c1M\u00c1RA"},"content":{"rendered":"<p><span style=\"font-weight: 400;\">Az UAB Robin Jobs gondoskodik az \u00d6n adatainak v\u00e9delm\u00e9r\u0151l. Betartjuk az Eur\u00f3pai Uni\u00f3 \u00e1ltal\u00e1nos adatv\u00e9delmi rendelet\u00e9t (GDPR) \u00e9s m\u00e1s t\u00f6rv\u00e9nyeket, amelyek v\u00e9dik az \u00d6n adatait, amelyeket t\u00e1rsas\u00e1gunkban gy\u0171jt\u00fcnk, haszn\u00e1lunk \u00e9s t\u00e1rolunk.<\/span><\/p>\n<p>&nbsp;<\/p>\n<p><b>1. Hogyan kell \u00e9rtelmezni az adatv\u00e9delmi ir\u00e1nyelveket?<\/b><\/p>\n<p><span style=\"font-weight: 400;\">Ezek az adatv\u00e9delmi ir\u00e1nyelvek megv\u00e1laszolj\u00e1k azokat a kulcsfontoss\u00e1g\u00fa k\u00e9rd\u00e9seket, amelyek arra vonatkoznak, hogyan gy\u0171jtj\u00fck, haszn\u00e1ljuk \u00e9s t\u00e1roljuk az \u00d6nre vonatkoz\u00f3 inform\u00e1ci\u00f3kat. Abban az esetben, ha b\u00e1rmilyen k\u00e9rd\u00e9se lenne, vagy a jelen dokumentum b\u00e1rmely r\u00e9sze nem vil\u00e1gos, k\u00e9szen \u00e1llunk seg\u00edteni \u00d6nnek a jelen adatv\u00e9delmi ir\u00e1nyelv 10. szakasz\u00e1ban le\u00edrtak szerint. Felh\u00edvjuk figyelm\u00e9t, hogy a jelen adatv\u00e9delmi ir\u00e1nyelvekben a \u201emi\u201d sz\u00f3ra t\u00f6rt\u00e9n\u0151 b\u00e1rmilyen utal\u00e1s a T\u00e1rsas\u00e1gunkat jelenti, amint az az adatv\u00e9delmi ir\u00e1nyelv 2. szakasz\u00e1ban szerepel.<\/span><\/p>\n<p>&nbsp;<\/p>\n<p><b>2. Ki a felel\u0151s az adataim v\u00e9delm\u00e9\u00e9rt?\u00a0<\/b><\/p>\n<p><span style=\"font-weight: 400;\">Felel\u0151ss\u00e9ggel tartozunk az \u00d6n adatainak v\u00e9delm\u00e9\u00e9rt, amennyiben az \u00f6sszef\u00fcgg a 4. szakaszban meghat\u00e1rozott c\u00e9lokkal, az al\u00e1bbi 5\u201310. szakaszban r\u00e9szletezve:<\/span><\/p>\n<p><span style=\"font-weight: 400;\">Mi vagyunk\u00a0\u2013<\/span> <span style=\"font-weight: 400;\">UAB Robin Jobs;<\/span><\/p>\n<p><span style=\"font-weight: 400;\">Jogi szem\u00e9ly\u00fcnk azonos\u00edt\u00f3ja: 300659719;<\/span><\/p>\n<p><span style=\"font-weight: 400;\">C\u00edm\u00fcnk: Naru\u010dio g. 3, Vilnius;<\/span><\/p>\n<p><span style=\"font-weight: 400;\">E-mail: <\/span><a href=\"mailto:finance@robin.jobs\"><span style=\"font-weight: 400;\">finance@robin.jobs<\/span><\/a><\/p>\n<p>&nbsp;<\/p>\n<p><b>3. Ki a felel\u0151s azon adataim v\u00e9delm\u00e9\u00e9rt, amelyeket az \u00e1ll\u00e1saj\u00e1nlat elfogad\u00e1sa ut\u00e1n adtam meg?<\/b><\/p>\n<p><span style=\"font-weight: 400;\">Megjegyezz\u00fck, hogy nem mi vagyunk a munkaad\u00f3, aki munkav\u00e1llal\u00f3kat keres &#8211; hanem \u00fcgyn\u00f6ks\u00e9g vagyunk, vagyis azon \u00fcgyn\u00f6ks\u00e9gek egyike, akik a munkaad\u00f3 nev\u00e9ben keresnek alkalmazottakat. Miut\u00e1n kiv\u00e1lasztotta az \u00d6nt \u00e9rdekl\u0151 \u00e1ll\u00e1saj\u00e1nlatot \u00e9s k\u00f6z\u00f6lte a k\u00e9rt inform\u00e1ci\u00f3kat, mi a munkaad\u00f3 adatainak feldolgoz\u00f3jak\u00e9nt m\u0171k\u00f6d\u00fcnk (inform\u00e1ci\u00f3kat gy\u0171jt\u00fcnk a potenci\u00e1lis jel\u00f6ltekr\u0151l a munkaad\u00f3 nev\u00e9ben, \u00e9s ezeket az inform\u00e1ci\u00f3kat k\u00f6z\u00f6lj\u00fck az \u00e1ll\u00e1sk\u00f6zvet\u00edt\u0151 irod\u00e1val, aki k\u00f6zvetlen kapcsolatban \u00e1ll a munkaad\u00f3val, vagy k\u00f6zvetlen\u00fcl a munkaad\u00f3val k\u00f6z\u00f6lj\u00fck). Az \u00d6n sz\u00e1m\u00e1ra \u00e9rdekes \u00e1ll\u00e1saj\u00e1nlat kiv\u00e1laszt\u00e1sa ut\u00e1n megadott inform\u00e1ci\u00f3k v\u00e9delm\u00e9\u00e9rt a munkaad\u00f3 felel.<\/span><\/p>\n<p>&nbsp;<\/p>\n<p><span style=\"font-weight: 400;\">Megjegyezz\u00fck, hogy sok esetben nem mi vagyunk az egyetlen \u00fcgyn\u00f6ks\u00e9g, ez\u00e9rt az \u00d6nr\u0151l sz\u00f3l\u00f3 munkak\u00f6zvet\u00edt\u00e9si inform\u00e1ci\u00f3kat ink\u00e1bb egy m\u00e1sik munkak\u00f6zvet\u00edt\u0151 irod\u00e1val, mint k\u00f6zvetlen\u00fcl a munkaad\u00f3val \u00e9rdemes k\u00f6z\u00f6lni.<\/span><\/p>\n<p>&nbsp;<\/p>\n<p><span style=\"font-weight: 400;\">Az \u00e1ll\u00e1saj\u00e1nlattal egy\u00fctt el\u00e9rhet\u0151 munkaad\u00f3i adatv\u00e9delmi ir\u00e1nyelvekben tov\u00e1bbi inform\u00e1ci\u00f3kat tal\u00e1l arr\u00f3l, hogy egy adott munkaad\u00f3 hogyan gy\u0171jti, haszn\u00e1lja \u00e9s t\u00e1rolja az \u00d6nre vonatkoz\u00f3 inform\u00e1ci\u00f3kat (a munkaad\u00f3 felel\u0151s mind az \u00d6n adatainak \u00f6sszegy\u0171jt\u00e9s\u00e9\u00e9rt, felhaszn\u00e1l\u00e1s\u00e1\u00e9rt \u00e9s t\u00e1rol\u00e1s\u00e1\u00e9rt, mind az \u00e1ll\u00e1sk\u00f6zvet\u00edt\u0151 \u00fcgyn\u00f6ks\u00e9gek haszn\u00e1lat\u00e1\u00e9rt, valamint az \u00d6n szem\u00e9lyes adataival kapcsolatos tev\u00e9kenys\u00e9gei\u00e9rt). Az adatv\u00e9delmi ir\u00e1nyelvek r\u00e9szletezik azokat a tev\u00e9kenys\u00e9geket is, amelyeket a munkaad\u00f3 nev\u00e9ben hajtunk v\u00e9gre.<\/span><\/p>\n<p>&nbsp;<\/p>\n<p><span style=\"font-weight: 400;\">Megjegyezz\u00fck, hogy \u00fcgyn\u00f6ks\u00e9gk\u00e9nt a k\u00f6vetkez\u0151 inform\u00e1ci\u00f3kat gy\u0171jtj\u00fck, haszn\u00e1ljuk \u00e9s t\u00e1roljuk \u00d6nr\u0151l:<\/span><\/p>\n<p>&nbsp;<\/p>\n<ul>\n<li style=\"font-weight: 400;\" aria-level=\"1\"><span style=\"font-weight: 400;\">szem\u00e9lyazonos\u00edt\u00f3 okm\u00e1ny\u00e1nak m\u00e1solata;<\/span><\/li>\n<li style=\"font-weight: 400;\" aria-level=\"1\"><span style=\"font-weight: 400;\">banksz\u00e1mlasz\u00e1m;<\/span><\/li>\n<li style=\"font-weight: 400;\" aria-level=\"1\"><span style=\"font-weight: 400;\">az \u00d6n c\u00edme;<\/span><\/li>\n<li style=\"font-weight: 400;\" aria-level=\"1\"><span style=\"font-weight: 400;\">vezet\u0151i enged\u00e9ly\u00e9nek m\u00e1solata (amennyiben rendelkezik jogos\u00edtv\u00e1nnyal);<\/span><\/li>\n<li style=\"font-weight: 400;\" aria-level=\"1\"><span style=\"font-weight: 400;\">angol nyelv\u0171 \u00f6n\u00e9letrajza;<\/span><\/li>\n<li style=\"font-weight: 400;\" aria-level=\"1\"><span style=\"font-weight: 400;\">al\u00e1\u00edrt szolg\u00e1ltat\u00e1si szerz\u0151d\u00e9s\/munkaszerz\u0151d\u00e9s;<\/span><\/li>\n<li style=\"font-weight: 400;\" aria-level=\"1\"><span style=\"font-weight: 400;\">erk\u00f6lcsi bizony\u00edtv\u00e1ny;<\/span><\/li>\n<li style=\"font-weight: 400;\" aria-level=\"1\"><span style=\"font-weight: 400;\">Holland \u00e1llampolg\u00e1ri azonos\u00edt\u00f3 sz\u00e1m (BSN) (amennyiben rendelkezik vele, \u00e9s amennyiben Hollandi\u00e1ban van az \u00d6n \u00e1ltal v\u00e1lasztott \u00e1ll\u00e1s);<\/span><\/li>\n<li style=\"font-weight: 400;\" aria-level=\"1\"><span style=\"font-weight: 400;\">egy\u00e9b, \u00d6n \u00e1ltal biztos\u00edtott dokumentumok.<\/span><\/li>\n<\/ul>\n<p>&nbsp;<\/p>\n<p><b>4. Mi\u00e9rt gy\u0171jtenek inform\u00e1ci\u00f3kat r\u00f3lam?<\/b><\/p>\n<p><span style=\"font-weight: 400;\">A k\u00f6vetkez\u0151 c\u00e9lb\u00f3l gy\u0171jt\u00fcnk, haszn\u00e1lunk \u00e9s t\u00e1rolunk \u00d6nr\u0151l adatokat:<\/span><\/p>\n<ul>\n<li style=\"font-weight: 400;\" aria-level=\"1\"><span style=\"font-weight: 400;\">weboldalunkon l\u00e9v\u0151 fi\u00f3kja c\u00e9lj\u00e1b\u00f3l &#8211; amikor regisztr\u00e1l weboldalunkon, elfogadja ezt az adatv\u00e9delmi ir\u00e1nyelvet, \u00e9s egyet\u00e9rt a munkaer\u0151-k\u00f6zvet\u00edt\u00e9si szolg\u00e1ltat\u00e1sr\u00f3l sz\u00f3l\u00f3 meg\u00e1llapod\u00e1s \u00e1ltal\u00e1nos szerz\u0151d\u00e9si felt\u00e9teleivel, ez\u00e9rt \u00fagy tekinthet\u0151, hogy szerz\u0151d\u00e9st k\u00f6t vel\u00fcnk;<\/span><\/li>\n<li style=\"font-weight: 400;\" aria-level=\"1\"><span style=\"font-weight: 400;\">szem\u00e9lyre szabottabb szolg\u00e1ltat\u00e1sok ny\u00fajt\u00e1sa \u00e9rdek\u00e9ben &#8211; a weboldalunkon t\u00f6rt\u00e9n\u0151 regisztr\u00e1ci\u00f3 sor\u00e1n k\u00fcl\u00f6nb\u00f6z\u0151 inform\u00e1ci\u00f3kat k\u00f6z\u00f6l mag\u00e1r\u00f3l \u00e9s ig\u00e9nyeir\u0151l (p\u00e9ld\u00e1ul a k\u00edv\u00e1nt munkater\u00fcletr\u0151l, a k\u00fclf\u00f6ldi munkav\u00e9gz\u00e9ssel kapcsolatos preferenci\u00e1ir\u00f3l, stb.), ami nem k\u00f6telez\u0151 a szolg\u00e1ltat\u00e1sok ny\u00fajt\u00e1s\u00e1hoz;<\/span><\/li>\n<li style=\"font-weight: 400;\" aria-level=\"1\"><span style=\"font-weight: 400;\">\u00e1ll\u00e1saj\u00e1nlatok e-mailben t\u00f6rt\u00e9n\u0151 elk\u00fcld\u00e9se c\u00e9lj\u00e1b\u00f3l &#8211; miut\u00e1n regisztr\u00e1lt weboldalunkon, hogy a lehet\u0151 leghamarabb megtal\u00e1lja a megfelel\u0151 \u00e1ll\u00e1saj\u00e1nlatot, e-mailben \u00e1ll\u00e1saj\u00e1nlatokat k\u00fcld\u00fcnk a regisztr\u00e1ci\u00f3t k\u00f6vet\u0151 10 napon kereszt\u00fcl;<\/span><\/li>\n<li style=\"font-weight: 400;\" aria-level=\"1\"><span style=\"font-weight: 400;\">jogos \u00e9rdekeink v\u00e9delme \u00e9rdek\u00e9ben &#8211; ha erre sz\u00fcks\u00e9g lenne, akkor felhaszn\u00e1lhatn\u00e1nk az \u00d6n szem\u00e9lyes adatait jogos \u00e9rdekeink, k\u00f6zt\u00fck a j\u00f3 h\u00edrn\u00e9v v\u00e9delme \u00e9rdek\u00e9ben a b\u00edr\u00f3s\u00e1gokon, a b\u00edr\u00f3s\u00e1g el\u0151tti vitarendez\u00e9si t\u00e1rgyal\u00e1sokon \u00e9s m\u00e1s illet\u00e9kes hat\u00f3s\u00e1gokn\u00e1l.<\/span><\/li>\n<\/ul>\n<p>&nbsp;<\/p>\n<p><b>5. Milyen adatokat sz\u00fcks\u00e9ges megadnom?<\/b><\/p>\n<p><span style=\"font-weight: 400;\">Amikor regisztr\u00e1l weboldalunkon, a k\u00f6vetkez\u0151 adatokat sz\u00fcks\u00e9ges megadnia:<\/span><\/p>\n<ul>\n<li style=\"font-weight: 400;\" aria-level=\"1\"><span style=\"font-weight: 400;\">azonos\u00edt\u00e1si adatok (keresztn\u00e9v, vezet\u00e9kn\u00e9v, sz\u00fclet\u00e9si d\u00e1tum);<\/span><\/li>\n<li style=\"font-weight: 400;\" aria-level=\"1\"><span style=\"font-weight: 400;\">kapcsolattart\u00e1si adatok (e-mail c\u00edm, telefonsz\u00e1m);<\/span><\/li>\n<li style=\"font-weight: 400;\" aria-level=\"1\"><span style=\"font-weight: 400;\">az \u00d6n neme;<\/span><\/li>\n<li style=\"font-weight: 400;\" aria-level=\"1\"><span style=\"font-weight: 400;\">angol nyelvtud\u00e1s\u00e1nak szintje (nem besz\u00e9l angolul, kezd\u0151 vagy halad\u00f3);<\/span><\/li>\n<li style=\"font-weight: 400;\" aria-level=\"1\"><span style=\"font-weight: 400;\">azzal kapcsolatos inform\u00e1ci\u00f3k, hogy egyed\u00fcl szeretne k\u00fclf\u00f6ldre k\u00f6lt\u00f6zni munkav\u00e1llal\u00e1s c\u00e9lj\u00e1b\u00f3l vagy egy bar\u00e1tj\u00e1val, partner\u00e9vel.<\/span><\/li>\n<\/ul>\n<p><span style=\"font-weight: 400;\">\u00d6n az al\u00e1bbiakat is megadhatja mag\u00e1r\u00f3l, ez azonban nem k\u00f6telez\u0151:<\/span><\/p>\n<ul>\n<li style=\"font-weight: 400;\" aria-level=\"1\"><span style=\"font-weight: 400;\">rendelkezik-e B kateg\u00f3ri\u00e1s vezet\u0151i enged\u00e9llyel;<\/span><\/li>\n<li style=\"font-weight: 400;\" aria-level=\"1\"><span style=\"font-weight: 400;\">egy f\u00e9nyk\u00e9pet;<\/span><\/li>\n<li style=\"font-weight: 400;\" aria-level=\"1\"><span style=\"font-weight: 400;\">a k\u00edv\u00e1nt munkater\u00fcletet (pl. gy\u00e1rt\u00e1s, szolg\u00e1ltat\u00e1sok, mez\u0151gazdas\u00e1g, stb.);<\/span><\/li>\n<li style=\"font-weight: 400;\" aria-level=\"1\"><span style=\"font-weight: 400;\">azzal kapcsolatos inform\u00e1ci\u00f3, mikor tud k\u00fclf\u00f6ldre k\u00f6lt\u00f6zni, \u00e9s megkezdeni a munk\u00e1t;<\/span><\/li>\n<li style=\"font-weight: 400;\" aria-level=\"1\"><span style=\"font-weight: 400;\">azzal kapcsolatos inform\u00e1ci\u00f3, milyen el\u0151ny\u00e9t l\u00e1tja a k\u00fclf\u00f6ldi munkav\u00e1llal\u00e1snak.<\/span><\/li>\n<\/ul>\n<p><span style=\"font-weight: 400;\">Ha ezeket az inform\u00e1ci\u00f3kat k\u00f6zli vel\u00fcnk, olyan \u00e1ll\u00e1saj\u00e1nlatokat tudunk majd k\u00fcldeni \u00d6nnek, amelyek jobban megfelelnek az elv\u00e1r\u00e1sainak.<\/span><\/p>\n<p>&nbsp;<\/p>\n<p><b>6. Mi a jogalapja a r\u00f3lam sz\u00f3l\u00f3 inform\u00e1ci\u00f3k gy\u0171jt\u00e9s\u00e9nek?<\/b><\/p>\n<p><span style=\"font-weight: 400;\">T\u00f6rv\u00e9nyesen gy\u0171jt\u00fcnk \u00d6nr\u0151l inform\u00e1ci\u00f3kat a k\u00f6vetkez\u0151k alapj\u00e1n:<\/span><\/p>\n<ul>\n<li style=\"font-weight: 400;\" aria-level=\"1\"><span style=\"font-weight: 400;\">weboldalunkon a fi\u00f3k l\u00e9trehoz\u00e1s\u00e1val szerz\u0151d\u00e9st k\u00f6t vel\u00fcnk (GDPR 6. cikk (1) bekezd\u00e9s b) pont);<\/span><\/li>\n<li style=\"font-weight: 400;\" aria-level=\"1\"><span style=\"font-weight: 400;\">amikor tov\u00e1bbi inform\u00e1ci\u00f3kat k\u00f6z\u00f6l vel\u00fcnk mag\u00e1r\u00f3l a szem\u00e9lyre szabottabb \u00e1ll\u00e1saj\u00e1nlatok \u00e9rdek\u00e9ben, az \u00d6n beleegyez\u00e9s\u00e9re t\u00e1maszkodunk (GDPR 6. cikk (1) bekezd\u00e9s a) pont);<\/span><\/li>\n<li style=\"font-weight: 400;\" aria-level=\"1\"><span style=\"font-weight: 400;\">jogos \u00e9rdek\u00fcnk a jogaink v\u00e9delme a b\u00edr\u00f3s\u00e1gokn\u00e1l \u00e9s m\u00e1s hat\u00f3s\u00e1gokn\u00e1l (GDPR 6. cikk (1) bekezd\u00e9s f) pont);<\/span><\/li>\n<li style=\"font-weight: 400;\" aria-level=\"1\"><span style=\"font-weight: 400;\">\u00e1ll\u00e1saj\u00e1nlatok e-mailben t\u00f6rt\u00e9n\u0151 elk\u00fcld\u00e9se c\u00e9lj\u00e1b\u00f3l (GDPR 6. cikk (1) bekezd\u00e9s f) pont).<\/span><\/li>\n<\/ul>\n<p>&nbsp;<\/p>\n<p><b>7. Tov\u00e1bb\u00edtanak inform\u00e1ci\u00f3kat r\u00f3lam m\u00e1sok fel\u00e9?<\/b><\/p>\n<p><span style=\"font-weight: 400;\">Az \u00d6nre vonatkoz\u00f3 inform\u00e1ci\u00f3kat \u00e1tadhatjuk:<\/span><\/p>\n<ul>\n<li style=\"font-weight: 400;\" aria-level=\"1\"><span style=\"font-weight: 400;\">szolg\u00e1ltat\u00f3inknak &#8211; kommunik\u00e1ci\u00f3s (e-mail), adatt\u00e1r-szolg\u00e1ltat\u00f3k, akik a szem\u00e9lyes adatok v\u00e9delm\u00e9r\u0151l sz\u00f3l\u00f3 jogszab\u00e1lyokban el\u0151\u00edrtak szerint titoktart\u00e1si \u00e9s biztons\u00e1gi k\u00f6telezetts\u00e9geket v\u00e1llalnak;<\/span><\/li>\n<li style=\"font-weight: 400;\" aria-level=\"1\"><span style=\"font-weight: 400;\">olyan t\u00e1rsas\u00e1goknak, amelyek jogi szolg\u00e1ltat\u00e1sokat ny\u00fajtanak \u00e9s \/ vagy \u00fcgyv\u00e9di irod\u00e1knak a jogos \u00e9rdekeink v\u00e9delm\u00e9hez sz\u00fcks\u00e9ges m\u00e9rt\u00e9kben;<\/span><\/li>\n<li style=\"font-weight: 400;\" aria-level=\"1\"><span style=\"font-weight: 400;\">b\u00edr\u00f3s\u00e1goknak, b\u00edr\u00f3s\u00e1g el\u0151tti vitarendez\u00e9si int\u00e9zm\u00e9nyeknek \u00e9s m\u00e1s \u00e1llami hat\u00f3s\u00e1goknak, amennyiben ez a jogaink v\u00e9delm\u00e9hez sz\u00fcks\u00e9ges;<\/span><\/li>\n<li style=\"font-weight: 400;\" aria-level=\"1\"><span style=\"font-weight: 400;\">b\u00edr\u00f3s\u00e1gi v\u00e9grehajt\u00f3knak a meg\u00edt\u00e9lt \u00f6sszegek behajt\u00e1s\u00e1hoz sz\u00fcks\u00e9ges m\u00e9rt\u00e9kben.<\/span><\/li>\n<\/ul>\n<p>&nbsp;<\/p>\n<p><b>8. Mennyi ideig \u0151rzik a velem kapcsolatos inform\u00e1ci\u00f3kat?<\/b><\/p>\n<p><span style=\"font-weight: 400;\">Inform\u00e1ci\u00f3it az al\u00e1bb le\u00edrtak szerint t\u00e1roljuk:<\/span><\/p>\n<ul>\n<li style=\"font-weight: 400;\" aria-level=\"1\"><span style=\"font-weight: 400;\">fi\u00f3kj\u00e1t az utols\u00f3 bejelentkez\u00e9s ut\u00e1n h\u00e1rom \u00e9vig t\u00e1roljuk, \u00e9s e hat\u00e1rid\u0151 lej\u00e1rt\u00e1val automatikusan t\u00f6rl\u0151dik;<\/span><\/li>\n<li style=\"font-weight: 400;\" aria-level=\"1\"><span style=\"font-weight: 400;\">\u00e1ll\u00e1saj\u00e1nlatok k\u00fcld\u00e9s\u00e9hez az \u00d6n adatait a weboldalunkon t\u00f6rt\u00e9n\u0151 regisztr\u00e1ci\u00f3t k\u00f6vet\u0151en 10 napig haszn\u00e1ljuk;<\/span><\/li>\n<li style=\"font-weight: 400;\" aria-level=\"1\"><span style=\"font-weight: 400;\">a b\u00edr\u00f3s\u00e1gokhoz vagy m\u00e1s vitarendez\u00e9si vagy b\u0171n\u00fcld\u00f6z\u00e9si int\u00e9zm\u00e9nyekhez beny\u00fajtott dokumentumokat a joger\u0151s d\u00f6nt\u00e9st k\u00f6vet\u0151en 1 \u00e9vig kell t\u00e1rolni;<\/span><\/li>\n<li style=\"font-weight: 400;\" aria-level=\"1\"><span style=\"font-weight: 400;\">a b\u00edr\u00f3s\u00e1gok v\u00e9grehajt\u00e1si v\u00e9gz\u00e9seit \u00e9s a v\u00e9grehajt\u00f3i meg\u00e1llapod\u00e1sokat a kifizet\u00e9sek befejez\u00e9s\u00e9t k\u00f6vet\u0151en 10 \u00e9vig meg kell \u0151rizni.<\/span><\/li>\n<\/ul>\n<p>&nbsp;<\/p>\n<p><b>9. Milyen jogokkal rendelkezek?<\/b><\/p>\n<p><span style=\"font-weight: 400;\">Az al\u00e1bbiakban felsorolt m\u0171veletek v\u00e9grehajt\u00e1sa \u00e9rdek\u00e9ben k\u00e9rj\u00fck, l\u00e9pjen vel\u00fcnk kapcsolatba a 10. szakaszban le\u00edrtak szerint. Felh\u00edvjuk figyelm\u00e9t, hogy ezekre a jogokra t\u00f6rv\u00e9nyi felt\u00e9telek \u00e9s kiv\u00e9telek vonatkoznak.:<\/span><\/p>\n<ul>\n<li aria-level=\"1\"><b>Az \u00d6nr\u0151l t\u00e1rolt inform\u00e1ci\u00f3khoz val\u00f3 hozz\u00e1f\u00e9r\u00e9s k\u00e9r\u00e9s\u00e9nek joga, ha feldolgozzuk azon szem\u00e9lyes adatait, amelyek lehet\u0151v\u00e9 teszik az \u00d6n azonos\u00edt\u00e1s\u00e1t;<\/b><\/li>\n<\/ul>\n<ul>\n<li aria-level=\"1\"><b>Az \u00d6nr\u0151l t\u00e1rolt inform\u00e1ci\u00f3k helyesb\u00edt\u00e9si vagy p\u00f3tl\u00e1si k\u00e9relm\u00e9nek joga;<\/b><\/li>\n<\/ul>\n<ul>\n<li aria-level=\"1\"><b>Az \u00d6nr\u0151l t\u00e1rolt adatok t\u00f6rl\u00e9si k\u00e9relm\u00e9nek joga, ahol:<\/b><\/li>\n<\/ul>\n<ul>\n<li aria-level=\"1\"><b>adatait az \u00d6n beleegyez\u00e9se alapj\u00e1n kezelj\u00fck;<\/b><\/li>\n<\/ul>\n<ul>\n<li aria-level=\"1\"><b>adatait jogellenesen kezelj\u00fck;<\/b><\/li>\n<\/ul>\n<ul>\n<li aria-level=\"1\"><b>az adatai kezel\u00e9s\u00e9re ir\u00e1nyul\u00f3 jogos \u00e9rdek\u00fcnket \u00d6n c\u00e1folja;<\/b><\/li>\n<\/ul>\n<ul>\n<li aria-level=\"1\"><b>az \u00d6n adatai m\u00e1r nem sz\u00fcks\u00e9gesek abb\u00f3l a c\u00e9lb\u00f3l, amelyb\u0151l gy\u0171jt\u00f6tt\u00e9k \u0151ket;<\/b><\/li>\n<\/ul>\n<ul>\n<li aria-level=\"1\"><b>jogi k\u00f6telezetts\u00e9g\u00fcnk van arra, hogy t\u00f6r\u00f6lj\u00fck az \u00d6nr\u0151l sz\u00f3l\u00f3 inform\u00e1ci\u00f3kat;<\/b><\/li>\n<\/ul>\n<ul>\n<li style=\"list-style-type: none;\">\n<ul>\n<li style=\"font-weight: 400;\" aria-level=\"1\"><b>Az \u00d6nr\u0151l t\u00e1rolt adatok felhaszn\u00e1l\u00e1si korl\u00e1toz\u00e1s\u00e1nak k\u00e9relm\u00e9hez val\u00f3 jog, amennyiben vitatja az adatok pontoss\u00e1g\u00e1t vagy kifog\u00e1st emel az adatkezel\u00e9s ellen, nem \u00e9rt egyet az \u00d6nr\u0151l jogellenesen kezelt adatok t\u00f6rl\u00e9s\u00e9vel, vagy amikor a jogi ig\u00e9nyek l\u00e9trehoz\u00e1s\u00e1hoz, gyakorl\u00e1s\u00e1hoz vagy v\u00e9delm\u00e9hez sz\u00fcks\u00e9ge van az adatokra;<\/b><\/li>\n<\/ul>\n<\/li>\n<\/ul>\n<ul>\n<li aria-level=\"1\"><b>A t\u00e1rsas\u00e1gunkn\u00e1l \u00d6nr\u0151l t\u00e1rolt inform\u00e1ci\u00f3k gy\u0171jt\u00e9s\u00e9nek, felhaszn\u00e1l\u00e1s\u00e1nak \u00e9s t\u00e1rol\u00e1s\u00e1nak megt\u00e1mad\u00e1s\u00e1hoz val\u00f3 jog, ahol az \u00d6n adatait jogos \u00e9rdek alapj\u00e1n kezelj\u00fck;<\/b><\/li>\n<\/ul>\n<ul>\n<li aria-level=\"1\"><b>Adatai export\u00e1l\u00e1s\u00e1nak k\u00e9relm\u00e9hez val\u00f3 jog, ha struktur\u00e1lt, \u00e1ltal\u00e1nosan haszn\u00e1lt form\u00e1tumban ny\u00fajtott be nek\u00fcnk adatokat \u00e9s hozz\u00e1j\u00e1rult az ilyen adatok feldolgoz\u00e1s\u00e1hoz, vagy ha ezeket az adatokat az \u00d6nnel k\u00f6t\u00f6tt szerz\u0151d\u00e9s teljes\u00edt\u00e9s\u00e9hez kellett feldolgoznunk;<\/b><\/li>\n<\/ul>\n<ul>\n<li aria-level=\"1\"><b>Az \u00c1llami Adatv\u00e9delmi Fel\u00fcgyel\u0151s\u00e9ghez t\u00f6rt\u00e9n\u0151 panaszt\u00e9tel joga (tov\u00e1bbi inform\u00e1ci\u00f3: <\/b><b>vdai.lrv.lt<\/b><b>).<\/b><\/li>\n<\/ul>\n<p>&nbsp;<\/p>\n<p><span style=\"font-weight: 400;\">Ha a fent eml\u00edtett cselekv\u00e9sek ir\u00e1nti k\u00e9relme szem\u00e9lyes adatainak gy\u0171jt\u00e9s\u00e9t, felhaszn\u00e1l\u00e1s\u00e1t \u00e9s t\u00e1rol\u00e1s\u00e1t \u00e9rinti egy adott munkaad\u00f3n\u00e1l t\u00f6rt\u00e9n\u0151 alkalmaz\u00e1s c\u00e9lj\u00e1b\u00f3l, ahol \u00fcgyn\u00f6ks\u00e9gk\u00e9nt m\u0171k\u00f6d\u00fcnk, k\u00e9r\u00e9s\u00e9t tov\u00e1bb\u00edtjuk a munkaad\u00f3nak vagy a munkaad\u00f3 \u00e1ltal megb\u00edzott m\u00e1sik \u00fcgyn\u00f6ks\u00e9gnek. Ha a k\u00e9relm\u00e9ben nem jel\u00f6l meg konkr\u00e9t munkaad\u00f3t, akkor t\u0151l\u00fcnk fog kapni egy k\u00e9r\u00e9st ezekkel az inform\u00e1ci\u00f3kkal kapcsolatban.<\/span><\/p>\n<p>&nbsp;<\/p>\n<p><b>10. Hogyan tudnak seg\u00edteni nekem?<\/b><\/p>\n<p><span style=\"font-weight: 400;\">Ha b\u00e1rmilyen k\u00e9rd\u00e9se, \u00e9szrev\u00e9tele vagy panasza van azzal kapcsolatban, hogy mik\u00e9nt gy\u0171jtj\u00fck, haszn\u00e1ljuk \u00e9s t\u00e1roljuk az \u00d6n adatait, k\u00e9szs\u00e9ggel \u00e1llunk rendelkez\u00e9s\u00e9re. Ha seg\u00edts\u00e9gre van sz\u00fcks\u00e9ge, l\u00e9pjen vel\u00fcnk kapcsolatba e-mailben a finance@robin.jobs e-mail c\u00edmen.<\/span><\/p>\n<p>&nbsp;<\/p>\n","protected":false},"excerpt":{"rendered":"<p>Az UAB Robin Jobs gondoskodik az \u00d6n adatainak v\u00e9delm\u00e9r\u0151l. Betartjuk az Eur\u00f3pai Uni\u00f3 \u00e1ltal\u00e1nos adatv\u00e9delmi rendelet\u00e9t (GDPR) \u00e9s m\u00e1s t\u00f6rv\u00e9nyeket, amelyek v\u00e9dik az \u00d6n adatait, amelyeket t\u00e1rsas\u00e1gunkban gy\u0171jt\u00fcnk, haszn\u00e1lunk \u00e9s t\u00e1rolunk. &nbsp; 1. Hogyan kell \u00e9rtelmezni az adatv\u00e9delmi ir\u00e1nyelveket? Ezek az adatv\u00e9delmi ir\u00e1nyelvek megv\u00e1laszolj\u00e1k azokat a kulcsfontoss\u00e1g\u00fa k\u00e9rd\u00e9seket, amelyek arra vonatkoznak, hogyan gy\u0171jtj\u00fck, haszn\u00e1ljuk \u00e9s&#8230;<\/p>\n","protected":false},"author":1,"featured_media":0,"parent":0,"menu_order":0,"comment_status":"closed","ping_status":"closed","template":"page-templates\/privacy-policy.php","meta":{"_acf_changed":false,"inline_featured_image":false,"footnotes":""},"class_list":["post-1207278","page","type-page","status-publish","hentry"],"acf":[],"_links":{"self":[{"href":"https:\/\/robin.jobs\/hu\/wp-json\/wp\/v2\/pages\/1207278","targetHints":{"allow":["GET"]}}],"collection":[{"href":"https:\/\/robin.jobs\/hu\/wp-json\/wp\/v2\/pages"}],"about":[{"href":"https:\/\/robin.jobs\/hu\/wp-json\/wp\/v2\/types\/page"}],"author":[{"embeddable":true,"href":"https:\/\/robin.jobs\/hu\/wp-json\/wp\/v2\/users\/1"}],"replies":[{"embeddable":true,"href":"https:\/\/robin.jobs\/hu\/wp-json\/wp\/v2\/comments?post=1207278"}],"version-history":[{"count":4,"href":"https:\/\/robin.jobs\/hu\/wp-json\/wp\/v2\/pages\/1207278\/revisions"}],"predecessor-version":[{"id":1247004,"href":"https:\/\/robin.jobs\/hu\/wp-json\/wp\/v2\/pages\/1207278\/revisions\/1247004"}],"wp:attachment":[{"href":"https:\/\/robin.jobs\/hu\/wp-json\/wp\/v2\/media?parent=1207278"}],"curies":[{"name":"wp","href":"https:\/\/api.w.org\/{rel}","templated":true}]}}