{"id":1207276,"date":"2021-06-08T15:40:38","date_gmt":"2021-06-08T12:40:38","guid":{"rendered":"https:\/\/robin.jobs\/hu\/cookie-policy"},"modified":"2025-11-01T05:55:24","modified_gmt":"2025-11-01T02:55:24","slug":"cookie-policy","status":"publish","type":"page","link":"https:\/\/robin.jobs\/hu\/cookie-policy","title":{"rendered":"UAB\u00a0ROBIN JOBS S\u00dcTI IR\u00c1NYELVEK"},"content":{"rendered":"<p>Utols\u00f3 friss\u00edt\u00e9s: 2021-06-01<\/p>\n<h3>1. Mi az a s\u00fcti (cookie)?<\/h3>\n<p>A s\u00fctik a k\u00e9sz\u00fcl\u00e9k b\u00f6ng\u00e9sz\u0151j\u00e9ben (pl. sz\u00e1m\u00edt\u00f3g\u00e9p, mobiltelefon, t\u00e1blag\u00e9p) a b\u00f6ng\u00e9sz\u00e9s sor\u00e1n elt\u00e1rolt kis sz\u00f6vegf\u00e1jlok. M\u00e1s technol\u00f3gi\u00e1kat, ide\u00e9rtve a b\u00f6ng\u00e9sz\u0151ben vagy az eszk\u00f6z\u00f6n t\u00e1rolt adatokat, az eszk\u00f6z\u00e9hez kapcsol\u00f3d\u00f3 azonos\u00edt\u00f3kat \u00e9s m\u00e1s szoftvereket, hasonl\u00f3 c\u00e9lokra haszn\u00e1lj\u00e1k. A s\u00fctiket sz\u00e9les k\u00f6rben haszn\u00e1lj\u00e1k a weboldal teljes\u00edtm\u00e9ny\u00e9nek el\u0151seg\u00edt\u00e9s\u00e9re, illetve teljes\u00edtm\u00e9ny\u00fck jobb\u00e1 \u00e9s hat\u00e9konyabb\u00e1 t\u00e9tel\u00e9re. Az \u00f6sszes fent eml\u00edtett technol\u00f3gi\u00e1ra a jelen ir\u00e1nyelvben &#8220;s\u00fctik\u00e9nt&#8221; hivatkozunk.<\/p>\n<h3>2. Mi\u00e9rt haszn\u00e1lnak s\u00fctiket?<\/h3>\n<p>S\u00fctiket a k\u00f6vetkez\u0151 c\u00e9lokb\u00f3l haszn\u00e1lunk:<\/p>\n<ul>\n<li>a weboldal folyamatos fejleszt\u00e9se c\u00e9lj\u00e1b\u00f3l, hogy vonz\u00f3bb legyen az \u00d6n sz\u00e1m\u00e1ra;<\/li>\n<li>a weboldalunkon t\u00f6rt\u00e9n\u0151 l\u00e1togat\u00e1sok figyelemmel k\u00eds\u00e9r\u00e9se \u00e9s elemz\u00e9se c\u00e9lj\u00e1b\u00f3l;<\/li>\n<li>hogy elemezz\u00fck, a fogyaszt\u00f3k hogyan haszn\u00e1lj\u00e1k weboldalunkat;<\/li>\n<li>hogy biztos\u00edtsuk a weboldal \u00e9s funkci\u00f3inak megfelel\u0151 m\u0171k\u00f6d\u00e9s\u00e9t;<\/li>\n<li>a marketing hat\u00e9konyabb\u00e1 t\u00e9tele c\u00e9lj\u00e1b\u00f3l;<\/li>\n<li>hogy YouTube vide\u00f3kat jelen\u00edts\u00fcnk meg weboldalunkon;<\/li>\n<li>hogy eml\u00e9kezz\u00fcnk, milyen nyelven haszn\u00e1lja weboldalunkat;<\/li>\n<li>hogy megfelel\u0151 m\u00f3don t\u00e1j\u00e9koztassuk a weboldalunkon tal\u00e1lhat\u00f3 s\u00fctikr\u0151l.<\/li>\n<\/ul>\n<h3>3. Milyen t\u00edpus\u00fa s\u00fctik vannak?<\/h3>\n<h4>(a) Szigor\u00faan sz\u00fcks\u00e9ges s\u00fctik<\/h4>\n<p>Ezekre a s\u00fctikre az\u00e9rt van sz\u00fcks\u00e9g a webhelyen, hogy a felhaszn\u00e1l\u00f3 b\u00f6ng\u00e9szhessen, \u00e9s haszn\u00e1lhassa a weboldal funkci\u00f3it, p\u00e9ld\u00e1ul a weboldal megjegyezze az \u0171rlapokban megadott inform\u00e1ci\u00f3kat, amikor a felhaszn\u00e1l\u00f3 egy b\u00f6ng\u00e9sz\u00e9si munkamenet sor\u00e1n egyik oldalr\u00f3l a m\u00e1sikra l\u00e9p. Szigor\u00faan sz\u00fcks\u00e9ges s\u00fctik n\u00e9lk\u00fcl a weboldal bizonyos szolg\u00e1ltat\u00e1sai el\u00e9rhetetlenek lenn\u00e9nek, \u00e9s a weboldal nem m\u0171k\u00f6dne olyan sim\u00e1n, mint kellene. Az ilyen s\u00fctik nem gy\u0171jtenek semmilyen inform\u00e1ci\u00f3t marketing c\u00e9lokra, \u00e9s nem r\u00f6gz\u00edtik online l\u00e1togat\u00e1sait.<\/p>\n<h4>(b) Analitikus s\u00fctik<\/h4>\n<p>Az analitikus s\u00fctik inform\u00e1ci\u00f3kat gy\u0171jtenek a weboldal haszn\u00e1lat\u00e1r\u00f3l, \u00e9s seg\u00edtenek m\u0171k\u00f6d\u00e9s\u00e9nek jav\u00edt\u00e1s\u00e1ban. P\u00e9ld\u00e1ul az analitikus s\u00fctik megmutathatj\u00e1k, hogy mely oldalakat l\u00e1togatj\u00e1k leggyakrabban, seg\u00edthetnek a weboldalon el\u0151fordul\u00f3 hib\u00e1k regisztr\u00e1l\u00e1s\u00e1ban, vagy megmutathatj\u00e1k, hogy a weboldalon megjelen\u0151 hirdet\u00e9sek hat\u00e9konyak-e. Az analitikus s\u00fctik nem gy\u0171jtik a l\u00e1togat\u00f3k szem\u00e9lyes adatait, \u00e9s az ilyen s\u00fctik \u00e1ltal \u00f6sszegy\u0171jt\u00f6tt adatok \u00f6sszes\u00edtettek \u00e9s n\u00e9vtelenek.<\/p>\n<h4>(c) Funkcion\u00e1lis s\u00fctik<\/h4>\n<p>A funkcion\u00e1lis s\u00fctik lehet\u0151v\u00e9 teszik a webhely sz\u00e1m\u00e1ra, hogy megjegyezze az \u00d6n v\u00e1laszt\u00e1sait, \u00e9s az \u00d6n ig\u00e9nyeinek jobban megfelel\u0151, tov\u00e1bbfejlesztett funkci\u00f3kat k\u00edn\u00e1ljon. A funkcion\u00e1lis s\u00fctik megjegyzik az \u00d6n \u00e1ltal v\u00e9grehajtott m\u00f3dos\u00edt\u00e1sokat is, p\u00e9ld\u00e1ul az egyedi be\u00e1ll\u00edt\u00e1sokat egy adott weboldalon, valamint m\u00e1s esetekben, pl. amikor vide\u00f3t n\u00e9z meg, vagy megjegyz\u00e9st f\u0171z a weboldalunkhoz. A funkcion\u00e1lis s\u00fctik nem k\u00f6vetik nyomon m\u00e1s weboldalakon v\u00e9gzett tev\u00e9kenys\u00e9geit.<\/p>\n<h4>(d) Hirdet\u00e9si s\u00fctik<\/h4>\n<p>A hirdet\u00e9si s\u00fctik lehet\u0151v\u00e9 teszik az \u00e9rdekesebb hirdet\u00e9sek megjelen\u00edt\u00e9s\u00e9t, hogy jobban megfeleljenek az \u00d6n \u00e9rdekl\u0151d\u00e9s\u00e9nek, vagy korl\u00e1tozz\u00e1k a hirdet\u00e9sek azonos felsorol\u00e1s\u00e1t a megl\u00e1togatott webhelyen. Az ilyen t\u00edpus\u00fa s\u00fctiket a kamp\u00e1ny hat\u00e9konys\u00e1g\u00e1nak felm\u00e9r\u00e9s\u00e9re is haszn\u00e1lj\u00e1k. Az ilyen s\u00fctik felhaszn\u00e1lhat\u00f3k arra a c\u00e9lra, hogy megjegyezz\u00e9k, milyen tev\u00e9kenys\u00e9get v\u00e9gzett a weboldalon.<\/p>\n<h3>4. Milyen s\u00fctiket haszn\u00e1lunk?<\/h3>\n<p>Weboldalunkon a k\u00f6vetkez\u0151 s\u00fctiket haszn\u00e1ljuk:<\/p>\n<table>\n<tbody>\n<tr>\n<td><strong>S\u00dcTI KATEG\u00d3RI\u00c1JA<\/strong><\/td>\n<td><strong>S\u00dcTI NEVE<\/strong><\/td>\n<td><strong>S\u00dcTI \u00c9RV\u00c9NYESS\u00c9GI IDEJE<\/strong><\/td>\n<td><strong>S\u00dcTI C\u00c9LJA<\/strong><\/td>\n<\/tr>\n<tr>\n<td rowspan=\"2\"><span style=\"font-weight: 400;\">Analitikus s\u00fctik<\/span><\/td>\n<td><span style=\"font-weight: 400;\">_ga<\/span><\/td>\n<td><span style=\"font-weight: 400;\">2 \u00e9v<\/span><\/td>\n<td rowspan=\"2\"><span style=\"font-weight: 400;\">Az els\u0151 f\u00e9lt\u0151l sz\u00e1rmaz\u00f3 Google s\u00fctik, amelyek seg\u00edts\u00e9g\u00e9vel inform\u00e1ci\u00f3kat gy\u0171jtenek a weboldal l\u00e1togat\u00e1sair\u00f3l \u00e9s arr\u00f3l, hogy l\u00e1togat\u00f3ink hogyan haszn\u00e1lj\u00e1k a weboldalt. A s\u00fctik inform\u00e1ci\u00f3kat gy\u0171jtenek, p\u00e9ld\u00e1ul a webhely l\u00e1togat\u00f3inak sz\u00e1m\u00e1t, inform\u00e1ci\u00f3kat arr\u00f3l a webhelyr\u0151l, ahonnan a l\u00e1togat\u00f3k \u00e9rkeztek, a weboldalon megtekintett oldalakr\u00f3l, a b\u00f6ng\u00e9sz\u00e9shez haszn\u00e1lt b\u00f6ng\u00e9sz\u0151r\u0151l, oper\u00e1ci\u00f3s rendszerr\u0151l stb.<\/span><\/td>\n<\/tr>\n<tr>\n<td><span style=\"font-weight: 400;\">_ga_xxxxxxxxxx<\/span><\/td>\n<td><span style=\"font-weight: 400;\">2 \u00e9v<\/span><\/td>\n<\/tr>\n<tr>\n<td rowspan=\"2\"><span style=\"font-weight: 400;\">Funkcion\u00e1lis s\u00fctik<\/span><\/td>\n<td><span style=\"font-weight: 400;\">cookieBannerDisplayed<\/span><span style=\"font-weight: 400;\">\u00a0<\/span><\/td>\n<td><span style=\"font-weight: 400;\">A b\u00f6ng\u00e9sz\u00e9s v\u00e9g\u00e9ig<\/span><\/td>\n<td><span style=\"font-weight: 400;\">A s\u00fctik haszn\u00e1lat\u00e1val kapcsolatos \u00e9rtes\u00edt\u00e9sek<\/span><\/td>\n<\/tr>\n<tr>\n<td><span style=\"font-weight: 400;\">public_lang<\/span><\/td>\n<td><span style=\"font-weight: 400;\">181\u00a0nap<\/span><\/td>\n<td><span style=\"font-weight: 400;\">A weboldal nyelv\u00e9nek megjegyz\u00e9se<\/span><\/td>\n<\/tr>\n<tr>\n<td rowspan=\"15\"><span style=\"font-weight: 400;\">Hirdet\u00e9si s\u00fctik<\/span><\/td>\n<td><span style=\"font-weight: 400;\">dpr<\/span><\/td>\n<td><span style=\"font-weight: 400;\">7 nap<\/span><\/td>\n<td><span style=\"font-weight: 400;\">Harmadik f\u00e9lt\u0151l sz\u00e1rmaz\u00f3 Facebook s\u00fcti a bejelentkezett Facebook-felhaszn\u00e1l\u00f3kkal kapcsolatos inform\u00e1ci\u00f3k meg\u0151rz\u00e9s\u00e9hez, hirdet\u00e9sek felaj\u00e1nl\u00e1sa \u00e9s a tartalom friss\u00edt\u00e9se \u00e9rdek\u00e9ben. A s\u00fcti tartalmat a Facebook haszn\u00e1lat\u00e1ra vonatkoz\u00f3 \u00e1ltal\u00e1nos szerz\u0151d\u00e9si felt\u00e9telek enged\u00e9lyezik.<\/span><\/td>\n<\/tr>\n<tr>\n<td><span style=\"font-weight: 400;\">fr<\/span><\/td>\n<td><span style=\"font-weight: 400;\">90 nap<\/span><\/td>\n<td><span style=\"font-weight: 400;\">Harmadik f\u00e9lt\u0151l sz\u00e1rmaz\u00f3 Facebook s\u00fcti a hirdet\u00e9sek bemutat\u00e1s\u00e1hoz, a hirdet\u00e9si konverzi\u00f3k m\u00e9r\u00e9s\u00e9hez \u00e9s a hirdet\u00e9sek relevanci\u00e1j\u00e1nak jav\u00edt\u00e1s\u00e1hoz.<\/span><\/td>\n<\/tr>\n<tr>\n<td><span style=\"font-weight: 400;\">IDE<\/span><\/td>\n<td><span style=\"font-weight: 400;\">390 nap<\/span><\/td>\n<td><span style=\"font-weight: 400;\">Harmadik f\u00e9lt\u0151l sz\u00e1rmaz\u00f3 DoubleClick s\u00fcti a Google-hirdet\u00e9sek megjelen\u00edt\u00e9s\u00e9hez a Google-t\u0151l elt\u00e9r\u0151 webhelyeken. A c\u00e9lzott hirdet\u00e9sek a webhelyen tett kor\u00e1bbi l\u00e1togat\u00e1sok szerint jelennek meg. Ezek a s\u00fctik a hirdet\u00e9si konverzi\u00f3kat is m\u00e9rik.<\/span><\/td>\n<\/tr>\n<tr>\n<td><span style=\"font-weight: 400;\">test_cookie<\/span><\/td>\n<td><span style=\"font-weight: 400;\">N\u00e9h\u00e1ny m\u00e1sodperc<\/span><\/td>\n<td><span style=\"font-weight: 400;\">Harmadik f\u00e9lt\u0151l sz\u00e1rmaz\u00f3 DoubleClick s\u00fcti annak azonos\u00edt\u00e1s\u00e1ra, hogy a l\u00e1togat\u00f3 \u00e1ltal haszn\u00e1lt b\u00f6ng\u00e9sz\u0151 t\u00e1mogatja-e a s\u00fctiket.<\/span><\/td>\n<\/tr>\n<tr>\n<td><span style=\"font-weight: 400;\">1P_JAR<\/span><\/td>\n<td><span style=\"font-weight: 400;\">30 nap<\/span><\/td>\n<td rowspan=\"10\"><span style=\"font-weight: 400;\">Ezeket a s\u00fctiket a felt\u00f6lt\u00f6tt YouTube vide\u00f3k mentik. N\u00e9vtelen statisztikai adatokat regisztr\u00e1lnak, p\u00e9ld\u00e1ul h\u00e1nyszor j\u00e1tsz\u00e1k le a vide\u00f3t \u00e9s milyen be\u00e1ll\u00edt\u00e1sokat haszn\u00e1lnak a reprodukci\u00f3hoz. Nem gy\u0171jtenek bizalmas adatokat, \u00e9s ha nincs bejelentkezve a Google-fi\u00f3kba, a m\u0171veletei \u00f6sszekapcsol\u00f3dnak a Google-fi\u00f3kj\u00e1val, p\u00e9ld\u00e1ul ha a \u201elike\u201d gombra kattint a vide\u00f3n.<\/span><\/p>\n<p><span style=\"font-weight: 400;\">Tov\u00e1bbi inform\u00e1ci\u00f3k: <\/span><a href=\"https:\/\/policies.google.com\/privacy?hl=en-US\" target=\"_blank\" rel=\"noopener\"><span style=\"font-weight: 400;\">Google Privacy Policy<\/span><\/a><span style=\"font-weight: 400;\">.<\/span><\/td>\n<\/tr>\n<tr>\n<td><span style=\"font-weight: 400;\">NID<\/span><\/td>\n<td><span style=\"font-weight: 400;\">6 h\u00f3nap<\/span><\/td>\n<\/tr>\n<tr>\n<td><span style=\"font-weight: 400;\">__Secure-3PSIDCC<\/span><\/td>\n<td><span style=\"font-weight: 400;\">2\u00a0\u00e9v<\/span><\/td>\n<\/tr>\n<tr>\n<td><span style=\"font-weight: 400;\">__Secure-3PAPISID<\/span><\/td>\n<td><span style=\"font-weight: 400;\">2 \u00e9v<\/span><\/td>\n<\/tr>\n<tr>\n<td><span style=\"font-weight: 400;\">__Secure-3PSID<\/span><\/td>\n<td><span style=\"font-weight: 400;\">2 \u00e9v<\/span><\/td>\n<\/tr>\n<tr>\n<td><span style=\"font-weight: 400;\">CONSENT<\/span><\/td>\n<td><span style=\"font-weight: 400;\">200\u00a0h\u00f3nap<\/span><\/td>\n<\/tr>\n<tr>\n<td><span style=\"font-weight: 400;\">GPS<\/span><\/td>\n<td><span style=\"font-weight: 400;\">30\u00a0perc<\/span><\/td>\n<\/tr>\n<tr>\n<td><span style=\"font-weight: 400;\">PREF<\/span><\/td>\n<td><span style=\"font-weight: 400;\">2 \u00e9v<\/span><\/td>\n<\/tr>\n<tr>\n<td><span style=\"font-weight: 400;\">VISITOR_INFO1_LIVE<\/span><\/td>\n<td><span style=\"font-weight: 400;\">6\u00a0h\u00f3nap<\/span><\/td>\n<\/tr>\n<tr>\n<td><span style=\"font-weight: 400;\">YSC<\/span><\/td>\n<td><span style=\"font-weight: 400;\">A b\u00f6ng\u00e9sz\u00e9s v\u00e9g\u00e9ig<\/span><\/td>\n<\/tr>\n<tr>\n<td><span style=\"font-weight: 400;\">_fbp<\/span><\/td>\n<td><span style=\"font-weight: 400;\">6\u00a0h\u00f3nap<\/span><\/td>\n<td><span style=\"font-weight: 400;\">Els\u0151 f\u00e9lt\u0151l sz\u00e1rmaz\u00f3 Facebook s\u00fcti, amelyet hirdet\u00e9seink Facebookon t\u00f6rt\u00e9n\u0151 bemutat\u00e1s\u00e1ra haszn\u00e1lnak.<\/span><\/td>\n<\/tr>\n<\/tbody>\n<\/table>\n<h3>5. Hogyan tudom ellen\u0151rizni a s\u00fctiket?<\/h3>\n<p>A b\u00f6ng\u00e9sz\u0151 be\u00e1ll\u00edt\u00e1sainak m\u00f3dos\u00edt\u00e1s\u00e1val szab\u00e1lyozhatja a s\u00fctik haszn\u00e1lat\u00e1t. Tov\u00e1bbi inform\u00e1ci\u00f3 az \u00d6n \u00e1ltal haszn\u00e1lt b\u00f6ng\u00e9sz\u0151 szolg\u00e1ltat\u00f3j\u00e1nak honlapj\u00e1n \u00e9rhet\u0151 el.<\/p>\n<p>Felh\u00edvjuk figyelm\u00e9t, hogy a s\u00fctik t\u00f6rl\u00e9se vagy azok j\u00f6v\u0151beli haszn\u00e1latra vonatkoz\u00f3 letilt\u00e1sa el\u00e9rhetetlenn\u00e9 teheti weboldalunk egyes r\u00e9szeit vagy funkci\u00f3it. Ha megv\u00e1ltoztatja a s\u00fcti be\u00e1ll\u00edt\u00e1sokat, az hat\u00e1ssal lesz m\u00e1s felkeresett webhelyekre is.<\/p>\n","protected":false},"excerpt":{"rendered":"<p>Utols\u00f3 friss\u00edt\u00e9s: 2021-06-01 1. Mi az a s\u00fcti (cookie)? A s\u00fctik a k\u00e9sz\u00fcl\u00e9k b\u00f6ng\u00e9sz\u0151j\u00e9ben (pl. sz\u00e1m\u00edt\u00f3g\u00e9p, mobiltelefon, t\u00e1blag\u00e9p) a b\u00f6ng\u00e9sz\u00e9s sor\u00e1n elt\u00e1rolt kis sz\u00f6vegf\u00e1jlok. M\u00e1s technol\u00f3gi\u00e1kat, ide\u00e9rtve a b\u00f6ng\u00e9sz\u0151ben vagy az eszk\u00f6z\u00f6n t\u00e1rolt adatokat, az eszk\u00f6z\u00e9hez kapcsol\u00f3d\u00f3 azonos\u00edt\u00f3kat \u00e9s m\u00e1s szoftvereket, hasonl\u00f3 c\u00e9lokra haszn\u00e1lj\u00e1k. A s\u00fctiket sz\u00e9les k\u00f6rben haszn\u00e1lj\u00e1k a weboldal teljes\u00edtm\u00e9ny\u00e9nek el\u0151seg\u00edt\u00e9s\u00e9re, illetve teljes\u00edtm\u00e9ny\u00fck&#8230;<\/p>\n","protected":false},"author":1,"featured_media":0,"parent":0,"menu_order":0,"comment_status":"closed","ping_status":"closed","template":"page-templates\/privacy-policy.php","meta":{"_acf_changed":false,"inline_featured_image":false,"footnotes":""},"class_list":["post-1207276","page","type-page","status-publish","hentry"],"acf":[],"_links":{"self":[{"href":"https:\/\/robin.jobs\/hu\/wp-json\/wp\/v2\/pages\/1207276","targetHints":{"allow":["GET"]}}],"collection":[{"href":"https:\/\/robin.jobs\/hu\/wp-json\/wp\/v2\/pages"}],"about":[{"href":"https:\/\/robin.jobs\/hu\/wp-json\/wp\/v2\/types\/page"}],"author":[{"embeddable":true,"href":"https:\/\/robin.jobs\/hu\/wp-json\/wp\/v2\/users\/1"}],"replies":[{"embeddable":true,"href":"https:\/\/robin.jobs\/hu\/wp-json\/wp\/v2\/comments?post=1207276"}],"version-history":[{"count":4,"href":"https:\/\/robin.jobs\/hu\/wp-json\/wp\/v2\/pages\/1207276\/revisions"}],"predecessor-version":[{"id":1243484,"href":"https:\/\/robin.jobs\/hu\/wp-json\/wp\/v2\/pages\/1207276\/revisions\/1243484"}],"wp:attachment":[{"href":"https:\/\/robin.jobs\/hu\/wp-json\/wp\/v2\/media?parent=1207276"}],"curies":[{"name":"wp","href":"https:\/\/api.w.org\/{rel}","templated":true}]}}