{"id":1207275,"date":"2021-06-08T15:39:22","date_gmt":"2021-06-08T12:39:22","guid":{"rendered":"https:\/\/robin.jobs\/hu\/privacy-policy-for-website-visitors"},"modified":"2021-06-11T16:55:50","modified_gmt":"2021-06-11T13:55:50","slug":"privacy-policy-for-website-visitors","status":"publish","type":"page","link":"https:\/\/robin.jobs\/hu\/privacy-policy-for-website-visitors","title":{"rendered":"UAB\u00a0ROBIN JOBS ADATV\u00c9DELMI IR\u00c1NYELVEK A WEBHELY L\u00c1TOGAT\u00d3I SZ\u00c1M\u00c1RA"},"content":{"rendered":"<p>Utolj\u00e1ra friss\u00edtve: 2021-06-01<\/p>\n<p>Az UAB Robin Jobs gondoskodik az \u00d6n adatainak v\u00e9delm\u00e9r\u0151l. Betartjuk az Eur\u00f3pai Uni\u00f3 \u00e1ltal\u00e1nos adatv\u00e9delmi rendelet\u00e9t (GDPR) \u00e9s m\u00e1s t\u00f6rv\u00e9nyeket, amelyek v\u00e9dik az \u00d6n adatait, amelyeket t\u00e1rsas\u00e1gunkban gy\u0171jt\u00fcnk, haszn\u00e1lunk \u00e9s t\u00e1rolunk.<\/p>\n<p><strong>1. Hogyan kell \u00e9rtelmezni az adatv\u00e9delmi ir\u00e1nyelveket?<\/strong><\/p>\n<p>Ezek az adatv\u00e9delmi ir\u00e1nyelvek megv\u00e1laszolj\u00e1k azokat a kulcsfontoss\u00e1g\u00fa k\u00e9rd\u00e9seket, amelyek arra vonatkoznak, hogyan gy\u0171jtj\u00fck, haszn\u00e1ljuk \u00e9s t\u00e1roljuk az \u00d6nre vonatkoz\u00f3 inform\u00e1ci\u00f3kat. Abban az esetben, ha b\u00e1rmilyen k\u00e9rd\u00e9se lenne, vagy a jelen dokumentum b\u00e1rmely r\u00e9sze nem vil\u00e1gos, k\u00e9szen \u00e1llunk seg\u00edteni \u00d6nnek a jelen adatv\u00e9delmi ir\u00e1nyelv 10. szakasz\u00e1ban le\u00edrtak szerint. Felh\u00edvjuk figyelm\u00e9t, hogy a jelen adatv\u00e9delmi ir\u00e1nyelvekben a \u201emi\u201d sz\u00f3ra t\u00f6rt\u00e9n\u0151 b\u00e1rmilyen utal\u00e1s a T\u00e1rsas\u00e1gunkat jelenti, amint az az adatv\u00e9delmi ir\u00e1nyelv 2. szakasz\u00e1ban szerepel.<\/p>\n<p><strong>2. Ki a felel\u0151s az adataim v\u00e9delm\u00e9\u00e9rt?<\/strong><\/p>\n<p>Mi vagyunk\u00a0\u2013 UAB Robin Jobs;<br \/>\nJogi szem\u00e9ly\u00fcnk azonos\u00edt\u00f3ja: 300659719;<br \/>\nC\u00edm\u00fcnk: Naru\u010dio g. 3, Vilnius;<br \/>\nE-mail: finance@robin.jobs<\/p>\n<p><strong>3. Mi\u00e9rt gy\u0171jtenek inform\u00e1ci\u00f3kat r\u00f3lam?<\/strong><\/p>\n<p>Nyilv\u00e1nos hozz\u00e1f\u00e9r\u00e9st biztos\u00edtunk a robin.jobs weboldalhoz, t\u00e1mogatjuk \u00e9s fejlesztj\u00fck, valamint biztos\u00edtjuk funkci\u00f3inak megfelel\u0151 m\u0171k\u00f6d\u00e9s\u00e9t. Ezen c\u00e9lb\u00f3l s\u00fctiket haszn\u00e1lunk. Tov\u00e1bbi inform\u00e1ci\u00f3 a weboldalunkon haszn\u00e1lt s\u00fctikr\u0151l \u00e9s azok c\u00e9lj\u00e1r\u00f3l a S\u00fcti ir\u00e1nyelvekben \u00e9rhet\u0151 el, l\u00e1sd: S\u00fcti ir\u00e1nyelvek.<\/p>\n<p><strong>4. Milyen inform\u00e1ci\u00f3kat gy\u0171jtenek, haszn\u00e1lnak \u00e9s t\u00e1rolnak r\u00f3lam?<\/strong><\/p>\n<p>Amikor \u00d6n b\u00f6ng\u00e9szi a weboldalunkat, ha beleegyez\u00e9s\u00e9t adta az analitikai s\u00fctik haszn\u00e1lat\u00e1hoz, akkor az ilyen s\u00fctik seg\u00edts\u00e9g\u00e9vel n\u00e9vtelen adatokat gy\u0171jt\u00fcnk a weboldalunkon t\u00f6rt\u00e9n\u0151 b\u00f6ng\u00e9sz\u00e9s trendjeir\u0151l, az \u00d6n demogr\u00e1fiai adatair\u00f3l, a b\u00f6ng\u00e9sz\u00e9shez haszn\u00e1lt b\u00f6ng\u00e9sz\u0151r\u0151l \u00e9s az oper\u00e1ci\u00f3s rendszerr\u0151l.<\/p>\n<p>Nem tudjuk haszn\u00e1lni a s\u00fctiket a Facebook-fi\u00f3kunkban, azonban maga a Facebook haszn\u00e1lja \u0151ket. Tov\u00e1bbi inform\u00e1ci\u00f3 arr\u00f3l, hogy a Facebook hogyan gy\u0171jt, haszn\u00e1l \u00e9s t\u00e1rol \u00d6nr\u0151l sz\u00f3l\u00f3 inform\u00e1ci\u00f3kat, a Facebook adatv\u00e9delmi ir\u00e1nyelveiben tal\u00e1lhat\u00f3.<br \/>\nFacebook Privacy Policy.<\/p>\n<p><strong>5. Haszn\u00e1lnak s\u00fctiket?<\/strong><\/p>\n<p>Igen, haszn\u00e1lunk s\u00fctiket, l\u00e1sd: S\u00fcti ir\u00e1nyelvek.<\/p>\n<p><strong>6. Mi a jogalapja a r\u00f3lam sz\u00f3l\u00f3 inform\u00e1ci\u00f3k gy\u0171jt\u00e9s\u00e9nek?<\/strong><\/p>\n<p>T\u00f6rv\u00e9nyesen gy\u0171jt\u00fcnk \u00d6nr\u0151l inform\u00e1ci\u00f3kat a k\u00f6vetkez\u0151k alapj\u00e1n:<br \/>\na weboldal \u00e9s funkci\u00f3inak megfelel\u0151 m\u0171k\u00f6d\u00e9s\u00e9hez k\u00f6telez\u0151 s\u00fctik haszn\u00e1lat\u00e1ra vonatkoz\u00f3 jogos \u00e9rdek\u00fcnk alapj\u00e1n (GDPR 6. cikk (1) bekezd\u00e9s f) pont);<br \/>\naz analitikai \u00e9s hirdet\u00e9si s\u00fctik haszn\u00e1lat\u00e1hoz adott hozz\u00e1j\u00e1rul\u00e1sa alapj\u00e1n (GDPR 6. cikk (1) bekezd\u00e9s a) pont).<\/p>\n<p><strong>7. Megosztj\u00e1k az inform\u00e1ci\u00f3kat m\u00e1s szervezetekkel?<\/strong><\/p>\n<p>Inform\u00e1ci\u00f3t oszthatunk meg olyan szolg\u00e1ltat\u00f3kkal, akik sz\u00e1munkra informatikai, weboldal-karbantart\u00e1si \u00e9s t\u00e1mogat\u00e1si szolg\u00e1ltat\u00e1sokat, valamint s\u00fcti szolg\u00e1ltat\u00e1sokat ny\u00fajtanak.<\/p>\n<p><strong>8. Mennyi ideig \u0151rzik a velem kapcsolatos inform\u00e1ci\u00f3kat?<\/strong><\/p>\n<p>A s\u00fctikkel kapcsolatos inform\u00e1ci\u00f3kat r\u00e9szletesen l\u00e1sd: S\u00fcti ir\u00e1nyelvek.<\/p>\n<p><strong>9. Milyen int\u00e9zked\u00e9seket tehetek a t\u00e1rsas\u00e1gukn\u00e1l szerepl\u0151 adataimmal kapcsolatban?<\/strong><\/p>\n<p>Az al\u00e1bbiakban felsorolt m\u0171veletek v\u00e9grehajt\u00e1sa \u00e9rdek\u00e9ben k\u00e9rj\u00fck, l\u00e9pjen vel\u00fcnk kapcsolatba a 10. szakaszban le\u00edrtak szerint. Felh\u00edvjuk figyelm\u00e9t, hogy ezekre a jogokra t\u00f6rv\u00e9nyi felt\u00e9telek \u00e9s kiv\u00e9telek vonatkoznak.<\/p>\n<p>&#8211; Az \u00d6nr\u0151l t\u00e1rolt inform\u00e1ci\u00f3khoz val\u00f3 hozz\u00e1f\u00e9r\u00e9s k\u00e9r\u00e9s\u00e9nek joga,ha feldolgozzuk azon szem\u00e9lyes adatait, amelyek lehet\u0151v\u00e9 teszik az \u00d6n azonos\u00edt\u00e1s\u00e1t;<br \/>\n&#8211; Az \u00d6nr\u0151l t\u00e1rolt inform\u00e1ci\u00f3k helyesb\u00edt\u00e9si vagy p\u00f3tl\u00e1si k\u00e9relm\u00e9nek joga;<br \/>\n&#8211; Az \u00d6nr\u0151l t\u00e1rolt adatok t\u00f6rl\u00e9si k\u00e9relm\u00e9nek joga, ahol:<br \/>\nadatait az \u00d6n beleegyez\u00e9se alapj\u00e1n kezelj\u00fck;<br \/>\nadatait jogellenesen kezelj\u00fck;<br \/>\naz adatai kezel\u00e9s\u00e9re ir\u00e1nyul\u00f3 jogos \u00e9rdek\u00fcnket \u00d6n c\u00e1folja;<br \/>\naz \u00d6n adatai m\u00e1r nem sz\u00fcks\u00e9gesek abb\u00f3l a c\u00e9lb\u00f3l, amelyb\u0151l gy\u0171jt\u00f6tt\u00e9k \u0151ket;<br \/>\njogi k\u00f6telezetts\u00e9g\u00fcnk van arra, hogy t\u00f6r\u00f6lj\u00fck az \u00d6nr\u0151l sz\u00f3l\u00f3 inform\u00e1ci\u00f3kat;<br \/>\n&#8211; Az \u00d6nr\u0151l t\u00e1rolt adatok felhaszn\u00e1l\u00e1si korl\u00e1toz\u00e1s\u00e1nak k\u00e9relm\u00e9hez val\u00f3 jog, amennyiben vitatja az adatok pontoss\u00e1g\u00e1t vagy kifog\u00e1st emel az adatkezel\u00e9s ellen, nem \u00e9rt egyet az \u00d6nr\u0151l jogellenesen kezelt adatok t\u00f6rl\u00e9s\u00e9vel, vagy amikor a jogi ig\u00e9nyek l\u00e9trehoz\u00e1s\u00e1hoz, gyakorl\u00e1s\u00e1hoz vagy v\u00e9delm\u00e9hez sz\u00fcks\u00e9ge van az adatokra;<br \/>\n&#8211; A t\u00e1rsas\u00e1gunkn\u00e1l \u00d6nr\u0151l t\u00e1rolt inform\u00e1ci\u00f3k gy\u0171jt\u00e9s\u00e9nek, felhaszn\u00e1l\u00e1s\u00e1nak \u00e9s t\u00e1rol\u00e1s\u00e1nak megt\u00e1mad\u00e1s\u00e1hoz val\u00f3 jog, ahol az \u00d6n adatait jogos \u00e9rdek alapj\u00e1n kezelj\u00fck;<br \/>\n&#8211; Adatai export\u00e1l\u00e1s\u00e1nak k\u00e9relm\u00e9hez val\u00f3 jog, ha struktur\u00e1lt, \u00e1ltal\u00e1nosan haszn\u00e1lt form\u00e1tumban ny\u00fajtott be nek\u00fcnk adatokat \u00e9s hozz\u00e1j\u00e1rult ezen adatok feldolgoz\u00e1s\u00e1hoz, vagy ha ezeket az adatokat az \u00d6nnel k\u00f6t\u00f6tt szerz\u0151d\u00e9s teljes\u00edt\u00e9s\u00e9hez kellett feldolgoznunk;<br \/>\n&#8211; Joga van b\u00e1rmikor visszavonni a szem\u00e9lyes adatok feldolgoz\u00e1s\u00e1hoz adott beleegyez\u00e9s\u00e9t (ezt megteheti a b\u00f6ng\u00e9sz\u0151 be\u00e1ll\u00edt\u00e1sainak m\u00f3dos\u00edt\u00e1s\u00e1val);<br \/>\n&#8211; Az \u00c1llami Adatv\u00e9delmi Fel\u00fcgyel\u0151s\u00e9ghez t\u00f6rt\u00e9n\u0151 panaszt\u00e9tel joga (tov\u00e1bbi inform\u00e1ci\u00f3: vdai.lrv.lt)<\/p>\n<p><strong>10. Hogyan tudnak seg\u00edteni nekem?<\/strong><\/p>\n<p>Ha b\u00e1rmilyen k\u00e9rd\u00e9se, \u00e9szrev\u00e9tele vagy panasza van azzal kapcsolatban, hogy mik\u00e9nt gy\u0171jtj\u00fck, haszn\u00e1ljuk \u00e9s t\u00e1roljuk az \u00d6n adatait, k\u00e9szs\u00e9ggel \u00e1llunk rendelkez\u00e9s\u00e9re. Ha seg\u00edts\u00e9gre van sz\u00fcks\u00e9ge, l\u00e9pjen vel\u00fcnk kapcsolatba e-mailben a finance@robin.jobs e-mail c\u00edmen.<\/p>\n","protected":false},"excerpt":{"rendered":"<p>Utolj\u00e1ra friss\u00edtve: 2021-06-01 Az UAB Robin Jobs gondoskodik az \u00d6n adatainak v\u00e9delm\u00e9r\u0151l. Betartjuk az Eur\u00f3pai Uni\u00f3 \u00e1ltal\u00e1nos adatv\u00e9delmi rendelet\u00e9t (GDPR) \u00e9s m\u00e1s t\u00f6rv\u00e9nyeket, amelyek v\u00e9dik az \u00d6n adatait, amelyeket t\u00e1rsas\u00e1gunkban gy\u0171jt\u00fcnk, haszn\u00e1lunk \u00e9s t\u00e1rolunk. 1. Hogyan kell \u00e9rtelmezni az adatv\u00e9delmi ir\u00e1nyelveket? Ezek az adatv\u00e9delmi ir\u00e1nyelvek megv\u00e1laszolj\u00e1k azokat a kulcsfontoss\u00e1g\u00fa k\u00e9rd\u00e9seket, amelyek arra vonatkoznak, hogyan gy\u0171jtj\u00fck,&#8230;<\/p>\n","protected":false},"author":1,"featured_media":0,"parent":0,"menu_order":0,"comment_status":"closed","ping_status":"closed","template":"page-templates\/privacy-policy.php","meta":{"_acf_changed":false,"inline_featured_image":false,"footnotes":""},"class_list":["post-1207275","page","type-page","status-publish","hentry"],"acf":[],"_links":{"self":[{"href":"https:\/\/robin.jobs\/hu\/wp-json\/wp\/v2\/pages\/1207275","targetHints":{"allow":["GET"]}}],"collection":[{"href":"https:\/\/robin.jobs\/hu\/wp-json\/wp\/v2\/pages"}],"about":[{"href":"https:\/\/robin.jobs\/hu\/wp-json\/wp\/v2\/types\/page"}],"author":[{"embeddable":true,"href":"https:\/\/robin.jobs\/hu\/wp-json\/wp\/v2\/users\/1"}],"replies":[{"embeddable":true,"href":"https:\/\/robin.jobs\/hu\/wp-json\/wp\/v2\/comments?post=1207275"}],"version-history":[{"count":3,"href":"https:\/\/robin.jobs\/hu\/wp-json\/wp\/v2\/pages\/1207275\/revisions"}],"predecessor-version":[{"id":1207335,"href":"https:\/\/robin.jobs\/hu\/wp-json\/wp\/v2\/pages\/1207275\/revisions\/1207335"}],"wp:attachment":[{"href":"https:\/\/robin.jobs\/hu\/wp-json\/wp\/v2\/media?parent=1207275"}],"curies":[{"name":"wp","href":"https:\/\/api.w.org\/{rel}","templated":true}]}}