{"id":1195786,"date":"2019-05-21T14:34:22","date_gmt":"2019-05-21T11:34:22","guid":{"rendered":"https:\/\/robin.jobs\/qbis-2\/?page_id=1195786"},"modified":"2026-04-05T14:22:28","modified_gmt":"2026-04-05T11:22:28","slug":"szabad-allasok-kulfoldon","status":"publish","type":"page","link":"https:\/\/robin.jobs\/hu\/szabad-allasok-kulfoldon","title":{"rendered":"Szabad \u00e1ll\u00e1sok k\u00fclf\u00f6ld\u00f6n"},"content":{"rendered":"<p>\u00c9rdekes munk\u00e1t keres k\u00fclf\u00f6ld\u00f6n? A Robin jelenleg t\u00f6bb mint 55 \u00e1ll\u00e1saj\u00e1nlattal rendelkezikk\u00fclf\u00f6ld\u00f6n, <a href=\"https:\/\/robin.jobs\/hu\/munka-hollandiaban\">Hollandi\u00e1ban<\/a>,\u00a0\u00a0<a href=\"https:\/\/robin.jobs\/hu\/munka-nemetorszagban\">N\u00e9metorsz\u00e1gban<\/a> \u00e9s Belgiumban. L\u00e9nyegtelen, hogy p\u00e1rban vagy egyed\u00fcl szeretne dolgozni menni ,besz\u00e9l-e angolul vagy sem.<!--more--><\/p>\n<p>Ha k\u00fclf\u00f6ldre m\u00e9ssz dolgozni, a p\u00e9nzgy\u0171jt\u00e9sen k\u00edv\u00fcl t\u00e1g\u00edtod l\u00e1t\u00f3k\u00f6r\u00f6d \u00e9s nemzetk\u00f6zi kapcsolatokat alak\u00edtasz ki. L\u00e9nyegtelen, hogy hossz\u00fa vagy r\u00f6vid t\u00e1v\u00fa munk\u00e1t keresel, p\u00e1rban vagy egyed\u00fcl indulsz dolgozni, k\u00fclf\u00f6ld\u00f6n mindig lesznek munkaaj\u00e1nlatok.<\/p>\n<p>Ahhoz, hogy k\u00fclf\u00f6ld\u00f6n munk\u00e1t szerezz, a Robin seg\u00edts\u00e9g\u00e9vel toborz\u00f3ddal<strong> 25 k\u00fcl\u00f6nb\u00f6z\u0151 munkak\u00f6zvet\u00edt\u0151 \u00fcgyn\u00f6ks\u00e9g<\/strong> \u00e1ltal meghirdetett szabad \u00e1ll\u00e1sok k\u00f6z\u00fcl v\u00e1laszthatsz, az \u00fcgyn\u00f6ks\u00e9gek akt\u00edvak <a href=\"https:\/\/robin.jobs\/hu\/munka-nemetorszagban\">N\u00e9metorsz\u00e1gban<\/a>, <a href=\"https:\/\/robin.jobs\/hu\/munka-hollandiaban\">Hollandi\u00e1ban<\/a> \u00e9s Belgiumban. A Robin-al kiv\u00e1laszthatod az \u00e1ll\u00e1st \u00e9s a sz\u00e1ll\u00e1st a neked megfelel\u0151 orsz\u00e1gban.<\/p>\n<p>Ha Magyarorsz\u00e1gon keres munk\u00e1t, javasoljuk, hogy keresse fel a\u00a0Jooble.org weboldalt<\/p>\n<h2>Sz\u00e1mos szabad \u00e1ll\u00e1s k\u00fclf\u00f6ld\u00f6n<\/h2>\n<p>A megfelel\u0151 szabad \u00e1ll\u00e1st keresed k\u00fclf\u00f6ld\u00f6n? K\u00fcl\u00f6nb\u00f6z\u0151 szabad \u00e1ll\u00e1saj\u00e1nlatunk van N\u00e9metorsz\u00e1gban, Hollandi\u00e1ban \u00e9s Belgiumban. Amennyiben k\u00fclf\u00f6ld\u00f6n szeretn\u00e9l dolgozni, de nem tudod melyik orsz\u00e1got v\u00e1laszd, k\u00e9r\u00fcnk ellen\u0151r\u00edzd, hogy melyik EU-s \u00e1llamban a legjobb dolgozni 2025-ben.<\/p>\n<p>Biztosan lesznek olyan szabad \u00e1ll\u00e1sok <a href=\"https:\/\/robin.jobs\/hu\/szabad-allasok-kulfoldon\">k\u00fclf\u00f6ld\u00f6n<\/a>, amik olyant aj\u00e1nlanak, amit te keresel. L\u00e9nyegtelen, hogy egyetemistak\u00e9nt keresel \u00e1ll\u00e1st, vagy olyan munkahelyet keresel, ahov\u00e1 tapasztalat sz\u00fcks\u00e9ges, mint az \u00e9p\u00edt\u0151telepen vagy szerel\u0151k\u00e9nt. G\u00f6rgess a k\u00fclf\u00f6ldi szabad \u00e1ll\u00e1sok k\u00f6z\u00f6tt, <a href=\"#js-signup-modal\">amelyek jelenleg el\u00e9rhet\u0151ek<\/a>, \u00e9s k\u00e9rdd m\u00e9g ma a neked megfelel\u0151 \u00e1ll\u00e1st!<\/p>\n","protected":false},"excerpt":{"rendered":"<p>\u00c9rdekes munk\u00e1t keres k\u00fclf\u00f6ld\u00f6n? A Robin jelenleg t\u00f6bb mint 55 \u00e1ll\u00e1saj\u00e1nlattal rendelkezikk\u00fclf\u00f6ld\u00f6n, Hollandi\u00e1ban,\u00a0\u00a0N\u00e9metorsz\u00e1gban \u00e9s Belgiumban. L\u00e9nyegtelen, hogy p\u00e1rban vagy egyed\u00fcl szeretne dolgozni menni ,besz\u00e9l-e angolul vagy sem.<\/p>\n","protected":false},"author":1,"featured_media":1200617,"parent":0,"menu_order":0,"comment_status":"closed","ping_status":"closed","template":"page-templates\/vacancy-archive.php","meta":{"_acf_changed":false,"inline_featured_image":false,"footnotes":""},"class_list":["post-1195786","page","type-page","status-publish","has-post-thumbnail","hentry"],"acf":[],"_links":{"self":[{"href":"https:\/\/robin.jobs\/hu\/wp-json\/wp\/v2\/pages\/1195786","targetHints":{"allow":["GET"]}}],"collection":[{"href":"https:\/\/robin.jobs\/hu\/wp-json\/wp\/v2\/pages"}],"about":[{"href":"https:\/\/robin.jobs\/hu\/wp-json\/wp\/v2\/types\/page"}],"author":[{"embeddable":true,"href":"https:\/\/robin.jobs\/hu\/wp-json\/wp\/v2\/users\/1"}],"replies":[{"embeddable":true,"href":"https:\/\/robin.jobs\/hu\/wp-json\/wp\/v2\/comments?post=1195786"}],"version-history":[{"count":5,"href":"https:\/\/robin.jobs\/hu\/wp-json\/wp\/v2\/pages\/1195786\/revisions"}],"predecessor-version":[{"id":1246417,"href":"https:\/\/robin.jobs\/hu\/wp-json\/wp\/v2\/pages\/1195786\/revisions\/1246417"}],"wp:featuredmedia":[{"embeddable":true,"href":"https:\/\/robin.jobs\/hu\/wp-json\/wp\/v2\/media\/1200617"}],"wp:attachment":[{"href":"https:\/\/robin.jobs\/hu\/wp-json\/wp\/v2\/media?parent=1195786"}],"curies":[{"name":"wp","href":"https:\/\/api.w.org\/{rel}","templated":true}]}}