{"id":176454,"date":"2016-09-28T11:59:43","date_gmt":"2016-09-28T08:59:43","guid":{"rendered":"https:\/\/robin.jobs\/hr\/?page_id=176454"},"modified":"2026-01-06T00:34:42","modified_gmt":"2026-01-05T23:34:42","slug":"privacy-policy","status":"publish","type":"page","link":"https:\/\/robin.jobs\/hr\/politika-privatnosti","title":{"rendered":"Politika privatnosti"},"content":{"rendered":"<p>UAB Robin Jobs brine o za\u0161titi va\u0161ih podataka. U skladu smo s Op\u0107om Uredbom o Za\u0161titi Podataka Europske Unije (OUZP) i drugim zakonima o za\u0161titi va\u0161ih podataka koje prikupljamo, koristimo i pohranjujemo u na\u0161oj Tvrtki.<\/p>\n<ul>\n<li aria-level=\"1\"><b>Pravila o za\u0161titi privatnosti<\/b><\/li>\n<\/ul>\n<p><span style=\"font-weight: 400;\">Na\u0161a Polica Privatnosti \u0107e odgovoriti na najva\u017enija pitanjima o tome kako prikupljamo, koristimo i pohranjujemo podatke o vama. U slu\u010daju da imate bilo kakva pitanja, stojimo na raspolaganju kao \u0161to je dolje navedeno.<\/span><\/p>\n<p>&nbsp;<\/p>\n<p>Molimo da pa\u017eljivo pro\u010ditate na\u0161a pravila o za\u0161titi privatnosti:<\/p>\n<p>&nbsp;<\/p>\n<table>\n<tbody>\n<tr>\n<td><span style=\"color: #0000ff;\"><b><a style=\"color: #0000ff;\" href=\"https:\/\/robin.jobs\/hr\/privacy-policy-for-website-visitors\">Polica Privatnosti za Posjetitelje Web-stranice<\/a><\/b><\/span><\/td>\n<td><span style=\"color: #0000ff;\"><b><a style=\"color: #0000ff;\" href=\"https:\/\/robin.jobs\/hr\/cookie-policy\">Polica Kola\u010di\u0107a<\/a><\/b><\/span><\/td>\n<td><span style=\"color: #0000ff;\"><b><a style=\"color: #0000ff;\" href=\"https:\/\/robin.jobs\/hr\/privacy-policy-for-persons-submitting-inquiries-requests-complaints\">Polica Privatnosti za osobe koje podnose upite<\/a><\/b><\/span><\/td>\n<td><span style=\"color: #0000ff;\"><b><a style=\"color: #0000ff;\" href=\"https:\/\/robin.jobs\/hr\/privacy-policy-for-registered-users\">Polica Privatnosti za Registrirane Korisnike<\/a><\/b><\/span><\/td>\n<\/tr>\n<\/tbody>\n<\/table>\n<p>&nbsp;<\/p>\n<ul>\n<li aria-level=\"1\"><strong>Na\u0161i kontakt detalji<\/strong><\/li>\n<\/ul>\n<p>&nbsp;<\/p>\n<p>Ukoliko imate bilo kakva pitanja, komentare ili pritu\u017ebe vezane uz na\u010din na koji prikupljamo, koristimo i pohranjujemo podatke o vama, spremni smo vam pomo\u0107i. Ukoliko vam treba bilo kakva pomo\u0107, kontaktirajte nas putem e-po\u0161te [&#8230;].<\/p>\n<p>&nbsp;<\/p>\n<ul>\n<li aria-level=\"1\"><strong>Moja prava<\/strong><\/li>\n<\/ul>\n<p>&nbsp;<\/p>\n<p>Kako bi poduzeli bilo koju od mjera navedenih u nastavku, molimo da nas kontaktirate kako je navedeno u Odjeljku 2. Napominjemo da ova prava podlije\u017eu zakonskim uvjetima i iznimkama:<\/p>\n<p>&nbsp;<\/p>\n<ul>\n<li aria-level=\"1\"><b>Pravo pristupa va\u0161im podacima;<\/b><\/li>\n<\/ul>\n<ul>\n<li aria-level=\"1\"><b>Pravo zahtijevati izmjenu ili dopunu va\u0161ih podataka;<\/b><\/li>\n<\/ul>\n<ul>\n<li aria-level=\"1\"><b>Pravo zahtijevati brisanje va\u0161ih podataka;<\/b><\/li>\n<\/ul>\n<ul>\n<li aria-level=\"1\"><b>Pravo zahtijevati ograni\u010denje pristupa va\u0161im podacima ili njihovo brisanje;<\/b><\/li>\n<\/ul>\n<ul>\n<li aria-level=\"1\"><b>Pravo na osporavanje prikupljanja, kori\u0161tenja i pohranjivanja va\u0161ih podataka u na\u0161oj tvrtki;<\/b><\/li>\n<\/ul>\n<ul>\n<li aria-level=\"1\"><b>Pravo zahtijevati izvoz va\u0161ih podataka ili njihov premje\u0161taj u drugu tvrtku;<\/b><\/li>\n<\/ul>\n<ul>\n<li aria-level=\"1\"><b>Pravo na podno\u0161enje pritu\u017ebe Dr\u017eavnom Inspektoratu za Za\u0161titu Podataka (za vi\u0161e informacija, pogledajte <\/b><b>vdai.lrv.lt<\/b><b>).\u00a0<\/b><\/li>\n<\/ul>\n<p>&nbsp;<\/p>\n<p><a href=\"https:\/\/robin.jobs\/hr\/wp-content\/uploads\/sites\/25\/2021\/06\/privacy-rules-freelancers-en.docx\">Privacy rules, freelancers<\/a><\/p>\n<p>&nbsp;<\/p>\n","protected":false},"excerpt":{"rendered":"<p>UAB Robin Jobs brine o za\u0161titi va\u0161ih podataka. U skladu smo s Op\u0107om Uredbom o Za\u0161titi Podataka Europske Unije (OUZP) i drugim zakonima o za\u0161titi va\u0161ih podataka koje prikupljamo, koristimo i pohranjujemo u na\u0161oj Tvrtki. Pravila o za\u0161titi privatnosti Na\u0161a Polica Privatnosti \u0107e odgovoriti na najva\u017enija pitanjima o tome kako prikupljamo, koristimo i pohranjujemo podatke&#8230;<\/p>\n","protected":false},"author":1,"featured_media":0,"parent":0,"menu_order":0,"comment_status":"closed","ping_status":"closed","template":"","meta":{"_acf_changed":false,"inline_featured_image":false,"footnotes":""},"class_list":["post-176454","page","type-page","status-publish","hentry"],"acf":[],"_links":{"self":[{"href":"https:\/\/robin.jobs\/hr\/wp-json\/wp\/v2\/pages\/176454","targetHints":{"allow":["GET"]}}],"collection":[{"href":"https:\/\/robin.jobs\/hr\/wp-json\/wp\/v2\/pages"}],"about":[{"href":"https:\/\/robin.jobs\/hr\/wp-json\/wp\/v2\/types\/page"}],"author":[{"embeddable":true,"href":"https:\/\/robin.jobs\/hr\/wp-json\/wp\/v2\/users\/1"}],"replies":[{"embeddable":true,"href":"https:\/\/robin.jobs\/hr\/wp-json\/wp\/v2\/comments?post=176454"}],"version-history":[{"count":4,"href":"https:\/\/robin.jobs\/hr\/wp-json\/wp\/v2\/pages\/176454\/revisions"}],"predecessor-version":[{"id":1258865,"href":"https:\/\/robin.jobs\/hr\/wp-json\/wp\/v2\/pages\/176454\/revisions\/1258865"}],"wp:attachment":[{"href":"https:\/\/robin.jobs\/hr\/wp-json\/wp\/v2\/media?parent=176454"}],"curies":[{"name":"wp","href":"https:\/\/api.w.org\/{rel}","templated":true}]}}