{"id":1216556,"date":"2021-06-08T13:19:00","date_gmt":"2021-06-08T11:19:00","guid":{"rendered":"https:\/\/robin.jobs\/hr\/?page_id=1216556"},"modified":"2021-09-23T00:25:35","modified_gmt":"2021-09-22T22:25:35","slug":"privacy-policy-for-registered-users","status":"publish","type":"page","link":"https:\/\/robin.jobs\/hr\/privacy-policy-for-registered-users","title":{"rendered":"VA\u017dNI PODACI KAKO PRIKUPLJAMO, KORISTIMO I POHRANJUJEMO PODATKE O NA\u0160IM DOBAVLJA\u010cIMA I\/ILI PARTNERIMA (FIZI\u010cKE OSOBE)"},"content":{"rendered":"<p>UAB Robin Jobs brine o za\u0161titi va\u0161ih podataka. U skladu smo s Op\u0107om Uredbom o Za\u0161titi Podataka Europske Unije (OUZP) i drugim zakonima o za\u0161titi va\u0161ih podataka koje prikupljamo, koristimo i pohranjujemo u na\u0161oj Tvrtki.<\/p>\n<h3>1. Kako bi trebao pro\u010ditati ovu Obavijest?<\/h3>\n<p>Ova Obavijest \u0107e odgovoriti na najva\u017enija pitanja o na\u010dinu na koji prikupljamo, koristimo i pohranjujemo podatke o vama. U slu\u010daju da imate bilo kakva pitanja ili ukoliko je bilo koji dio Obavijesti nejasan, spremni smo vam pomo\u0107i kao \u0161to je opisano u Odjeljku 13 ove Obavijesti. Molimo, imajte na umu da svako upu\u0107ivanje na rije\u010d \u2018\u2019mi\u2019\u2019 u ovoj Obavijesti predstavlja na\u0161u Tvrtku kako je opisano u Odjeljku 2 ove Obavijesti.<\/p>\n<h3>2. Tko je odgovoran za za\u0161titu mojih podataka?<\/h3>\n<p>WMi smo: UAB Robin Jobs<br \/>\nIdentifikacijska oznaka pravnog subjekta: 300659719<br \/>\nNa\u0161a adresa: Naru\u010dio str. 3, Vilnius<\/p>\n<h3>3. Za\u0161to prikupljate podatke o meni?<\/h3>\n<p>Voljni ste napraviti ugovor s nama ili smo mi napravili ugovor s vama.<br \/>\nTako\u0111er \u0107emo imati zakonske obveze nametnute poreznim, ra\u010dunovodstvenim i drugim zakonodavstvom u vezi s podacima o ugovorima sklopljenim s fizi\u010dkim osobama.<br \/>\nZbog navedenih razloga, moramo prikupiti, koristiti i pohraniti podatke o vama.<\/p>\n<h3>4. Koje podatke vam trebam dostaviti i za\u0161to?<\/h3>\n<p>Kako biste sklopili i zaklju\u010dili ugovor s nama, morate nam dostaviti sljede\u0107e podatke:<\/p>\n<ul>\n<li>Identifikacijske podatke (ime, prezime, datum ro\u0111enja, osobni identifikacijski broj, identifikacijsku oznaku platitelja PDV-a, itd.);<\/li>\n<li>Kontakt podatke (adresa, adresa e-po\u0161te, kontakt broj, itd.);<\/li>\n<li>Druge podatke potrebne da bi se sklopio i zaklju\u010dio ugovor (predmet ugovora, njegovi uvjeti i odredbe, dokumenti o uspje\u0161nosti, itd.)<\/li>\n<li>U slu\u010dajevima predvi\u0111enim pravnim aktima, tako\u0111er mo\u017eemo zatra\u017eiti podatke o va\u0161oj kaznenoj evidenciji i\/ili kopiju va\u0161eg identifikacijskog dokumenta<\/li>\n<li>Ukoliko od vas ne dobijemo potrebne podatke, bit \u0107emo u nemogu\u0107nosti da zaklju\u010dimo ugovor s vama.<\/li>\n<\/ul>\n<h3>5. Kakvi podaci o meni su prikupljeni od drugih izvora?<\/h3>\n<p>Ne prikupljamo nikakve podatke o vama od drugih izvora.<\/p>\n<h3>6. Koja je pravna osnova za prikupljanje podataka o meni?<\/h3>\n<p>Prikupljamo podatke o vama zakonski jer su ti podaci potrebni za:<\/p>\n<ul>\n<li>Sklapanje i zaklju\u010divanje ugovora s vama (\u010clanak 6(1)(b) od GDPR);<\/li>\n<li>Radi po\u0161tivanja zakonskih obveza nametnutih poreznim, ra\u010dunovodstvenim i drugim zakonodavstvom (\u010clanak 6(1)(c) od GDPR).<\/li>\n<\/ul>\n<h3>7. Sakupljate li osjetljive podatke o meni?<\/h3>\n<p>Osjetljivi podaci o vama se ne prikupljaju.<\/p>\n<h3>8. Da li je va\u0161e dono\u0161enje odluka automatizirano? Profilirate li me?<\/h3>\n<p>Odluke se ne donose automatskim putem, dakle, niste profilirani.<\/p>\n<h3>9. Prenosite li ikome podatke o meni?<\/h3>\n<p>Va\u0161i podaci mogu biti preneseni:<\/p>\n<ul>\n<li>Dr\u017eavnim slu\u017ebama (poreznoj upravi, itd.) kako je predvi\u0111eno pravnim aktima;<\/li>\n<li>Pru\u017eateljima administrativnih usluga (ra\u010dunovodstvu, itd.);<\/li>\n<li>Pru\u017eateljima informacijskih i komunikacijskih usluga (e-po\u0161ta, poslovni menad\u017ement i ra\u010dunovodstveni sustavi, skladi\u0161ta podataka, itd.);<\/li>\n<li>kupcima, dobavlja\u010dima, partnerima, itd. kad je potrebno za izvr\u0161enje ugovora;<\/li>\n<li>Tvrtke koje vr\u0161e reviziju na\u0161e tvrtke i\/ili dr\u017eavnih tijela;<\/li>\n<li>Vlasnicima na\u0161e tvrtke, drugih tvrtki iz Dru\u0161tva<\/li>\n<\/ul>\n<h3>10. Prenosite li podatke o meni izvan Europskog Gospodarskog Prostora?<\/h3>\n<p>Podaci se ne prenose izvan Europskog Gospodarskog Prostora (sve dr\u017eave \u010danice Europske Unije i Island, Lihten\u0161tajn i Norve\u0161ka).<\/p>\n<h3>11.Koliko dugo pohranjujete podatke o meni?<\/h3>\n<p>U svrhu poduzimanja bilo koje od navedenih aktivnosti, molimo kontaktirajte na\u0161eg koordinatora za za\u0161titu podataka kako je navedeno u Odjeljku 13. Napominjemo da ova prava podlije\u017eu zakonskim uvjetima i iznimkama.<\/p>\n<ul>\n<li>Pravo pristupa va\u0161im podacima;<\/li>\n<li>Pravo zahtijevanja ispravka va\u0161ih podataka;<\/li>\n<li>Pravo zahtijevanja brisanja podataka o vama koji se \u010duvaju bez ikakve pravne osnove;<\/li>\n<li>Pravo zahtijevanja ograni\u010denja pristupa podataka koji se \u010duvaju bez ikakve pravne osnove ili zahtijevanja njihovog brisanja;<\/li>\n<li>Pravo osporavanja prikupljanja, kori\u0161tenja i pohrane podataka u na\u0161oj tvrtki;<\/li>\n<li>Pravo zahtijevanja iznosa va\u0161ih podataka;<\/li>\n<li>Pravo na podno\u0161enje \u017ealbe Dr\u017eavnoj inspekciji za za\u0161titu podataka.<\/li>\n<\/ul>\n<h3>13. Kako mi mo\u017eete pomo\u0107i?<\/h3>\n<p>Ukoliko imate bilo kakva pitanja, komentare ili pritu\u017ebe vezane uz na\u010din na koji prikupljamo, koristimo i pohranjujemo podatke o vama, dostupna je asistencija na\u0161eg slu\u017ebenika za za\u0161titu podataka. Ukoliko trebate bilo kakvu pomo\u0107, kontaktirajte nas putem e-po\u0161te finance@robin.jobs.<\/p>\n","protected":false},"excerpt":{"rendered":"<p>UAB Robin Jobs brine o za\u0161titi va\u0161ih podataka. U skladu smo s Op\u0107om Uredbom o Za\u0161titi Podataka Europske Unije (OUZP) i drugim zakonima o za\u0161titi va\u0161ih podataka koje prikupljamo, koristimo i pohranjujemo u na\u0161oj Tvrtki. 1. Kako bi trebao pro\u010ditati ovu Obavijest? Ova Obavijest \u0107e odgovoriti na najva\u017enija pitanja o na\u010dinu na koji prikupljamo, koristimo&#8230;<\/p>\n","protected":false},"author":1,"featured_media":0,"parent":0,"menu_order":0,"comment_status":"closed","ping_status":"closed","template":"page-templates\/privacy-policy.php","meta":{"_acf_changed":false,"inline_featured_image":false,"footnotes":""},"class_list":["post-1216556","page","type-page","status-publish","hentry"],"acf":[],"_links":{"self":[{"href":"https:\/\/robin.jobs\/hr\/wp-json\/wp\/v2\/pages\/1216556","targetHints":{"allow":["GET"]}}],"collection":[{"href":"https:\/\/robin.jobs\/hr\/wp-json\/wp\/v2\/pages"}],"about":[{"href":"https:\/\/robin.jobs\/hr\/wp-json\/wp\/v2\/types\/page"}],"author":[{"embeddable":true,"href":"https:\/\/robin.jobs\/hr\/wp-json\/wp\/v2\/users\/1"}],"replies":[{"embeddable":true,"href":"https:\/\/robin.jobs\/hr\/wp-json\/wp\/v2\/comments?post=1216556"}],"version-history":[{"count":4,"href":"https:\/\/robin.jobs\/hr\/wp-json\/wp\/v2\/pages\/1216556\/revisions"}],"predecessor-version":[{"id":1217693,"href":"https:\/\/robin.jobs\/hr\/wp-json\/wp\/v2\/pages\/1216556\/revisions\/1217693"}],"wp:attachment":[{"href":"https:\/\/robin.jobs\/hr\/wp-json\/wp\/v2\/media?parent=1216556"}],"curies":[{"name":"wp","href":"https:\/\/api.w.org\/{rel}","templated":true}]}}